{"id":5011,"date":"2020-02-06T16:18:42","date_gmt":"2020-02-06T15:18:42","guid":{"rendered":"http:\/\/hetzelsponheuer.de\/de\/?page_id=5011"},"modified":"2020-03-14T19:00:55","modified_gmt":"2020-03-14T18:00:55","slug":"compliance","status":"publish","type":"page","link":"https:\/\/hetzelsponheuer.de\/de\/unternehmen\/netzwerk-bau\/compliance\/","title":{"rendered":"Compliance"},"content":{"rendered":"<div class=\"row x-4 md-3-6-3 sm-0-12-0 wp-block-lazyblock-inner-block lazyblock-inner-block-2s7IME\">\n<div class=\"col wp-block-lazyblock-inner-block lazyblock-inner-block-2o8sni\">\n<div class=\"bg grey wp-block-lazyblock-inner-block lazyblock-inner-block-ZI7AcW\">\n\n<p>  <\/p>\n\n<\/div>\n<\/div>\n\n<div class=\"col wp-block-lazyblock-inner-block lazyblock-inner-block-Z24NwPn\">\n<div class=\"bg grey wp-block-lazyblock-inner-block lazyblock-inner-block-Z1lEuel\">\n\n<p>     <\/p>\n\n<\/div>\n<\/div>\n\n<div class=\"col wp-block-lazyblock-inner-block lazyblock-inner-block-Z2bqRTl\">\n<div class=\"bg grey wp-block-lazyblock-inner-block lazyblock-inner-block-Z22SQQw\">\n\n<p>  <\/p>\n\n<\/div>\n<\/div>\n<\/div>\n\n<div class=\"row x-24 md-3-9 sm-0-12 wp-block-lazyblock-inner-block lazyblock-inner-block-Z19Gzcn\">\n<div class=\"col wp-block-lazyblock-inner-block lazyblock-inner-block-ZEapyx\">\n<div class=\"wp-block-lazyblock-inner-block lazyblock-inner-block-259kDt\">\n\n<p>  <\/p>\n\n<\/div>\n<\/div>\n\n<div class=\"col wp-block-lazyblock-inner-block lazyblock-inner-block-WNDaq\">\n<div class=\"head wp-block-lazyblock-inner-block lazyblock-inner-block-etWFh\">\n\n<h2 class=\"h1 wp-block-heading\">Compliance<br><span class=\"grey\">Verhaltens\u00adstandards<\/span><\/h2>\n\n<\/div>\n<\/div>\n<\/div>\n\n<div class=\"row x-24 md-3-6-3 sm-0-12-0 wp-block-lazyblock-inner-block lazyblock-inner-block-ZnUwoD\">\n<div class=\"col wp-block-lazyblock-inner-block lazyblock-inner-block-ZRDMVO\">\n<div class=\"wp-block-lazyblock-inner-block lazyblock-inner-block-7eWnK\">\n\n<p class=\"md-right pl-24\"> <\/p>\n\n<\/div>\n<\/div>\n\n<div class=\"col wp-block-lazyblock-inner-block lazyblock-inner-block-ZSRj2O\">\n<div class=\"wp-block-lazyblock-inner-block lazyblock-inner-block-1pDD5l\">\n\n<h3 class=\"h4 wp-block-heading\">Grundsatz<\/h3>\n\n\n\n<p>Die Zusammenarbeit der Hetzel + Sponheuer GmbH &amp; Co. KG mit Gesch\u00e4ftspartnern wird grunds\u00e4tzlich von Vertrauen und Verl\u00e4sslichkeit getragen.<\/p>\n\n\n\n<h3 class=\"h4 wp-block-heading\">Einhaltung von Gesetzen&nbsp;<\/h3>\n\n\n\n<p>Die Hetzel + Sponheuer GmbH &amp; Co. KG l\u00e4sst nicht zu, dass der Wettbewerb durch gesetzeswidrige Handlungen, wie Bestechung, Bestechlichkeit, Vorteilsgew\u00e4hrung, Vorteilsannahme, Betrug, Untreue, N\u00f6tigung, Versto\u00df gegen Wettbewerbs- und Antikorruptionsgesetze u.a., beeinflusst wird.&nbsp;<\/p>\n\n\n\n<h3 class=\"h4 wp-block-heading\">Korrekter Umgang mit Gesch\u00e4ftspartnern und Beh\u00f6rden<\/h3>\n\n\n\n<p>Unser Unternehmen \u00fcberzeugt durch Leistung und Qualit\u00e4t der angebotenen Leistungen. Wir behandeln unsere Gesch\u00e4ftspartner fair und erwarten von diesen ein entsprechendes Verhalten.<\/p>\n\n\n\n<h3 class=\"h4 wp-block-heading\">Diskriminierungsverbot<\/h3>\n\n\n\n<p>Jede Form der Diskriminierung wird konsequent abgelehnt.<\/p>\n\n\n\n<h3 class=\"h4 wp-block-heading\">Verbot kartellrechtlicher Absprachen<\/h3>\n\n\n\n<p>Eine Beteiligung an kartellrechtswidrigen Absprachen findet nicht statt.<\/p>\n\n\n\n<h3 class=\"h4 wp-block-heading\">Bek\u00e4mpfung von illegaler Besch\u00e4ftigung und Schwarzarbeit&nbsp;<\/h3>\n\n\n\n<p>Die Beachtung der gesetzlichen Bestimmungen zur Besch\u00e4ftigung von Mitarbeitern hat f\u00fcr die Hetzel + Sponheuer GmbH &amp; Co. KG wesentliche Bedeutung. Gegen illegale Besch\u00e4ftigung und Schwarzarbeit gehen wir entschlossen vor.<\/p>\n\n\n\n<h3 class=\"h4 wp-block-heading\">Korruptionsverbot<\/h3>\n\n\n\n<p>Korruption in jeglicher Form wird in keinem Fall toleriert. Versuche von Gesch\u00e4ftspartnern, Beh\u00f6rden oder sonstigen Dritten, Mitarbeiter der Hetzel + Sponheuer GmbH &amp; Co. KG in ihrer Entscheidung unlauter zu beeinflussen, werden nicht geduldet.<br><\/p>\n\n\n\n<div style=\"height:56px\" aria-hidden=\"true\" class=\"wp-block-spacer\"><\/div>\n\n<\/div>\n<\/div>\n\n<div class=\"col wp-block-lazyblock-inner-block lazyblock-inner-block-ZFzeVc\">\n<div class=\"wp-block-lazyblock-inner-block lazyblock-inner-block-Z1Mfhjg\">\n\n<div style=\"height:28px\" aria-hidden=\"true\" class=\"wp-block-spacer\"><\/div>\n\n\n<div class=\"menu-submenu-netzwerkbau-container\"><ul id=\"menu-submenu-netzwerkbau\" class=\"grey fade-link\"><li id=\"menu-item-5023\" class=\"menu-item mb24\"><a href=\"https:\/\/hetzelsponheuer.de\/de\/unternehmen\/netzwerk-bau\/\">Netzwerk Bau<\/a><\/li>\n<li id=\"menu-item-5025\" class=\"menu-item \"><a href=\"https:\/\/hetzelsponheuer.de\/de\/unternehmen\/netzwerk-bau\/nachunternehmereinkauf\/\">Nachunternehmereinkauf<\/a><\/li>\n<li id=\"menu-item-5024\" class=\"menu-item \"><a href=\"https:\/\/hetzelsponheuer.de\/de\/unternehmen\/netzwerk-bau\/compliance\/\">Compliance<\/a><\/li>\n<li id=\"menu-item-5074\" class=\"menu-item \"><a href=\"https:\/\/hetzelsponheuer.de\/de\/unternehmen\/netzwerk-bau\/leitbild\/\">Leitbild<\/a><\/li>\n<\/ul><\/div>\n\n\n\n<div style=\"height:56px\" aria-hidden=\"true\" class=\"wp-block-spacer\"><\/div>\n\n<\/div>\n<\/div>\n<\/div>","protected":false},"excerpt":{"rendered":"","protected":false},"author":1,"featured_media":0,"parent":199,"menu_order":2,"comment_status":"closed","ping_status":"closed","template":"","meta":{"footnotes":""},"yoast_head":"<!-- This site is optimized with the Yoast SEO plugin v22.6 - https:\/\/yoast.com\/wordpress\/plugins\/seo\/ -->\n<title>Unternehmen \u00b7 Philosophie \u00b7 Compliance \u00b7 Hetzel+Sponheuer \u00b7 Essen<\/title>\n<meta name=\"description\" content=\"Wir legen gro\u00dfen Wert auf einen fairen Umgang mit Mitarbeitern, Partnern und Kunden. Vertrauen und Verl\u00e4sslichkeit haben den gr\u00f6\u00dften Stellewert ...\" \/>\n<meta name=\"robots\" content=\"index, follow, max-snippet:-1, max-image-preview:large, max-video-preview:-1\" \/>\n<link rel=\"canonical\" href=\"https:\/\/hetzelsponheuer.de\/de\/unternehmen\/netzwerk-bau\/compliance\/\" \/>\n<meta property=\"og:locale\" content=\"de_DE\" \/>\n<meta property=\"og:type\" content=\"article\" \/>\n<meta property=\"og:title\" content=\"Unternehmen \u00b7 Philosophie \u00b7 Compliance \u00b7 Hetzel+Sponheuer \u00b7 Essen\" \/>\n<meta property=\"og:description\" content=\"Wir legen gro\u00dfen Wert auf einen fairen Umgang mit Mitarbeitern, Partnern und Kunden. Vertrauen und Verl\u00e4sslichkeit haben den gr\u00f6\u00dften Stellewert ...\" \/>\n<meta property=\"og:url\" content=\"https:\/\/hetzelsponheuer.de\/de\/unternehmen\/netzwerk-bau\/compliance\/\" \/>\n<meta property=\"og:site_name\" content=\"Hetzel+Sponheuer \u00b7 de\" \/>\n<meta property=\"article:modified_time\" content=\"2020-03-14T18:00:55+00:00\" \/>\n<meta name=\"twitter:card\" content=\"summary_large_image\" \/>\n<script type=\"application\/ld+json\" class=\"yoast-schema-graph\">{\"@context\":\"https:\/\/schema.org\",\"@graph\":[{\"@type\":\"WebPage\",\"@id\":\"https:\/\/hetzelsponheuer.de\/de\/unternehmen\/netzwerk-bau\/compliance\/\",\"url\":\"https:\/\/hetzelsponheuer.de\/de\/unternehmen\/netzwerk-bau\/compliance\/\",\"name\":\"Unternehmen \u00b7 Philosophie \u00b7 Compliance \u00b7 Hetzel+Sponheuer \u00b7 Essen\",\"isPartOf\":{\"@id\":\"https:\/\/hetzelsponheuer.de\/de\/#website\"},\"datePublished\":\"2020-02-06T15:18:42+00:00\",\"dateModified\":\"2020-03-14T18:00:55+00:00\",\"description\":\"Wir legen gro\u00dfen Wert auf einen fairen Umgang mit Mitarbeitern, Partnern und Kunden. Vertrauen und Verl\u00e4sslichkeit haben den gr\u00f6\u00dften Stellewert ...\",\"breadcrumb\":{\"@id\":\"https:\/\/hetzelsponheuer.de\/de\/unternehmen\/netzwerk-bau\/compliance\/#breadcrumb\"},\"inLanguage\":\"de\",\"potentialAction\":[{\"@type\":\"ReadAction\",\"target\":[\"https:\/\/hetzelsponheuer.de\/de\/unternehmen\/netzwerk-bau\/compliance\/\"]}]},{\"@type\":\"BreadcrumbList\",\"@id\":\"https:\/\/hetzelsponheuer.de\/de\/unternehmen\/netzwerk-bau\/compliance\/#breadcrumb\",\"itemListElement\":[{\"@type\":\"ListItem\",\"position\":1,\"name\":\"Startseite\",\"item\":\"https:\/\/hetzelsponheuer.de\/de\/\"},{\"@type\":\"ListItem\",\"position\":2,\"name\":\"Unternehmen\",\"item\":\"https:\/\/hetzelsponheuer.de\/de\/unternehmen\/\"},{\"@type\":\"ListItem\",\"position\":3,\"name\":\"Netzwerk Bau\",\"item\":\"https:\/\/hetzelsponheuer.de\/de\/unternehmen\/netzwerk-bau\/\"},{\"@type\":\"ListItem\",\"position\":4,\"name\":\"Compliance\"}]},{\"@type\":\"WebSite\",\"@id\":\"https:\/\/hetzelsponheuer.de\/de\/#website\",\"url\":\"https:\/\/hetzelsponheuer.de\/de\/\",\"name\":\"Hetzel+Sponheuer \u00b7 de\",\"description\":\"L\u00f6sungen f\u00fcr Ihr Bauprojekt\",\"publisher\":{\"@id\":\"https:\/\/hetzelsponheuer.de\/de\/#organization\"},\"inLanguage\":\"de\"},{\"@type\":\"Organization\",\"@id\":\"https:\/\/hetzelsponheuer.de\/de\/#organization\",\"name\":\"Hetzel+Sponheuer GmbH & Co. KG\",\"url\":\"https:\/\/hetzelsponheuer.de\/de\/\",\"logo\":{\"@type\":\"ImageObject\",\"inLanguage\":\"de\",\"@id\":\"https:\/\/hetzelsponheuer.de\/de\/#\/schema\/logo\/image\/\",\"url\":\"https:\/\/hetzelsponheuer.de\/en\/wp-content\/uploads\/sites\/2\/2020\/02\/logo_hetzelsponheuer.png\",\"contentUrl\":\"https:\/\/hetzelsponheuer.de\/en\/wp-content\/uploads\/sites\/2\/2020\/02\/logo_hetzelsponheuer.png\",\"width\":360,\"height\":24,\"caption\":\"Hetzel+Sponheuer GmbH & Co. KG\"},\"image\":{\"@id\":\"https:\/\/hetzelsponheuer.de\/de\/#\/schema\/logo\/image\/\"},\"sameAs\":[\"https:\/\/www.linkedin.com\/company\/hetzel-sponheuer-gmbh-&amp;-co.-kg\"]}]}<\/script>\n<!-- \/ Yoast SEO plugin. -->","yoast_head_json":{"title":"Unternehmen \u00b7 Philosophie \u00b7 Compliance \u00b7 Hetzel+Sponheuer \u00b7 Essen","description":"Wir legen gro\u00dfen Wert auf einen fairen Umgang mit Mitarbeitern, Partnern und Kunden. Vertrauen und Verl\u00e4sslichkeit haben den gr\u00f6\u00dften Stellewert ...","robots":{"index":"index","follow":"follow","max-snippet":"max-snippet:-1","max-image-preview":"max-image-preview:large","max-video-preview":"max-video-preview:-1"},"canonical":"https:\/\/hetzelsponheuer.de\/de\/unternehmen\/netzwerk-bau\/compliance\/","og_locale":"de_DE","og_type":"article","og_title":"Unternehmen \u00b7 Philosophie \u00b7 Compliance \u00b7 Hetzel+Sponheuer \u00b7 Essen","og_description":"Wir legen gro\u00dfen Wert auf einen fairen Umgang mit Mitarbeitern, Partnern und Kunden. Vertrauen und Verl\u00e4sslichkeit haben den gr\u00f6\u00dften Stellewert ...","og_url":"https:\/\/hetzelsponheuer.de\/de\/unternehmen\/netzwerk-bau\/compliance\/","og_site_name":"Hetzel+Sponheuer \u00b7 de","article_modified_time":"2020-03-14T18:00:55+00:00","twitter_card":"summary_large_image","schema":{"@context":"https:\/\/schema.org","@graph":[{"@type":"WebPage","@id":"https:\/\/hetzelsponheuer.de\/de\/unternehmen\/netzwerk-bau\/compliance\/","url":"https:\/\/hetzelsponheuer.de\/de\/unternehmen\/netzwerk-bau\/compliance\/","name":"Unternehmen \u00b7 Philosophie \u00b7 Compliance \u00b7 Hetzel+Sponheuer \u00b7 Essen","isPartOf":{"@id":"https:\/\/hetzelsponheuer.de\/de\/#website"},"datePublished":"2020-02-06T15:18:42+00:00","dateModified":"2020-03-14T18:00:55+00:00","description":"Wir legen gro\u00dfen Wert auf einen fairen Umgang mit Mitarbeitern, Partnern und Kunden. Vertrauen und Verl\u00e4sslichkeit haben den gr\u00f6\u00dften Stellewert ...","breadcrumb":{"@id":"https:\/\/hetzelsponheuer.de\/de\/unternehmen\/netzwerk-bau\/compliance\/#breadcrumb"},"inLanguage":"de","potentialAction":[{"@type":"ReadAction","target":["https:\/\/hetzelsponheuer.de\/de\/unternehmen\/netzwerk-bau\/compliance\/"]}]},{"@type":"BreadcrumbList","@id":"https:\/\/hetzelsponheuer.de\/de\/unternehmen\/netzwerk-bau\/compliance\/#breadcrumb","itemListElement":[{"@type":"ListItem","position":1,"name":"Startseite","item":"https:\/\/hetzelsponheuer.de\/de\/"},{"@type":"ListItem","position":2,"name":"Unternehmen","item":"https:\/\/hetzelsponheuer.de\/de\/unternehmen\/"},{"@type":"ListItem","position":3,"name":"Netzwerk Bau","item":"https:\/\/hetzelsponheuer.de\/de\/unternehmen\/netzwerk-bau\/"},{"@type":"ListItem","position":4,"name":"Compliance"}]},{"@type":"WebSite","@id":"https:\/\/hetzelsponheuer.de\/de\/#website","url":"https:\/\/hetzelsponheuer.de\/de\/","name":"Hetzel+Sponheuer \u00b7 de","description":"L\u00f6sungen f\u00fcr Ihr Bauprojekt","publisher":{"@id":"https:\/\/hetzelsponheuer.de\/de\/#organization"},"inLanguage":"de"},{"@type":"Organization","@id":"https:\/\/hetzelsponheuer.de\/de\/#organization","name":"Hetzel+Sponheuer GmbH & Co. KG","url":"https:\/\/hetzelsponheuer.de\/de\/","logo":{"@type":"ImageObject","inLanguage":"de","@id":"https:\/\/hetzelsponheuer.de\/de\/#\/schema\/logo\/image\/","url":"https:\/\/hetzelsponheuer.de\/en\/wp-content\/uploads\/sites\/2\/2020\/02\/logo_hetzelsponheuer.png","contentUrl":"https:\/\/hetzelsponheuer.de\/en\/wp-content\/uploads\/sites\/2\/2020\/02\/logo_hetzelsponheuer.png","width":360,"height":24,"caption":"Hetzel+Sponheuer GmbH & Co. KG"},"image":{"@id":"https:\/\/hetzelsponheuer.de\/de\/#\/schema\/logo\/image\/"},"sameAs":["https:\/\/www.linkedin.com\/company\/hetzel-sponheuer-gmbh-&amp;-co.-kg"]}]}},"_links":{"self":[{"href":"https:\/\/hetzelsponheuer.de\/de\/wp-json\/wp\/v2\/pages\/5011"}],"collection":[{"href":"https:\/\/hetzelsponheuer.de\/de\/wp-json\/wp\/v2\/pages"}],"about":[{"href":"https:\/\/hetzelsponheuer.de\/de\/wp-json\/wp\/v2\/types\/page"}],"author":[{"embeddable":true,"href":"https:\/\/hetzelsponheuer.de\/de\/wp-json\/wp\/v2\/users\/1"}],"replies":[{"embeddable":true,"href":"https:\/\/hetzelsponheuer.de\/de\/wp-json\/wp\/v2\/comments?post=5011"}],"version-history":[{"count":3,"href":"https:\/\/hetzelsponheuer.de\/de\/wp-json\/wp\/v2\/pages\/5011\/revisions"}],"predecessor-version":[{"id":5078,"href":"https:\/\/hetzelsponheuer.de\/de\/wp-json\/wp\/v2\/pages\/5011\/revisions\/5078"}],"up":[{"embeddable":true,"href":"https:\/\/hetzelsponheuer.de\/de\/wp-json\/wp\/v2\/pages\/199"}],"wp:attachment":[{"href":"https:\/\/hetzelsponheuer.de\/de\/wp-json\/wp\/v2\/media?parent=5011"}],"curies":[{"name":"wp","href":"https:\/\/api.w.org\/{rel}","templated":true}]}}