{"id":538,"date":"2019-08-05T15:47:24","date_gmt":"2019-08-05T13:47:24","guid":{"rendered":"http:\/\/hetzelsponheuer.de\/de\/?page_id=538"},"modified":"2021-07-07T17:20:07","modified_gmt":"2021-07-07T15:20:07","slug":"wohnungsbau","status":"publish","type":"page","link":"https:\/\/hetzelsponheuer.de\/de\/loesungen\/wohnen-gewerbe-industrie\/wohnungsbau\/","title":{"rendered":"Wohnungsbau"},"content":{"rendered":"\n<div style=\"height:32px\" aria-hidden=\"true\" class=\"wp-block-spacer\"><\/div>\n\n\n<div class=\"banner row x-4 md-3-3-3-3 sm-0-0-6-6 wp-block-lazyblock-inner-block lazyblock-inner-block-1VnMmQ\">\n<div class=\"col wp-block-lazyblock-inner-block lazyblock-inner-block-nvywj\">\n<div class=\"wp-block-lazyblock-inner-block lazyblock-inner-block-2f1bMe\">\n\n<p>  <\/p>\n\n<\/div>\n<\/div>\n\n<div class=\"col wp-block-lazyblock-inner-block lazyblock-inner-block-Z1pHcQp\">\n<div class=\"bg grey img wp-block-lazyblock-inner-block lazyblock-inner-block-ZUTuSG\">\n\n<figure class=\"wp-block-image\"><img decoding=\"async\" loading=\"lazy\" width=\"373\" height=\"666\" src=\"https:\/\/hetzelsponheuer.de\/de\/wp-content\/uploads\/sites\/2\/2019\/09\/wohnungsbau-1619-links.jpg\" alt=\"Sanierung Wohnanlage \u00b7 Balkone\" class=\"wp-image-3995\" srcset=\"https:\/\/hetzelsponheuer.de\/de\/wp-content\/uploads\/sites\/2\/2019\/09\/wohnungsbau-1619-links.jpg 373w, https:\/\/hetzelsponheuer.de\/de\/wp-content\/uploads\/sites\/2\/2019\/09\/wohnungsbau-1619-links-224x400.jpg 224w\" sizes=\"(max-width: 373px) 100vw, 373px\" \/><\/figure>\n\n<\/div>\n<\/div>\n\n<div class=\"col wp-block-lazyblock-inner-block lazyblock-inner-block-1znxxg\">\n<div class=\"bg grey img wp-block-lazyblock-inner-block lazyblock-inner-block-1lMtYQ\">\n\n<figure class=\"wp-block-image\"><img decoding=\"async\" loading=\"lazy\" width=\"373\" height=\"666\" src=\"https:\/\/hetzelsponheuer.de\/de\/wp-content\/uploads\/sites\/2\/2019\/09\/wohnungsbau-1619-mitte.jpg\" alt=\"Sanierung Wohnanlage \u00b7 Fassade\" class=\"wp-image-3997\" srcset=\"https:\/\/hetzelsponheuer.de\/de\/wp-content\/uploads\/sites\/2\/2019\/09\/wohnungsbau-1619-mitte.jpg 373w, https:\/\/hetzelsponheuer.de\/de\/wp-content\/uploads\/sites\/2\/2019\/09\/wohnungsbau-1619-mitte-224x400.jpg 224w\" sizes=\"(max-width: 373px) 100vw, 373px\" \/><\/figure>\n\n<\/div>\n<\/div>\n\n<div class=\"col wp-block-lazyblock-inner-block lazyblock-inner-block-Z2bMYIL\">\n<div class=\"bg grey img wp-block-lazyblock-inner-block lazyblock-inner-block-ZKAn6g\">\n\n<figure class=\"wp-block-image\"><img decoding=\"async\" loading=\"lazy\" width=\"373\" height=\"666\" src=\"https:\/\/hetzelsponheuer.de\/de\/wp-content\/uploads\/sites\/2\/2019\/09\/wohnungsbau-1619-rechts.jpg\" alt=\"Sanierung Wohnanlage \u00b7 W\u00e4rmed\u00e4mmung, Anstrich\" class=\"wp-image-3999\" srcset=\"https:\/\/hetzelsponheuer.de\/de\/wp-content\/uploads\/sites\/2\/2019\/09\/wohnungsbau-1619-rechts.jpg 373w, https:\/\/hetzelsponheuer.de\/de\/wp-content\/uploads\/sites\/2\/2019\/09\/wohnungsbau-1619-rechts-224x400.jpg 224w\" sizes=\"(max-width: 373px) 100vw, 373px\" \/><\/figure>\n\n<\/div>\n<\/div>\n<\/div>\n\n<div class=\"row x-24 md-3-9 sm-0-12 wp-block-lazyblock-inner-block lazyblock-inner-block-ZTepAb\">\n<div class=\"col wp-block-lazyblock-inner-block lazyblock-inner-block-Z23kHAU\">\n<div class=\"wp-block-lazyblock-inner-block lazyblock-inner-block-2rAEvE\">\n\n<p>  <\/p>\n\n<\/div>\n<\/div>\n\n<div class=\"col wp-block-lazyblock-inner-block lazyblock-inner-block-Z21Dhan\">\n<div class=\"wp-block-lazyblock-inner-block lazyblock-inner-block-ZQPGWH\">\n\n<p class=\"topline js close grey\"><a href=\"https:\/\/hetzelsponheuer.de\/de\/loesungen\/intro-loesungen\/\">L\u00f6sungen<\/a> \u00b7 <a href=\"https:\/\/hetzelsponheuer.de\/de\/loesungen\/wohnen-gewerbe-industrie\/\">Wohnen Gewerbe Industrie<\/a> \u00b7 Wohnungsbau<\/p>\n\n\n\n<h2 class=\"h1 wp-block-heading\"><span class=\"grey\">Wohn\u00adr\u00e4ume nach\u00adhaltig auf<\/span>\u00adwerten<\/h2>\n\n<\/div>\n<\/div>\n<\/div>\n\n<div class=\"row x-24 md-3-6-3 sm-12-12-12 wp-block-lazyblock-inner-block lazyblock-inner-block-Z1boxei\">\n<div class=\"col wp-block-lazyblock-inner-block lazyblock-inner-block-ZvDjde\">\n<div class=\"wp-block-lazyblock-inner-block lazyblock-inner-block-Zxfats\">\n\n<p class=\"md-right pl-24 color\"> Familienstrukturen \u00e4ndern sich, R\u00e4ume werden gro\u00dfz\u00fcgiger, Wohnungen dementsprechend angepasst bzw. umgebaut. Hinzu kommen aktuelle Anforderungen an Umwelt- und Klimaschutz, die einen wesentlichen Einfluss auf den modernen Wohnbau hinsichtlich energetischer Modernisierung haben.&nbsp;<\/p>\n\n<\/div>\n<\/div>\n\n<div class=\"col wp-block-lazyblock-inner-block lazyblock-inner-block-Z106B1y\">\n<div class=\"wp-block-lazyblock-inner-block lazyblock-inner-block-1tB0RI\">\n\n<p>Immobilien\u00adbesitzer und Wohnbau\u00adgesell\u00adschaften m\u00f6chten vor allem den Wert\u00aderhalt ihrer Geb\u00e4ude sichern und R\u00e4ume attrak\u00adtiv gestalten, um die Lebens\u00adqualit\u00e4t der Mieter zu erh\u00f6hen.<\/p>\n\n\n\n<p>Die Aufwertung von Immobilienbest\u00e4nden durch laufende Unterhaltung, Wartung, Umr\u00fcstung und Sanierung ist seit Jahrzehnten ein wesentliches T\u00e4tigkeitsfeld der Hetzel + Sponheuer GmbH &amp; Co. KG. Bereits Anfang der siebziger Jahre entwickelte die fr\u00fchre Sponheuer GmbH, gemeinsam mit namhaften Herstellern, geeignete Systeme f\u00fcr die Betoninstandsetzung und Sanierung von Balkonanlagen. Ebenfalls war unser Unternehmen auch schon zu dieser Zeit mit der Ausf\u00fchrung von W\u00e4rmed\u00e4mmverbundsystemen am Markt t\u00e4tig. Diese fr\u00fchen Erfahrungen mit innovativen Produktsystemen f\u00fcr die Geb\u00e4udesanierung sind ein wichtiger Baustein f\u00fcr heutige Auftr\u00e4ge.<\/p>\n\n\n\n<h3 class=\"h4 wp-block-heading\">&#8220;Geb\u00e4udeupdates 2.0&#8221; \u2013&nbsp;f\u00fcr langfristigen Werterhalt<\/h3>\n\n\n\n<p>Mit unseren Kenntnissen sind wir gerade bei immer komplexer werdenden Aufgaben wichtiger Partner der Wohnbaugesellschaften. Unsere Spezialteams stehen hier beratend und unterst\u00fctzend zur Seite, um erforderliche Detaill\u00f6sungen zu realisieren sowie verschiedenste Gewerke zusammenzuf\u00fchren. Mit modernsten Material- und Planungskenntnissen k\u00f6nnen wir eine abgerundete, vollst\u00e4ndige handwerkliche Ausf\u00fchrung auf hohem Niveau garantieren. Darunter fallen Innen- und Au\u00dfend\u00e4mmsysteme, Beschichtungstechniken mit zweikomponentigen Produkten, Bodenbel\u00e4ge, Trockenbau- und Akustiksysteme und vieles mehr. Themenfelder, die wir auch unter gestalterischen Aspekten umsetzen k\u00f6nnen. Dabei gew\u00e4hrleisten wir eine hohe Qualit\u00e4t und eine dauerhafte Projektbetreuung, auch nach der erfolgten Abnahme.<\/p>\n\n\n\n<h3 class=\"h4 wp-block-heading\">Wir sind Partner der Wohnungswirtschaft<\/h3>\n\n\n\n<p>Gerne bieten wir den Auftraggebern auch projektspezifische Wartungsvertr\u00e4ge f\u00fcr die erbrachten Bauleistungen an. Diese Leistung wird immer h\u00e4ufiger gew\u00fcnscht und kann auch mit einer entsprechenden Verl\u00e4ngerung der Gew\u00e4hrleistung gekoppelt werden. Wohnungswirtschaft und ausf\u00fchrende Unternehmen k\u00f6nnen diesbez\u00fcglich in Zukunft deutlich innovativer agieren. Diesen Weg wollen wir unterst\u00fctzen und mitgestalten.<\/p>\n\n\n\n<p>Der Partnerschaftsgedanke f\u00e4ngt bei uns bereits bei der Analyse und Diagnose an. Hierf\u00fcr nutzen wir Technologien, die uns eine bestm\u00f6gliche Beratungsleistung unserer Kunden erm\u00f6glichen. Die daraus resultierenden Erkenntnisse bilden eine kalkulierbare Basis f\u00fcr entsprechende Instandsetzungskonzepte. Unsere Mannschaft ist interdisziplin\u00e4r t\u00e4tig, stimmt sich zu unterschiedlichen Themen st\u00e4ndig ab, tauscht Wissen aus und koordiniert die notwendigen Instandsetzungskonzepte. Wir k\u00f6nnen dabei sowohl auf Spezialisten aus Architektur und dem Bauingenieurwesen zugreifen als auch auf die praktischen Erfahrungen unserer Techniker bauen. Langwierige externe Prozesse entstehen so erst gar nicht. Die Abstimmung erfolgt &#8220;just in time&#8221; und sichert somit den wirtschaftlichen Projekterfolg.<\/p>\n\n\n\n<div style=\"height:120px\" aria-hidden=\"true\" class=\"wp-block-spacer\"><\/div>\n\n<\/div>\n<\/div>\n\n<div class=\"col wp-block-lazyblock-inner-block lazyblock-inner-block-ZYYA2b\">\n<div class=\"wp-block-lazyblock-inner-block lazyblock-inner-block-Z1zUc3V\">\n\n<h4 class=\"wp-block-heading\"> Ihr Ansprechpartner<\/h4>\n\n\n\n<ul class=\"link ajx grey\"><li><a href=\"https:\/\/hetzelsponheuer.de\/de\/mitarbeiter\/carsten-haddick\" data-display=\"fancybox\" data-post-type=\"mitarbeiter\">Carsten Haddick<\/a><\/li><\/ul>\n\n\n\n<h4 class=\"wp-block-heading\">Leistungen<\/h4>\n\n\n\n<ul class=\"fade-link grey\"><li class=\"menu-item\"><a href=\"https:\/\/hetzelsponheuer.de\/de\/leistungen\/#bewertung-und-beratung\">Bewertung und Beratung<\/a><\/li><li class=\"menu-item \"><a href=\"https:\/\/hetzelsponheuer.de\/de\/leistungen\/#planung-und-gestaltung\">Planung und Gestaltung<\/a><\/li><li class=\"menu-item \"><a href=\"https:\/\/hetzelsponheuer.de\/de\/leistungen\/#organisation-und-baubegleitung\">Organisation und Baubegleitung<\/a><\/li><li class=\"menu-item \"><a href=\"https:\/\/hetzelsponheuer.de\/de\/leistungen\/#handwerk-und-technik\">Handwerk und Technik<\/a><\/li><\/ul>\n\n\n\n<h4 class=\"wp-block-heading\">Referenzen<\/h4>\n\n\n\n<p class=\"grey fade-link\"><a href=\"https:\/\/hetzelsponheuer.de\/de\/referenzen\/wohnen-gewerbe-industrie-l\">Liste unserer Referenzobjeke f\u00fcr Wohnen, Gewerbe und Industrie<\/a><\/p>\n\n<\/div>\n<\/div>\n<\/div>","protected":false},"excerpt":{"rendered":"","protected":false},"author":1,"featured_media":0,"parent":214,"menu_order":1,"comment_status":"closed","ping_status":"closed","template":"page-fullwidth.php","meta":{"footnotes":""},"yoast_head":"<!-- This site is optimized with the Yoast SEO plugin v22.6 - https:\/\/yoast.com\/wordpress\/plugins\/seo\/ -->\n<title>L\u00f6sungen \u00b7 Wohnen Gewerbe Industrie \u00b7 Wohnungsbau<\/title>\n<meta name=\"description\" content=\"Optimierte Leistungspakete f\u00fcr Ihre Wohnungsbau-Projekte. Alle Bauleistungen aus einer Hand, effizient koordiniert und sicher in Qualit\u00e4t, Termin und Kosten\" \/>\n<meta name=\"robots\" content=\"index, follow, max-snippet:-1, max-image-preview:large, max-video-preview:-1\" \/>\n<link rel=\"canonical\" href=\"https:\/\/hetzelsponheuer.de\/de\/loesungen\/wohnen-gewerbe-industrie\/wohnungsbau\/\" \/>\n<meta property=\"og:locale\" content=\"de_DE\" \/>\n<meta property=\"og:type\" content=\"article\" \/>\n<meta property=\"og:title\" content=\"L\u00f6sungen \u00b7 Wohnen Gewerbe Industrie \u00b7 Wohnungsbau\" \/>\n<meta property=\"og:description\" content=\"Optimierte Leistungspakete f\u00fcr Ihre Wohnungsbau-Projekte. Alle Bauleistungen aus einer Hand, effizient koordiniert und sicher in Qualit\u00e4t, Termin und Kosten\" \/>\n<meta property=\"og:url\" content=\"https:\/\/hetzelsponheuer.de\/de\/loesungen\/wohnen-gewerbe-industrie\/wohnungsbau\/\" \/>\n<meta property=\"og:site_name\" content=\"Hetzel+Sponheuer \u00b7 de\" \/>\n<meta property=\"article:modified_time\" content=\"2021-07-07T15:20:07+00:00\" \/>\n<meta property=\"og:image\" content=\"https:\/\/hetzelsponheuer.de\/de\/wp-content\/uploads\/sites\/2\/2019\/09\/wohnungsbau-1619-links.jpg\" \/>\n<meta name=\"twitter:card\" content=\"summary_large_image\" \/>\n<meta name=\"twitter:label1\" content=\"Gesch\u00e4tzte Lesezeit\" \/>\n\t<meta name=\"twitter:data1\" content=\"3\u00a0Minuten\" \/>\n<script type=\"application\/ld+json\" class=\"yoast-schema-graph\">{\"@context\":\"https:\/\/schema.org\",\"@graph\":[{\"@type\":\"WebPage\",\"@id\":\"https:\/\/hetzelsponheuer.de\/de\/loesungen\/wohnen-gewerbe-industrie\/wohnungsbau\/\",\"url\":\"https:\/\/hetzelsponheuer.de\/de\/loesungen\/wohnen-gewerbe-industrie\/wohnungsbau\/\",\"name\":\"L\u00f6sungen \u00b7 Wohnen Gewerbe Industrie \u00b7 Wohnungsbau\",\"isPartOf\":{\"@id\":\"https:\/\/hetzelsponheuer.de\/de\/#website\"},\"primaryImageOfPage\":{\"@id\":\"https:\/\/hetzelsponheuer.de\/de\/loesungen\/wohnen-gewerbe-industrie\/wohnungsbau\/#primaryimage\"},\"image\":{\"@id\":\"https:\/\/hetzelsponheuer.de\/de\/loesungen\/wohnen-gewerbe-industrie\/wohnungsbau\/#primaryimage\"},\"thumbnailUrl\":\"https:\/\/hetzelsponheuer.de\/de\/wp-content\/uploads\/sites\/2\/2019\/09\/wohnungsbau-1619-links.jpg\",\"datePublished\":\"2019-08-05T13:47:24+00:00\",\"dateModified\":\"2021-07-07T15:20:07+00:00\",\"description\":\"Optimierte Leistungspakete f\u00fcr Ihre Wohnungsbau-Projekte. Alle Bauleistungen aus einer Hand, effizient koordiniert und sicher in Qualit\u00e4t, Termin und Kosten\",\"breadcrumb\":{\"@id\":\"https:\/\/hetzelsponheuer.de\/de\/loesungen\/wohnen-gewerbe-industrie\/wohnungsbau\/#breadcrumb\"},\"inLanguage\":\"de\",\"potentialAction\":[{\"@type\":\"ReadAction\",\"target\":[\"https:\/\/hetzelsponheuer.de\/de\/loesungen\/wohnen-gewerbe-industrie\/wohnungsbau\/\"]}]},{\"@type\":\"ImageObject\",\"inLanguage\":\"de\",\"@id\":\"https:\/\/hetzelsponheuer.de\/de\/loesungen\/wohnen-gewerbe-industrie\/wohnungsbau\/#primaryimage\",\"url\":\"https:\/\/hetzelsponheuer.de\/de\/wp-content\/uploads\/sites\/2\/2019\/09\/wohnungsbau-1619-links.jpg\",\"contentUrl\":\"https:\/\/hetzelsponheuer.de\/de\/wp-content\/uploads\/sites\/2\/2019\/09\/wohnungsbau-1619-links.jpg\",\"width\":373,\"height\":666,\"caption\":\"Sanierung Wohnanlage \u00b7 Fassade\"},{\"@type\":\"BreadcrumbList\",\"@id\":\"https:\/\/hetzelsponheuer.de\/de\/loesungen\/wohnen-gewerbe-industrie\/wohnungsbau\/#breadcrumb\",\"itemListElement\":[{\"@type\":\"ListItem\",\"position\":1,\"name\":\"Startseite\",\"item\":\"https:\/\/hetzelsponheuer.de\/de\/\"},{\"@type\":\"ListItem\",\"position\":2,\"name\":\"L\u00f6sungen\",\"item\":\"https:\/\/hetzelsponheuer.de\/de\/loesungen\/\"},{\"@type\":\"ListItem\",\"position\":3,\"name\":\"Wohnen Gewerbe Industrie\",\"item\":\"https:\/\/hetzelsponheuer.de\/de\/loesungen\/wohnen-gewerbe-industrie\/\"},{\"@type\":\"ListItem\",\"position\":4,\"name\":\"Wohnungsbau\"}]},{\"@type\":\"WebSite\",\"@id\":\"https:\/\/hetzelsponheuer.de\/de\/#website\",\"url\":\"https:\/\/hetzelsponheuer.de\/de\/\",\"name\":\"Hetzel+Sponheuer \u00b7 de\",\"description\":\"L\u00f6sungen f\u00fcr Ihr Bauprojekt\",\"publisher\":{\"@id\":\"https:\/\/hetzelsponheuer.de\/de\/#organization\"},\"inLanguage\":\"de\"},{\"@type\":\"Organization\",\"@id\":\"https:\/\/hetzelsponheuer.de\/de\/#organization\",\"name\":\"Hetzel+Sponheuer GmbH & Co. KG\",\"url\":\"https:\/\/hetzelsponheuer.de\/de\/\",\"logo\":{\"@type\":\"ImageObject\",\"inLanguage\":\"de\",\"@id\":\"https:\/\/hetzelsponheuer.de\/de\/#\/schema\/logo\/image\/\",\"url\":\"https:\/\/hetzelsponheuer.de\/en\/wp-content\/uploads\/sites\/2\/2020\/02\/logo_hetzelsponheuer.png\",\"contentUrl\":\"https:\/\/hetzelsponheuer.de\/en\/wp-content\/uploads\/sites\/2\/2020\/02\/logo_hetzelsponheuer.png\",\"width\":360,\"height\":24,\"caption\":\"Hetzel+Sponheuer GmbH & Co. KG\"},\"image\":{\"@id\":\"https:\/\/hetzelsponheuer.de\/de\/#\/schema\/logo\/image\/\"},\"sameAs\":[\"https:\/\/www.linkedin.com\/company\/hetzel-sponheuer-gmbh-&amp;-co.-kg\"]}]}<\/script>\n<!-- \/ Yoast SEO plugin. -->","yoast_head_json":{"title":"L\u00f6sungen \u00b7 Wohnen Gewerbe Industrie \u00b7 Wohnungsbau","description":"Optimierte Leistungspakete f\u00fcr Ihre Wohnungsbau-Projekte. Alle Bauleistungen aus einer Hand, effizient koordiniert und sicher in Qualit\u00e4t, Termin und Kosten","robots":{"index":"index","follow":"follow","max-snippet":"max-snippet:-1","max-image-preview":"max-image-preview:large","max-video-preview":"max-video-preview:-1"},"canonical":"https:\/\/hetzelsponheuer.de\/de\/loesungen\/wohnen-gewerbe-industrie\/wohnungsbau\/","og_locale":"de_DE","og_type":"article","og_title":"L\u00f6sungen \u00b7 Wohnen Gewerbe Industrie \u00b7 Wohnungsbau","og_description":"Optimierte Leistungspakete f\u00fcr Ihre Wohnungsbau-Projekte. Alle Bauleistungen aus einer Hand, effizient koordiniert und sicher in Qualit\u00e4t, Termin und Kosten","og_url":"https:\/\/hetzelsponheuer.de\/de\/loesungen\/wohnen-gewerbe-industrie\/wohnungsbau\/","og_site_name":"Hetzel+Sponheuer \u00b7 de","article_modified_time":"2021-07-07T15:20:07+00:00","og_image":[{"url":"https:\/\/hetzelsponheuer.de\/de\/wp-content\/uploads\/sites\/2\/2019\/09\/wohnungsbau-1619-links.jpg"}],"twitter_card":"summary_large_image","twitter_misc":{"Gesch\u00e4tzte Lesezeit":"3\u00a0Minuten"},"schema":{"@context":"https:\/\/schema.org","@graph":[{"@type":"WebPage","@id":"https:\/\/hetzelsponheuer.de\/de\/loesungen\/wohnen-gewerbe-industrie\/wohnungsbau\/","url":"https:\/\/hetzelsponheuer.de\/de\/loesungen\/wohnen-gewerbe-industrie\/wohnungsbau\/","name":"L\u00f6sungen \u00b7 Wohnen Gewerbe Industrie \u00b7 Wohnungsbau","isPartOf":{"@id":"https:\/\/hetzelsponheuer.de\/de\/#website"},"primaryImageOfPage":{"@id":"https:\/\/hetzelsponheuer.de\/de\/loesungen\/wohnen-gewerbe-industrie\/wohnungsbau\/#primaryimage"},"image":{"@id":"https:\/\/hetzelsponheuer.de\/de\/loesungen\/wohnen-gewerbe-industrie\/wohnungsbau\/#primaryimage"},"thumbnailUrl":"https:\/\/hetzelsponheuer.de\/de\/wp-content\/uploads\/sites\/2\/2019\/09\/wohnungsbau-1619-links.jpg","datePublished":"2019-08-05T13:47:24+00:00","dateModified":"2021-07-07T15:20:07+00:00","description":"Optimierte Leistungspakete f\u00fcr Ihre Wohnungsbau-Projekte. Alle Bauleistungen aus einer Hand, effizient koordiniert und sicher in Qualit\u00e4t, Termin und Kosten","breadcrumb":{"@id":"https:\/\/hetzelsponheuer.de\/de\/loesungen\/wohnen-gewerbe-industrie\/wohnungsbau\/#breadcrumb"},"inLanguage":"de","potentialAction":[{"@type":"ReadAction","target":["https:\/\/hetzelsponheuer.de\/de\/loesungen\/wohnen-gewerbe-industrie\/wohnungsbau\/"]}]},{"@type":"ImageObject","inLanguage":"de","@id":"https:\/\/hetzelsponheuer.de\/de\/loesungen\/wohnen-gewerbe-industrie\/wohnungsbau\/#primaryimage","url":"https:\/\/hetzelsponheuer.de\/de\/wp-content\/uploads\/sites\/2\/2019\/09\/wohnungsbau-1619-links.jpg","contentUrl":"https:\/\/hetzelsponheuer.de\/de\/wp-content\/uploads\/sites\/2\/2019\/09\/wohnungsbau-1619-links.jpg","width":373,"height":666,"caption":"Sanierung Wohnanlage \u00b7 Fassade"},{"@type":"BreadcrumbList","@id":"https:\/\/hetzelsponheuer.de\/de\/loesungen\/wohnen-gewerbe-industrie\/wohnungsbau\/#breadcrumb","itemListElement":[{"@type":"ListItem","position":1,"name":"Startseite","item":"https:\/\/hetzelsponheuer.de\/de\/"},{"@type":"ListItem","position":2,"name":"L\u00f6sungen","item":"https:\/\/hetzelsponheuer.de\/de\/loesungen\/"},{"@type":"ListItem","position":3,"name":"Wohnen Gewerbe Industrie","item":"https:\/\/hetzelsponheuer.de\/de\/loesungen\/wohnen-gewerbe-industrie\/"},{"@type":"ListItem","position":4,"name":"Wohnungsbau"}]},{"@type":"WebSite","@id":"https:\/\/hetzelsponheuer.de\/de\/#website","url":"https:\/\/hetzelsponheuer.de\/de\/","name":"Hetzel+Sponheuer \u00b7 de","description":"L\u00f6sungen f\u00fcr Ihr Bauprojekt","publisher":{"@id":"https:\/\/hetzelsponheuer.de\/de\/#organization"},"inLanguage":"de"},{"@type":"Organization","@id":"https:\/\/hetzelsponheuer.de\/de\/#organization","name":"Hetzel+Sponheuer GmbH & Co. KG","url":"https:\/\/hetzelsponheuer.de\/de\/","logo":{"@type":"ImageObject","inLanguage":"de","@id":"https:\/\/hetzelsponheuer.de\/de\/#\/schema\/logo\/image\/","url":"https:\/\/hetzelsponheuer.de\/en\/wp-content\/uploads\/sites\/2\/2020\/02\/logo_hetzelsponheuer.png","contentUrl":"https:\/\/hetzelsponheuer.de\/en\/wp-content\/uploads\/sites\/2\/2020\/02\/logo_hetzelsponheuer.png","width":360,"height":24,"caption":"Hetzel+Sponheuer GmbH & Co. KG"},"image":{"@id":"https:\/\/hetzelsponheuer.de\/de\/#\/schema\/logo\/image\/"},"sameAs":["https:\/\/www.linkedin.com\/company\/hetzel-sponheuer-gmbh-&amp;-co.-kg"]}]}},"_links":{"self":[{"href":"https:\/\/hetzelsponheuer.de\/de\/wp-json\/wp\/v2\/pages\/538"}],"collection":[{"href":"https:\/\/hetzelsponheuer.de\/de\/wp-json\/wp\/v2\/pages"}],"about":[{"href":"https:\/\/hetzelsponheuer.de\/de\/wp-json\/wp\/v2\/types\/page"}],"author":[{"embeddable":true,"href":"https:\/\/hetzelsponheuer.de\/de\/wp-json\/wp\/v2\/users\/1"}],"replies":[{"embeddable":true,"href":"https:\/\/hetzelsponheuer.de\/de\/wp-json\/wp\/v2\/comments?post=538"}],"version-history":[{"count":2,"href":"https:\/\/hetzelsponheuer.de\/de\/wp-json\/wp\/v2\/pages\/538\/revisions"}],"predecessor-version":[{"id":5736,"href":"https:\/\/hetzelsponheuer.de\/de\/wp-json\/wp\/v2\/pages\/538\/revisions\/5736"}],"up":[{"embeddable":true,"href":"https:\/\/hetzelsponheuer.de\/de\/wp-json\/wp\/v2\/pages\/214"}],"wp:attachment":[{"href":"https:\/\/hetzelsponheuer.de\/de\/wp-json\/wp\/v2\/media?parent=538"}],"curies":[{"name":"wp","href":"https:\/\/api.w.org\/{rel}","templated":true}]}}