{"id":580,"date":"2019-08-09T10:14:33","date_gmt":"2019-08-09T08:14:33","guid":{"rendered":"http:\/\/hetzelsponheuer.de\/de\/?page_id=580"},"modified":"2021-07-07T17:21:46","modified_gmt":"2021-07-07T15:21:46","slug":"gewerbebau","status":"publish","type":"page","link":"https:\/\/hetzelsponheuer.de\/de\/loesungen\/wohnen-gewerbe-industrie\/gewerbebau\/","title":{"rendered":"Gewerbebau"},"content":{"rendered":"\n<div style=\"height:32px\" aria-hidden=\"true\" class=\"wp-block-spacer\"><\/div>\n\n\n<div class=\"banner row x-4 md-3-3-3-3 sm-0-0-6-6 wp-block-lazyblock-inner-block lazyblock-inner-block-1VnMmQ\">\n<div class=\"col wp-block-lazyblock-inner-block lazyblock-inner-block-nvywj\">\n<div class=\"wp-block-lazyblock-inner-block lazyblock-inner-block-2f1bMe\">\n\n<p>  <\/p>\n\n<\/div>\n<\/div>\n\n<div class=\"col wp-block-lazyblock-inner-block lazyblock-inner-block-Z1pHcQp\">\n<div class=\"bg grey img wp-block-lazyblock-inner-block lazyblock-inner-block-ZUTuSG\">\n\n<figure class=\"wp-block-image\"><img decoding=\"async\" loading=\"lazy\" width=\"373\" height=\"592\" src=\"https:\/\/hetzelsponheuer.de\/de\/wp-content\/uploads\/sites\/2\/2019\/09\/gewerbebau-1629f-links.jpg\" alt=\"Gewerbebau\" class=\"wp-image-4002\" srcset=\"https:\/\/hetzelsponheuer.de\/de\/wp-content\/uploads\/sites\/2\/2019\/09\/gewerbebau-1629f-links.jpg 373w, https:\/\/hetzelsponheuer.de\/de\/wp-content\/uploads\/sites\/2\/2019\/09\/gewerbebau-1629f-links-252x400.jpg 252w\" sizes=\"(max-width: 373px) 100vw, 373px\" \/><\/figure>\n\n<\/div>\n<\/div>\n\n<div class=\"col wp-block-lazyblock-inner-block lazyblock-inner-block-1znxxg\">\n<div class=\"bg grey img wp-block-lazyblock-inner-block lazyblock-inner-block-1lMtYQ\">\n\n<figure class=\"wp-block-image\"><img decoding=\"async\" loading=\"lazy\" width=\"373\" height=\"592\" src=\"https:\/\/hetzelsponheuer.de\/de\/wp-content\/uploads\/sites\/2\/2019\/09\/gewerbebau-1629f-mitte.jpg\" alt=\"Gewerbebau\" class=\"wp-image-4003\" srcset=\"https:\/\/hetzelsponheuer.de\/de\/wp-content\/uploads\/sites\/2\/2019\/09\/gewerbebau-1629f-mitte.jpg 373w, https:\/\/hetzelsponheuer.de\/de\/wp-content\/uploads\/sites\/2\/2019\/09\/gewerbebau-1629f-mitte-252x400.jpg 252w\" sizes=\"(max-width: 373px) 100vw, 373px\" \/><\/figure>\n\n<\/div>\n<\/div>\n\n<div class=\"col wp-block-lazyblock-inner-block lazyblock-inner-block-Z2bMYIL\">\n<div class=\"bg grey img wp-block-lazyblock-inner-block lazyblock-inner-block-ZKAn6g\">\n\n<figure class=\"wp-block-image\"><img decoding=\"async\" loading=\"lazy\" width=\"373\" height=\"592\" src=\"https:\/\/hetzelsponheuer.de\/de\/wp-content\/uploads\/sites\/2\/2019\/09\/gewerbebau-1629f-rechts.jpg\" alt=\"Gewerbebau\" class=\"wp-image-4004\" srcset=\"https:\/\/hetzelsponheuer.de\/de\/wp-content\/uploads\/sites\/2\/2019\/09\/gewerbebau-1629f-rechts.jpg 373w, https:\/\/hetzelsponheuer.de\/de\/wp-content\/uploads\/sites\/2\/2019\/09\/gewerbebau-1629f-rechts-252x400.jpg 252w\" sizes=\"(max-width: 373px) 100vw, 373px\" \/><\/figure>\n\n<\/div>\n<\/div>\n<\/div>\n\n<div class=\"row x-24 md-3-9 sm-0-12 wp-block-lazyblock-inner-block lazyblock-inner-block-ZTepAb\">\n<div class=\"col wp-block-lazyblock-inner-block lazyblock-inner-block-Z23kHAU\">\n<div class=\"wp-block-lazyblock-inner-block lazyblock-inner-block-2rAEvE\">\n\n<p>  <\/p>\n\n<\/div>\n<\/div>\n\n<div class=\"col wp-block-lazyblock-inner-block lazyblock-inner-block-Z21Dhan\">\n<div class=\"head wp-block-lazyblock-inner-block lazyblock-inner-block-ZQPGWH\">\n\n<p class=\"topline js close\"><a href=\"http:\/\/localhost\/hetzel\/wp\/de\/loesungen\/\">L\u00f6sungen<\/a> \u00b7 <a href=\"https:\/\/hetzelsponheuer.de\/de\/loesungen\/wohnen-gewerbe-industrie\/\">Wohnen Gewerbe Industrie<\/a> \u00b7 Gewerbebau<\/p>\n\n\n\n<h2 class=\"h1 wp-block-heading\"><span class=\"grey\">Eine gute <\/span>Inves\u00adti\u00adtion<\/h2>\n\n<\/div>\n<\/div>\n<\/div>\n\n<div class=\"row x-24 md-3-6-3 sm-12-12-12 wp-block-lazyblock-inner-block lazyblock-inner-block-Z1boxei\">\n<div class=\"col wp-block-lazyblock-inner-block lazyblock-inner-block-ZvDjde\">\n<div class=\"wp-block-lazyblock-inner-block lazyblock-inner-block-Zxfats\">\n\n<p class=\"md-right pl-24 color\">  <strong>Gewerbebauten haben l\u00e4ngst das Image langweiliger Immobilien abgelegt. Heute nutzen Architekten, Planer und Immobilienunternehmen die Potentiale, die in gro\u00dfen R\u00e4umen und Fl\u00e4chen stecken. Davon profitieren nicht nur Neubauten, sondern vor allem Geb\u00e4ude im Bestand. Fassaden sowie Geb\u00e4udekonstruktionen werden sowohl energetisch als auch gestalterisch aufgewertet, das Innenraum-Design an moderne Arbeitsplatzverh\u00e4ltnisse angepasst.<\/strong><\/p>\n\n<\/div>\n<\/div>\n\n<div class=\"col wp-block-lazyblock-inner-block lazyblock-inner-block-Z106B1y\">\n<div class=\"wp-block-lazyblock-inner-block lazyblock-inner-block-1tB0RI\">\n\n<p>Die Hetzel + Sponheuer GmbH &amp; Co. KG ist spezialisiert auf den Umbau von Gewerbebauten, die ert\u00fcchtigt werden m\u00fcssen. Ein wesentlicher Grund der Geb\u00e4udeert\u00fcchtigung ist dabei die Einhaltung und Erreichung energetischer Standards. Im gleichen Zug w\u00fcnschen sich die Auftraggeber h\u00e4ufig eine Umnutzung des Geb\u00e4udes und eine architektonische Aufwertung des Objekts. Wir \u00fcbernehmen die Projektkoordination, die Ausf\u00fchrung und gerne vorab auch die Ausf\u00fchrungsplanung. Aufgrund unserer langj\u00e4hrigen Erfahrung bieten wir Ihnen maximale Kosten- und Planungssicherheit \u2013&nbsp;f\u00fcr einen positiven &#8220;Return on Investment&#8221;.<\/p>\n\n\n\n<h3 class=\"h4 wp-block-heading\">Die Fassade \u2013&nbsp;des Unternehmens neue Kleider<\/h3>\n\n\n\n<p>Der erste Eindruck z\u00e4hlt. Deshalb ist die Au\u00dfenansicht ein wichtiger Imagefaktor f\u00fcr Unternehmen. Hier k\u00f6nnen wir unser Know-how aus verschiedenen Bereichen abrufen, um Bestandsfassaden sowohl energetisch wie auch \u00e4sthetisch aufzur\u00fcsten. Die Energieeffizienz steigern wir durch den Einsatz von W\u00e4rmed\u00e4mmverbundsystemen (WDVS) oder Innend\u00e4mmungssystemen (IDS). Um die Fassade gestalterisch aufzuwerten gibt es die M\u00f6glichkeit, vorgeh\u00e4ngte Fassadensysteme (VHFS) zu verwenden. Materialien wie Glasmosaik, Glasfliesen, Keramik, Naturstein, Holz, Metallfassaden oder Klinker sorgen f\u00fcr den Schutz des Geb\u00e4udes und sind geichzeitig echte &#8220;Eye-Catcher&#8221;. Hinzu kommen klassische Putz- und Farbsysteme, die eine Fassade aufgrund unserer hohen qualitativen Ausf\u00fchrung dauerhaft sch\u00f6ner machen und sch\u00fctzen.<\/p>\n\n\n\n<h3 class=\"h4 wp-block-heading\">Neue R\u00e4ume f\u00fcr ein prima Arbeitsklima<\/h3>\n\n\n\n<p>H\u00e4ufig werden Produktions- und Verwaltungsfl\u00e4chen modernsten Anforderungen angepasst, um eine wirtschaftlichere Nutzung von Bestandsfl\u00e4chen zu erreichen und das Arbeitsklima zu verbessern. Wir k\u00fcmmern uns um die Modernisierung, den Innenausbau und die Umgestaltung von Produktionshallen oder Gewerbefl\u00e4chen. Die Ausstattung erfolgt dabei mit hochwertigen Ausbauprodukten wie Glastrennwandsysteme, Akustikputze, Trockenbausysteme sowie moderne Wand- und Bodenbel\u00e4ge. Gleichzeitig kann im Zuge des Umbaus die Haustechnik erneuert werden, um so die Infrastruktur f\u00fcr eine moderne Kommunikation in Unternehmen zu schaffen.<\/p>\n\n\n\n<h3 class=\"h4 wp-block-heading\">Gewerbeobjekte unter Denkmalschutz<\/h3>\n\n\n\n<p class=\"fade-link\">Gewerbeobjekte mit langer Geschichte und Tradition sind bei uns gut aufgehoben, denn ein Spezialteam k\u00fcmmert sich ausschlie\u00dflich um&nbsp;<a href=\"https:\/\/hetzelsponheuer.de\/de\/loesungen\/#bauwerterhaltung_denkmalschutz\">Bauwerterhaltung Denkmalschutz<\/a>.<\/p>\n\n\n\n<div style=\"height:120px\" aria-hidden=\"true\" class=\"wp-block-spacer\"><\/div>\n\n<\/div>\n<\/div>\n\n<div class=\"col wp-block-lazyblock-inner-block lazyblock-inner-block-ZYYA2b\">\n<div class=\"wp-block-lazyblock-inner-block lazyblock-inner-block-Z1zUc3V\">\n\n<h4 class=\"wp-block-heading\"> Ihr Ansprechpartner<\/h4>\n\n\n\n<ul class=\"link ajx grey\"><li><a href=\"https:\/\/hetzelsponheuer.de\/de\/mitarbeiter\/carsten-haddick\" data-display=\"fancybox\" data-post-type=\"mitarbeiter\">Carsten Haddick<\/a><\/li><\/ul>\n\n\n\n<h4 class=\"wp-block-heading\">Leistungen<\/h4>\n\n\n\n<ul class=\"fade-link grey\"><li class=\"menu-item\"><a href=\"https:\/\/hetzelsponheuer.de\/de\/leistungen\/#bewertung-und-beratung\">Bewertung und Beratung<\/a><\/li><li class=\"menu-item \"><a href=\"https:\/\/hetzelsponheuer.de\/de\/leistungen\/#planung-und-gestaltung\">Planung und Gestaltung<\/a><\/li><li class=\"menu-item \"><a href=\"https:\/\/hetzelsponheuer.de\/de\/leistungen\/#organisation-und-baubegleitung\">Organisation und Baubegleitung<\/a><\/li><li class=\"menu-item \"><a href=\"https:\/\/hetzelsponheuer.de\/de\/leistungen\/#handwerk-und-technik\">Handwerk und Technik<\/a><\/li><\/ul>\n\n\n\n<h4 class=\"wp-block-heading\">Referenzen<\/h4>\n\n\n\n<p class=\"grey fade-link\"><a href=\"https:\/\/hetzelsponheuer.de\/de\/referenzen\/wohnen-gewerbe-industrie-l\">Liste unserer Referenzobjeke f\u00fcr Wohnen, Gewerbe und Industrie<\/a><\/p>\n\n<\/div>\n<\/div>\n<\/div>","protected":false},"excerpt":{"rendered":"","protected":false},"author":1,"featured_media":0,"parent":214,"menu_order":2,"comment_status":"closed","ping_status":"closed","template":"page-fullwidth.php","meta":{"footnotes":""},"yoast_head":"<!-- This site is optimized with the Yoast SEO plugin v22.6 - https:\/\/yoast.com\/wordpress\/plugins\/seo\/ -->\n<title>L\u00f6sungen \u00b7 Wohnen Gewerbe Industrie \u00b7 Gewerbebau \u00b7<\/title>\n<meta name=\"description\" content=\"Wir entwickeln gemeinsam mit Ihnen eine f\u00fcr Sie optimierte Baul\u00f6sung f\u00fcr Ihr Gewerbebauprojekt und bieten Ihnen alle Bauleistungen aus einer Hand.\" \/>\n<meta name=\"robots\" content=\"index, follow, max-snippet:-1, max-image-preview:large, max-video-preview:-1\" \/>\n<link rel=\"canonical\" href=\"https:\/\/hetzelsponheuer.de\/de\/loesungen\/wohnen-gewerbe-industrie\/gewerbebau\/\" \/>\n<meta property=\"og:locale\" content=\"de_DE\" \/>\n<meta property=\"og:type\" content=\"article\" \/>\n<meta property=\"og:title\" content=\"L\u00f6sungen \u00b7 Wohnen Gewerbe Industrie \u00b7 Gewerbebau \u00b7\" \/>\n<meta property=\"og:description\" content=\"Wir entwickeln gemeinsam mit Ihnen eine f\u00fcr Sie optimierte Baul\u00f6sung f\u00fcr Ihr Gewerbebauprojekt und bieten Ihnen alle Bauleistungen aus einer Hand.\" \/>\n<meta property=\"og:url\" content=\"https:\/\/hetzelsponheuer.de\/de\/loesungen\/wohnen-gewerbe-industrie\/gewerbebau\/\" \/>\n<meta property=\"og:site_name\" content=\"Hetzel+Sponheuer \u00b7 de\" \/>\n<meta property=\"article:modified_time\" content=\"2021-07-07T15:21:46+00:00\" \/>\n<meta property=\"og:image\" content=\"https:\/\/hetzelsponheuer.de\/de\/wp-content\/uploads\/sites\/2\/2019\/09\/gewerbebau-1629f-links.jpg\" \/>\n<meta name=\"twitter:card\" content=\"summary_large_image\" \/>\n<meta name=\"twitter:label1\" content=\"Gesch\u00e4tzte Lesezeit\" \/>\n\t<meta name=\"twitter:data1\" content=\"3\u00a0Minuten\" \/>\n<script type=\"application\/ld+json\" class=\"yoast-schema-graph\">{\"@context\":\"https:\/\/schema.org\",\"@graph\":[{\"@type\":\"WebPage\",\"@id\":\"https:\/\/hetzelsponheuer.de\/de\/loesungen\/wohnen-gewerbe-industrie\/gewerbebau\/\",\"url\":\"https:\/\/hetzelsponheuer.de\/de\/loesungen\/wohnen-gewerbe-industrie\/gewerbebau\/\",\"name\":\"L\u00f6sungen \u00b7 Wohnen Gewerbe Industrie \u00b7 Gewerbebau \u00b7\",\"isPartOf\":{\"@id\":\"https:\/\/hetzelsponheuer.de\/de\/#website\"},\"primaryImageOfPage\":{\"@id\":\"https:\/\/hetzelsponheuer.de\/de\/loesungen\/wohnen-gewerbe-industrie\/gewerbebau\/#primaryimage\"},\"image\":{\"@id\":\"https:\/\/hetzelsponheuer.de\/de\/loesungen\/wohnen-gewerbe-industrie\/gewerbebau\/#primaryimage\"},\"thumbnailUrl\":\"https:\/\/hetzelsponheuer.de\/de\/wp-content\/uploads\/sites\/2\/2019\/09\/gewerbebau-1629f-links.jpg\",\"datePublished\":\"2019-08-09T08:14:33+00:00\",\"dateModified\":\"2021-07-07T15:21:46+00:00\",\"description\":\"Wir entwickeln gemeinsam mit Ihnen eine f\u00fcr Sie optimierte Baul\u00f6sung f\u00fcr Ihr Gewerbebauprojekt und bieten Ihnen alle Bauleistungen aus einer Hand.\",\"breadcrumb\":{\"@id\":\"https:\/\/hetzelsponheuer.de\/de\/loesungen\/wohnen-gewerbe-industrie\/gewerbebau\/#breadcrumb\"},\"inLanguage\":\"de\",\"potentialAction\":[{\"@type\":\"ReadAction\",\"target\":[\"https:\/\/hetzelsponheuer.de\/de\/loesungen\/wohnen-gewerbe-industrie\/gewerbebau\/\"]}]},{\"@type\":\"ImageObject\",\"inLanguage\":\"de\",\"@id\":\"https:\/\/hetzelsponheuer.de\/de\/loesungen\/wohnen-gewerbe-industrie\/gewerbebau\/#primaryimage\",\"url\":\"https:\/\/hetzelsponheuer.de\/de\/wp-content\/uploads\/sites\/2\/2019\/09\/gewerbebau-1629f-links.jpg\",\"contentUrl\":\"https:\/\/hetzelsponheuer.de\/de\/wp-content\/uploads\/sites\/2\/2019\/09\/gewerbebau-1629f-links.jpg\",\"width\":373,\"height\":592},{\"@type\":\"BreadcrumbList\",\"@id\":\"https:\/\/hetzelsponheuer.de\/de\/loesungen\/wohnen-gewerbe-industrie\/gewerbebau\/#breadcrumb\",\"itemListElement\":[{\"@type\":\"ListItem\",\"position\":1,\"name\":\"Startseite\",\"item\":\"https:\/\/hetzelsponheuer.de\/de\/\"},{\"@type\":\"ListItem\",\"position\":2,\"name\":\"L\u00f6sungen\",\"item\":\"https:\/\/hetzelsponheuer.de\/de\/loesungen\/\"},{\"@type\":\"ListItem\",\"position\":3,\"name\":\"Wohnen Gewerbe Industrie\",\"item\":\"https:\/\/hetzelsponheuer.de\/de\/loesungen\/wohnen-gewerbe-industrie\/\"},{\"@type\":\"ListItem\",\"position\":4,\"name\":\"Gewerbebau\"}]},{\"@type\":\"WebSite\",\"@id\":\"https:\/\/hetzelsponheuer.de\/de\/#website\",\"url\":\"https:\/\/hetzelsponheuer.de\/de\/\",\"name\":\"Hetzel+Sponheuer \u00b7 de\",\"description\":\"L\u00f6sungen f\u00fcr Ihr Bauprojekt\",\"publisher\":{\"@id\":\"https:\/\/hetzelsponheuer.de\/de\/#organization\"},\"inLanguage\":\"de\"},{\"@type\":\"Organization\",\"@id\":\"https:\/\/hetzelsponheuer.de\/de\/#organization\",\"name\":\"Hetzel+Sponheuer GmbH & Co. KG\",\"url\":\"https:\/\/hetzelsponheuer.de\/de\/\",\"logo\":{\"@type\":\"ImageObject\",\"inLanguage\":\"de\",\"@id\":\"https:\/\/hetzelsponheuer.de\/de\/#\/schema\/logo\/image\/\",\"url\":\"https:\/\/hetzelsponheuer.de\/en\/wp-content\/uploads\/sites\/2\/2020\/02\/logo_hetzelsponheuer.png\",\"contentUrl\":\"https:\/\/hetzelsponheuer.de\/en\/wp-content\/uploads\/sites\/2\/2020\/02\/logo_hetzelsponheuer.png\",\"width\":360,\"height\":24,\"caption\":\"Hetzel+Sponheuer GmbH & Co. KG\"},\"image\":{\"@id\":\"https:\/\/hetzelsponheuer.de\/de\/#\/schema\/logo\/image\/\"},\"sameAs\":[\"https:\/\/www.linkedin.com\/company\/hetzel-sponheuer-gmbh-&amp;-co.-kg\"]}]}<\/script>\n<!-- \/ Yoast SEO plugin. -->","yoast_head_json":{"title":"L\u00f6sungen \u00b7 Wohnen Gewerbe Industrie \u00b7 Gewerbebau \u00b7","description":"Wir entwickeln gemeinsam mit Ihnen eine f\u00fcr Sie optimierte Baul\u00f6sung f\u00fcr Ihr Gewerbebauprojekt und bieten Ihnen alle Bauleistungen aus einer Hand.","robots":{"index":"index","follow":"follow","max-snippet":"max-snippet:-1","max-image-preview":"max-image-preview:large","max-video-preview":"max-video-preview:-1"},"canonical":"https:\/\/hetzelsponheuer.de\/de\/loesungen\/wohnen-gewerbe-industrie\/gewerbebau\/","og_locale":"de_DE","og_type":"article","og_title":"L\u00f6sungen \u00b7 Wohnen Gewerbe Industrie \u00b7 Gewerbebau \u00b7","og_description":"Wir entwickeln gemeinsam mit Ihnen eine f\u00fcr Sie optimierte Baul\u00f6sung f\u00fcr Ihr Gewerbebauprojekt und bieten Ihnen alle Bauleistungen aus einer Hand.","og_url":"https:\/\/hetzelsponheuer.de\/de\/loesungen\/wohnen-gewerbe-industrie\/gewerbebau\/","og_site_name":"Hetzel+Sponheuer \u00b7 de","article_modified_time":"2021-07-07T15:21:46+00:00","og_image":[{"url":"https:\/\/hetzelsponheuer.de\/de\/wp-content\/uploads\/sites\/2\/2019\/09\/gewerbebau-1629f-links.jpg"}],"twitter_card":"summary_large_image","twitter_misc":{"Gesch\u00e4tzte Lesezeit":"3\u00a0Minuten"},"schema":{"@context":"https:\/\/schema.org","@graph":[{"@type":"WebPage","@id":"https:\/\/hetzelsponheuer.de\/de\/loesungen\/wohnen-gewerbe-industrie\/gewerbebau\/","url":"https:\/\/hetzelsponheuer.de\/de\/loesungen\/wohnen-gewerbe-industrie\/gewerbebau\/","name":"L\u00f6sungen \u00b7 Wohnen Gewerbe Industrie \u00b7 Gewerbebau \u00b7","isPartOf":{"@id":"https:\/\/hetzelsponheuer.de\/de\/#website"},"primaryImageOfPage":{"@id":"https:\/\/hetzelsponheuer.de\/de\/loesungen\/wohnen-gewerbe-industrie\/gewerbebau\/#primaryimage"},"image":{"@id":"https:\/\/hetzelsponheuer.de\/de\/loesungen\/wohnen-gewerbe-industrie\/gewerbebau\/#primaryimage"},"thumbnailUrl":"https:\/\/hetzelsponheuer.de\/de\/wp-content\/uploads\/sites\/2\/2019\/09\/gewerbebau-1629f-links.jpg","datePublished":"2019-08-09T08:14:33+00:00","dateModified":"2021-07-07T15:21:46+00:00","description":"Wir entwickeln gemeinsam mit Ihnen eine f\u00fcr Sie optimierte Baul\u00f6sung f\u00fcr Ihr Gewerbebauprojekt und bieten Ihnen alle Bauleistungen aus einer Hand.","breadcrumb":{"@id":"https:\/\/hetzelsponheuer.de\/de\/loesungen\/wohnen-gewerbe-industrie\/gewerbebau\/#breadcrumb"},"inLanguage":"de","potentialAction":[{"@type":"ReadAction","target":["https:\/\/hetzelsponheuer.de\/de\/loesungen\/wohnen-gewerbe-industrie\/gewerbebau\/"]}]},{"@type":"ImageObject","inLanguage":"de","@id":"https:\/\/hetzelsponheuer.de\/de\/loesungen\/wohnen-gewerbe-industrie\/gewerbebau\/#primaryimage","url":"https:\/\/hetzelsponheuer.de\/de\/wp-content\/uploads\/sites\/2\/2019\/09\/gewerbebau-1629f-links.jpg","contentUrl":"https:\/\/hetzelsponheuer.de\/de\/wp-content\/uploads\/sites\/2\/2019\/09\/gewerbebau-1629f-links.jpg","width":373,"height":592},{"@type":"BreadcrumbList","@id":"https:\/\/hetzelsponheuer.de\/de\/loesungen\/wohnen-gewerbe-industrie\/gewerbebau\/#breadcrumb","itemListElement":[{"@type":"ListItem","position":1,"name":"Startseite","item":"https:\/\/hetzelsponheuer.de\/de\/"},{"@type":"ListItem","position":2,"name":"L\u00f6sungen","item":"https:\/\/hetzelsponheuer.de\/de\/loesungen\/"},{"@type":"ListItem","position":3,"name":"Wohnen Gewerbe Industrie","item":"https:\/\/hetzelsponheuer.de\/de\/loesungen\/wohnen-gewerbe-industrie\/"},{"@type":"ListItem","position":4,"name":"Gewerbebau"}]},{"@type":"WebSite","@id":"https:\/\/hetzelsponheuer.de\/de\/#website","url":"https:\/\/hetzelsponheuer.de\/de\/","name":"Hetzel+Sponheuer \u00b7 de","description":"L\u00f6sungen f\u00fcr Ihr Bauprojekt","publisher":{"@id":"https:\/\/hetzelsponheuer.de\/de\/#organization"},"inLanguage":"de"},{"@type":"Organization","@id":"https:\/\/hetzelsponheuer.de\/de\/#organization","name":"Hetzel+Sponheuer GmbH & Co. KG","url":"https:\/\/hetzelsponheuer.de\/de\/","logo":{"@type":"ImageObject","inLanguage":"de","@id":"https:\/\/hetzelsponheuer.de\/de\/#\/schema\/logo\/image\/","url":"https:\/\/hetzelsponheuer.de\/en\/wp-content\/uploads\/sites\/2\/2020\/02\/logo_hetzelsponheuer.png","contentUrl":"https:\/\/hetzelsponheuer.de\/en\/wp-content\/uploads\/sites\/2\/2020\/02\/logo_hetzelsponheuer.png","width":360,"height":24,"caption":"Hetzel+Sponheuer GmbH & Co. KG"},"image":{"@id":"https:\/\/hetzelsponheuer.de\/de\/#\/schema\/logo\/image\/"},"sameAs":["https:\/\/www.linkedin.com\/company\/hetzel-sponheuer-gmbh-&amp;-co.-kg"]}]}},"_links":{"self":[{"href":"https:\/\/hetzelsponheuer.de\/de\/wp-json\/wp\/v2\/pages\/580"}],"collection":[{"href":"https:\/\/hetzelsponheuer.de\/de\/wp-json\/wp\/v2\/pages"}],"about":[{"href":"https:\/\/hetzelsponheuer.de\/de\/wp-json\/wp\/v2\/types\/page"}],"author":[{"embeddable":true,"href":"https:\/\/hetzelsponheuer.de\/de\/wp-json\/wp\/v2\/users\/1"}],"replies":[{"embeddable":true,"href":"https:\/\/hetzelsponheuer.de\/de\/wp-json\/wp\/v2\/comments?post=580"}],"version-history":[{"count":2,"href":"https:\/\/hetzelsponheuer.de\/de\/wp-json\/wp\/v2\/pages\/580\/revisions"}],"predecessor-version":[{"id":5738,"href":"https:\/\/hetzelsponheuer.de\/de\/wp-json\/wp\/v2\/pages\/580\/revisions\/5738"}],"up":[{"embeddable":true,"href":"https:\/\/hetzelsponheuer.de\/de\/wp-json\/wp\/v2\/pages\/214"}],"wp:attachment":[{"href":"https:\/\/hetzelsponheuer.de\/de\/wp-json\/wp\/v2\/media?parent=580"}],"curies":[{"name":"wp","href":"https:\/\/api.w.org\/{rel}","templated":true}]}}