{"id":5859,"date":"2022-07-11T16:13:12","date_gmt":"2022-07-11T14:13:12","guid":{"rendered":"https:\/\/hetzelsponheuer.de\/de\/?page_id=5859"},"modified":"2022-07-19T14:25:01","modified_gmt":"2022-07-19T12:25:01","slug":"langer-jammer-hamburg","status":"publish","type":"page","link":"https:\/\/hetzelsponheuer.de\/de\/referenzen\/langer-jammer-hamburg\/","title":{"rendered":"Langer Jammer Hamburg"},"content":{"rendered":"<div class=\"banner vid row x-4 md-3-6-3 sm-0-12-0 wp-block-lazyblock-inner-block lazyblock-inner-block-Z214BFU\">\n<div class=\"col wp-block-lazyblock-inner-block lazyblock-inner-block-ZqR98G\">\n<div class=\"bg grey img wp-block-lazyblock-inner-block lazyblock-inner-block-Zve5Jw\">\n\n<p>           <\/p>\n\n<\/div>\n<\/div>\n\n<div class=\"col wp-block-lazyblock-inner-block lazyblock-inner-block-18y05c\">\n<div class=\"bg grey img wp-block-lazyblock-inner-block lazyblock-inner-block-ZVtzQa\">\n\n<figure class=\"wp-block-video\"><video controls poster=\"https:\/\/hetzelsponheuer.de\/de\/wp-content\/uploads\/sites\/2\/2022\/07\/langer-jammer-vid.jpg\" preload=\"auto\" src=\"https:\/\/hetzelsponheuer.de\/de\/wp-content\/uploads\/sites\/2\/vid\/LangerJammer_1920x1080.mp4\"><\/video><\/figure>\n\n<\/div>\n<\/div>\n\n<div class=\"col wp-block-lazyblock-inner-block lazyblock-inner-block-ZCDCYS\">\n<div class=\"bg grey img wp-block-lazyblock-inner-block lazyblock-inner-block-14Sv2q\">\n\n<p>     <\/p>\n\n<\/div>\n<\/div>\n<\/div>\n\n<div class=\"row x-24 md-3-9 sm-0-12 wp-block-lazyblock-inner-block lazyblock-inner-block-Z1Y5PPN\">\n<div class=\"col wp-block-lazyblock-inner-block lazyblock-inner-block-Zkf4Cg\">\n<div class=\"wp-block-lazyblock-inner-block lazyblock-inner-block-9WSGy\">\n\n<p>  <\/p>\n\n<\/div>\n<\/div>\n\n<div class=\"col wp-block-lazyblock-inner-block lazyblock-inner-block-Z1Nro9Q\">\n<div class=\"head wp-block-lazyblock-inner-block lazyblock-inner-block-1rCkUu\">\n\n<p class=\"topline\">Vollsanierung eines Denkmalgesch\u00fctzten Geb\u00e4udes<\/p>\n\n\n\n<h2 class=\"h1 wp-block-heading\">Langer Jammer <span class=\"grey\">Hamburg<\/span><\/h2>\n\n<\/div>\n<\/div>\n<\/div>\n\n<div class=\"row x-24 md-3-6-3 sm-0-12-12 wp-block-lazyblock-inner-block lazyblock-inner-block-1xU5hk\">\n<div class=\"col wp-block-lazyblock-inner-block lazyblock-inner-block-Zb9T4U\">\n<div class=\"wp-block-lazyblock-inner-block lazyblock-inner-block-Z2s97Lh\">\n\n<p class=\"md-right pl-24\"><\/p>\n\n<\/div>\n<\/div>\n\n<div class=\"col wp-block-lazyblock-inner-block lazyblock-inner-block-ZLHDso\">\n<div class=\"wp-block-lazyblock-inner-block lazyblock-inner-block-3eCzA\">\n\n<p>Unmittelbar neben des Barmbeker Krankenhausgel\u00e4ndes, eingebettet in den Neubau des Campus Hamburg, befindet sich eins der \u00e4ltesten, noch erhaltenen d\u00f6rflichen Mietshaustypen Hamburgs, der einst im Volksmund genannte &#8220;Lange Jammer&#8221;. Das 1904 errichtete ehemalige Landarbeiterh\u00e4usschen stand seit geraumer Zeit leer, was sich im Zustand des Geb\u00e4udes widerspiegelte.<\/p>\n\n\n\n<div style=\"height:24px\" aria-hidden=\"true\" class=\"wp-block-spacer\"><\/div>\n\n\n\n<h3 class=\"h4 wp-block-heading\">Herausforderung<\/h3>\n\n\n\n<p>Aufgrund des langen Leerstandes befand sich das Geb\u00e4ude vor dem Beginn der denkmalgerechten Sanierung in einem extrem schlechten Zustand. Durch den massiven Feuchtigkeitseintrag, der sowohl durch die fehlende Au\u00dfenabdichtung, als auch durch das schadhafte Dach verursacht wurde, war das Geb\u00e4ude massiv von Sch\u00e4dlingen, wie zum Beispiel dem gew\u00f6hnlichen Nagek\u00e4fer, sowie Hausschwamm befallen. Diesen Befall galt es, zusammen mit der Umsetzung eines funktionierenden Abdichtungskonzeptes, zu bek\u00e4mpfen. Im zweiten Schritt konnte dann der Ausbau erfolgen.<\/p>\n\n\n\n<h3 class=\"h4 wp-block-heading\">L\u00f6sung<\/h3>\n\n\n\n<p>Bereits in der Planungsphase wurden f\u00fcr die einzelnen Schwerpunktthemen Gutachter mit einbezogen. Insbesondere auf die Themen Feuchtigkeit, Holzschutz, Sch\u00e4dlingsbek\u00e4mpfung, W\u00e4rmeschutz, Bauhistorik, Statik, sowie Baumschutz der drei denkmalgesch\u00fctzten B\u00e4ume wurde fr\u00fchzeitig ein besonderes Augenmerk gelegt. Auf Basis dieser Erkenntnisse wurde die Ausf\u00fchrungsplanung, sowie die Ausschreibung erstellt.<\/p>\n\n\n\n<p>Die fr\u00fchzeitige Abstimmung von Materialien, Farben und Ausf\u00fchrungstechniken \/ Arbeitsverfahren mit der Denkmalbeh\u00f6rde stellte eine weitere Grundvoraussetzung f\u00fcr einen reibungslosen und unterbrechungsfreien Bauablauf dar.<\/p>\n\n\n\n<p>Bei neuen oder ge\u00e4nderten Befundlagen konnte auf der Basis dieser bereits fr\u00fch vorliegenden Erkenntnisse und Abstimmungen stets schnell reagiert und Material oder Arbeitsverfahren dementsprechend angepasst werden.<\/p>\n\n\n\n<p><\/p>\n\n\n<div class=\"grid x24 md-col-6-6-row-1 wp-block-lazyblock-inner-block lazyblock-inner-block-Z177CH4\">\n<div class=\"bg grey img wp-block-lazyblock-inner-block lazyblock-inner-block-ZRHDgY\">\n\n<figure class=\"wp-block-image size-full\"><a class=\"gallery\" href=\"https:\/\/hetzelsponheuer.de\/de\/wp-content\/uploads\/sites\/2\/2022\/07\/langer-jammer_0276.jpg\" rel=\"gallery-1\"><img decoding=\"async\" loading=\"lazy\" width=\"800\" height=\"533\" src=\"https:\/\/hetzelsponheuer.de\/de\/wp-content\/uploads\/sites\/2\/2022\/07\/langer-jammer_0276.jpg\" alt=\"Langer Jammer Hamburg 1\" class=\"wp-image-5874\" srcset=\"https:\/\/hetzelsponheuer.de\/de\/wp-content\/uploads\/sites\/2\/2022\/07\/langer-jammer_0276.jpg 800w, https:\/\/hetzelsponheuer.de\/de\/wp-content\/uploads\/sites\/2\/2022\/07\/langer-jammer_0276-400x267.jpg 400w, https:\/\/hetzelsponheuer.de\/de\/wp-content\/uploads\/sites\/2\/2022\/07\/langer-jammer_0276-768x512.jpg 768w\" sizes=\"(max-width: 800px) 100vw, 800px\" \/><\/a><\/figure>\n\n<\/div>\n\n<div class=\"bg grey img wp-block-lazyblock-inner-block lazyblock-inner-block-Z2hP4Jv\">\n\n<figure class=\"wp-block-image size-full\"><a class=\"gallery\" href=\"https:\/\/hetzelsponheuer.de\/de\/wp-content\/uploads\/sites\/2\/2022\/07\/langer-jammer_0046.jpg\" rel=\"gallery-1\"><img decoding=\"async\" loading=\"lazy\" width=\"800\" height=\"533\" src=\"https:\/\/hetzelsponheuer.de\/de\/wp-content\/uploads\/sites\/2\/2022\/07\/langer-jammer_0046.jpg\" alt=\"Langer Jammer Dacharbeiten\" class=\"wp-image-5877\" srcset=\"https:\/\/hetzelsponheuer.de\/de\/wp-content\/uploads\/sites\/2\/2022\/07\/langer-jammer_0046.jpg 800w, https:\/\/hetzelsponheuer.de\/de\/wp-content\/uploads\/sites\/2\/2022\/07\/langer-jammer_0046-400x267.jpg 400w, https:\/\/hetzelsponheuer.de\/de\/wp-content\/uploads\/sites\/2\/2022\/07\/langer-jammer_0046-768x512.jpg 768w\" sizes=\"(max-width: 800px) 100vw, 800px\" \/><\/a><\/figure>\n\n<\/div>\n\n<div class=\"bg grey img wp-block-lazyblock-inner-block lazyblock-inner-block-ZUvvW6\">\n\n<figure class=\"wp-block-image size-full\"><a class=\"gallery\" href=\"https:\/\/hetzelsponheuer.de\/de\/wp-content\/uploads\/sites\/2\/2022\/07\/langer-jammer_0155.jpg\" rel=\"gallery-1\"><img decoding=\"async\" loading=\"lazy\" width=\"800\" height=\"533\" src=\"https:\/\/hetzelsponheuer.de\/de\/wp-content\/uploads\/sites\/2\/2022\/07\/langer-jammer_0155.jpg\" alt=\"Langer Jammer nach Vollsanierung\" class=\"wp-image-5878\" srcset=\"https:\/\/hetzelsponheuer.de\/de\/wp-content\/uploads\/sites\/2\/2022\/07\/langer-jammer_0155.jpg 800w, https:\/\/hetzelsponheuer.de\/de\/wp-content\/uploads\/sites\/2\/2022\/07\/langer-jammer_0155-400x267.jpg 400w, https:\/\/hetzelsponheuer.de\/de\/wp-content\/uploads\/sites\/2\/2022\/07\/langer-jammer_0155-768x512.jpg 768w\" sizes=\"(max-width: 800px) 100vw, 800px\" \/><\/a><\/figure>\n\n<\/div>\n\n<div class=\"bg grey img wp-block-lazyblock-inner-block lazyblock-inner-block-Z29oxHU\">\n\n<figure class=\"wp-block-image size-full\"><a class=\"gallery\" href=\"https:\/\/hetzelsponheuer.de\/de\/wp-content\/uploads\/sites\/2\/2022\/07\/langer-jammer_0086.jpg\" rel=\"gallery-1\"><img decoding=\"async\" loading=\"lazy\" width=\"800\" height=\"533\" src=\"https:\/\/hetzelsponheuer.de\/de\/wp-content\/uploads\/sites\/2\/2022\/07\/langer-jammer_0086.jpg\" alt=\"Langer Jammer Innenraum\" class=\"wp-image-5876\" srcset=\"https:\/\/hetzelsponheuer.de\/de\/wp-content\/uploads\/sites\/2\/2022\/07\/langer-jammer_0086.jpg 800w, https:\/\/hetzelsponheuer.de\/de\/wp-content\/uploads\/sites\/2\/2022\/07\/langer-jammer_0086-400x267.jpg 400w, https:\/\/hetzelsponheuer.de\/de\/wp-content\/uploads\/sites\/2\/2022\/07\/langer-jammer_0086-768x512.jpg 768w\" sizes=\"(max-width: 800px) 100vw, 800px\" \/><\/a><\/figure>\n\n<\/div>\n<\/div>\n\n\n<div style=\"height:24px\" aria-hidden=\"true\" class=\"wp-block-spacer\"><\/div>\n\n\n\n<p><strong>Folgende Arbeiten wurden ausgef\u00fchrt, koordiniert und begleitet:<\/strong><\/p>\n\n\n\n<ul class=\"border\"><li>Fassadenger\u00fcst, ohne Verankerung am Geb\u00e4ude mit Foliendach, gegen Abheben gesichert durch 63 Tonnen Balastierung<\/li><li>Abbrucharbeiten, sowie denkmalgerechter R\u00fcckbau von schadstoffbelasteten Bauteilen<\/li><li>Erdarbeiten sowie Entw\u00e4sserungskanalarbeiten<\/li><li>Baumschutzarbeiten an drei denkmalgesch\u00fctzten B\u00e4umen<\/li><li>Rohbauarbeiten, hier ist besonders der Einbau einer Ziegeleinhangdecke zu erw\u00e4hnen<\/li><li>Trockenlegung erdber\u00fchrter Bauteile gem\u00e4\u00df Abdichtungskonzept \/ Mauers\u00e4geverfahren<\/li><li>Bek\u00e4mpfung von Hausschwamm und Lebendbefall mit einem Sonderverfahren gem\u00e4\u00df WTA (Hei\u00dfluftverfahren)<\/li><li>Entschichtung des vorhandenen Farbanstriches im Niederdrucksoftstrahlverfahren<\/li><li>Aufbringen eines Aerogel-Hochleistungsputzes<\/li><li>Dachdecker und Spenglerarbeiten<\/li><li>Holzsanierung und Holzschutz<\/li><li>Fliesenarbeiten<\/li><li>Herstellen neuer Duschb\u00e4der und WC-Boxen in Trockenbauweise<\/li><li>Innenputzarbeiten mit historischen Kalkputzen<\/li><li>Malerarbeiten mit mineralischen und historischen Leimfarben<\/li><li>Aufarbeiten und Erg\u00e4nzen des Bestandsholzes (T\u00fcrgew\u00e4nde, Fenstergew\u00e4nde, Sockelleisten, historische Holzt\u00fcren und T\u00fcrzargen, historische Holztreppen und Bodenluken, etc.)<\/li><li>Einbau von neuen Holzfenstern und Holzt\u00fcren gem\u00e4\u00df denkmalpflegerischer Vorgabe<\/li><li>Aufarbeiten des historischen Holzdielenbodens, sowie fachgerechte Erg\u00e4nzung von nicht sanierbaren Bereichen<\/li><li>Montage von feuchtraumgeeigneten Wandboardsystemen f\u00fcr eine fugenarme Oberfl\u00e4che in den neuen Duschb\u00e4dern und WC-Boxen<\/li><li>Lieferung und Montage von Badm\u00f6beln&nbsp;<\/li><li>gro\u00dffl\u00e4chige Montage einer auf den Holzdielenboden abgestimmten Fu\u00dfbodenheizung aus Lavasteinen<\/li><li>Heizungs-, L\u00fcftungs- und Sanit\u00e4rarbeiten<\/li><li>Elektroarbeiten<\/li><li>Einbau des K\u00fchlsystems f\u00fcr einen integrierten Serverraum<\/li><\/ul>\n\n\n\n<div style=\"height:32px\" aria-hidden=\"true\" class=\"wp-block-spacer\"><\/div>\n\n<\/div>\n<\/div>\n\n<div class=\"col wp-block-lazyblock-inner-block lazyblock-inner-block-Z6AMKb\">\n<div class=\"wp-block-lazyblock-inner-block lazyblock-inner-block-fER57\">\n<div class=\"menu-main-menu-container\"><ul id=\"menu-main-menu\" class=\"grey\"><li id=\"menu-item-2901\" class=\"menu-item \"><a href=\"https:\/\/hetzelsponheuer.de\/de\/referenzen\/projektseiten\/\">Projektseiten<\/a><\/li>\n<li id=\"menu-item-2769\" class=\"menu-item \"><a href=\"https:\/\/hetzelsponheuer.de\/de\/referenzen\/projektliste\/\">Projektliste<\/a><\/li>\n<\/ul><\/div>\n\n\n\n<h4 class=\"wp-block-heading\">Ihr Ansprechpartner<\/h4>\n\n\n\n<ul class=\"link ajx grey\"><li><a data-post-type=\"mitarbeiter\" data-display=\"fancybox\" href=\"https:\/\/hetzelsponheuer.de\/de\/mitarbeiter\/markus-ender\">Markus Ender<br>Diplom-Ingenieur<\/a><\/li><\/ul>\n\n\n\n<h4 class=\"wp-block-heading\">L\u00f6sungen<\/h4>\n\n\n\n<ul class=\"fade-link grey\"><li><a href=\"https:\/\/hetzelsponheuer.de\/de\/loesungen\/bauwerterhaltung-denkmalschutz\/\">Bauwerterhaltung Denkmalschutz<\/a><\/li><\/ul>\n\n\n\n<h4 class=\"wp-block-heading\">Leistungen<\/h4>\n\n\n\n<ul class=\"grey fade-link\"><li><a href=\"https:\/\/hetzelsponheuer.de\/de\/leistungen\/#organisation-und-baubegleitung\">Bewertung und Beratung<\/a><\/li><li><a href=\"https:\/\/hetzelsponheuer.de\/de\/leistungen\/#planung-und-gestaltung\">Planung und Gestaltung<\/a><\/li><li><a href=\"https:\/\/hetzelsponheuer.de\/de\/leistungen\/#organisation-und-baubegleitung\">Organisation und Bau\u00adbegleitung<\/a><\/li><li><a href=\"https:\/\/hetzelsponheuer.de\/de\/leistungen\/#handwerk-und-technik\">Handwerk und Technik<\/a><\/li><\/ul>\n\n\n\n<h4 class=\"wp-block-heading\">Fotos<\/h4>\n\n\n\n<p><ul><li>Susan Feind<br>Dipl.Ing. Architektur<br>Dipl.Fotodesignerin<\/li><\/ul><\/p>\n\n<\/div>\n<\/div>\n<\/div>","protected":false},"excerpt":{"rendered":"","protected":false},"author":1,"featured_media":2758,"parent":63,"menu_order":9,"comment_status":"closed","ping_status":"closed","template":"page-usecase.php","meta":{"footnotes":""},"yoast_head":"<!-- This site is optimized with the Yoast SEO plugin v22.6 - https:\/\/yoast.com\/wordpress\/plugins\/seo\/ -->\n<title>Sanierung \u00b7 Langer Jammer Hamburg \u00b7 Hetzel+Sponheuer \u00b7 Essen<\/title>\n<meta name=\"description\" content=\"Vollsanierung eines denkmalgesch\u00fctzten ehemalige Landarbeiterh\u00e4usschen auf dem Gel\u00e4nde des Neubaus des Campus Hamburg.\" \/>\n<meta name=\"robots\" content=\"index, follow, max-snippet:-1, max-image-preview:large, max-video-preview:-1\" \/>\n<link rel=\"canonical\" href=\"https:\/\/hetzelsponheuer.de\/de\/referenzen\/langer-jammer-hamburg\/\" \/>\n<meta property=\"og:locale\" content=\"de_DE\" \/>\n<meta property=\"og:type\" content=\"article\" \/>\n<meta property=\"og:title\" content=\"Sanierung \u00b7 Langer Jammer Hamburg \u00b7 Hetzel+Sponheuer \u00b7 Essen\" \/>\n<meta property=\"og:description\" content=\"Vollsanierung eines denkmalgesch\u00fctzten ehemalige Landarbeiterh\u00e4usschen auf dem Gel\u00e4nde des Neubaus des Campus Hamburg.\" \/>\n<meta property=\"og:url\" content=\"https:\/\/hetzelsponheuer.de\/de\/referenzen\/langer-jammer-hamburg\/\" \/>\n<meta property=\"og:site_name\" content=\"Hetzel+Sponheuer \u00b7 de\" \/>\n<meta property=\"article:modified_time\" content=\"2022-07-19T12:25:01+00:00\" \/>\n<meta property=\"og:image\" content=\"https:\/\/hetzelsponheuer.de\/de\/wp-content\/uploads\/sites\/2\/2022\/07\/langer-jammer-sm.jpg\" \/>\n\t<meta property=\"og:image:width\" content=\"240\" \/>\n\t<meta property=\"og:image:height\" content=\"240\" \/>\n\t<meta property=\"og:image:type\" content=\"image\/jpeg\" \/>\n<meta name=\"twitter:card\" content=\"summary_large_image\" \/>\n<meta name=\"twitter:label1\" content=\"Gesch\u00e4tzte Lesezeit\" \/>\n\t<meta name=\"twitter:data1\" content=\"4\u00a0Minuten\" \/>\n<script type=\"application\/ld+json\" class=\"yoast-schema-graph\">{\"@context\":\"https:\/\/schema.org\",\"@graph\":[{\"@type\":\"WebPage\",\"@id\":\"https:\/\/hetzelsponheuer.de\/de\/referenzen\/langer-jammer-hamburg\/\",\"url\":\"https:\/\/hetzelsponheuer.de\/de\/referenzen\/langer-jammer-hamburg\/\",\"name\":\"Sanierung \u00b7 Langer Jammer Hamburg \u00b7 Hetzel+Sponheuer \u00b7 Essen\",\"isPartOf\":{\"@id\":\"https:\/\/hetzelsponheuer.de\/de\/#website\"},\"primaryImageOfPage\":{\"@id\":\"https:\/\/hetzelsponheuer.de\/de\/referenzen\/langer-jammer-hamburg\/#primaryimage\"},\"image\":{\"@id\":\"https:\/\/hetzelsponheuer.de\/de\/referenzen\/langer-jammer-hamburg\/#primaryimage\"},\"thumbnailUrl\":\"https:\/\/hetzelsponheuer.de\/de\/wp-content\/uploads\/sites\/2\/2022\/07\/langer-jammer-sm.jpg\",\"datePublished\":\"2022-07-11T14:13:12+00:00\",\"dateModified\":\"2022-07-19T12:25:01+00:00\",\"description\":\"Vollsanierung eines denkmalgesch\u00fctzten ehemalige Landarbeiterh\u00e4usschen auf dem Gel\u00e4nde des Neubaus des Campus Hamburg.\",\"breadcrumb\":{\"@id\":\"https:\/\/hetzelsponheuer.de\/de\/referenzen\/langer-jammer-hamburg\/#breadcrumb\"},\"inLanguage\":\"de\",\"potentialAction\":[{\"@type\":\"ReadAction\",\"target\":[\"https:\/\/hetzelsponheuer.de\/de\/referenzen\/langer-jammer-hamburg\/\"]}]},{\"@type\":\"ImageObject\",\"inLanguage\":\"de\",\"@id\":\"https:\/\/hetzelsponheuer.de\/de\/referenzen\/langer-jammer-hamburg\/#primaryimage\",\"url\":\"https:\/\/hetzelsponheuer.de\/de\/wp-content\/uploads\/sites\/2\/2022\/07\/langer-jammer-sm.jpg\",\"contentUrl\":\"https:\/\/hetzelsponheuer.de\/de\/wp-content\/uploads\/sites\/2\/2022\/07\/langer-jammer-sm.jpg\",\"width\":240,\"height\":240,\"caption\":\"Langer Jammer Hamburg\"},{\"@type\":\"BreadcrumbList\",\"@id\":\"https:\/\/hetzelsponheuer.de\/de\/referenzen\/langer-jammer-hamburg\/#breadcrumb\",\"itemListElement\":[{\"@type\":\"ListItem\",\"position\":1,\"name\":\"Startseite\",\"item\":\"https:\/\/hetzelsponheuer.de\/de\/\"},{\"@type\":\"ListItem\",\"position\":2,\"name\":\"Referenzen\",\"item\":\"https:\/\/hetzelsponheuer.de\/de\/referenzen\/\"},{\"@type\":\"ListItem\",\"position\":3,\"name\":\"Langer Jammer Hamburg\"}]},{\"@type\":\"WebSite\",\"@id\":\"https:\/\/hetzelsponheuer.de\/de\/#website\",\"url\":\"https:\/\/hetzelsponheuer.de\/de\/\",\"name\":\"Hetzel+Sponheuer \u00b7 de\",\"description\":\"L\u00f6sungen f\u00fcr Ihr Bauprojekt\",\"publisher\":{\"@id\":\"https:\/\/hetzelsponheuer.de\/de\/#organization\"},\"inLanguage\":\"de\"},{\"@type\":\"Organization\",\"@id\":\"https:\/\/hetzelsponheuer.de\/de\/#organization\",\"name\":\"Hetzel+Sponheuer GmbH & Co. KG\",\"url\":\"https:\/\/hetzelsponheuer.de\/de\/\",\"logo\":{\"@type\":\"ImageObject\",\"inLanguage\":\"de\",\"@id\":\"https:\/\/hetzelsponheuer.de\/de\/#\/schema\/logo\/image\/\",\"url\":\"https:\/\/hetzelsponheuer.de\/en\/wp-content\/uploads\/sites\/2\/2020\/02\/logo_hetzelsponheuer.png\",\"contentUrl\":\"https:\/\/hetzelsponheuer.de\/en\/wp-content\/uploads\/sites\/2\/2020\/02\/logo_hetzelsponheuer.png\",\"width\":360,\"height\":24,\"caption\":\"Hetzel+Sponheuer GmbH & Co. KG\"},\"image\":{\"@id\":\"https:\/\/hetzelsponheuer.de\/de\/#\/schema\/logo\/image\/\"},\"sameAs\":[\"https:\/\/www.linkedin.com\/company\/hetzel-sponheuer-gmbh-&amp;-co.-kg\"]}]}<\/script>\n<!-- \/ Yoast SEO plugin. -->","yoast_head_json":{"title":"Sanierung \u00b7 Langer Jammer Hamburg \u00b7 Hetzel+Sponheuer \u00b7 Essen","description":"Vollsanierung eines denkmalgesch\u00fctzten ehemalige Landarbeiterh\u00e4usschen auf dem Gel\u00e4nde des Neubaus des Campus Hamburg.","robots":{"index":"index","follow":"follow","max-snippet":"max-snippet:-1","max-image-preview":"max-image-preview:large","max-video-preview":"max-video-preview:-1"},"canonical":"https:\/\/hetzelsponheuer.de\/de\/referenzen\/langer-jammer-hamburg\/","og_locale":"de_DE","og_type":"article","og_title":"Sanierung \u00b7 Langer Jammer Hamburg \u00b7 Hetzel+Sponheuer \u00b7 Essen","og_description":"Vollsanierung eines denkmalgesch\u00fctzten ehemalige Landarbeiterh\u00e4usschen auf dem Gel\u00e4nde des Neubaus des Campus Hamburg.","og_url":"https:\/\/hetzelsponheuer.de\/de\/referenzen\/langer-jammer-hamburg\/","og_site_name":"Hetzel+Sponheuer \u00b7 de","article_modified_time":"2022-07-19T12:25:01+00:00","og_image":[{"width":240,"height":240,"url":"https:\/\/hetzelsponheuer.de\/de\/wp-content\/uploads\/sites\/2\/2022\/07\/langer-jammer-sm.jpg","type":"image\/jpeg"}],"twitter_card":"summary_large_image","twitter_misc":{"Gesch\u00e4tzte Lesezeit":"4\u00a0Minuten"},"schema":{"@context":"https:\/\/schema.org","@graph":[{"@type":"WebPage","@id":"https:\/\/hetzelsponheuer.de\/de\/referenzen\/langer-jammer-hamburg\/","url":"https:\/\/hetzelsponheuer.de\/de\/referenzen\/langer-jammer-hamburg\/","name":"Sanierung \u00b7 Langer Jammer Hamburg \u00b7 Hetzel+Sponheuer \u00b7 Essen","isPartOf":{"@id":"https:\/\/hetzelsponheuer.de\/de\/#website"},"primaryImageOfPage":{"@id":"https:\/\/hetzelsponheuer.de\/de\/referenzen\/langer-jammer-hamburg\/#primaryimage"},"image":{"@id":"https:\/\/hetzelsponheuer.de\/de\/referenzen\/langer-jammer-hamburg\/#primaryimage"},"thumbnailUrl":"https:\/\/hetzelsponheuer.de\/de\/wp-content\/uploads\/sites\/2\/2022\/07\/langer-jammer-sm.jpg","datePublished":"2022-07-11T14:13:12+00:00","dateModified":"2022-07-19T12:25:01+00:00","description":"Vollsanierung eines denkmalgesch\u00fctzten ehemalige Landarbeiterh\u00e4usschen auf dem Gel\u00e4nde des Neubaus des Campus Hamburg.","breadcrumb":{"@id":"https:\/\/hetzelsponheuer.de\/de\/referenzen\/langer-jammer-hamburg\/#breadcrumb"},"inLanguage":"de","potentialAction":[{"@type":"ReadAction","target":["https:\/\/hetzelsponheuer.de\/de\/referenzen\/langer-jammer-hamburg\/"]}]},{"@type":"ImageObject","inLanguage":"de","@id":"https:\/\/hetzelsponheuer.de\/de\/referenzen\/langer-jammer-hamburg\/#primaryimage","url":"https:\/\/hetzelsponheuer.de\/de\/wp-content\/uploads\/sites\/2\/2022\/07\/langer-jammer-sm.jpg","contentUrl":"https:\/\/hetzelsponheuer.de\/de\/wp-content\/uploads\/sites\/2\/2022\/07\/langer-jammer-sm.jpg","width":240,"height":240,"caption":"Langer Jammer Hamburg"},{"@type":"BreadcrumbList","@id":"https:\/\/hetzelsponheuer.de\/de\/referenzen\/langer-jammer-hamburg\/#breadcrumb","itemListElement":[{"@type":"ListItem","position":1,"name":"Startseite","item":"https:\/\/hetzelsponheuer.de\/de\/"},{"@type":"ListItem","position":2,"name":"Referenzen","item":"https:\/\/hetzelsponheuer.de\/de\/referenzen\/"},{"@type":"ListItem","position":3,"name":"Langer Jammer Hamburg"}]},{"@type":"WebSite","@id":"https:\/\/hetzelsponheuer.de\/de\/#website","url":"https:\/\/hetzelsponheuer.de\/de\/","name":"Hetzel+Sponheuer \u00b7 de","description":"L\u00f6sungen f\u00fcr Ihr Bauprojekt","publisher":{"@id":"https:\/\/hetzelsponheuer.de\/de\/#organization"},"inLanguage":"de"},{"@type":"Organization","@id":"https:\/\/hetzelsponheuer.de\/de\/#organization","name":"Hetzel+Sponheuer GmbH & Co. KG","url":"https:\/\/hetzelsponheuer.de\/de\/","logo":{"@type":"ImageObject","inLanguage":"de","@id":"https:\/\/hetzelsponheuer.de\/de\/#\/schema\/logo\/image\/","url":"https:\/\/hetzelsponheuer.de\/en\/wp-content\/uploads\/sites\/2\/2020\/02\/logo_hetzelsponheuer.png","contentUrl":"https:\/\/hetzelsponheuer.de\/en\/wp-content\/uploads\/sites\/2\/2020\/02\/logo_hetzelsponheuer.png","width":360,"height":24,"caption":"Hetzel+Sponheuer GmbH & Co. KG"},"image":{"@id":"https:\/\/hetzelsponheuer.de\/de\/#\/schema\/logo\/image\/"},"sameAs":["https:\/\/www.linkedin.com\/company\/hetzel-sponheuer-gmbh-&amp;-co.-kg"]}]}},"_links":{"self":[{"href":"https:\/\/hetzelsponheuer.de\/de\/wp-json\/wp\/v2\/pages\/5859"}],"collection":[{"href":"https:\/\/hetzelsponheuer.de\/de\/wp-json\/wp\/v2\/pages"}],"about":[{"href":"https:\/\/hetzelsponheuer.de\/de\/wp-json\/wp\/v2\/types\/page"}],"author":[{"embeddable":true,"href":"https:\/\/hetzelsponheuer.de\/de\/wp-json\/wp\/v2\/users\/1"}],"replies":[{"embeddable":true,"href":"https:\/\/hetzelsponheuer.de\/de\/wp-json\/wp\/v2\/comments?post=5859"}],"version-history":[{"count":3,"href":"https:\/\/hetzelsponheuer.de\/de\/wp-json\/wp\/v2\/pages\/5859\/revisions"}],"predecessor-version":[{"id":5888,"href":"https:\/\/hetzelsponheuer.de\/de\/wp-json\/wp\/v2\/pages\/5859\/revisions\/5888"}],"up":[{"embeddable":true,"href":"https:\/\/hetzelsponheuer.de\/de\/wp-json\/wp\/v2\/pages\/63"}],"wp:featuredmedia":[{"embeddable":true,"href":"https:\/\/hetzelsponheuer.de\/de\/wp-json\/wp\/v2\/media\/2758"}],"wp:attachment":[{"href":"https:\/\/hetzelsponheuer.de\/de\/wp-json\/wp\/v2\/media?parent=5859"}],"curies":[{"name":"wp","href":"https:\/\/api.w.org\/{rel}","templated":true}]}}