{"id":593,"date":"2019-08-10T17:32:18","date_gmt":"2019-08-10T15:32:18","guid":{"rendered":"http:\/\/hetzelsponheuer.de\/de\/?page_id=593"},"modified":"2021-07-07T17:24:27","modified_gmt":"2021-07-07T15:24:27","slug":"industriebau","status":"publish","type":"page","link":"https:\/\/hetzelsponheuer.de\/de\/loesungen\/wohnen-gewerbe-industrie\/industriebau\/","title":{"rendered":"Industriebau"},"content":{"rendered":"\n<div style=\"height:32px\" aria-hidden=\"true\" class=\"wp-block-spacer\"><\/div>\n\n\n<div class=\"banner row x-4 md-3-3-3-3 sm-0-0-6-6 wp-block-lazyblock-inner-block lazyblock-inner-block-1VnMmQ\">\n<div class=\"col wp-block-lazyblock-inner-block lazyblock-inner-block-nvywj\">\n<div class=\"wp-block-lazyblock-inner-block lazyblock-inner-block-2f1bMe\">\n\n<p>  <\/p>\n\n<\/div>\n<\/div>\n\n<div class=\"col wp-block-lazyblock-inner-block lazyblock-inner-block-Z1pHcQp\">\n<div class=\"bg grey img wp-block-lazyblock-inner-block lazyblock-inner-block-296pUp\">\n\n<figure class=\"wp-block-image\"><img decoding=\"async\" loading=\"lazy\" width=\"373\" height=\"573\" src=\"https:\/\/hetzelsponheuer.de\/de\/wp-content\/uploads\/sites\/2\/2019\/09\/industriebau-87831-links.jpg\" alt=\"Industriebau\" class=\"wp-image-4008\" srcset=\"https:\/\/hetzelsponheuer.de\/de\/wp-content\/uploads\/sites\/2\/2019\/09\/industriebau-87831-links.jpg 373w, https:\/\/hetzelsponheuer.de\/de\/wp-content\/uploads\/sites\/2\/2019\/09\/industriebau-87831-links-260x400.jpg 260w\" sizes=\"(max-width: 373px) 100vw, 373px\" \/><\/figure>\n\n<\/div>\n<\/div>\n\n<div class=\"col wp-block-lazyblock-inner-block lazyblock-inner-block-1znxxg\">\n<div class=\"bg grey img wp-block-lazyblock-inner-block lazyblock-inner-block-1lMtYQ\">\n\n<figure class=\"wp-block-image\"><img decoding=\"async\" loading=\"lazy\" width=\"373\" height=\"573\" src=\"https:\/\/hetzelsponheuer.de\/de\/wp-content\/uploads\/sites\/2\/2019\/09\/industriebau-87831-mitte.jpg\" alt=\"Industriebau\" class=\"wp-image-4009\" srcset=\"https:\/\/hetzelsponheuer.de\/de\/wp-content\/uploads\/sites\/2\/2019\/09\/industriebau-87831-mitte.jpg 373w, https:\/\/hetzelsponheuer.de\/de\/wp-content\/uploads\/sites\/2\/2019\/09\/industriebau-87831-mitte-260x400.jpg 260w\" sizes=\"(max-width: 373px) 100vw, 373px\" \/><\/figure>\n\n<\/div>\n<\/div>\n\n<div class=\"col wp-block-lazyblock-inner-block lazyblock-inner-block-Z2bMYIL\">\n<div class=\"bg grey img wp-block-lazyblock-inner-block lazyblock-inner-block-ZKAn6g\">\n\n<figure class=\"wp-block-image\"><img decoding=\"async\" loading=\"lazy\" width=\"373\" height=\"573\" src=\"https:\/\/hetzelsponheuer.de\/de\/wp-content\/uploads\/sites\/2\/2019\/09\/industriebau-87831-rechts.jpg\" alt=\"Industriebau\" class=\"wp-image-4010\" srcset=\"https:\/\/hetzelsponheuer.de\/de\/wp-content\/uploads\/sites\/2\/2019\/09\/industriebau-87831-rechts.jpg 373w, https:\/\/hetzelsponheuer.de\/de\/wp-content\/uploads\/sites\/2\/2019\/09\/industriebau-87831-rechts-260x400.jpg 260w\" sizes=\"(max-width: 373px) 100vw, 373px\" \/><\/figure>\n\n<\/div>\n<\/div>\n<\/div>\n\n<div class=\"row x-24 md-3-9 sm-0-12 wp-block-lazyblock-inner-block lazyblock-inner-block-ZTepAb\">\n<div class=\"col wp-block-lazyblock-inner-block lazyblock-inner-block-Z23kHAU\">\n<div class=\"wp-block-lazyblock-inner-block lazyblock-inner-block-2rAEvE\">\n\n<p>  <\/p>\n\n<\/div>\n<\/div>\n\n<div class=\"col wp-block-lazyblock-inner-block lazyblock-inner-block-Z21Dhan\">\n<div class=\"head wp-block-lazyblock-inner-block lazyblock-inner-block-ZQPGWH\">\n\n<p class=\"topline js close\"><a href=\"http:hetzelsponheuer.de\/de\/loesungen#intro-loesungen\">L\u00f6sungen<\/a> \u00b7 <a href=\"https:\/\/hetzelsponheuer.de\/de\/loesungen\/wohnen-gewerbe-industrie\/\">Wohnen Gewerbe Industrie<\/a> \u00b7 Industriebau<\/p>\n\n\n\n<h2 class=\"h1 wp-block-heading\"><span class=\"grey\">Tradition und Inno\u00advation<\/span> ver\u00adbinden<\/h2>\n\n<\/div>\n<\/div>\n<\/div>\n\n<div class=\"row x-24 md-3-6-3 sm-12-12-12 wp-block-lazyblock-inner-block lazyblock-inner-block-Z1boxei\">\n<div class=\"col wp-block-lazyblock-inner-block lazyblock-inner-block-ZvDjde\">\n<div class=\"wp-block-lazyblock-inner-block lazyblock-inner-block-Zxfats\">\n\n<p class=\"md-right pl-24 color\">Die Industrialisierung hat gerade an unserem Firmenstandort im Zentrum des Ruhrgebiets in hohem Ma\u00dfe architektonische und kulturelle Fakten geschaffen. Unz\u00e4hlige Industrieanlagen verlangen heute nach neuen Nutzungskonzepten.&nbsp;<\/p>\n\n<\/div>\n<\/div>\n\n<div class=\"col wp-block-lazyblock-inner-block lazyblock-inner-block-Z106B1y\">\n<div class=\"wp-block-lazyblock-inner-block lazyblock-inner-block-1tB0RI\">\n\n<p>Geb\u00e4ude aus unterschiedlichen Epochen, mit den in Jahrzehnten entstandenen Gebrauchsspuren, sollen zur Dokumentation, aber auch zur neuerlichen Nutzung erhalten und modernisiert werden. Dabei gilt es, die historische Bausubstanz nicht zu zerst\u00f6ren, sondern unter den Gesichtspunkten f\u00fcr modernen Industrie- und Gewerbebau zu erhalten, ja sogar wieder sichtbar zu machen.<\/p>\n\n\n\n<p>Die T\u00e4tigkeiten der Hetzel + Sponheuer GmbH &amp; Co. KG im Industriebau betreffen in den meisten F\u00e4llen Objekte der Industriekultur, die aufgrund ihrer architektonischen Exponiertheit ganz besonderen Anforderungen unterliegen. Neben Denkmalschutz- oder auch Weltkulturerbeauflagen (z.B. Zollverein Essen) werden wir h\u00e4ufig mit ganz besonderen Anspr\u00fcchen konfrontiert.<\/p>\n\n\n\n<h3 class=\"h4 wp-block-heading\">Neue Nutzungskonzepte f\u00fcr alte Geb\u00e4ude<\/h3>\n\n\n\n<p>Zunehmend werden ehrw\u00fcrdige Industriedenkm\u00e4ler mit neuen, gewerblichen Nutzungskonzepten ausgestattet. Speichergeb\u00e4ude, Gie\u00dfereien, Kokereien oder auch Stahlwerke mit gro\u00dfen Hallen werden zu neuen Produktionsst\u00e4tten, sanierungsbed\u00fcrftige Verwaltungsgeb\u00e4ude werden zu modernen B\u00fcrolofts umstrukturiert. Diese Bauaufgaben stellen eine handwerkliche, technische wie auch organisatorische Herausforderung dar. Alte Bauweisen, -materialien und -systeme m\u00fcssen dem Team bekannt sein und in Verbindung mit zukunftsweisenden Bautechnologien gebracht werden, um neue, objektspezifische L\u00f6sungsans\u00e4tze zu entwickeln. Hier kann unser Team auf eine langj\u00e4hrige Tradition in der Revitalisierung von Industrieobjekten zur\u00fcckblicken.<\/p>\n\n\n\n<h3 class=\"h4 wp-block-heading\">Leistungen, die auf Erfahrung bauen<\/h3>\n\n\n\n<p>Bevor wir einen Stift oder eine Kelle in die Hand nehmen, wird die Beschaffenheit des Geb\u00e4udes auf Herz und Nieren gepr\u00fcft. Hierf\u00fcr setzen wir modernste Analyseverfahren ein, die uns zeigen, welche Ma\u00dfnahmen erforderlich sind, um zu einem optimalen Ergebnis zu kommen \u2013&nbsp;auch unter Kostengesichtspunkten. Zum Beispiel werden Injektionssysteme gegen die aufsteigende Feuchtigkeit eingesetzt. Intelligente Materialien wie Sanierputze und Steinersatzm\u00f6rtel werden dem Bestand angeglichen bzw. nachempfunden. Die Beschaffung historischer Bauteile und Baumaterialien geh\u00f6rt ebenfalls zu unserem Leistungsportfolio. Daf\u00fcr beobachten wir st\u00e4ndig den Markt, um bei Erfordernis diese Kontakte abrufen und einsetzen zu k\u00f6nnen. Historische Handwerkstechniken, Konstruktionen und Normen verbinden wir mit neuesten technischen Anforderungen und gesetzlichen Regelungen \u2013 vor allem was Brandschutz, Energieeffizienz, Umweltauflagen und Geb\u00e4udetechnik angeht. Diese werden von uns unauff\u00e4llig mit viel Fingerspitzengef\u00fchl in die vorhandene Geb\u00e4udestruktur integriert.<\/p>\n\n\n\n<h3 class=\"h4 wp-block-heading\">Alle Ma\u00dfnahmen aus einer Hand<\/h3>\n\n\n\n<p>Als Komplettanbieter k\u00fcmmern wir uns um eine effiziente Geb\u00e4uderevitalisierung mit allen dazu notwendigen Sanierungs- und Modernisierungsma\u00dfnahmen. Zum Beispiel die denkmalgerechte Mauerwerksanierung, die Sanierung von technischen Anlagen wie Industrieschornsteinen, die Putzsanierung, Industriebodensanierung und Kappendeckensanierung. Die notwendige Verzahnung all dieser Dienstleistungen und Techniken wird, neben der handwerklich baulichen Umsetzung, durch uns sichergestellt.<\/p>\n\n\n\n<h3 class=\"h4 wp-block-heading\">Industrieobjekte unter Denkmalschutz<\/h3>\n\n\n\n<p class=\"link scroll\">Gewerbeobjekte mit langer Geschichte und Tradition sind bei uns gut aufgehoben, denn ein qualifiziertes Fachteam k\u00fcmmert sich ausschlie\u00dflich um&nbsp;<a href=\"https:\/\/hetzelsponheuer.de\/de\/loesungen\/#bauwerterhaltung_denkmalschutz\">Bauwerterhaltung und Denkmalschutz<\/a>.<\/p>\n\n\n\n<div style=\"height:120px\" aria-hidden=\"true\" class=\"wp-block-spacer\"><\/div>\n\n<\/div>\n<\/div>\n\n<div class=\"col wp-block-lazyblock-inner-block lazyblock-inner-block-ZYYA2b\">\n<div class=\"wp-block-lazyblock-inner-block lazyblock-inner-block-Z1zUc3V\">\n\n<h4 class=\"wp-block-heading\">Ihr Ansprechpartner<\/h4>\n\n\n\n<ul class=\"link ajx grey\"><li><a href=\"https:\/\/hetzelsponheuer.de\/de\/mitarbeiter\/carsten-haddick\" data-display=\"fancybox\" data-post-type=\"mitarbeiter\">Carsten Haddick<\/a><\/li><\/ul>\n\n\n\n<h4 class=\"wp-block-heading\">Leistungen<\/h4>\n\n\n\n<ul class=\"fade-link grey\"><li class=\"menu-item\"><a href=\"https:\/\/hetzelsponheuer.de\/de\/leistungen\/#bewertung-und-beratung\">Bewertung und Beratung<\/a><\/li><li class=\"menu-item \"><a href=\"https:\/\/hetzelsponheuer.de\/de\/leistungen\/#planung-und-gestaltung\">Planung und Gestaltung<\/a><\/li><li class=\"menu-item \"><a href=\"https:\/\/hetzelsponheuer.de\/de\/leistungen\/#organisation-und-baubegleitung\">Organisation und Baubegleitung<\/a><\/li><li class=\"menu-item \"><a href=\"https:\/\/hetzelsponheuer.de\/de\/leistungen\/#handwerk-und-technik\">Handwerk und Technik<\/a><\/li><\/ul>\n\n\n\n<h4 class=\"wp-block-heading\">Referenzen<\/h4>\n\n\n\n<p class=\"grey fade-link\"><a href=\"https:\/\/hetzelsponheuer.de\/de\/referenzen\/wohnen-gewerbe-industrie-l\">Liste unserer Referenzobjeke f\u00fcr Wohnen, Gewerbe und Industrie<\/a><\/p>\n\n<\/div>\n<\/div>\n<\/div>","protected":false},"excerpt":{"rendered":"","protected":false},"author":1,"featured_media":0,"parent":214,"menu_order":3,"comment_status":"closed","ping_status":"closed","template":"page-fullwidth.php","meta":{"footnotes":""},"yoast_head":"<!-- This site is optimized with the Yoast SEO plugin v22.6 - https:\/\/yoast.com\/wordpress\/plugins\/seo\/ -->\n<title>L\u00f6sungen \u00b7 Wohnen Gewerbe Industrie \u00b7 Industriebau \u00b7<\/title>\n<meta name=\"description\" content=\"Hier finden Sie die Baul\u00f6sungen f\u00fcr hoch individuelle architektonisch wertvolle Bauwerke , die die Corporate Identity Ihres Unternehmens unterstreichen.\" \/>\n<meta name=\"robots\" content=\"index, follow, max-snippet:-1, max-image-preview:large, max-video-preview:-1\" \/>\n<link rel=\"canonical\" href=\"https:\/\/hetzelsponheuer.de\/de\/loesungen\/wohnen-gewerbe-industrie\/industriebau\/\" \/>\n<meta property=\"og:locale\" content=\"de_DE\" \/>\n<meta property=\"og:type\" content=\"article\" \/>\n<meta property=\"og:title\" content=\"L\u00f6sungen \u00b7 Wohnen Gewerbe Industrie \u00b7 Industriebau \u00b7\" \/>\n<meta property=\"og:description\" content=\"Hier finden Sie die Baul\u00f6sungen f\u00fcr hoch individuelle architektonisch wertvolle Bauwerke , die die Corporate Identity Ihres Unternehmens unterstreichen.\" \/>\n<meta property=\"og:url\" content=\"https:\/\/hetzelsponheuer.de\/de\/loesungen\/wohnen-gewerbe-industrie\/industriebau\/\" \/>\n<meta property=\"og:site_name\" content=\"Hetzel+Sponheuer \u00b7 de\" \/>\n<meta property=\"article:modified_time\" content=\"2021-07-07T15:24:27+00:00\" \/>\n<meta property=\"og:image\" content=\"https:\/\/hetzelsponheuer.de\/de\/wp-content\/uploads\/sites\/2\/2019\/09\/industriebau-87831-links.jpg\" \/>\n<meta name=\"twitter:card\" content=\"summary_large_image\" \/>\n<meta name=\"twitter:label1\" content=\"Gesch\u00e4tzte Lesezeit\" \/>\n\t<meta name=\"twitter:data1\" content=\"3\u00a0Minuten\" \/>\n<script type=\"application\/ld+json\" class=\"yoast-schema-graph\">{\"@context\":\"https:\/\/schema.org\",\"@graph\":[{\"@type\":\"WebPage\",\"@id\":\"https:\/\/hetzelsponheuer.de\/de\/loesungen\/wohnen-gewerbe-industrie\/industriebau\/\",\"url\":\"https:\/\/hetzelsponheuer.de\/de\/loesungen\/wohnen-gewerbe-industrie\/industriebau\/\",\"name\":\"L\u00f6sungen \u00b7 Wohnen Gewerbe Industrie \u00b7 Industriebau \u00b7\",\"isPartOf\":{\"@id\":\"https:\/\/hetzelsponheuer.de\/de\/#website\"},\"primaryImageOfPage\":{\"@id\":\"https:\/\/hetzelsponheuer.de\/de\/loesungen\/wohnen-gewerbe-industrie\/industriebau\/#primaryimage\"},\"image\":{\"@id\":\"https:\/\/hetzelsponheuer.de\/de\/loesungen\/wohnen-gewerbe-industrie\/industriebau\/#primaryimage\"},\"thumbnailUrl\":\"https:\/\/hetzelsponheuer.de\/de\/wp-content\/uploads\/sites\/2\/2019\/09\/industriebau-87831-links.jpg\",\"datePublished\":\"2019-08-10T15:32:18+00:00\",\"dateModified\":\"2021-07-07T15:24:27+00:00\",\"description\":\"Hier finden Sie die Baul\u00f6sungen f\u00fcr hoch individuelle architektonisch wertvolle Bauwerke , die die Corporate Identity Ihres Unternehmens unterstreichen.\",\"breadcrumb\":{\"@id\":\"https:\/\/hetzelsponheuer.de\/de\/loesungen\/wohnen-gewerbe-industrie\/industriebau\/#breadcrumb\"},\"inLanguage\":\"de\",\"potentialAction\":[{\"@type\":\"ReadAction\",\"target\":[\"https:\/\/hetzelsponheuer.de\/de\/loesungen\/wohnen-gewerbe-industrie\/industriebau\/\"]}]},{\"@type\":\"ImageObject\",\"inLanguage\":\"de\",\"@id\":\"https:\/\/hetzelsponheuer.de\/de\/loesungen\/wohnen-gewerbe-industrie\/industriebau\/#primaryimage\",\"url\":\"https:\/\/hetzelsponheuer.de\/de\/wp-content\/uploads\/sites\/2\/2019\/09\/industriebau-87831-links.jpg\",\"contentUrl\":\"https:\/\/hetzelsponheuer.de\/de\/wp-content\/uploads\/sites\/2\/2019\/09\/industriebau-87831-links.jpg\",\"width\":373,\"height\":573,\"caption\":\"Umnutzung Denkmalschutz\"},{\"@type\":\"BreadcrumbList\",\"@id\":\"https:\/\/hetzelsponheuer.de\/de\/loesungen\/wohnen-gewerbe-industrie\/industriebau\/#breadcrumb\",\"itemListElement\":[{\"@type\":\"ListItem\",\"position\":1,\"name\":\"Startseite\",\"item\":\"https:\/\/hetzelsponheuer.de\/de\/\"},{\"@type\":\"ListItem\",\"position\":2,\"name\":\"L\u00f6sungen\",\"item\":\"https:\/\/hetzelsponheuer.de\/de\/loesungen\/\"},{\"@type\":\"ListItem\",\"position\":3,\"name\":\"Wohnen Gewerbe Industrie\",\"item\":\"https:\/\/hetzelsponheuer.de\/de\/loesungen\/wohnen-gewerbe-industrie\/\"},{\"@type\":\"ListItem\",\"position\":4,\"name\":\"Industriebau\"}]},{\"@type\":\"WebSite\",\"@id\":\"https:\/\/hetzelsponheuer.de\/de\/#website\",\"url\":\"https:\/\/hetzelsponheuer.de\/de\/\",\"name\":\"Hetzel+Sponheuer \u00b7 de\",\"description\":\"L\u00f6sungen f\u00fcr Ihr Bauprojekt\",\"publisher\":{\"@id\":\"https:\/\/hetzelsponheuer.de\/de\/#organization\"},\"inLanguage\":\"de\"},{\"@type\":\"Organization\",\"@id\":\"https:\/\/hetzelsponheuer.de\/de\/#organization\",\"name\":\"Hetzel+Sponheuer GmbH & Co. KG\",\"url\":\"https:\/\/hetzelsponheuer.de\/de\/\",\"logo\":{\"@type\":\"ImageObject\",\"inLanguage\":\"de\",\"@id\":\"https:\/\/hetzelsponheuer.de\/de\/#\/schema\/logo\/image\/\",\"url\":\"https:\/\/hetzelsponheuer.de\/en\/wp-content\/uploads\/sites\/2\/2020\/02\/logo_hetzelsponheuer.png\",\"contentUrl\":\"https:\/\/hetzelsponheuer.de\/en\/wp-content\/uploads\/sites\/2\/2020\/02\/logo_hetzelsponheuer.png\",\"width\":360,\"height\":24,\"caption\":\"Hetzel+Sponheuer GmbH & Co. KG\"},\"image\":{\"@id\":\"https:\/\/hetzelsponheuer.de\/de\/#\/schema\/logo\/image\/\"},\"sameAs\":[\"https:\/\/www.linkedin.com\/company\/hetzel-sponheuer-gmbh-&amp;-co.-kg\"]}]}<\/script>\n<!-- \/ Yoast SEO plugin. -->","yoast_head_json":{"title":"L\u00f6sungen \u00b7 Wohnen Gewerbe Industrie \u00b7 Industriebau \u00b7","description":"Hier finden Sie die Baul\u00f6sungen f\u00fcr hoch individuelle architektonisch wertvolle Bauwerke , die die Corporate Identity Ihres Unternehmens unterstreichen.","robots":{"index":"index","follow":"follow","max-snippet":"max-snippet:-1","max-image-preview":"max-image-preview:large","max-video-preview":"max-video-preview:-1"},"canonical":"https:\/\/hetzelsponheuer.de\/de\/loesungen\/wohnen-gewerbe-industrie\/industriebau\/","og_locale":"de_DE","og_type":"article","og_title":"L\u00f6sungen \u00b7 Wohnen Gewerbe Industrie \u00b7 Industriebau \u00b7","og_description":"Hier finden Sie die Baul\u00f6sungen f\u00fcr hoch individuelle architektonisch wertvolle Bauwerke , die die Corporate Identity Ihres Unternehmens unterstreichen.","og_url":"https:\/\/hetzelsponheuer.de\/de\/loesungen\/wohnen-gewerbe-industrie\/industriebau\/","og_site_name":"Hetzel+Sponheuer \u00b7 de","article_modified_time":"2021-07-07T15:24:27+00:00","og_image":[{"url":"https:\/\/hetzelsponheuer.de\/de\/wp-content\/uploads\/sites\/2\/2019\/09\/industriebau-87831-links.jpg"}],"twitter_card":"summary_large_image","twitter_misc":{"Gesch\u00e4tzte Lesezeit":"3\u00a0Minuten"},"schema":{"@context":"https:\/\/schema.org","@graph":[{"@type":"WebPage","@id":"https:\/\/hetzelsponheuer.de\/de\/loesungen\/wohnen-gewerbe-industrie\/industriebau\/","url":"https:\/\/hetzelsponheuer.de\/de\/loesungen\/wohnen-gewerbe-industrie\/industriebau\/","name":"L\u00f6sungen \u00b7 Wohnen Gewerbe Industrie \u00b7 Industriebau \u00b7","isPartOf":{"@id":"https:\/\/hetzelsponheuer.de\/de\/#website"},"primaryImageOfPage":{"@id":"https:\/\/hetzelsponheuer.de\/de\/loesungen\/wohnen-gewerbe-industrie\/industriebau\/#primaryimage"},"image":{"@id":"https:\/\/hetzelsponheuer.de\/de\/loesungen\/wohnen-gewerbe-industrie\/industriebau\/#primaryimage"},"thumbnailUrl":"https:\/\/hetzelsponheuer.de\/de\/wp-content\/uploads\/sites\/2\/2019\/09\/industriebau-87831-links.jpg","datePublished":"2019-08-10T15:32:18+00:00","dateModified":"2021-07-07T15:24:27+00:00","description":"Hier finden Sie die Baul\u00f6sungen f\u00fcr hoch individuelle architektonisch wertvolle Bauwerke , die die Corporate Identity Ihres Unternehmens unterstreichen.","breadcrumb":{"@id":"https:\/\/hetzelsponheuer.de\/de\/loesungen\/wohnen-gewerbe-industrie\/industriebau\/#breadcrumb"},"inLanguage":"de","potentialAction":[{"@type":"ReadAction","target":["https:\/\/hetzelsponheuer.de\/de\/loesungen\/wohnen-gewerbe-industrie\/industriebau\/"]}]},{"@type":"ImageObject","inLanguage":"de","@id":"https:\/\/hetzelsponheuer.de\/de\/loesungen\/wohnen-gewerbe-industrie\/industriebau\/#primaryimage","url":"https:\/\/hetzelsponheuer.de\/de\/wp-content\/uploads\/sites\/2\/2019\/09\/industriebau-87831-links.jpg","contentUrl":"https:\/\/hetzelsponheuer.de\/de\/wp-content\/uploads\/sites\/2\/2019\/09\/industriebau-87831-links.jpg","width":373,"height":573,"caption":"Umnutzung Denkmalschutz"},{"@type":"BreadcrumbList","@id":"https:\/\/hetzelsponheuer.de\/de\/loesungen\/wohnen-gewerbe-industrie\/industriebau\/#breadcrumb","itemListElement":[{"@type":"ListItem","position":1,"name":"Startseite","item":"https:\/\/hetzelsponheuer.de\/de\/"},{"@type":"ListItem","position":2,"name":"L\u00f6sungen","item":"https:\/\/hetzelsponheuer.de\/de\/loesungen\/"},{"@type":"ListItem","position":3,"name":"Wohnen Gewerbe Industrie","item":"https:\/\/hetzelsponheuer.de\/de\/loesungen\/wohnen-gewerbe-industrie\/"},{"@type":"ListItem","position":4,"name":"Industriebau"}]},{"@type":"WebSite","@id":"https:\/\/hetzelsponheuer.de\/de\/#website","url":"https:\/\/hetzelsponheuer.de\/de\/","name":"Hetzel+Sponheuer \u00b7 de","description":"L\u00f6sungen f\u00fcr Ihr Bauprojekt","publisher":{"@id":"https:\/\/hetzelsponheuer.de\/de\/#organization"},"inLanguage":"de"},{"@type":"Organization","@id":"https:\/\/hetzelsponheuer.de\/de\/#organization","name":"Hetzel+Sponheuer GmbH & Co. KG","url":"https:\/\/hetzelsponheuer.de\/de\/","logo":{"@type":"ImageObject","inLanguage":"de","@id":"https:\/\/hetzelsponheuer.de\/de\/#\/schema\/logo\/image\/","url":"https:\/\/hetzelsponheuer.de\/en\/wp-content\/uploads\/sites\/2\/2020\/02\/logo_hetzelsponheuer.png","contentUrl":"https:\/\/hetzelsponheuer.de\/en\/wp-content\/uploads\/sites\/2\/2020\/02\/logo_hetzelsponheuer.png","width":360,"height":24,"caption":"Hetzel+Sponheuer GmbH & Co. KG"},"image":{"@id":"https:\/\/hetzelsponheuer.de\/de\/#\/schema\/logo\/image\/"},"sameAs":["https:\/\/www.linkedin.com\/company\/hetzel-sponheuer-gmbh-&amp;-co.-kg"]}]}},"_links":{"self":[{"href":"https:\/\/hetzelsponheuer.de\/de\/wp-json\/wp\/v2\/pages\/593"}],"collection":[{"href":"https:\/\/hetzelsponheuer.de\/de\/wp-json\/wp\/v2\/pages"}],"about":[{"href":"https:\/\/hetzelsponheuer.de\/de\/wp-json\/wp\/v2\/types\/page"}],"author":[{"embeddable":true,"href":"https:\/\/hetzelsponheuer.de\/de\/wp-json\/wp\/v2\/users\/1"}],"replies":[{"embeddable":true,"href":"https:\/\/hetzelsponheuer.de\/de\/wp-json\/wp\/v2\/comments?post=593"}],"version-history":[{"count":3,"href":"https:\/\/hetzelsponheuer.de\/de\/wp-json\/wp\/v2\/pages\/593\/revisions"}],"predecessor-version":[{"id":5739,"href":"https:\/\/hetzelsponheuer.de\/de\/wp-json\/wp\/v2\/pages\/593\/revisions\/5739"}],"up":[{"embeddable":true,"href":"https:\/\/hetzelsponheuer.de\/de\/wp-json\/wp\/v2\/pages\/214"}],"wp:attachment":[{"href":"https:\/\/hetzelsponheuer.de\/de\/wp-json\/wp\/v2\/media?parent=593"}],"curies":[{"name":"wp","href":"https:\/\/api.w.org\/{rel}","templated":true}]}}