{"id":626,"date":"2019-08-12T15:34:06","date_gmt":"2019-08-12T13:34:06","guid":{"rendered":"http:\/\/hetzelsponheuer.de\/de\/?page_id=626"},"modified":"2021-07-07T17:32:37","modified_gmt":"2021-07-07T15:32:37","slug":"shopping-mall","status":"publish","type":"page","link":"https:\/\/hetzelsponheuer.de\/de\/loesungen\/einkaufscenter-ladenlokal\/shopping-mall\/","title":{"rendered":"Shopping-Mall"},"content":{"rendered":"\n<div style=\"height:32px\" aria-hidden=\"true\" class=\"wp-block-spacer\"><\/div>\n\n\n<div class=\"banner row x-4 md-3-3-3-3 sm-0-0-6-6 wp-block-lazyblock-inner-block lazyblock-inner-block-1VnMmQ\">\n<div class=\"col wp-block-lazyblock-inner-block lazyblock-inner-block-nvywj\">\n<div class=\"wp-block-lazyblock-inner-block lazyblock-inner-block-2f1bMe\">\n\n<p>  <\/p>\n\n<\/div>\n<\/div>\n\n<div class=\"col wp-block-lazyblock-inner-block lazyblock-inner-block-Z1pHcQp\">\n<div class=\"bg grey img wp-block-lazyblock-inner-block lazyblock-inner-block-ZUTuSG\">\n\n<figure class=\"wp-block-image\"><img decoding=\"async\" loading=\"lazy\" width=\"373\" height=\"437\" src=\"https:\/\/hetzelsponheuer.de\/de\/wp-content\/uploads\/sites\/2\/2019\/09\/einkaufscenter-4254-links.jpg\" alt=\"Modernisierung Einkaufszentrum Verkaufsfl\u00e4chen\" class=\"wp-image-4034\" srcset=\"https:\/\/hetzelsponheuer.de\/de\/wp-content\/uploads\/sites\/2\/2019\/09\/einkaufscenter-4254-links.jpg 373w, https:\/\/hetzelsponheuer.de\/de\/wp-content\/uploads\/sites\/2\/2019\/09\/einkaufscenter-4254-links-341x400.jpg 341w\" sizes=\"(max-width: 373px) 100vw, 373px\" \/><\/figure>\n\n<\/div>\n<\/div>\n\n<div class=\"col wp-block-lazyblock-inner-block lazyblock-inner-block-1znxxg\">\n<div class=\"bg grey img wp-block-lazyblock-inner-block lazyblock-inner-block-1lMtYQ\">\n\n<figure class=\"wp-block-image\"><img decoding=\"async\" loading=\"lazy\" width=\"373\" height=\"437\" src=\"https:\/\/hetzelsponheuer.de\/de\/wp-content\/uploads\/sites\/2\/2019\/09\/einkaufscenter-4254-mitte.jpg\" alt=\"Innenausbau Einkaufszentrum Verkaufsfl\u00e4chen\" class=\"wp-image-4035\" srcset=\"https:\/\/hetzelsponheuer.de\/de\/wp-content\/uploads\/sites\/2\/2019\/09\/einkaufscenter-4254-mitte.jpg 373w, https:\/\/hetzelsponheuer.de\/de\/wp-content\/uploads\/sites\/2\/2019\/09\/einkaufscenter-4254-mitte-341x400.jpg 341w\" sizes=\"(max-width: 373px) 100vw, 373px\" \/><\/figure>\n\n<\/div>\n<\/div>\n\n<div class=\"col wp-block-lazyblock-inner-block lazyblock-inner-block-Z2bMYIL\">\n<div class=\"bg grey img wp-block-lazyblock-inner-block lazyblock-inner-block-ZKAn6g\">\n\n<figure class=\"wp-block-image\"><img decoding=\"async\" loading=\"lazy\" width=\"373\" height=\"437\" src=\"https:\/\/hetzelsponheuer.de\/de\/wp-content\/uploads\/sites\/2\/2019\/09\/einkaufscenter-4254-rechts.jpg\" alt=\"Sanierung Einkaufszentrum Retail Store\" class=\"wp-image-4036\" srcset=\"https:\/\/hetzelsponheuer.de\/de\/wp-content\/uploads\/sites\/2\/2019\/09\/einkaufscenter-4254-rechts.jpg 373w, https:\/\/hetzelsponheuer.de\/de\/wp-content\/uploads\/sites\/2\/2019\/09\/einkaufscenter-4254-rechts-341x400.jpg 341w\" sizes=\"(max-width: 373px) 100vw, 373px\" \/><\/figure>\n\n<\/div>\n<\/div>\n<\/div>\n\n<div class=\"row x-24 md-3-9 sm-0-12 wp-block-lazyblock-inner-block lazyblock-inner-block-ZTepAb\">\n<div class=\"col wp-block-lazyblock-inner-block lazyblock-inner-block-Z23kHAU\">\n<div class=\"wp-block-lazyblock-inner-block lazyblock-inner-block-2rAEvE\">\n\n<p>  <\/p>\n\n<\/div>\n<\/div>\n\n<div class=\"col wp-block-lazyblock-inner-block lazyblock-inner-block-Z21Dhan\">\n<div class=\"head wp-block-lazyblock-inner-block lazyblock-inner-block-ZQPGWH\">\n\n<p class=\"topline js close\"><a href=\"https:\/\/hetzelsponheuer.de\/de\/loesungen\/#intro-loesungen\">L\u00f6sungen<\/a> \u00b7 <a href=\"https:\/\/hetzelsponheuer.de\/de\/loesungen\/einkaufscenter-ladenlokal\/\">Einkaufscenter Ladenlokal<\/a> \u00b7 Shopping-Mall<\/p>\n\n\n\n<h2 class=\"h1 wp-block-heading\"><span class=\"grey\">Ein\u00adkaufs\u00adwelten<\/span> schaffen<\/h2>\n\n<\/div>\n<\/div>\n<\/div>\n\n<div class=\"row x-24 md-3-6-3 sm-12-12-12 wp-block-lazyblock-inner-block lazyblock-inner-block-Z1boxei\">\n<div class=\"col wp-block-lazyblock-inner-block lazyblock-inner-block-ZvDjde\">\n<div class=\"wp-block-lazyblock-inner-block lazyblock-inner-block-Zxfats\">\n\n<p class=\"md-right pl-24 color\"><strong>Zeitgem\u00e4\u00dfe Shop- und Center-konzepte vermitteln dem Kunden nicht nur eine angenehme Einkaufsatmosph\u00e4re, sondern auch ein bestimmtes Lebensgef\u00fchl. Dass es dabei auf eine perfekte Pr\u00e4sentation ankommt, liegt auf der Hand. Die Realisierung von Einkaufswelten unter Einsatz vorgefertigter Bauelemente und hochwertiger Ausstattungen, in Kombination mit edlen Materialien f\u00fcr Boden, Decke und Wand, ist eine Bauaufgabe f\u00fcr Perfektionisten mit Liebe zum Detail.<\/strong><\/p>\n\n<\/div>\n<\/div>\n\n<div class=\"col wp-block-lazyblock-inner-block lazyblock-inner-block-Z106B1y\">\n<div class=\"wp-block-lazyblock-inner-block lazyblock-inner-block-1tB0RI\">\n\n<p>Die Hetzel + Sponheuer GmbH &amp; Co. KG kann aufgrund der Realisierung anspruchsvoller Shop- und Centerkonzepte in den letzten 25-Jahren auf einen riesigen Grundstock an Erfahrung bauen, sowohl was die Kommunikation mit der Mieterseite als auch mit der Auftraggeberseite anbelangt. Wir wissen, worauf es bei der Umstrukturierung, bei Neu- und Ausbau von Einkaufscentern und Malls ankommt und k\u00f6nnen so unsere Kunden effektiv unterst\u00fctzen. H\u00e4ufig sind wir bereits vor Ort t\u00e4tig oder kennen die Situation, die technische und bauliche Infrastruktur sowie einzelne Ansprechpartner. Dies kann f\u00fcr den Shop-Betreiber von gro\u00dfem Nutzen sein und den Projektablauf wesentlich erleichtern. Mit unserem ausgekl\u00fcgelten Logistiksystem k\u00f6nnen wir zeitgleich an verschiedenen Orten ein zeitnahes &#8220;Roll-out&#8221; in gleich hoher Qualit\u00e4t gew\u00e4hrleisten. Die Herstellung der Ladenbaukonzepte erfolgt dabei \u00fcber Partner &#8211; wir montieren und rechnen ab, damit die Einhaltung des Budgets gew\u00e4hrleistet werden kann. Dies gilt auch f\u00fcr Material-Zulieferungen, die unter Umst\u00e4nden vom Auftraggeber separat eingekauft werden. Der Vorteil f\u00fcr unsere Kunden: ein kompetenter Ansprechpartner, der in allen Phasen den \u00dcberblick beh\u00e4lt und s\u00e4mtliche organisatorische Abl\u00e4ufe im Griff hat.<\/p>\n\n\n\n<h3 class=\"h4 wp-block-heading\">Shop- und Centerkonzepte erfahren umgesetzt<\/h3>\n\n\n\n<p>Dass wir f\u00fcr alle erforderlichen Bauaufgaben die bautechnische Umsetzung beherrschen, ist fast schon selbstverst\u00e4ndlich. Brandschutz, Trockenbau, Boden- und Wandbel\u00e4ge aus den unterschiedlichsten Materialien, Farb- wie auch Spachteltechniken und die Umsetzung der Technikgewerke sind unsere Sache. Dabei hilft der praktische Sachverstand und das Spezialwissen unserer Mitarbeiter \u2013&nbsp;aber vor allem deren Umsetzungserfahrung aus anderen, vergleichbaren Projekten.<\/p>\n\n\n\n<h3 class=\"h4 wp-block-heading\">Planen, kombinieren und koordinieren \u2013&nbsp;schl\u00fcsselfertig<\/h3>\n\n\n\n<p>Wenn unser Auftraggeber es w\u00fcnscht, bieten wir gerne die \u00dcbernahme von Planungs- oder Teilplanungsleistungen an. Auch die Koordination von Fremdgewerken kann durch das Projektteam der Hetzel + Sponheuer GmbH &amp; Co. KG kompetent erfolgen. Wir stehen unseren Kunden auf Wunsch von Anfang an zur Seite, um den Verfahrensweg zur Auftragserteilung gemeinsam zu strukturieren und auf diese Weise die Ausschreibung von Projekten und deren Beauftragungen zu standardisieren. Das spart Zeit und Personal, wenn es darum geht, bundesweit Shops fertig zu stellen.<\/p>\n\n\n\n<div style=\"height:120px\" aria-hidden=\"true\" class=\"wp-block-spacer\"><\/div>\n\n<\/div>\n<\/div>\n\n<div class=\"col wp-block-lazyblock-inner-block lazyblock-inner-block-ZYYA2b\">\n<div class=\"wp-block-lazyblock-inner-block lazyblock-inner-block-Z1zUc3V\">\n\n<h4 class=\"wp-block-heading\">Ihr Ansprechpartner<\/h4>\n\n\n\n<ul class=\"link ajx grey\"><li><a href=\"http:hetzelsponheuer.de\/de\/mitarbeiter\/stephan-berndt\" data-display=\"fancybox\" data-post-type=\"mitarbeiter\">Stephan Berndt<\/a><\/li><\/ul>\n\n\n\n<h4 class=\"wp-block-heading\">Leistungen<\/h4>\n\n\n\n<ul class=\"fade-link grey\"><li class=\"menu-item\"><a href=\"https:\/\/hetzelsponheuer.de\/de\/leistungen\/#bewertung-und-beratung\">Bewertung und Beratung<\/a><\/li><li class=\"menu-item \"><a href=\"https:\/\/hetzelsponheuer.de\/de\/leistungen\/#planung-und-gestaltung\">Planung und Gestaltung<\/a><\/li><li class=\"menu-item \"><a href=\"https:\/\/hetzelsponheuer.de\/de\/leistungen\/#organisation-und-baubegleitung\">Organisation und Baubegleitung<\/a><\/li><li class=\"menu-item \"><a href=\"https:\/\/hetzelsponheuer.de\/de\/leistungen\/#handwerk-und-technik\">Handwerk und Technik<\/a><\/li><\/ul>\n\n\n\n<h4 class=\"wp-block-heading\">Referenzen<\/h4>\n\n\n\n<p class=\"grey fade-link\"><a href=\"https:\/\/hetzelsponheuer.de\/de\/referenzen\/einkaufscenter-ladenlokal-l\">Liste unserer Referenzobjeke f\u00fcr Einkaufscenter Ladenlokal<\/a><\/p>\n\n<\/div>\n<\/div>\n<\/div>","protected":false},"excerpt":{"rendered":"","protected":false},"author":1,"featured_media":0,"parent":238,"menu_order":1,"comment_status":"closed","ping_status":"closed","template":"page-fullwidth.php","meta":{"footnotes":""},"yoast_head":"<!-- This site is optimized with the Yoast SEO plugin v22.6 - https:\/\/yoast.com\/wordpress\/plugins\/seo\/ -->\n<title>Baul\u00f6sungen \u00b7 Einkaufscenter Ladenlokal \u00b7 Einkaufscenter<\/title>\n<meta name=\"description\" content=\"Optimierte Bauleistungspakete von erfahrenen und routinierten Bauteams, die Ihr zeitgem\u00e4\u00dfes Shop- und Center-Konzeptkalkulationssicher realisieren.\" \/>\n<meta name=\"robots\" content=\"index, follow, max-snippet:-1, max-image-preview:large, max-video-preview:-1\" \/>\n<link rel=\"canonical\" href=\"https:\/\/hetzelsponheuer.de\/de\/loesungen\/einkaufscenter-ladenlokal\/shopping-mall\/\" \/>\n<meta property=\"og:locale\" content=\"de_DE\" \/>\n<meta property=\"og:type\" content=\"article\" \/>\n<meta property=\"og:title\" content=\"Baul\u00f6sungen \u00b7 Einkaufscenter Ladenlokal \u00b7 Einkaufscenter\" \/>\n<meta property=\"og:description\" content=\"Optimierte Bauleistungspakete von erfahrenen und routinierten Bauteams, die Ihr zeitgem\u00e4\u00dfes Shop- und Center-Konzeptkalkulationssicher realisieren.\" \/>\n<meta property=\"og:url\" content=\"https:\/\/hetzelsponheuer.de\/de\/loesungen\/einkaufscenter-ladenlokal\/shopping-mall\/\" \/>\n<meta property=\"og:site_name\" content=\"Hetzel+Sponheuer \u00b7 de\" \/>\n<meta property=\"article:modified_time\" content=\"2021-07-07T15:32:37+00:00\" \/>\n<meta property=\"og:image\" content=\"https:\/\/hetzelsponheuer.de\/de\/wp-content\/uploads\/sites\/2\/2019\/09\/einkaufscenter-4254-links.jpg\" \/>\n<meta name=\"twitter:card\" content=\"summary_large_image\" \/>\n<meta name=\"twitter:label1\" content=\"Gesch\u00e4tzte Lesezeit\" \/>\n\t<meta name=\"twitter:data1\" content=\"3\u00a0Minuten\" \/>\n<script type=\"application\/ld+json\" class=\"yoast-schema-graph\">{\"@context\":\"https:\/\/schema.org\",\"@graph\":[{\"@type\":\"WebPage\",\"@id\":\"https:\/\/hetzelsponheuer.de\/de\/loesungen\/einkaufscenter-ladenlokal\/shopping-mall\/\",\"url\":\"https:\/\/hetzelsponheuer.de\/de\/loesungen\/einkaufscenter-ladenlokal\/shopping-mall\/\",\"name\":\"Baul\u00f6sungen \u00b7 Einkaufscenter Ladenlokal \u00b7 Einkaufscenter\",\"isPartOf\":{\"@id\":\"https:\/\/hetzelsponheuer.de\/de\/#website\"},\"primaryImageOfPage\":{\"@id\":\"https:\/\/hetzelsponheuer.de\/de\/loesungen\/einkaufscenter-ladenlokal\/shopping-mall\/#primaryimage\"},\"image\":{\"@id\":\"https:\/\/hetzelsponheuer.de\/de\/loesungen\/einkaufscenter-ladenlokal\/shopping-mall\/#primaryimage\"},\"thumbnailUrl\":\"https:\/\/hetzelsponheuer.de\/de\/wp-content\/uploads\/sites\/2\/2019\/09\/einkaufscenter-4254-links.jpg\",\"datePublished\":\"2019-08-12T13:34:06+00:00\",\"dateModified\":\"2021-07-07T15:32:37+00:00\",\"description\":\"Optimierte Bauleistungspakete von erfahrenen und routinierten Bauteams, die Ihr zeitgem\u00e4\u00dfes Shop- und Center-Konzeptkalkulationssicher realisieren.\",\"breadcrumb\":{\"@id\":\"https:\/\/hetzelsponheuer.de\/de\/loesungen\/einkaufscenter-ladenlokal\/shopping-mall\/#breadcrumb\"},\"inLanguage\":\"de\",\"potentialAction\":[{\"@type\":\"ReadAction\",\"target\":[\"https:\/\/hetzelsponheuer.de\/de\/loesungen\/einkaufscenter-ladenlokal\/shopping-mall\/\"]}]},{\"@type\":\"ImageObject\",\"inLanguage\":\"de\",\"@id\":\"https:\/\/hetzelsponheuer.de\/de\/loesungen\/einkaufscenter-ladenlokal\/shopping-mall\/#primaryimage\",\"url\":\"https:\/\/hetzelsponheuer.de\/de\/wp-content\/uploads\/sites\/2\/2019\/09\/einkaufscenter-4254-links.jpg\",\"contentUrl\":\"https:\/\/hetzelsponheuer.de\/de\/wp-content\/uploads\/sites\/2\/2019\/09\/einkaufscenter-4254-links.jpg\",\"width\":373,\"height\":437,\"caption\":\"Umbau im laufenden Betrieb \u00b7 Einkaufszentrum\"},{\"@type\":\"BreadcrumbList\",\"@id\":\"https:\/\/hetzelsponheuer.de\/de\/loesungen\/einkaufscenter-ladenlokal\/shopping-mall\/#breadcrumb\",\"itemListElement\":[{\"@type\":\"ListItem\",\"position\":1,\"name\":\"Startseite\",\"item\":\"https:\/\/hetzelsponheuer.de\/de\/\"},{\"@type\":\"ListItem\",\"position\":2,\"name\":\"L\u00f6sungen\",\"item\":\"https:\/\/hetzelsponheuer.de\/de\/loesungen\/\"},{\"@type\":\"ListItem\",\"position\":3,\"name\":\"Einkaufscenter Ladenlokal\",\"item\":\"https:\/\/hetzelsponheuer.de\/de\/loesungen\/einkaufscenter-ladenlokal\/\"},{\"@type\":\"ListItem\",\"position\":4,\"name\":\"Shopping-Mall\"}]},{\"@type\":\"WebSite\",\"@id\":\"https:\/\/hetzelsponheuer.de\/de\/#website\",\"url\":\"https:\/\/hetzelsponheuer.de\/de\/\",\"name\":\"Hetzel+Sponheuer \u00b7 de\",\"description\":\"L\u00f6sungen f\u00fcr Ihr Bauprojekt\",\"publisher\":{\"@id\":\"https:\/\/hetzelsponheuer.de\/de\/#organization\"},\"inLanguage\":\"de\"},{\"@type\":\"Organization\",\"@id\":\"https:\/\/hetzelsponheuer.de\/de\/#organization\",\"name\":\"Hetzel+Sponheuer GmbH & Co. KG\",\"url\":\"https:\/\/hetzelsponheuer.de\/de\/\",\"logo\":{\"@type\":\"ImageObject\",\"inLanguage\":\"de\",\"@id\":\"https:\/\/hetzelsponheuer.de\/de\/#\/schema\/logo\/image\/\",\"url\":\"https:\/\/hetzelsponheuer.de\/en\/wp-content\/uploads\/sites\/2\/2020\/02\/logo_hetzelsponheuer.png\",\"contentUrl\":\"https:\/\/hetzelsponheuer.de\/en\/wp-content\/uploads\/sites\/2\/2020\/02\/logo_hetzelsponheuer.png\",\"width\":360,\"height\":24,\"caption\":\"Hetzel+Sponheuer GmbH & Co. KG\"},\"image\":{\"@id\":\"https:\/\/hetzelsponheuer.de\/de\/#\/schema\/logo\/image\/\"},\"sameAs\":[\"https:\/\/www.linkedin.com\/company\/hetzel-sponheuer-gmbh-&amp;-co.-kg\"]}]}<\/script>\n<!-- \/ Yoast SEO plugin. -->","yoast_head_json":{"title":"Baul\u00f6sungen \u00b7 Einkaufscenter Ladenlokal \u00b7 Einkaufscenter","description":"Optimierte Bauleistungspakete von erfahrenen und routinierten Bauteams, die Ihr zeitgem\u00e4\u00dfes Shop- und Center-Konzeptkalkulationssicher realisieren.","robots":{"index":"index","follow":"follow","max-snippet":"max-snippet:-1","max-image-preview":"max-image-preview:large","max-video-preview":"max-video-preview:-1"},"canonical":"https:\/\/hetzelsponheuer.de\/de\/loesungen\/einkaufscenter-ladenlokal\/shopping-mall\/","og_locale":"de_DE","og_type":"article","og_title":"Baul\u00f6sungen \u00b7 Einkaufscenter Ladenlokal \u00b7 Einkaufscenter","og_description":"Optimierte Bauleistungspakete von erfahrenen und routinierten Bauteams, die Ihr zeitgem\u00e4\u00dfes Shop- und Center-Konzeptkalkulationssicher realisieren.","og_url":"https:\/\/hetzelsponheuer.de\/de\/loesungen\/einkaufscenter-ladenlokal\/shopping-mall\/","og_site_name":"Hetzel+Sponheuer \u00b7 de","article_modified_time":"2021-07-07T15:32:37+00:00","og_image":[{"url":"https:\/\/hetzelsponheuer.de\/de\/wp-content\/uploads\/sites\/2\/2019\/09\/einkaufscenter-4254-links.jpg"}],"twitter_card":"summary_large_image","twitter_misc":{"Gesch\u00e4tzte Lesezeit":"3\u00a0Minuten"},"schema":{"@context":"https:\/\/schema.org","@graph":[{"@type":"WebPage","@id":"https:\/\/hetzelsponheuer.de\/de\/loesungen\/einkaufscenter-ladenlokal\/shopping-mall\/","url":"https:\/\/hetzelsponheuer.de\/de\/loesungen\/einkaufscenter-ladenlokal\/shopping-mall\/","name":"Baul\u00f6sungen \u00b7 Einkaufscenter Ladenlokal \u00b7 Einkaufscenter","isPartOf":{"@id":"https:\/\/hetzelsponheuer.de\/de\/#website"},"primaryImageOfPage":{"@id":"https:\/\/hetzelsponheuer.de\/de\/loesungen\/einkaufscenter-ladenlokal\/shopping-mall\/#primaryimage"},"image":{"@id":"https:\/\/hetzelsponheuer.de\/de\/loesungen\/einkaufscenter-ladenlokal\/shopping-mall\/#primaryimage"},"thumbnailUrl":"https:\/\/hetzelsponheuer.de\/de\/wp-content\/uploads\/sites\/2\/2019\/09\/einkaufscenter-4254-links.jpg","datePublished":"2019-08-12T13:34:06+00:00","dateModified":"2021-07-07T15:32:37+00:00","description":"Optimierte Bauleistungspakete von erfahrenen und routinierten Bauteams, die Ihr zeitgem\u00e4\u00dfes Shop- und Center-Konzeptkalkulationssicher realisieren.","breadcrumb":{"@id":"https:\/\/hetzelsponheuer.de\/de\/loesungen\/einkaufscenter-ladenlokal\/shopping-mall\/#breadcrumb"},"inLanguage":"de","potentialAction":[{"@type":"ReadAction","target":["https:\/\/hetzelsponheuer.de\/de\/loesungen\/einkaufscenter-ladenlokal\/shopping-mall\/"]}]},{"@type":"ImageObject","inLanguage":"de","@id":"https:\/\/hetzelsponheuer.de\/de\/loesungen\/einkaufscenter-ladenlokal\/shopping-mall\/#primaryimage","url":"https:\/\/hetzelsponheuer.de\/de\/wp-content\/uploads\/sites\/2\/2019\/09\/einkaufscenter-4254-links.jpg","contentUrl":"https:\/\/hetzelsponheuer.de\/de\/wp-content\/uploads\/sites\/2\/2019\/09\/einkaufscenter-4254-links.jpg","width":373,"height":437,"caption":"Umbau im laufenden Betrieb \u00b7 Einkaufszentrum"},{"@type":"BreadcrumbList","@id":"https:\/\/hetzelsponheuer.de\/de\/loesungen\/einkaufscenter-ladenlokal\/shopping-mall\/#breadcrumb","itemListElement":[{"@type":"ListItem","position":1,"name":"Startseite","item":"https:\/\/hetzelsponheuer.de\/de\/"},{"@type":"ListItem","position":2,"name":"L\u00f6sungen","item":"https:\/\/hetzelsponheuer.de\/de\/loesungen\/"},{"@type":"ListItem","position":3,"name":"Einkaufscenter Ladenlokal","item":"https:\/\/hetzelsponheuer.de\/de\/loesungen\/einkaufscenter-ladenlokal\/"},{"@type":"ListItem","position":4,"name":"Shopping-Mall"}]},{"@type":"WebSite","@id":"https:\/\/hetzelsponheuer.de\/de\/#website","url":"https:\/\/hetzelsponheuer.de\/de\/","name":"Hetzel+Sponheuer \u00b7 de","description":"L\u00f6sungen f\u00fcr Ihr Bauprojekt","publisher":{"@id":"https:\/\/hetzelsponheuer.de\/de\/#organization"},"inLanguage":"de"},{"@type":"Organization","@id":"https:\/\/hetzelsponheuer.de\/de\/#organization","name":"Hetzel+Sponheuer GmbH & Co. KG","url":"https:\/\/hetzelsponheuer.de\/de\/","logo":{"@type":"ImageObject","inLanguage":"de","@id":"https:\/\/hetzelsponheuer.de\/de\/#\/schema\/logo\/image\/","url":"https:\/\/hetzelsponheuer.de\/en\/wp-content\/uploads\/sites\/2\/2020\/02\/logo_hetzelsponheuer.png","contentUrl":"https:\/\/hetzelsponheuer.de\/en\/wp-content\/uploads\/sites\/2\/2020\/02\/logo_hetzelsponheuer.png","width":360,"height":24,"caption":"Hetzel+Sponheuer GmbH & Co. KG"},"image":{"@id":"https:\/\/hetzelsponheuer.de\/de\/#\/schema\/logo\/image\/"},"sameAs":["https:\/\/www.linkedin.com\/company\/hetzel-sponheuer-gmbh-&amp;-co.-kg"]}]}},"_links":{"self":[{"href":"https:\/\/hetzelsponheuer.de\/de\/wp-json\/wp\/v2\/pages\/626"}],"collection":[{"href":"https:\/\/hetzelsponheuer.de\/de\/wp-json\/wp\/v2\/pages"}],"about":[{"href":"https:\/\/hetzelsponheuer.de\/de\/wp-json\/wp\/v2\/types\/page"}],"author":[{"embeddable":true,"href":"https:\/\/hetzelsponheuer.de\/de\/wp-json\/wp\/v2\/users\/1"}],"replies":[{"embeddable":true,"href":"https:\/\/hetzelsponheuer.de\/de\/wp-json\/wp\/v2\/comments?post=626"}],"version-history":[{"count":3,"href":"https:\/\/hetzelsponheuer.de\/de\/wp-json\/wp\/v2\/pages\/626\/revisions"}],"predecessor-version":[{"id":5746,"href":"https:\/\/hetzelsponheuer.de\/de\/wp-json\/wp\/v2\/pages\/626\/revisions\/5746"}],"up":[{"embeddable":true,"href":"https:\/\/hetzelsponheuer.de\/de\/wp-json\/wp\/v2\/pages\/238"}],"wp:attachment":[{"href":"https:\/\/hetzelsponheuer.de\/de\/wp-json\/wp\/v2\/media?parent=626"}],"curies":[{"name":"wp","href":"https:\/\/api.w.org\/{rel}","templated":true}]}}