{"id":630,"date":"2019-08-12T15:40:30","date_gmt":"2019-08-12T13:40:30","guid":{"rendered":"http:\/\/hetzelsponheuer.de\/de\/?page_id=630"},"modified":"2021-09-03T17:38:13","modified_gmt":"2021-09-03T15:38:13","slug":"retail","status":"publish","type":"page","link":"https:\/\/hetzelsponheuer.de\/de\/loesungen\/einkaufscenter-ladenlokal\/retail\/","title":{"rendered":"Retail"},"content":{"rendered":"\n<div style=\"height:32px\" aria-hidden=\"true\" class=\"wp-block-spacer\"><\/div>\n\n\n<div class=\"banner row x-4 md-3-3-3-3 sm-0-0-6-6 wp-block-lazyblock-inner-block lazyblock-inner-block-1VnMmQ\">\n<div class=\"col wp-block-lazyblock-inner-block lazyblock-inner-block-nvywj\">\n<div class=\"wp-block-lazyblock-inner-block lazyblock-inner-block-2f1bMe\">\n\n<p>  <\/p>\n\n<\/div>\n<\/div>\n\n<div class=\"col wp-block-lazyblock-inner-block lazyblock-inner-block-Z1pHcQp\">\n<div class=\"bg grey img wp-block-lazyblock-inner-block lazyblock-inner-block-ZUTuSG\">\n\n<figure class=\"wp-block-image\"><img decoding=\"async\" loading=\"lazy\" width=\"373\" height=\"559\" src=\"https:\/\/hetzelsponheuer.de\/de\/wp-content\/uploads\/sites\/2\/2019\/09\/retail-0070-links.jpg\" alt=\"Shopausbauten\" class=\"wp-image-4044\" srcset=\"https:\/\/hetzelsponheuer.de\/de\/wp-content\/uploads\/sites\/2\/2019\/09\/retail-0070-links.jpg 373w, https:\/\/hetzelsponheuer.de\/de\/wp-content\/uploads\/sites\/2\/2019\/09\/retail-0070-links-267x400.jpg 267w\" sizes=\"(max-width: 373px) 100vw, 373px\" \/><\/figure>\n\n<\/div>\n<\/div>\n\n<div class=\"col wp-block-lazyblock-inner-block lazyblock-inner-block-1znxxg\">\n<div class=\"bg grey img wp-block-lazyblock-inner-block lazyblock-inner-block-1lMtYQ\">\n\n<figure class=\"wp-block-image\"><img decoding=\"async\" loading=\"lazy\" width=\"373\" height=\"584\" src=\"https:\/\/hetzelsponheuer.de\/de\/wp-content\/uploads\/sites\/2\/2019\/09\/retail-0070-mitte.jpg\" alt=\"Ladenbau\" class=\"wp-image-4045\" srcset=\"https:\/\/hetzelsponheuer.de\/de\/wp-content\/uploads\/sites\/2\/2019\/09\/retail-0070-mitte.jpg 373w, https:\/\/hetzelsponheuer.de\/de\/wp-content\/uploads\/sites\/2\/2019\/09\/retail-0070-mitte-255x400.jpg 255w\" sizes=\"(max-width: 373px) 100vw, 373px\" \/><\/figure>\n\n<\/div>\n<\/div>\n\n<div class=\"col wp-block-lazyblock-inner-block lazyblock-inner-block-Z2bMYIL\">\n<div class=\"bg grey img wp-block-lazyblock-inner-block lazyblock-inner-block-ZKAn6g\">\n\n<figure class=\"wp-block-image\"><img decoding=\"async\" loading=\"lazy\" width=\"373\" height=\"584\" src=\"https:\/\/hetzelsponheuer.de\/de\/wp-content\/uploads\/sites\/2\/2019\/09\/retail-0070-rechts.jpg\" alt=\"Innenausbau\" class=\"wp-image-4046\" srcset=\"https:\/\/hetzelsponheuer.de\/de\/wp-content\/uploads\/sites\/2\/2019\/09\/retail-0070-rechts.jpg 373w, https:\/\/hetzelsponheuer.de\/de\/wp-content\/uploads\/sites\/2\/2019\/09\/retail-0070-rechts-255x400.jpg 255w\" sizes=\"(max-width: 373px) 100vw, 373px\" \/><\/figure>\n\n<\/div>\n<\/div>\n<\/div>\n\n<div class=\"row x-24 md-3-9 sm-0-12 wp-block-lazyblock-inner-block lazyblock-inner-block-ZTepAb\">\n<div class=\"col wp-block-lazyblock-inner-block lazyblock-inner-block-Z23kHAU\">\n<div class=\"wp-block-lazyblock-inner-block lazyblock-inner-block-2rAEvE\">\n\n<p>  <\/p>\n\n<\/div>\n<\/div>\n\n<div class=\"col wp-block-lazyblock-inner-block lazyblock-inner-block-Z21Dhan\">\n<div class=\"head wp-block-lazyblock-inner-block lazyblock-inner-block-ZQPGWH\">\n\n<p class=\"topline js close\"><a href=\"http:\/\/localhost\/hetzel\/wp\/de\/loesungen\/#intro-loesungen\">L\u00f6sungen<\/a> \u00b7 <a href=\"https:\/\/hetzelsponheuer.de\/de\/loesungen\/einkaufscenter-ladenlokal\">Einkaufscenter Ladenlokal<\/a> \u00b7 Ladenlokal<\/p>\n\n\n\n<h2 class=\"h1 wp-block-heading\">Handeln <span class=\"grey\">statt Warten<\/span><\/h2>\n\n<\/div>\n<\/div>\n<\/div>\n\n<div class=\"row x-24 md-3-6-3 sm-12-12-12 wp-block-lazyblock-inner-block lazyblock-inner-block-Z1boxei\">\n<div class=\"col wp-block-lazyblock-inner-block lazyblock-inner-block-ZvDjde\">\n<div class=\"wp-block-lazyblock-inner-block lazyblock-inner-block-Zxfats\">\n\n<p class=\"md-right pl-24 color\"><strong>Retailer sind in einem sich st\u00e4ndig wandelnden Markt t\u00e4tig und m\u00fcssen daher hochflexibel auf Trends reagieren. Sie wollen nicht bauen, sondern Fl\u00e4chen erschaffen, die den Verkauf von Produkten und Dienstleistungen optimal unterst\u00fctzen. Sie sind hochinnovativ und suchen deshalb Partner, die in der Lage sind, ihre Ziele mit innovativen Spezialleistungen f\u00fcr Ausstattung, Logistik und Technik zu unterst\u00fctzen.<\/strong><\/p>\n\n<\/div>\n<\/div>\n\n<div class=\"col wp-block-lazyblock-inner-block lazyblock-inner-block-Z106B1y\">\n<div class=\"wp-block-lazyblock-inner-block lazyblock-inner-block-1tB0RI\">\n\n<p>Die Hetzel + Sponheuer GmbH &amp; Co. KG hat f\u00fcr diese Spezialaufgaben erfahrene Mitarbeiter, die bereits unterschiedlichste Shop-Projekte realisiert haben. Wir leisten, wenn gew\u00fcnscht, alles aus einer Hand &#8211; auch die notwendigen Technikgewerke. Die Schwerpunkte liegen dabei auf Technik, Termin, Qualit\u00e4t, Logistik und Organisation. Der Zeitraum zwischen erstem Briefing und Fertigstellung ist extrem kurz. Spezielles Know-how und besondere Zuverl\u00e4ssigkeit sind daher unerl\u00e4sslich, um Er\u00f6ffnungstermine auf die Stunde genau sicherzustellen. Personal, Material und F\u00fchrungskr\u00e4fte m\u00fcssen rechtzeitig vor Ort einsatzbereit und informiert sein. Die notwendige Logistik muss vorhanden sein und nicht noch langwierig aufgebaut werden. H\u00e4ufig wird ein Konzept an mehreren Standorten gleichzeitig umgesetzt. Dazu bedarf es eines perfekt durchdachten Roll-Out-Programms, damit das Produkt &#8220;Shopausbau&#8221; und die Leistungen des Bauteams sofort abgerufen werden k\u00f6nnen. Darin liegt unsere besondere Kompetenz.<\/p>\n\n\n\n<h3 class=\"h4 wp-block-heading\">Qualit\u00e4t zahlt sich aus<\/h3>\n\n\n\n<p>Dass wir f\u00fcr alle erforderlichen Bauaufgaben die bautechnische Umsetzung beherrschen, ist fast schon selbstverst\u00e4ndlich. Brandschutz, Trockenbau, Boden- und Wandbel\u00e4ge aus den unterschiedlichsten Materialien, Farb- wie auch Spachteltechniken und die Umsetzung der Technikgewerke sind unsere Sache. Dabei hilft der praktische Sachverstand und das Spezialwissen unserer Mitarbeiter \u2013&nbsp;aber vor allem deren Umsetzungserfahrung aus anderen, vergleichbaren Projekten.<\/p>\n\n\n\n<h3 class=\"h4 wp-block-heading\">Umbau im laufenden Betrieb<\/h3>\n\n\n\n<p class=\"fade-link\">Aufgrund unserer langj\u00e4hrigen Expertise und unserer Personalressourcen sind wir in der Lage, GU-Ausbauleistungen im laufenden Gesch\u00e4ftsbetrieb zu erbringen. Und zwar mit der gleichen Qualit\u00e4t und Zuverl\u00e4ssigkeit wie bei neuen Shopkonzepten, die auf freiger\u00e4umten Fl\u00e4chen realisiert werden. Lesen Sie dazu mehr in unseren<a href=\"https:\/\/hetzelsponheuer.de\/de\/referenzen\/einkaufscenter-ladenlokal-p\"> Referenzen<\/a>.<\/p>\n\n\n\n<div style=\"height:120px\" aria-hidden=\"true\" class=\"wp-block-spacer\"><\/div>\n\n<\/div>\n<\/div>\n\n<div class=\"col wp-block-lazyblock-inner-block lazyblock-inner-block-ZYYA2b\">\n<div class=\"wp-block-lazyblock-inner-block lazyblock-inner-block-Z1zUc3V\">\n\n<h4 class=\"wp-block-heading\">Ihr Ansprechpartner<\/h4>\n\n\n\n<ul class=\"link ajx grey\"><li><a href=\"http:hetzelsponheuer.de\/de\/mitarbeiter\/stephan-berndt\" data-display=\"fancybox\" data-post-type=\"mitarbeiter\">Stephan Berndt<\/a><\/li><\/ul>\n\n\n\n<h4 class=\"wp-block-heading\">Leistungen<\/h4>\n\n\n\n<ul class=\"fade-link grey\"><li class=\"menu-item\"><a href=\"https:\/\/hetzelsponheuer.de\/de\/leistungen\/#bewertung-und-beratung\">Bewertung und Beratung<\/a><\/li><li class=\"menu-item \"><a href=\"https:\/\/hetzelsponheuer.de\/de\/leistungen\/#planung-und-gestaltung\">Planung und Gestaltung<\/a><\/li><li class=\"menu-item \"><a href=\"https:\/\/hetzelsponheuer.de\/de\/leistungen\/#organisation-und-baubegleitung\">Organisation und Baubegleitung<\/a><\/li><li class=\"menu-item \"><a href=\"https:\/\/hetzelsponheuer.de\/de\/leistungen\/#handwerk-und-technik\">Handwerk und Technik<\/a><\/li><\/ul>\n\n\n\n<h4 class=\"wp-block-heading\">Referenzen<\/h4>\n\n\n\n<p class=\"grey fade-link\"><a href=\"https:\/\/hetzelsponheuer.de\/de\/referenzen\/einkaufscenter-ladenlokal-l\">Liste unserer Referenzobjeke f\u00fcr Einkaufscenter Ladenlokal<\/a><\/p>\n\n<\/div>\n<\/div>\n<\/div>","protected":false},"excerpt":{"rendered":"","protected":false},"author":1,"featured_media":0,"parent":238,"menu_order":2,"comment_status":"closed","ping_status":"closed","template":"page-fullwidth.php","meta":{"footnotes":""},"yoast_head":"<!-- This site is optimized with the Yoast SEO plugin v22.6 - https:\/\/yoast.com\/wordpress\/plugins\/seo\/ -->\n<title>Baul\u00f6sungen \u00b7 Einkaufscenter Ladenlokal \u00b7 Ladenlokal \u00b7<\/title>\n<meta name=\"description\" content=\"Optimierte Leistungspakete und eingespielte spezialisierte Bauteams garantieren den kostensicheren Ausbau Ihrer Verkaufsfl\u00e4chen in h\u00f6chster Qualit\u00e4t.\" \/>\n<meta name=\"robots\" content=\"index, follow, max-snippet:-1, max-image-preview:large, max-video-preview:-1\" \/>\n<link rel=\"canonical\" href=\"https:\/\/hetzelsponheuer.de\/de\/loesungen\/einkaufscenter-ladenlokal\/retail\/\" \/>\n<meta property=\"og:locale\" content=\"de_DE\" \/>\n<meta property=\"og:type\" content=\"article\" \/>\n<meta property=\"og:title\" content=\"Baul\u00f6sungen \u00b7 Einkaufscenter Ladenlokal \u00b7 Ladenlokal \u00b7\" \/>\n<meta property=\"og:description\" content=\"Optimierte Leistungspakete und eingespielte spezialisierte Bauteams garantieren den kostensicheren Ausbau Ihrer Verkaufsfl\u00e4chen in h\u00f6chster Qualit\u00e4t.\" \/>\n<meta property=\"og:url\" content=\"https:\/\/hetzelsponheuer.de\/de\/loesungen\/einkaufscenter-ladenlokal\/retail\/\" \/>\n<meta property=\"og:site_name\" content=\"Hetzel+Sponheuer \u00b7 de\" \/>\n<meta property=\"article:modified_time\" content=\"2021-09-03T15:38:13+00:00\" \/>\n<meta property=\"og:image\" content=\"https:\/\/hetzelsponheuer.de\/de\/wp-content\/uploads\/sites\/2\/2019\/09\/retail-0070-links.jpg\" \/>\n<meta name=\"twitter:card\" content=\"summary_large_image\" \/>\n<meta name=\"twitter:label1\" content=\"Gesch\u00e4tzte Lesezeit\" \/>\n\t<meta name=\"twitter:data1\" content=\"2\u00a0Minuten\" \/>\n<script type=\"application\/ld+json\" class=\"yoast-schema-graph\">{\"@context\":\"https:\/\/schema.org\",\"@graph\":[{\"@type\":\"WebPage\",\"@id\":\"https:\/\/hetzelsponheuer.de\/de\/loesungen\/einkaufscenter-ladenlokal\/retail\/\",\"url\":\"https:\/\/hetzelsponheuer.de\/de\/loesungen\/einkaufscenter-ladenlokal\/retail\/\",\"name\":\"Baul\u00f6sungen \u00b7 Einkaufscenter Ladenlokal \u00b7 Ladenlokal \u00b7\",\"isPartOf\":{\"@id\":\"https:\/\/hetzelsponheuer.de\/de\/#website\"},\"primaryImageOfPage\":{\"@id\":\"https:\/\/hetzelsponheuer.de\/de\/loesungen\/einkaufscenter-ladenlokal\/retail\/#primaryimage\"},\"image\":{\"@id\":\"https:\/\/hetzelsponheuer.de\/de\/loesungen\/einkaufscenter-ladenlokal\/retail\/#primaryimage\"},\"thumbnailUrl\":\"https:\/\/hetzelsponheuer.de\/de\/wp-content\/uploads\/sites\/2\/2019\/09\/retail-0070-links.jpg\",\"datePublished\":\"2019-08-12T13:40:30+00:00\",\"dateModified\":\"2021-09-03T15:38:13+00:00\",\"description\":\"Optimierte Leistungspakete und eingespielte spezialisierte Bauteams garantieren den kostensicheren Ausbau Ihrer Verkaufsfl\u00e4chen in h\u00f6chster Qualit\u00e4t.\",\"breadcrumb\":{\"@id\":\"https:\/\/hetzelsponheuer.de\/de\/loesungen\/einkaufscenter-ladenlokal\/retail\/#breadcrumb\"},\"inLanguage\":\"de\",\"potentialAction\":[{\"@type\":\"ReadAction\",\"target\":[\"https:\/\/hetzelsponheuer.de\/de\/loesungen\/einkaufscenter-ladenlokal\/retail\/\"]}]},{\"@type\":\"ImageObject\",\"inLanguage\":\"de\",\"@id\":\"https:\/\/hetzelsponheuer.de\/de\/loesungen\/einkaufscenter-ladenlokal\/retail\/#primaryimage\",\"url\":\"https:\/\/hetzelsponheuer.de\/de\/wp-content\/uploads\/sites\/2\/2019\/09\/retail-0070-links.jpg\",\"contentUrl\":\"https:\/\/hetzelsponheuer.de\/de\/wp-content\/uploads\/sites\/2\/2019\/09\/retail-0070-links.jpg\",\"width\":373,\"height\":559,\"caption\":\"Shopausbau Ladenlokal\"},{\"@type\":\"BreadcrumbList\",\"@id\":\"https:\/\/hetzelsponheuer.de\/de\/loesungen\/einkaufscenter-ladenlokal\/retail\/#breadcrumb\",\"itemListElement\":[{\"@type\":\"ListItem\",\"position\":1,\"name\":\"Startseite\",\"item\":\"https:\/\/hetzelsponheuer.de\/de\/\"},{\"@type\":\"ListItem\",\"position\":2,\"name\":\"L\u00f6sungen\",\"item\":\"https:\/\/hetzelsponheuer.de\/de\/loesungen\/\"},{\"@type\":\"ListItem\",\"position\":3,\"name\":\"Einkaufscenter Ladenlokal\",\"item\":\"https:\/\/hetzelsponheuer.de\/de\/loesungen\/einkaufscenter-ladenlokal\/\"},{\"@type\":\"ListItem\",\"position\":4,\"name\":\"Retail\"}]},{\"@type\":\"WebSite\",\"@id\":\"https:\/\/hetzelsponheuer.de\/de\/#website\",\"url\":\"https:\/\/hetzelsponheuer.de\/de\/\",\"name\":\"Hetzel+Sponheuer \u00b7 de\",\"description\":\"L\u00f6sungen f\u00fcr Ihr Bauprojekt\",\"publisher\":{\"@id\":\"https:\/\/hetzelsponheuer.de\/de\/#organization\"},\"inLanguage\":\"de\"},{\"@type\":\"Organization\",\"@id\":\"https:\/\/hetzelsponheuer.de\/de\/#organization\",\"name\":\"Hetzel+Sponheuer GmbH & Co. KG\",\"url\":\"https:\/\/hetzelsponheuer.de\/de\/\",\"logo\":{\"@type\":\"ImageObject\",\"inLanguage\":\"de\",\"@id\":\"https:\/\/hetzelsponheuer.de\/de\/#\/schema\/logo\/image\/\",\"url\":\"https:\/\/hetzelsponheuer.de\/en\/wp-content\/uploads\/sites\/2\/2020\/02\/logo_hetzelsponheuer.png\",\"contentUrl\":\"https:\/\/hetzelsponheuer.de\/en\/wp-content\/uploads\/sites\/2\/2020\/02\/logo_hetzelsponheuer.png\",\"width\":360,\"height\":24,\"caption\":\"Hetzel+Sponheuer GmbH & Co. KG\"},\"image\":{\"@id\":\"https:\/\/hetzelsponheuer.de\/de\/#\/schema\/logo\/image\/\"},\"sameAs\":[\"https:\/\/www.linkedin.com\/company\/hetzel-sponheuer-gmbh-&amp;-co.-kg\"]}]}<\/script>\n<!-- \/ Yoast SEO plugin. -->","yoast_head_json":{"title":"Baul\u00f6sungen \u00b7 Einkaufscenter Ladenlokal \u00b7 Ladenlokal \u00b7","description":"Optimierte Leistungspakete und eingespielte spezialisierte Bauteams garantieren den kostensicheren Ausbau Ihrer Verkaufsfl\u00e4chen in h\u00f6chster Qualit\u00e4t.","robots":{"index":"index","follow":"follow","max-snippet":"max-snippet:-1","max-image-preview":"max-image-preview:large","max-video-preview":"max-video-preview:-1"},"canonical":"https:\/\/hetzelsponheuer.de\/de\/loesungen\/einkaufscenter-ladenlokal\/retail\/","og_locale":"de_DE","og_type":"article","og_title":"Baul\u00f6sungen \u00b7 Einkaufscenter Ladenlokal \u00b7 Ladenlokal \u00b7","og_description":"Optimierte Leistungspakete und eingespielte spezialisierte Bauteams garantieren den kostensicheren Ausbau Ihrer Verkaufsfl\u00e4chen in h\u00f6chster Qualit\u00e4t.","og_url":"https:\/\/hetzelsponheuer.de\/de\/loesungen\/einkaufscenter-ladenlokal\/retail\/","og_site_name":"Hetzel+Sponheuer \u00b7 de","article_modified_time":"2021-09-03T15:38:13+00:00","og_image":[{"url":"https:\/\/hetzelsponheuer.de\/de\/wp-content\/uploads\/sites\/2\/2019\/09\/retail-0070-links.jpg"}],"twitter_card":"summary_large_image","twitter_misc":{"Gesch\u00e4tzte Lesezeit":"2\u00a0Minuten"},"schema":{"@context":"https:\/\/schema.org","@graph":[{"@type":"WebPage","@id":"https:\/\/hetzelsponheuer.de\/de\/loesungen\/einkaufscenter-ladenlokal\/retail\/","url":"https:\/\/hetzelsponheuer.de\/de\/loesungen\/einkaufscenter-ladenlokal\/retail\/","name":"Baul\u00f6sungen \u00b7 Einkaufscenter Ladenlokal \u00b7 Ladenlokal \u00b7","isPartOf":{"@id":"https:\/\/hetzelsponheuer.de\/de\/#website"},"primaryImageOfPage":{"@id":"https:\/\/hetzelsponheuer.de\/de\/loesungen\/einkaufscenter-ladenlokal\/retail\/#primaryimage"},"image":{"@id":"https:\/\/hetzelsponheuer.de\/de\/loesungen\/einkaufscenter-ladenlokal\/retail\/#primaryimage"},"thumbnailUrl":"https:\/\/hetzelsponheuer.de\/de\/wp-content\/uploads\/sites\/2\/2019\/09\/retail-0070-links.jpg","datePublished":"2019-08-12T13:40:30+00:00","dateModified":"2021-09-03T15:38:13+00:00","description":"Optimierte Leistungspakete und eingespielte spezialisierte Bauteams garantieren den kostensicheren Ausbau Ihrer Verkaufsfl\u00e4chen in h\u00f6chster Qualit\u00e4t.","breadcrumb":{"@id":"https:\/\/hetzelsponheuer.de\/de\/loesungen\/einkaufscenter-ladenlokal\/retail\/#breadcrumb"},"inLanguage":"de","potentialAction":[{"@type":"ReadAction","target":["https:\/\/hetzelsponheuer.de\/de\/loesungen\/einkaufscenter-ladenlokal\/retail\/"]}]},{"@type":"ImageObject","inLanguage":"de","@id":"https:\/\/hetzelsponheuer.de\/de\/loesungen\/einkaufscenter-ladenlokal\/retail\/#primaryimage","url":"https:\/\/hetzelsponheuer.de\/de\/wp-content\/uploads\/sites\/2\/2019\/09\/retail-0070-links.jpg","contentUrl":"https:\/\/hetzelsponheuer.de\/de\/wp-content\/uploads\/sites\/2\/2019\/09\/retail-0070-links.jpg","width":373,"height":559,"caption":"Shopausbau Ladenlokal"},{"@type":"BreadcrumbList","@id":"https:\/\/hetzelsponheuer.de\/de\/loesungen\/einkaufscenter-ladenlokal\/retail\/#breadcrumb","itemListElement":[{"@type":"ListItem","position":1,"name":"Startseite","item":"https:\/\/hetzelsponheuer.de\/de\/"},{"@type":"ListItem","position":2,"name":"L\u00f6sungen","item":"https:\/\/hetzelsponheuer.de\/de\/loesungen\/"},{"@type":"ListItem","position":3,"name":"Einkaufscenter Ladenlokal","item":"https:\/\/hetzelsponheuer.de\/de\/loesungen\/einkaufscenter-ladenlokal\/"},{"@type":"ListItem","position":4,"name":"Retail"}]},{"@type":"WebSite","@id":"https:\/\/hetzelsponheuer.de\/de\/#website","url":"https:\/\/hetzelsponheuer.de\/de\/","name":"Hetzel+Sponheuer \u00b7 de","description":"L\u00f6sungen f\u00fcr Ihr Bauprojekt","publisher":{"@id":"https:\/\/hetzelsponheuer.de\/de\/#organization"},"inLanguage":"de"},{"@type":"Organization","@id":"https:\/\/hetzelsponheuer.de\/de\/#organization","name":"Hetzel+Sponheuer GmbH & Co. KG","url":"https:\/\/hetzelsponheuer.de\/de\/","logo":{"@type":"ImageObject","inLanguage":"de","@id":"https:\/\/hetzelsponheuer.de\/de\/#\/schema\/logo\/image\/","url":"https:\/\/hetzelsponheuer.de\/en\/wp-content\/uploads\/sites\/2\/2020\/02\/logo_hetzelsponheuer.png","contentUrl":"https:\/\/hetzelsponheuer.de\/en\/wp-content\/uploads\/sites\/2\/2020\/02\/logo_hetzelsponheuer.png","width":360,"height":24,"caption":"Hetzel+Sponheuer GmbH & Co. KG"},"image":{"@id":"https:\/\/hetzelsponheuer.de\/de\/#\/schema\/logo\/image\/"},"sameAs":["https:\/\/www.linkedin.com\/company\/hetzel-sponheuer-gmbh-&amp;-co.-kg"]}]}},"_links":{"self":[{"href":"https:\/\/hetzelsponheuer.de\/de\/wp-json\/wp\/v2\/pages\/630"}],"collection":[{"href":"https:\/\/hetzelsponheuer.de\/de\/wp-json\/wp\/v2\/pages"}],"about":[{"href":"https:\/\/hetzelsponheuer.de\/de\/wp-json\/wp\/v2\/types\/page"}],"author":[{"embeddable":true,"href":"https:\/\/hetzelsponheuer.de\/de\/wp-json\/wp\/v2\/users\/1"}],"replies":[{"embeddable":true,"href":"https:\/\/hetzelsponheuer.de\/de\/wp-json\/wp\/v2\/comments?post=630"}],"version-history":[{"count":2,"href":"https:\/\/hetzelsponheuer.de\/de\/wp-json\/wp\/v2\/pages\/630\/revisions"}],"predecessor-version":[{"id":5805,"href":"https:\/\/hetzelsponheuer.de\/de\/wp-json\/wp\/v2\/pages\/630\/revisions\/5805"}],"up":[{"embeddable":true,"href":"https:\/\/hetzelsponheuer.de\/de\/wp-json\/wp\/v2\/pages\/238"}],"wp:attachment":[{"href":"https:\/\/hetzelsponheuer.de\/de\/wp-json\/wp\/v2\/media?parent=630"}],"curies":[{"name":"wp","href":"https:\/\/api.w.org\/{rel}","templated":true}]}}