{"id":637,"date":"2019-08-12T15:50:01","date_gmt":"2019-08-12T13:50:01","guid":{"rendered":"http:\/\/hetzelsponheuer.de\/de\/?page_id=637"},"modified":"2022-10-31T18:53:42","modified_gmt":"2022-10-31T17:53:42","slug":"hotel","status":"publish","type":"page","link":"https:\/\/hetzelsponheuer.de\/de\/loesungen\/hotel-gastronomie\/hotel\/","title":{"rendered":"Hotel"},"content":{"rendered":"\n<div style=\"height:32px\" aria-hidden=\"true\" class=\"wp-block-spacer\"><\/div>\n\n\n<div class=\"banner row x-4 md-3-3-3-3 sm-0-0-6-6 wp-block-lazyblock-inner-block lazyblock-inner-block-1VnMmQ\">\n<div class=\"col wp-block-lazyblock-inner-block lazyblock-inner-block-nvywj\">\n<div class=\"wp-block-lazyblock-inner-block lazyblock-inner-block-2f1bMe\">\n\n<p>  <\/p>\n\n<\/div>\n<\/div>\n\n<div class=\"col wp-block-lazyblock-inner-block lazyblock-inner-block-Z1pHcQp\">\n<div class=\"bg grey img wp-block-lazyblock-inner-block lazyblock-inner-block-ZUTuSG\">\n\n<figure class=\"wp-block-image\"><img decoding=\"async\" loading=\"lazy\" width=\"373\" height=\"435\" src=\"https:\/\/hetzelsponheuer.de\/de\/wp-content\/uploads\/sites\/2\/2019\/09\/hotel-4326-links.jpg\" alt=\"Hotel \u00b7 Refurbishment\" class=\"wp-image-4050\" srcset=\"https:\/\/hetzelsponheuer.de\/de\/wp-content\/uploads\/sites\/2\/2019\/09\/hotel-4326-links.jpg 373w, https:\/\/hetzelsponheuer.de\/de\/wp-content\/uploads\/sites\/2\/2019\/09\/hotel-4326-links-343x400.jpg 343w\" sizes=\"(max-width: 373px) 100vw, 373px\" \/><\/figure>\n\n<\/div>\n<\/div>\n\n<div class=\"col wp-block-lazyblock-inner-block lazyblock-inner-block-1znxxg\">\n<div class=\"bg grey img wp-block-lazyblock-inner-block lazyblock-inner-block-1lMtYQ\">\n\n<figure class=\"wp-block-image\"><img decoding=\"async\" loading=\"lazy\" width=\"373\" height=\"435\" src=\"https:\/\/hetzelsponheuer.de\/de\/wp-content\/uploads\/sites\/2\/2019\/09\/hotel-4326-mitte.jpg\" alt=\"Hotel \u00b7 Umbau im laufenden Betrieb\" class=\"wp-image-4051\" srcset=\"https:\/\/hetzelsponheuer.de\/de\/wp-content\/uploads\/sites\/2\/2019\/09\/hotel-4326-mitte.jpg 373w, https:\/\/hetzelsponheuer.de\/de\/wp-content\/uploads\/sites\/2\/2019\/09\/hotel-4326-mitte-343x400.jpg 343w\" sizes=\"(max-width: 373px) 100vw, 373px\" \/><\/figure>\n\n<\/div>\n<\/div>\n\n<div class=\"col wp-block-lazyblock-inner-block lazyblock-inner-block-Z2bMYIL\">\n<div class=\"bg grey img wp-block-lazyblock-inner-block lazyblock-inner-block-ZKAn6g\">\n\n<figure class=\"wp-block-image\"><img decoding=\"async\" loading=\"lazy\" width=\"373\" height=\"435\" src=\"https:\/\/hetzelsponheuer.de\/de\/wp-content\/uploads\/sites\/2\/2019\/09\/hotel-4326-rechts.jpg\" alt=\"Hotel \u00b7 Modernisierung\" class=\"wp-image-4052\" srcset=\"https:\/\/hetzelsponheuer.de\/de\/wp-content\/uploads\/sites\/2\/2019\/09\/hotel-4326-rechts.jpg 373w, https:\/\/hetzelsponheuer.de\/de\/wp-content\/uploads\/sites\/2\/2019\/09\/hotel-4326-rechts-343x400.jpg 343w\" sizes=\"(max-width: 373px) 100vw, 373px\" \/><\/figure>\n\n<\/div>\n<\/div>\n<\/div>\n\n<div class=\"row x-24 md-3-9 sm-0-12 wp-block-lazyblock-inner-block lazyblock-inner-block-ZTepAb\">\n<div class=\"col wp-block-lazyblock-inner-block lazyblock-inner-block-Z23kHAU\">\n<div class=\"wp-block-lazyblock-inner-block lazyblock-inner-block-2rAEvE\">\n\n<p>  <\/p>\n\n<\/div>\n<\/div>\n\n<div class=\"col wp-block-lazyblock-inner-block lazyblock-inner-block-Z21Dhan\">\n<div class=\"head wp-block-lazyblock-inner-block lazyblock-inner-block-ZQPGWH\">\n\n<p class=\"topline js close\"><a href=\"https:\/\/hetzelsponheuer.de\/de\/loesungen\/#intro-loesungen\">L\u00f6sungen<\/a> \u00b7 <a href=\"https:\/\/hetzelsponheuer.de\/de\/loesungen\/hotel-gastronomie\">Hotel Gastronomie<\/a> \u00b7 Hotel<\/p>\n\n\n\n<h2 class=\"h1 wp-block-heading\"><span class=\"grey\">Dezente<\/span> Wertarbeit<\/h2>\n\n<\/div>\n<\/div>\n<\/div>\n\n<div class=\"row x-24 md-3-6-3 sm-12-12-12 wp-block-lazyblock-inner-block lazyblock-inner-block-Z1boxei\">\n<div class=\"col wp-block-lazyblock-inner-block lazyblock-inner-block-ZvDjde\">\n<div class=\"wp-block-lazyblock-inner-block lazyblock-inner-block-Zxfats\">\n\n<p class=\"md-right pl-24 color\"><strong>Die Renovierung und Sanierung von Hotels erfordert viel Erfahrung und Fingerspitzengef\u00fchl. Insbesondere wenn die Arbeiten im laufenden Betrieb ausgef\u00fchrt werden.&nbsp;<\/strong><br><strong>Die Hotelg\u00e4ste sollten von Bauma\u00dfnahmen mit einhergehenden L\u00e4rm- und Staubbelastungen m\u00f6glichst wenig mitbekommen. Bauger\u00e4te und Baumaterialien sollten f\u00fcr den Gast m\u00f6glichst unsichtbar bleiben.<\/strong><\/p>\n\n<\/div>\n<\/div>\n\n<div class=\"col wp-block-lazyblock-inner-block lazyblock-inner-block-Z106B1y\">\n<div class=\"wp-block-lazyblock-inner-block lazyblock-inner-block-1tB0RI\">\n\n<p>Die Hetzel + Sponheuer GmbH &amp; Co. KG hat allein im Jahr 2010 bundesweit mehr als 1.200 Hotelzimmer sowie die zugeh\u00f6renden Flure und \u00f6ffentlichen Fl\u00e4chen bei laufendem Betrieb saniert und renoviert. Insofern k\u00f6nnen wir mit Fug und Recht behaupten, Experten im Bereich Hotellerie zu sein. Zu unseren Auftraggebern z\u00e4hlen sowohl die gro\u00dfen, national und international t\u00e4tigen Hotelketten mit zwei bis vier Sterne-H\u00e4usern als auch markenunabh\u00e4ngige Hotels.<\/p>\n\n\n\n<h3 class=\"h4 wp-block-heading\">Unser Serviceangebot: Alle Leistungen aus einer Hand<\/h3>\n\n\n\n<p>Wir bieten Ihnen alle f\u00fcr das Bauvorhaben notwendigen Gewerke und Leistungen aus einer Hand an. Die fachgerechte Koordination vor Ort wird durch unsere Ingenieure und Architekten sichergestellt. Sie haben f\u00fcr den gesamten Projektablauf einen Ansprechpartner, mit dem intensive Abstimmung m\u00f6glich ist. Wenn n\u00f6tig auch am Wochenende und au\u00dferhalb der \u00fcblichen Arbeitszeit.<\/p>\n\n\n\n<ul><li>Individueller Innenausbau \u2013&nbsp;vom Trockenbauer bis zum Fliesenleger, Stukkateur, Schreiner, Maler und Installateur<\/li><li>Entkernung von Bestandsimmobilien, Abbruch, Betonsanierung und Rohbau<\/li><li>Haus- und Elektrotechnik, Lichtsysteme<\/li><li>Spezielle Brandschutzkonzepte und \u2013durchf\u00fchrungen<\/li><li>Energetische Sanierungen<\/li><li>Schaffung von barrierefreien und behindertengerechten Bereichen<\/li><li>Kreative Farbkonzepte und Wandgestaltungen<\/li><li>M\u00f6blierung und Ausstattung von Zimmern inkl. B\u00e4dern und Sanit\u00e4ranlagen<\/li><\/ul>\n\n\n\n<h3 class=\"h4 wp-block-heading\">Perfekte Logistik f\u00fcr den zeitnahen Umbau<\/h3>\n\n\n\n<p class=\"ajx link\">Regelm\u00e4\u00dfig stehen nur sehr begrenzte Fl\u00e4chen f\u00fcr die Lagerung von Material und Ger\u00e4ten zur Verf\u00fcgung. Besonderen Wert legen wir daher auf ein praxisnahes, funktionierendes Logistikkonzept, das uns hilft, alle Anforderungen perfekt zu erf\u00fcllen. So k\u00f6nnen wir die strengen vertraglichen Termine einhalten, die durch verschiedene&nbsp;<a data-post-type=\"mitarbeiter\" data-display=\"fancybox\" href=\"https:\/\/hetzelsponheuer.de\/de\/mitarbeiter\/vertragsoptionen\">Vertragsoptionen<\/a> werden.<\/p>\n\n\n\n<h3 class=\"h4 wp-block-heading\">Neue Hotels in alten Gem\u00e4uern? Kein Problem!<\/h3>\n\n\n\n<p>Die Entkernung von Bestandsimmobilien und deren Umnutzung zu Hotelr\u00e4umlichkeiten bilden einen weiteren Schwerpunkt unserer Arbeit. Unser eingespieltes Team verf\u00fcgt in diesem Bereich \u00fcber umfangreiche Erfahrungen, die Sie f\u00fcr sich nutzen k\u00f6nnen. Die Hetzel + Sponheuer GmbH &amp; Go. KG verf\u00fcgt \u00fcber eine Vielzahl an Spezialisten, z.B. f\u00fcr Beton- und Trockenbau, Bauwerkserhaltung und Denkmalschutz, Brandschutz und Statik.<\/p>\n\n\n\n<p>Wenn Sie es w\u00fcnschen, unterst\u00fctzen wir Sie bereits bei der Planung Ihres Bauvorhabens, um das Besondere und Individuelle Ihres Hotels optimal herauszuarbeiten. Hierf\u00fcr stehen Ihnen Innenarchitekten, Bauplaner und Architekten zur Verf\u00fcgung, die Ihre Anforderungen in Ideen umsetzen.<\/p>\n\n\n\n<div style=\"height:120px\" aria-hidden=\"true\" class=\"wp-block-spacer\"><\/div>\n\n<\/div>\n<\/div>\n\n<div class=\"col wp-block-lazyblock-inner-block lazyblock-inner-block-ZYYA2b\">\n<div class=\"wp-block-lazyblock-inner-block lazyblock-inner-block-Z1zUc3V\">\n\n<h4 class=\"wp-block-heading\">Ihr Ansprechpartner<\/h4>\n\n\n\n<ul class=\"link ajx grey\"><li><a href=\"https:\/\/hetzelsponheuer.de\/de\/mitarbeiter\/uwe-steinfeld\" data-display=\"fancybox\" data-post-type=\"mitarbeiter\">Uwe Steinfeld<\/a><\/li><\/ul>\n\n\n\n<h4 class=\"wp-block-heading\">Leistungen<\/h4>\n\n\n\n<ul class=\"fade-link grey\"><li class=\"menu-item\"><a href=\"https:\/\/hetzelsponheuer.de\/de\/leistungen\/#bewertung-und-beratung\">Bewertung und Beratung<\/a><\/li><li class=\"menu-item \"><a href=\"https:\/\/hetzelsponheuer.de\/de\/leistungen\/#planung-und-gestaltung\">Planung und Gestaltung<\/a><\/li><li class=\"menu-item \"><a href=\"https:\/\/hetzelsponheuer.de\/de\/leistungen\/#organisation-und-baubegleitung\">Organisation und Baubegleitung<\/a><\/li><li class=\"menu-item \"><a href=\"https:\/\/hetzelsponheuer.de\/de\/leistungen\/#handwerk-und-technik\">Handwerk und Technik<\/a><\/li><\/ul>\n\n\n\n<h4 class=\"wp-block-heading\">Referenzen<\/h4>\n\n\n\n<p class=\"grey fade-link\"><a href=\"https:\/\/hetzelsponheuer.de\/de\/referenzen\/hotel-gastronomie-l\">Liste unserer Referenzobjeke f\u00fcr Hotel Gastronomie<\/a><\/p>\n\n<\/div>\n<\/div>\n<\/div>","protected":false},"excerpt":{"rendered":"","protected":false},"author":1,"featured_media":0,"parent":254,"menu_order":1,"comment_status":"closed","ping_status":"closed","template":"page-fullwidth.php","meta":{"footnotes":""},"yoast_head":"<!-- This site is optimized with the Yoast SEO plugin v22.6 - https:\/\/yoast.com\/wordpress\/plugins\/seo\/ -->\n<title>Baul\u00f6sungen \u00b7 Hotel Gastronomie \u00b7 Hotel \u00b7 Hetzel+Sponheuer<\/title>\n<meta name=\"description\" content=\"Optimierte Leistungspakete, spezialisierte Bauteams und routinierte Abl\u00e4ufe garantieren den kosten- und terminsicheren Innenausbau Ihrer Hotel R\u00e4ume.\" \/>\n<meta name=\"robots\" content=\"index, follow, max-snippet:-1, max-image-preview:large, max-video-preview:-1\" \/>\n<link rel=\"canonical\" href=\"https:\/\/hetzelsponheuer.de\/de\/loesungen\/hotel-gastronomie\/hotel\/\" \/>\n<meta property=\"og:locale\" content=\"de_DE\" \/>\n<meta property=\"og:type\" content=\"article\" \/>\n<meta property=\"og:title\" content=\"Baul\u00f6sungen \u00b7 Hotel Gastronomie \u00b7 Hotel \u00b7 Hetzel+Sponheuer\" \/>\n<meta property=\"og:description\" content=\"Optimierte Leistungspakete, spezialisierte Bauteams und routinierte Abl\u00e4ufe garantieren den kosten- und terminsicheren Innenausbau Ihrer Hotel R\u00e4ume.\" \/>\n<meta property=\"og:url\" content=\"https:\/\/hetzelsponheuer.de\/de\/loesungen\/hotel-gastronomie\/hotel\/\" \/>\n<meta property=\"og:site_name\" content=\"Hetzel+Sponheuer \u00b7 de\" \/>\n<meta property=\"article:modified_time\" content=\"2022-10-31T17:53:42+00:00\" \/>\n<meta property=\"og:image\" content=\"https:\/\/hetzelsponheuer.de\/de\/wp-content\/uploads\/sites\/2\/2019\/09\/hotel-4326-links.jpg\" \/>\n<meta name=\"twitter:card\" content=\"summary_large_image\" \/>\n<meta name=\"twitter:label1\" content=\"Gesch\u00e4tzte Lesezeit\" \/>\n\t<meta name=\"twitter:data1\" content=\"3\u00a0Minuten\" \/>\n<script type=\"application\/ld+json\" class=\"yoast-schema-graph\">{\"@context\":\"https:\/\/schema.org\",\"@graph\":[{\"@type\":\"WebPage\",\"@id\":\"https:\/\/hetzelsponheuer.de\/de\/loesungen\/hotel-gastronomie\/hotel\/\",\"url\":\"https:\/\/hetzelsponheuer.de\/de\/loesungen\/hotel-gastronomie\/hotel\/\",\"name\":\"Baul\u00f6sungen \u00b7 Hotel Gastronomie \u00b7 Hotel \u00b7 Hetzel+Sponheuer\",\"isPartOf\":{\"@id\":\"https:\/\/hetzelsponheuer.de\/de\/#website\"},\"primaryImageOfPage\":{\"@id\":\"https:\/\/hetzelsponheuer.de\/de\/loesungen\/hotel-gastronomie\/hotel\/#primaryimage\"},\"image\":{\"@id\":\"https:\/\/hetzelsponheuer.de\/de\/loesungen\/hotel-gastronomie\/hotel\/#primaryimage\"},\"thumbnailUrl\":\"https:\/\/hetzelsponheuer.de\/de\/wp-content\/uploads\/sites\/2\/2019\/09\/hotel-4326-links.jpg\",\"datePublished\":\"2019-08-12T13:50:01+00:00\",\"dateModified\":\"2022-10-31T17:53:42+00:00\",\"description\":\"Optimierte Leistungspakete, spezialisierte Bauteams und routinierte Abl\u00e4ufe garantieren den kosten- und terminsicheren Innenausbau Ihrer Hotel R\u00e4ume.\",\"breadcrumb\":{\"@id\":\"https:\/\/hetzelsponheuer.de\/de\/loesungen\/hotel-gastronomie\/hotel\/#breadcrumb\"},\"inLanguage\":\"de\",\"potentialAction\":[{\"@type\":\"ReadAction\",\"target\":[\"https:\/\/hetzelsponheuer.de\/de\/loesungen\/hotel-gastronomie\/hotel\/\"]}]},{\"@type\":\"ImageObject\",\"inLanguage\":\"de\",\"@id\":\"https:\/\/hetzelsponheuer.de\/de\/loesungen\/hotel-gastronomie\/hotel\/#primaryimage\",\"url\":\"https:\/\/hetzelsponheuer.de\/de\/wp-content\/uploads\/sites\/2\/2019\/09\/hotel-4326-links.jpg\",\"contentUrl\":\"https:\/\/hetzelsponheuer.de\/de\/wp-content\/uploads\/sites\/2\/2019\/09\/hotel-4326-links.jpg\",\"width\":373,\"height\":435,\"caption\":\"Hotel Modernisierung \u00b7 Refurbishment\"},{\"@type\":\"BreadcrumbList\",\"@id\":\"https:\/\/hetzelsponheuer.de\/de\/loesungen\/hotel-gastronomie\/hotel\/#breadcrumb\",\"itemListElement\":[{\"@type\":\"ListItem\",\"position\":1,\"name\":\"Startseite\",\"item\":\"https:\/\/hetzelsponheuer.de\/de\/\"},{\"@type\":\"ListItem\",\"position\":2,\"name\":\"L\u00f6sungen\",\"item\":\"https:\/\/hetzelsponheuer.de\/de\/loesungen\/\"},{\"@type\":\"ListItem\",\"position\":3,\"name\":\"Hotel Gastronomie\",\"item\":\"https:\/\/hetzelsponheuer.de\/de\/loesungen\/hotel-gastronomie\/\"},{\"@type\":\"ListItem\",\"position\":4,\"name\":\"Hotel\"}]},{\"@type\":\"WebSite\",\"@id\":\"https:\/\/hetzelsponheuer.de\/de\/#website\",\"url\":\"https:\/\/hetzelsponheuer.de\/de\/\",\"name\":\"Hetzel+Sponheuer \u00b7 de\",\"description\":\"L\u00f6sungen f\u00fcr Ihr Bauprojekt\",\"publisher\":{\"@id\":\"https:\/\/hetzelsponheuer.de\/de\/#organization\"},\"inLanguage\":\"de\"},{\"@type\":\"Organization\",\"@id\":\"https:\/\/hetzelsponheuer.de\/de\/#organization\",\"name\":\"Hetzel+Sponheuer GmbH & Co. KG\",\"url\":\"https:\/\/hetzelsponheuer.de\/de\/\",\"logo\":{\"@type\":\"ImageObject\",\"inLanguage\":\"de\",\"@id\":\"https:\/\/hetzelsponheuer.de\/de\/#\/schema\/logo\/image\/\",\"url\":\"https:\/\/hetzelsponheuer.de\/en\/wp-content\/uploads\/sites\/2\/2020\/02\/logo_hetzelsponheuer.png\",\"contentUrl\":\"https:\/\/hetzelsponheuer.de\/en\/wp-content\/uploads\/sites\/2\/2020\/02\/logo_hetzelsponheuer.png\",\"width\":360,\"height\":24,\"caption\":\"Hetzel+Sponheuer GmbH & Co. KG\"},\"image\":{\"@id\":\"https:\/\/hetzelsponheuer.de\/de\/#\/schema\/logo\/image\/\"},\"sameAs\":[\"https:\/\/www.linkedin.com\/company\/hetzel-sponheuer-gmbh-&amp;-co.-kg\"]}]}<\/script>\n<!-- \/ Yoast SEO plugin. -->","yoast_head_json":{"title":"Baul\u00f6sungen \u00b7 Hotel Gastronomie \u00b7 Hotel \u00b7 Hetzel+Sponheuer","description":"Optimierte Leistungspakete, spezialisierte Bauteams und routinierte Abl\u00e4ufe garantieren den kosten- und terminsicheren Innenausbau Ihrer Hotel R\u00e4ume.","robots":{"index":"index","follow":"follow","max-snippet":"max-snippet:-1","max-image-preview":"max-image-preview:large","max-video-preview":"max-video-preview:-1"},"canonical":"https:\/\/hetzelsponheuer.de\/de\/loesungen\/hotel-gastronomie\/hotel\/","og_locale":"de_DE","og_type":"article","og_title":"Baul\u00f6sungen \u00b7 Hotel Gastronomie \u00b7 Hotel \u00b7 Hetzel+Sponheuer","og_description":"Optimierte Leistungspakete, spezialisierte Bauteams und routinierte Abl\u00e4ufe garantieren den kosten- und terminsicheren Innenausbau Ihrer Hotel R\u00e4ume.","og_url":"https:\/\/hetzelsponheuer.de\/de\/loesungen\/hotel-gastronomie\/hotel\/","og_site_name":"Hetzel+Sponheuer \u00b7 de","article_modified_time":"2022-10-31T17:53:42+00:00","og_image":[{"url":"https:\/\/hetzelsponheuer.de\/de\/wp-content\/uploads\/sites\/2\/2019\/09\/hotel-4326-links.jpg"}],"twitter_card":"summary_large_image","twitter_misc":{"Gesch\u00e4tzte Lesezeit":"3\u00a0Minuten"},"schema":{"@context":"https:\/\/schema.org","@graph":[{"@type":"WebPage","@id":"https:\/\/hetzelsponheuer.de\/de\/loesungen\/hotel-gastronomie\/hotel\/","url":"https:\/\/hetzelsponheuer.de\/de\/loesungen\/hotel-gastronomie\/hotel\/","name":"Baul\u00f6sungen \u00b7 Hotel Gastronomie \u00b7 Hotel \u00b7 Hetzel+Sponheuer","isPartOf":{"@id":"https:\/\/hetzelsponheuer.de\/de\/#website"},"primaryImageOfPage":{"@id":"https:\/\/hetzelsponheuer.de\/de\/loesungen\/hotel-gastronomie\/hotel\/#primaryimage"},"image":{"@id":"https:\/\/hetzelsponheuer.de\/de\/loesungen\/hotel-gastronomie\/hotel\/#primaryimage"},"thumbnailUrl":"https:\/\/hetzelsponheuer.de\/de\/wp-content\/uploads\/sites\/2\/2019\/09\/hotel-4326-links.jpg","datePublished":"2019-08-12T13:50:01+00:00","dateModified":"2022-10-31T17:53:42+00:00","description":"Optimierte Leistungspakete, spezialisierte Bauteams und routinierte Abl\u00e4ufe garantieren den kosten- und terminsicheren Innenausbau Ihrer Hotel R\u00e4ume.","breadcrumb":{"@id":"https:\/\/hetzelsponheuer.de\/de\/loesungen\/hotel-gastronomie\/hotel\/#breadcrumb"},"inLanguage":"de","potentialAction":[{"@type":"ReadAction","target":["https:\/\/hetzelsponheuer.de\/de\/loesungen\/hotel-gastronomie\/hotel\/"]}]},{"@type":"ImageObject","inLanguage":"de","@id":"https:\/\/hetzelsponheuer.de\/de\/loesungen\/hotel-gastronomie\/hotel\/#primaryimage","url":"https:\/\/hetzelsponheuer.de\/de\/wp-content\/uploads\/sites\/2\/2019\/09\/hotel-4326-links.jpg","contentUrl":"https:\/\/hetzelsponheuer.de\/de\/wp-content\/uploads\/sites\/2\/2019\/09\/hotel-4326-links.jpg","width":373,"height":435,"caption":"Hotel Modernisierung \u00b7 Refurbishment"},{"@type":"BreadcrumbList","@id":"https:\/\/hetzelsponheuer.de\/de\/loesungen\/hotel-gastronomie\/hotel\/#breadcrumb","itemListElement":[{"@type":"ListItem","position":1,"name":"Startseite","item":"https:\/\/hetzelsponheuer.de\/de\/"},{"@type":"ListItem","position":2,"name":"L\u00f6sungen","item":"https:\/\/hetzelsponheuer.de\/de\/loesungen\/"},{"@type":"ListItem","position":3,"name":"Hotel Gastronomie","item":"https:\/\/hetzelsponheuer.de\/de\/loesungen\/hotel-gastronomie\/"},{"@type":"ListItem","position":4,"name":"Hotel"}]},{"@type":"WebSite","@id":"https:\/\/hetzelsponheuer.de\/de\/#website","url":"https:\/\/hetzelsponheuer.de\/de\/","name":"Hetzel+Sponheuer \u00b7 de","description":"L\u00f6sungen f\u00fcr Ihr Bauprojekt","publisher":{"@id":"https:\/\/hetzelsponheuer.de\/de\/#organization"},"inLanguage":"de"},{"@type":"Organization","@id":"https:\/\/hetzelsponheuer.de\/de\/#organization","name":"Hetzel+Sponheuer GmbH & Co. KG","url":"https:\/\/hetzelsponheuer.de\/de\/","logo":{"@type":"ImageObject","inLanguage":"de","@id":"https:\/\/hetzelsponheuer.de\/de\/#\/schema\/logo\/image\/","url":"https:\/\/hetzelsponheuer.de\/en\/wp-content\/uploads\/sites\/2\/2020\/02\/logo_hetzelsponheuer.png","contentUrl":"https:\/\/hetzelsponheuer.de\/en\/wp-content\/uploads\/sites\/2\/2020\/02\/logo_hetzelsponheuer.png","width":360,"height":24,"caption":"Hetzel+Sponheuer GmbH & Co. KG"},"image":{"@id":"https:\/\/hetzelsponheuer.de\/de\/#\/schema\/logo\/image\/"},"sameAs":["https:\/\/www.linkedin.com\/company\/hetzel-sponheuer-gmbh-&amp;-co.-kg"]}]}},"_links":{"self":[{"href":"https:\/\/hetzelsponheuer.de\/de\/wp-json\/wp\/v2\/pages\/637"}],"collection":[{"href":"https:\/\/hetzelsponheuer.de\/de\/wp-json\/wp\/v2\/pages"}],"about":[{"href":"https:\/\/hetzelsponheuer.de\/de\/wp-json\/wp\/v2\/types\/page"}],"author":[{"embeddable":true,"href":"https:\/\/hetzelsponheuer.de\/de\/wp-json\/wp\/v2\/users\/1"}],"replies":[{"embeddable":true,"href":"https:\/\/hetzelsponheuer.de\/de\/wp-json\/wp\/v2\/comments?post=637"}],"version-history":[{"count":3,"href":"https:\/\/hetzelsponheuer.de\/de\/wp-json\/wp\/v2\/pages\/637\/revisions"}],"predecessor-version":[{"id":5897,"href":"https:\/\/hetzelsponheuer.de\/de\/wp-json\/wp\/v2\/pages\/637\/revisions\/5897"}],"up":[{"embeddable":true,"href":"https:\/\/hetzelsponheuer.de\/de\/wp-json\/wp\/v2\/pages\/254"}],"wp:attachment":[{"href":"https:\/\/hetzelsponheuer.de\/de\/wp-json\/wp\/v2\/media?parent=637"}],"curies":[{"name":"wp","href":"https:\/\/api.w.org\/{rel}","templated":true}]}}