{"id":649,"date":"2019-08-12T16:07:11","date_gmt":"2019-08-12T14:07:11","guid":{"rendered":"http:\/\/hetzelsponheuer.de\/de\/?page_id=649"},"modified":"2021-07-07T18:41:36","modified_gmt":"2021-07-07T16:41:36","slug":"bauwerterhaltung","status":"publish","type":"page","link":"https:\/\/hetzelsponheuer.de\/de\/loesungen\/bauwerterhaltung-denkmalschutz\/bauwerterhaltung\/","title":{"rendered":"Bauwerterhaltung"},"content":{"rendered":"\n<div style=\"height:32px\" aria-hidden=\"true\" class=\"wp-block-spacer\"><\/div>\n\n\n<div class=\"banner row x-4 md-3-3-3-3 sm-0-0-6-6 wp-block-lazyblock-inner-block lazyblock-inner-block-1VnMmQ\">\n<div class=\"col wp-block-lazyblock-inner-block lazyblock-inner-block-nvywj\">\n<div class=\"wp-block-lazyblock-inner-block lazyblock-inner-block-2f1bMe\">\n\n<p>  <\/p>\n\n<\/div>\n<\/div>\n\n<div class=\"col wp-block-lazyblock-inner-block lazyblock-inner-block-Z1pHcQp\">\n<div class=\"bg grey img wp-block-lazyblock-inner-block lazyblock-inner-block-ZUTuSG\">\n\n<figure class=\"wp-block-image\"><img decoding=\"async\" loading=\"lazy\" width=\"373\" height=\"554\" src=\"https:\/\/hetzelsponheuer.de\/de\/wp-content\/uploads\/sites\/2\/2019\/09\/bauwerterehaltung-248-links.jpg\" alt=\"Umnutzung Industriedenkmal\" class=\"wp-image-4161\" srcset=\"https:\/\/hetzelsponheuer.de\/de\/wp-content\/uploads\/sites\/2\/2019\/09\/bauwerterehaltung-248-links.jpg 373w, https:\/\/hetzelsponheuer.de\/de\/wp-content\/uploads\/sites\/2\/2019\/09\/bauwerterehaltung-248-links-269x400.jpg 269w\" sizes=\"(max-width: 373px) 100vw, 373px\" \/><\/figure>\n\n<\/div>\n<\/div>\n\n<div class=\"col wp-block-lazyblock-inner-block lazyblock-inner-block-1znxxg\">\n<div class=\"bg grey img wp-block-lazyblock-inner-block lazyblock-inner-block-1lMtYQ\">\n\n<figure class=\"wp-block-image\"><img decoding=\"async\" loading=\"lazy\" width=\"373\" height=\"554\" src=\"https:\/\/hetzelsponheuer.de\/de\/wp-content\/uploads\/sites\/2\/2019\/09\/bauwerterehaltung-248-mitte.jpg\" alt=\"Umnutzung Industriedenkmal\" class=\"wp-image-4162\" srcset=\"https:\/\/hetzelsponheuer.de\/de\/wp-content\/uploads\/sites\/2\/2019\/09\/bauwerterehaltung-248-mitte.jpg 373w, https:\/\/hetzelsponheuer.de\/de\/wp-content\/uploads\/sites\/2\/2019\/09\/bauwerterehaltung-248-mitte-269x400.jpg 269w\" sizes=\"(max-width: 373px) 100vw, 373px\" \/><\/figure>\n\n<\/div>\n<\/div>\n\n<div class=\"col wp-block-lazyblock-inner-block lazyblock-inner-block-Z2bMYIL\">\n<div class=\"bg grey img wp-block-lazyblock-inner-block lazyblock-inner-block-ZKAn6g\">\n\n<figure class=\"wp-block-image\"><img decoding=\"async\" loading=\"lazy\" width=\"373\" height=\"554\" src=\"https:\/\/hetzelsponheuer.de\/de\/wp-content\/uploads\/sites\/2\/2019\/09\/bauwerterehaltung-248-rechts.jpg\" alt=\"Umnutzung Industriedenkmal\" class=\"wp-image-4163\" srcset=\"https:\/\/hetzelsponheuer.de\/de\/wp-content\/uploads\/sites\/2\/2019\/09\/bauwerterehaltung-248-rechts.jpg 373w, https:\/\/hetzelsponheuer.de\/de\/wp-content\/uploads\/sites\/2\/2019\/09\/bauwerterehaltung-248-rechts-269x400.jpg 269w\" sizes=\"(max-width: 373px) 100vw, 373px\" \/><\/figure>\n\n<\/div>\n<\/div>\n<\/div>\n\n<div class=\"row x-24 md-3-9 sm-0-12 wp-block-lazyblock-inner-block lazyblock-inner-block-ZTepAb\">\n<div class=\"col wp-block-lazyblock-inner-block lazyblock-inner-block-Z23kHAU\">\n<div class=\"wp-block-lazyblock-inner-block lazyblock-inner-block-2rAEvE\">\n\n<p>  <\/p>\n\n<\/div>\n<\/div>\n\n<div class=\"col wp-block-lazyblock-inner-block lazyblock-inner-block-Z21Dhan\">\n<div class=\"head wp-block-lazyblock-inner-block lazyblock-inner-block-ZQPGWH\">\n\n<p class=\"topline js close\"><a href=\"https:\/\/hetzelsponheuer.de\/de\/loesungen\/#intro-loesungen\">L\u00f6sungen<\/a> \u00b7 <a href=\"https:\/\/hetzelsponheuer.de\/de\/loesungen\/bauwerterhaltung-denkmalschutz\/\">Bauwerterhaltung Denkmalschutz <\/a>\u00b7 Bauwerterhaltung<\/p>\n\n\n\n<h2 class=\"h1 wp-block-heading\"><span class=\"grey\">Hegen und<\/span> Pflegen<\/h2>\n\n<\/div>\n<\/div>\n<\/div>\n\n<div class=\"row x-24 md-3-6-3 sm-12-12-12 wp-block-lazyblock-inner-block lazyblock-inner-block-Z1boxei\">\n<div class=\"col wp-block-lazyblock-inner-block lazyblock-inner-block-ZvDjde\">\n<div class=\"wp-block-lazyblock-inner-block lazyblock-inner-block-Zxfats\">\n\n<p class=\"has-text-align-right md-right pl-24 color\"><strong>Ein Geb\u00e4ude stellt \u00fcber einen Zeitraum von Jahrzehnten oder sogar Jahrhunderten einen gro\u00dfen ideellen und materiellen Wert dar.&nbsp;<\/strong><\/p>\n\n<\/div>\n<\/div>\n\n<div class=\"col wp-block-lazyblock-inner-block lazyblock-inner-block-Z106B1y\">\n<div class=\"wp-block-lazyblock-inner-block lazyblock-inner-block-1tB0RI\">\n\n<p>Auch das beste Material erm\u00fcdet und verschlei\u00dft nach jahrelanger Bean\u00adspruchung. Damit der Wert eines Geb\u00e4udes erhalten bleibt, muss es gepflegt werden. So kann die Abnutzung durch Gebrauch und Witterungs\u00adeinfl\u00fcsse ausge\u00adglichen werden. Wir verkn\u00fcpfen tradi\u00adtionelle Baukunst mit moderner Technik \u2013 handwerklich einwandfrei und nachhaltig. Alte Bau- und Verar\u00adbeitungs\u00adtech\u00adniken m\u00fcssen bekannt sein und beherrscht werden, damit z.B. die neue ener\u00adgetisch sanierte Fassade sowohl mit den \u00fcbrigen Bestands\u00adbereichen des Geb\u00e4udes harmoniert, als auch die gesteckten Ziele der Energie\u00adein\u00adsparung erreicht.<\/p>\n\n\n\n<h3 class=\"h4 wp-block-heading\">Werterhaltung vom Keller bis zum Dach<\/h3>\n\n\n\n<p>Vertrauen Sie auf unsere erfahrenen, sachkundigen Spezialisten. Sie k\u00fcmmern sich um die Instandsetzung und Werterhaltung Ihres Geb\u00e4udes so sorgf\u00e4ltig, als ob es ihr eigenes w\u00e4re. Unsere Mitarbeiter verf\u00fcgen \u00fcber hohe Sachkenntnis und umfangreiche Erfahrung in der Bauwerterhaltung. Verbunden wird dies mit dem stets aktuellen Wissen um neue Bau- und Werkstofftechniken und deren Einsatz bei bestehenden Geb\u00e4uden.<\/p>\n\n\n\n<ul class=\"border\"><li>Modernisierung und Renovierung<\/li><li>Grundsanierung<\/li><li>Energetische Sanierung<\/li><li>Dachausbau<\/li><li>Anbau\/Erweiterung<\/li><li>Kellerd\u00e4mmung und Trockenlegungsverfahren<\/li><li>Innen- und Au\u00dfend\u00e4mmung<\/li><li>Fassadengestaltung und \u2013reinigung<\/li><li>Heizungs- und L\u00fcftungssysteme<\/li><li>Klimasteuerung<\/li><li>Solartechnik<\/li><\/ul>\n\n\n\n<h3 class=\"h4 wp-block-heading\">Planen Sie mit uns &#8211; mit festen Kosten<\/h3>\n\n\n\n<p>Umfassende und sorgf\u00e4ltige Vorarbeit leisten wir auch bei der ersten professionellen Analyse und einer ausf\u00fchrlichen Sanierungsplanung. So k\u00f6nnen Sie sicher sein, dass Kosten und Termine eingehalten werden und die Arbeiten auch im Sinne der Denkmalpflege fachgerecht ausgef\u00fchrt werden. Einen ersten Eindruck von unserer Leistungsf\u00e4higkeit vermittelt Ihnen unsere umfangreiche Referenzliste der bereits erfolgreich realisierten anspruchsvollen Projekte.<\/p>\n\n\n\n<div style=\"height:120px\" aria-hidden=\"true\" class=\"wp-block-spacer\"><\/div>\n\n<\/div>\n<\/div>\n\n<div class=\"col wp-block-lazyblock-inner-block lazyblock-inner-block-ZYYA2b\">\n<div class=\"wp-block-lazyblock-inner-block lazyblock-inner-block-Z1zUc3V\">\n\n<h4 class=\"wp-block-heading\">Ihr Ansprechpartner<\/h4>\n\n\n\n<ul class=\"link ajx grey\"><li><a data-post-type=\"mitarbeiter\" data-display=\"fancybox\" href=\"https:\/\/hetzelsponheuer.de\/de\/mitarbeiter\/dirk-aschenbeck\">Dirk Aschenbeck<\/a><\/li><\/ul>\n\n\n\n<h4 class=\"wp-block-heading\">Leistungen<\/h4>\n\n\n\n<ul class=\"fade-link grey\"><li><a href=\"https:\/\/hetzelsponheuer.de\/de\/leistungen\/#bewertung-und-beratung\">Bewertung und Beratung<\/a><\/li><li><a href=\"https:\/\/hetzelsponheuer.de\/de\/leistungen\/#planung-und-gestaltung\">Planung und Gestaltung<\/a><\/li><li><a href=\"https:\/\/hetzelsponheuer.de\/de\/leistungen\/#organisation-und-baubegleitung\">Organisation und Baubegleitung<\/a><\/li><li><a href=\"https:\/\/hetzelsponheuer.de\/de\/leistungen\/#handwerk-und-technik\">Handwerk und Technik<\/a><\/li><\/ul>\n\n\n\n<h4 class=\"wp-block-heading\">Referenzen<\/h4>\n\n\n\n<p class=\"grey fade-link\"><a href=\"https:\/\/hetzelsponheuer.de\/de\/referenzen\/bauwerterhaltung-denkmalschutz-l\">Liste unserer Referenzobjeke f\u00fcr Bauwerterhaltung Denkmalschutz<\/a><\/p>\n\n<\/div>\n<\/div>\n<\/div>","protected":false},"excerpt":{"rendered":"","protected":false},"author":1,"featured_media":0,"parent":267,"menu_order":1,"comment_status":"closed","ping_status":"closed","template":"page-fullwidth.php","meta":{"footnotes":""},"yoast_head":"<!-- This site is optimized with the Yoast SEO plugin v22.6 - https:\/\/yoast.com\/wordpress\/plugins\/seo\/ -->\n<title>Baul\u00f6sungen \u00b7 Bauwerterhaltung Denkmalschutz \u00b7 Bauwerterhaltung \u00b7<\/title>\n<meta name=\"description\" content=\"Optimierte Leistungspakete, spezialisierte Bauteams, denkmalgerechte Materialwahl garantieren eine terminsichere werterhaltende Sanierung Ihrer Immobilie.\" \/>\n<meta name=\"robots\" content=\"index, follow, max-snippet:-1, max-image-preview:large, max-video-preview:-1\" \/>\n<link rel=\"canonical\" href=\"https:\/\/hetzelsponheuer.de\/de\/loesungen\/bauwerterhaltung-denkmalschutz\/bauwerterhaltung\/\" \/>\n<meta property=\"og:locale\" content=\"de_DE\" \/>\n<meta property=\"og:type\" content=\"article\" \/>\n<meta property=\"og:title\" content=\"Baul\u00f6sungen \u00b7 Bauwerterhaltung Denkmalschutz \u00b7 Bauwerterhaltung \u00b7\" \/>\n<meta property=\"og:description\" content=\"Optimierte Leistungspakete, spezialisierte Bauteams, denkmalgerechte Materialwahl garantieren eine terminsichere werterhaltende Sanierung Ihrer Immobilie.\" \/>\n<meta property=\"og:url\" content=\"https:\/\/hetzelsponheuer.de\/de\/loesungen\/bauwerterhaltung-denkmalschutz\/bauwerterhaltung\/\" \/>\n<meta property=\"og:site_name\" content=\"Hetzel+Sponheuer \u00b7 de\" \/>\n<meta property=\"article:modified_time\" content=\"2021-07-07T16:41:36+00:00\" \/>\n<meta property=\"og:image\" content=\"https:\/\/hetzelsponheuer.de\/de\/wp-content\/uploads\/sites\/2\/2019\/09\/bauwerterehaltung-248-links.jpg\" \/>\n<meta name=\"twitter:card\" content=\"summary_large_image\" \/>\n<meta name=\"twitter:label1\" content=\"Gesch\u00e4tzte Lesezeit\" \/>\n\t<meta name=\"twitter:data1\" content=\"2\u00a0Minuten\" \/>\n<script type=\"application\/ld+json\" class=\"yoast-schema-graph\">{\"@context\":\"https:\/\/schema.org\",\"@graph\":[{\"@type\":\"WebPage\",\"@id\":\"https:\/\/hetzelsponheuer.de\/de\/loesungen\/bauwerterhaltung-denkmalschutz\/bauwerterhaltung\/\",\"url\":\"https:\/\/hetzelsponheuer.de\/de\/loesungen\/bauwerterhaltung-denkmalschutz\/bauwerterhaltung\/\",\"name\":\"Baul\u00f6sungen \u00b7 Bauwerterhaltung Denkmalschutz \u00b7 Bauwerterhaltung \u00b7\",\"isPartOf\":{\"@id\":\"https:\/\/hetzelsponheuer.de\/de\/#website\"},\"primaryImageOfPage\":{\"@id\":\"https:\/\/hetzelsponheuer.de\/de\/loesungen\/bauwerterhaltung-denkmalschutz\/bauwerterhaltung\/#primaryimage\"},\"image\":{\"@id\":\"https:\/\/hetzelsponheuer.de\/de\/loesungen\/bauwerterhaltung-denkmalschutz\/bauwerterhaltung\/#primaryimage\"},\"thumbnailUrl\":\"https:\/\/hetzelsponheuer.de\/de\/wp-content\/uploads\/sites\/2\/2019\/09\/bauwerterehaltung-248-links.jpg\",\"datePublished\":\"2019-08-12T14:07:11+00:00\",\"dateModified\":\"2021-07-07T16:41:36+00:00\",\"description\":\"Optimierte Leistungspakete, spezialisierte Bauteams, denkmalgerechte Materialwahl garantieren eine terminsichere werterhaltende Sanierung Ihrer Immobilie.\",\"breadcrumb\":{\"@id\":\"https:\/\/hetzelsponheuer.de\/de\/loesungen\/bauwerterhaltung-denkmalschutz\/bauwerterhaltung\/#breadcrumb\"},\"inLanguage\":\"de\",\"potentialAction\":[{\"@type\":\"ReadAction\",\"target\":[\"https:\/\/hetzelsponheuer.de\/de\/loesungen\/bauwerterhaltung-denkmalschutz\/bauwerterhaltung\/\"]}]},{\"@type\":\"ImageObject\",\"inLanguage\":\"de\",\"@id\":\"https:\/\/hetzelsponheuer.de\/de\/loesungen\/bauwerterhaltung-denkmalschutz\/bauwerterhaltung\/#primaryimage\",\"url\":\"https:\/\/hetzelsponheuer.de\/de\/wp-content\/uploads\/sites\/2\/2019\/09\/bauwerterehaltung-248-links.jpg\",\"contentUrl\":\"https:\/\/hetzelsponheuer.de\/de\/wp-content\/uploads\/sites\/2\/2019\/09\/bauwerterehaltung-248-links.jpg\",\"width\":373,\"height\":554,\"caption\":\"Umntzung Industriedenkmal\"},{\"@type\":\"BreadcrumbList\",\"@id\":\"https:\/\/hetzelsponheuer.de\/de\/loesungen\/bauwerterhaltung-denkmalschutz\/bauwerterhaltung\/#breadcrumb\",\"itemListElement\":[{\"@type\":\"ListItem\",\"position\":1,\"name\":\"Startseite\",\"item\":\"https:\/\/hetzelsponheuer.de\/de\/\"},{\"@type\":\"ListItem\",\"position\":2,\"name\":\"L\u00f6sungen\",\"item\":\"https:\/\/hetzelsponheuer.de\/de\/loesungen\/\"},{\"@type\":\"ListItem\",\"position\":3,\"name\":\"Bauwerterhaltung Denkmalschutz\",\"item\":\"https:\/\/hetzelsponheuer.de\/de\/loesungen\/bauwerterhaltung-denkmalschutz\/\"},{\"@type\":\"ListItem\",\"position\":4,\"name\":\"Bauwerterhaltung\"}]},{\"@type\":\"WebSite\",\"@id\":\"https:\/\/hetzelsponheuer.de\/de\/#website\",\"url\":\"https:\/\/hetzelsponheuer.de\/de\/\",\"name\":\"Hetzel+Sponheuer \u00b7 de\",\"description\":\"L\u00f6sungen f\u00fcr Ihr Bauprojekt\",\"publisher\":{\"@id\":\"https:\/\/hetzelsponheuer.de\/de\/#organization\"},\"inLanguage\":\"de\"},{\"@type\":\"Organization\",\"@id\":\"https:\/\/hetzelsponheuer.de\/de\/#organization\",\"name\":\"Hetzel+Sponheuer GmbH & Co. KG\",\"url\":\"https:\/\/hetzelsponheuer.de\/de\/\",\"logo\":{\"@type\":\"ImageObject\",\"inLanguage\":\"de\",\"@id\":\"https:\/\/hetzelsponheuer.de\/de\/#\/schema\/logo\/image\/\",\"url\":\"https:\/\/hetzelsponheuer.de\/en\/wp-content\/uploads\/sites\/2\/2020\/02\/logo_hetzelsponheuer.png\",\"contentUrl\":\"https:\/\/hetzelsponheuer.de\/en\/wp-content\/uploads\/sites\/2\/2020\/02\/logo_hetzelsponheuer.png\",\"width\":360,\"height\":24,\"caption\":\"Hetzel+Sponheuer GmbH & Co. KG\"},\"image\":{\"@id\":\"https:\/\/hetzelsponheuer.de\/de\/#\/schema\/logo\/image\/\"},\"sameAs\":[\"https:\/\/www.linkedin.com\/company\/hetzel-sponheuer-gmbh-&amp;-co.-kg\"]}]}<\/script>\n<!-- \/ Yoast SEO plugin. -->","yoast_head_json":{"title":"Baul\u00f6sungen \u00b7 Bauwerterhaltung Denkmalschutz \u00b7 Bauwerterhaltung \u00b7","description":"Optimierte Leistungspakete, spezialisierte Bauteams, denkmalgerechte Materialwahl garantieren eine terminsichere werterhaltende Sanierung Ihrer Immobilie.","robots":{"index":"index","follow":"follow","max-snippet":"max-snippet:-1","max-image-preview":"max-image-preview:large","max-video-preview":"max-video-preview:-1"},"canonical":"https:\/\/hetzelsponheuer.de\/de\/loesungen\/bauwerterhaltung-denkmalschutz\/bauwerterhaltung\/","og_locale":"de_DE","og_type":"article","og_title":"Baul\u00f6sungen \u00b7 Bauwerterhaltung Denkmalschutz \u00b7 Bauwerterhaltung \u00b7","og_description":"Optimierte Leistungspakete, spezialisierte Bauteams, denkmalgerechte Materialwahl garantieren eine terminsichere werterhaltende Sanierung Ihrer Immobilie.","og_url":"https:\/\/hetzelsponheuer.de\/de\/loesungen\/bauwerterhaltung-denkmalschutz\/bauwerterhaltung\/","og_site_name":"Hetzel+Sponheuer \u00b7 de","article_modified_time":"2021-07-07T16:41:36+00:00","og_image":[{"url":"https:\/\/hetzelsponheuer.de\/de\/wp-content\/uploads\/sites\/2\/2019\/09\/bauwerterehaltung-248-links.jpg"}],"twitter_card":"summary_large_image","twitter_misc":{"Gesch\u00e4tzte Lesezeit":"2\u00a0Minuten"},"schema":{"@context":"https:\/\/schema.org","@graph":[{"@type":"WebPage","@id":"https:\/\/hetzelsponheuer.de\/de\/loesungen\/bauwerterhaltung-denkmalschutz\/bauwerterhaltung\/","url":"https:\/\/hetzelsponheuer.de\/de\/loesungen\/bauwerterhaltung-denkmalschutz\/bauwerterhaltung\/","name":"Baul\u00f6sungen \u00b7 Bauwerterhaltung Denkmalschutz \u00b7 Bauwerterhaltung \u00b7","isPartOf":{"@id":"https:\/\/hetzelsponheuer.de\/de\/#website"},"primaryImageOfPage":{"@id":"https:\/\/hetzelsponheuer.de\/de\/loesungen\/bauwerterhaltung-denkmalschutz\/bauwerterhaltung\/#primaryimage"},"image":{"@id":"https:\/\/hetzelsponheuer.de\/de\/loesungen\/bauwerterhaltung-denkmalschutz\/bauwerterhaltung\/#primaryimage"},"thumbnailUrl":"https:\/\/hetzelsponheuer.de\/de\/wp-content\/uploads\/sites\/2\/2019\/09\/bauwerterehaltung-248-links.jpg","datePublished":"2019-08-12T14:07:11+00:00","dateModified":"2021-07-07T16:41:36+00:00","description":"Optimierte Leistungspakete, spezialisierte Bauteams, denkmalgerechte Materialwahl garantieren eine terminsichere werterhaltende Sanierung Ihrer Immobilie.","breadcrumb":{"@id":"https:\/\/hetzelsponheuer.de\/de\/loesungen\/bauwerterhaltung-denkmalschutz\/bauwerterhaltung\/#breadcrumb"},"inLanguage":"de","potentialAction":[{"@type":"ReadAction","target":["https:\/\/hetzelsponheuer.de\/de\/loesungen\/bauwerterhaltung-denkmalschutz\/bauwerterhaltung\/"]}]},{"@type":"ImageObject","inLanguage":"de","@id":"https:\/\/hetzelsponheuer.de\/de\/loesungen\/bauwerterhaltung-denkmalschutz\/bauwerterhaltung\/#primaryimage","url":"https:\/\/hetzelsponheuer.de\/de\/wp-content\/uploads\/sites\/2\/2019\/09\/bauwerterehaltung-248-links.jpg","contentUrl":"https:\/\/hetzelsponheuer.de\/de\/wp-content\/uploads\/sites\/2\/2019\/09\/bauwerterehaltung-248-links.jpg","width":373,"height":554,"caption":"Umntzung Industriedenkmal"},{"@type":"BreadcrumbList","@id":"https:\/\/hetzelsponheuer.de\/de\/loesungen\/bauwerterhaltung-denkmalschutz\/bauwerterhaltung\/#breadcrumb","itemListElement":[{"@type":"ListItem","position":1,"name":"Startseite","item":"https:\/\/hetzelsponheuer.de\/de\/"},{"@type":"ListItem","position":2,"name":"L\u00f6sungen","item":"https:\/\/hetzelsponheuer.de\/de\/loesungen\/"},{"@type":"ListItem","position":3,"name":"Bauwerterhaltung Denkmalschutz","item":"https:\/\/hetzelsponheuer.de\/de\/loesungen\/bauwerterhaltung-denkmalschutz\/"},{"@type":"ListItem","position":4,"name":"Bauwerterhaltung"}]},{"@type":"WebSite","@id":"https:\/\/hetzelsponheuer.de\/de\/#website","url":"https:\/\/hetzelsponheuer.de\/de\/","name":"Hetzel+Sponheuer \u00b7 de","description":"L\u00f6sungen f\u00fcr Ihr Bauprojekt","publisher":{"@id":"https:\/\/hetzelsponheuer.de\/de\/#organization"},"inLanguage":"de"},{"@type":"Organization","@id":"https:\/\/hetzelsponheuer.de\/de\/#organization","name":"Hetzel+Sponheuer GmbH & Co. KG","url":"https:\/\/hetzelsponheuer.de\/de\/","logo":{"@type":"ImageObject","inLanguage":"de","@id":"https:\/\/hetzelsponheuer.de\/de\/#\/schema\/logo\/image\/","url":"https:\/\/hetzelsponheuer.de\/en\/wp-content\/uploads\/sites\/2\/2020\/02\/logo_hetzelsponheuer.png","contentUrl":"https:\/\/hetzelsponheuer.de\/en\/wp-content\/uploads\/sites\/2\/2020\/02\/logo_hetzelsponheuer.png","width":360,"height":24,"caption":"Hetzel+Sponheuer GmbH & Co. KG"},"image":{"@id":"https:\/\/hetzelsponheuer.de\/de\/#\/schema\/logo\/image\/"},"sameAs":["https:\/\/www.linkedin.com\/company\/hetzel-sponheuer-gmbh-&amp;-co.-kg"]}]}},"_links":{"self":[{"href":"https:\/\/hetzelsponheuer.de\/de\/wp-json\/wp\/v2\/pages\/649"}],"collection":[{"href":"https:\/\/hetzelsponheuer.de\/de\/wp-json\/wp\/v2\/pages"}],"about":[{"href":"https:\/\/hetzelsponheuer.de\/de\/wp-json\/wp\/v2\/types\/page"}],"author":[{"embeddable":true,"href":"https:\/\/hetzelsponheuer.de\/de\/wp-json\/wp\/v2\/users\/1"}],"replies":[{"embeddable":true,"href":"https:\/\/hetzelsponheuer.de\/de\/wp-json\/wp\/v2\/comments?post=649"}],"version-history":[{"count":2,"href":"https:\/\/hetzelsponheuer.de\/de\/wp-json\/wp\/v2\/pages\/649\/revisions"}],"predecessor-version":[{"id":5773,"href":"https:\/\/hetzelsponheuer.de\/de\/wp-json\/wp\/v2\/pages\/649\/revisions\/5773"}],"up":[{"embeddable":true,"href":"https:\/\/hetzelsponheuer.de\/de\/wp-json\/wp\/v2\/pages\/267"}],"wp:attachment":[{"href":"https:\/\/hetzelsponheuer.de\/de\/wp-json\/wp\/v2\/media?parent=649"}],"curies":[{"name":"wp","href":"https:\/\/api.w.org\/{rel}","templated":true}]}}