{"id":656,"date":"2019-08-12T16:19:22","date_gmt":"2019-08-12T14:19:22","guid":{"rendered":"http:\/\/hetzelsponheuer.de\/de\/?page_id=656"},"modified":"2021-07-07T18:44:07","modified_gmt":"2021-07-07T16:44:07","slug":"denkmalschutz","status":"publish","type":"page","link":"https:\/\/hetzelsponheuer.de\/de\/loesungen\/bauwerterhaltung-denkmalschutz\/denkmalschutz\/","title":{"rendered":"Denkmalschutz"},"content":{"rendered":"\n<div style=\"height:32px\" aria-hidden=\"true\" class=\"wp-block-spacer\"><\/div>\n\n\n<div class=\"banner row x-4 md-3-3-3-3 sm-0-0-6-6 wp-block-lazyblock-inner-block lazyblock-inner-block-1VnMmQ\">\n<div class=\"col wp-block-lazyblock-inner-block lazyblock-inner-block-nvywj\">\n<div class=\"wp-block-lazyblock-inner-block lazyblock-inner-block-2f1bMe\">\n\n<p>  <\/p>\n\n<\/div>\n<\/div>\n\n<div class=\"col wp-block-lazyblock-inner-block lazyblock-inner-block-Z1pHcQp\">\n<div class=\"bg grey img wp-block-lazyblock-inner-block lazyblock-inner-block-ZUTuSG\">\n\n<figure class=\"wp-block-image\"><img decoding=\"async\" loading=\"lazy\" width=\"373\" height=\"507\" src=\"https:\/\/hetzelsponheuer.de\/de\/wp-content\/uploads\/sites\/2\/2019\/09\/denkmalschutz-hb2001-links.jpg\" alt=\"Denkmalschutz H\u00f6rder Burg \u00b7 Umbau\" class=\"wp-image-4186\" srcset=\"https:\/\/hetzelsponheuer.de\/de\/wp-content\/uploads\/sites\/2\/2019\/09\/denkmalschutz-hb2001-links.jpg 373w, https:\/\/hetzelsponheuer.de\/de\/wp-content\/uploads\/sites\/2\/2019\/09\/denkmalschutz-hb2001-links-294x400.jpg 294w\" sizes=\"(max-width: 373px) 100vw, 373px\" \/><\/figure>\n\n<\/div>\n<\/div>\n\n<div class=\"col wp-block-lazyblock-inner-block lazyblock-inner-block-1znxxg\">\n<div class=\"bg grey img wp-block-lazyblock-inner-block lazyblock-inner-block-1lMtYQ\">\n\n<figure class=\"wp-block-image\"><img decoding=\"async\" loading=\"lazy\" width=\"373\" height=\"507\" src=\"https:\/\/hetzelsponheuer.de\/de\/wp-content\/uploads\/sites\/2\/2019\/09\/denkmalschutz-hb2001-mitte.jpg\" alt=\"Denkmalschutz H\u00f6rder Burg \u00b7 Sanierung\" class=\"wp-image-4187\" srcset=\"https:\/\/hetzelsponheuer.de\/de\/wp-content\/uploads\/sites\/2\/2019\/09\/denkmalschutz-hb2001-mitte.jpg 373w, https:\/\/hetzelsponheuer.de\/de\/wp-content\/uploads\/sites\/2\/2019\/09\/denkmalschutz-hb2001-mitte-294x400.jpg 294w\" sizes=\"(max-width: 373px) 100vw, 373px\" \/><\/figure>\n\n<\/div>\n<\/div>\n\n<div class=\"col wp-block-lazyblock-inner-block lazyblock-inner-block-Z2bMYIL\">\n<div class=\"bg grey img wp-block-lazyblock-inner-block lazyblock-inner-block-ZKAn6g\">\n\n<figure class=\"wp-block-image\"><img decoding=\"async\" loading=\"lazy\" width=\"373\" height=\"507\" src=\"https:\/\/hetzelsponheuer.de\/de\/wp-content\/uploads\/sites\/2\/2019\/09\/denkmalschutz-hb2001-rechts.jpg\" alt=\"Denkmalschutz H\u00f6rder Burg \u00b7 Fassade\" class=\"wp-image-4188\" srcset=\"https:\/\/hetzelsponheuer.de\/de\/wp-content\/uploads\/sites\/2\/2019\/09\/denkmalschutz-hb2001-rechts.jpg 373w, https:\/\/hetzelsponheuer.de\/de\/wp-content\/uploads\/sites\/2\/2019\/09\/denkmalschutz-hb2001-rechts-294x400.jpg 294w\" sizes=\"(max-width: 373px) 100vw, 373px\" \/><\/figure>\n\n<\/div>\n<\/div>\n<\/div>\n\n<div class=\"row x-24 md-3-9 sm-0-12 wp-block-lazyblock-inner-block lazyblock-inner-block-ZTepAb\">\n<div class=\"col wp-block-lazyblock-inner-block lazyblock-inner-block-Z23kHAU\">\n<div class=\"wp-block-lazyblock-inner-block lazyblock-inner-block-2rAEvE\">\n\n<p>  <\/p>\n\n<\/div>\n<\/div>\n\n<div class=\"col wp-block-lazyblock-inner-block lazyblock-inner-block-Z21Dhan\">\n<div class=\"head wp-block-lazyblock-inner-block lazyblock-inner-block-ZQPGWH\">\n\n<p class=\"topline js close\"><a href=\"https:\/\/hetzelsponheuer.de\/de\/loesungen\/#intro-loesungen\">L\u00f6sungen<\/a> \u00b7 <a href=\"https:\/\/hetzelsponheuer.de\/de\/loesungen\/bauwerterhaltung-denkmalschutz\">Bauwerterhaltung Denkmalschutz <\/a>\u00b7 Denkmalschutz<\/p>\n\n\n\n<h2 class=\"h1 wp-block-heading\"><span class=\"grey\">Denk\u00ad\u00adm\u00e4ler<\/span> lang\u00ad\u00adfristig <span class=\"grey\">erhal\u00adten<\/span><\/h2>\n\n<\/div>\n<\/div>\n<\/div>\n\n<div class=\"row x-24 md-3-6-3 sm-12-12-12 wp-block-lazyblock-inner-block lazyblock-inner-block-Z1boxei\">\n<div class=\"col wp-block-lazyblock-inner-block lazyblock-inner-block-ZvDjde\">\n<div class=\"wp-block-lazyblock-inner-block lazyblock-inner-block-Zxfats\">\n\n<p class=\"has-text-align-right md-right pl-24 color\">Geb\u00e4ude unter Denkmalschutz sind Zeitzeugen l\u00e4ngst vergangener Epochen. Sie stehen f\u00fcr einen besonderen Baustil oder eine spezielle Funktion und haben f\u00fcr viele Menschen einen hohen emotionalen Wert.&nbsp;<\/p>\n\n<\/div>\n<\/div>\n\n<div class=\"col wp-block-lazyblock-inner-block lazyblock-inner-block-Z106B1y\">\n<div class=\"wp-block-lazyblock-inner-block lazyblock-inner-block-1tB0RI\">\n\n<p>Gerade an diesen Geb\u00e4uden geht die Zeit nicht spurlos vor\u00fcber. Die einge\u00adsetzten Bau- und Werk\u00adstoffe erm\u00fcden nach oftmals jahr\u00adzehnte\u00ad\u00adlanger Bean\u00adspruchung. Dies gilt f\u00fcr den Au\u00dfen- wie auch Innen\u00adbereich.<\/p>\n\n\n\n<p>Die Hetzel + Sponheuer GmbH &amp; Co. KG k\u00fcmmert sich um die fachm\u00e4nnische Pflege und Instandhaltung denkmalgesch\u00fctzter Geb\u00e4ude. Speziell geschulte Ingenieure und Fachteams arbeiten an diesen Baudenkm\u00e4lern mit gro\u00dfer handwerklicher Sorgfalt und beherrschen sowohl alte als auch neue Bau- und Werkstoff\u00adtechniken, um diese \u00fcber viele Jahre hinweg in neuem Glanz erstrahlen zu lassen.<\/p>\n\n\n\n<h3 class=\"h4 wp-block-heading\">Denkmalgerechte Renovierung und Restaurierung<\/h3>\n\n\n\n<p class=\"fade-link\">Unsere Fachteams sind Profis in der Anwen\u00addung alter handwerk\u00ad\u00ad\u00adlicher Tech\u00adniken und Verfahren. So k\u00f6nnen wir auf jede Anfor\u00adde\u00adrung indivi\u00adduell reagieren und jedem Bau\u00ad\u00addenkmal seinen einzig\u00adartigen Charakter erhalten oder auch zur\u00fcck\u00adgeben. Als Partner im <a href=\"https:\/\/hetzelsponheuer.de\/de\/unternehmen\/netzwerk-bau\">Netzwerk Bau<\/a> f\u00fchren wir jede Denkmalschutz Leistung aus und bieten f\u00fcr alle Bereiche des Denkmal\u00adschutzes sach\u00adverst\u00e4n\u00addige Bewer\u00adtung, Beratung und Expertise an.<\/p>\n\n\n\n<ul class=\"border\"><li>Renovierung und Restaurierung im Innen- und Au\u00dfenbereich<\/li><li>Erneuerung von Putz- und Stuckfassaden<\/li><li>Natursteinarbeiten<\/li><li>Stuckateur- und Malerarbeiten<\/li><li>Untergrundbehandlungen<\/li><li>Betoninstandsetzung<\/li><li>Korrosionsschutz<\/li><li>Fassadenschutz und \u2013reinigung<\/li><li>Trockenlegungsverfahren f\u00fcr Mauerwerke<\/li><li>Sanierputzsysteme nach WTA-Richtlinien<\/li><\/ul>\n\n\n\n<h3 class=\"h4 wp-block-heading\">Unser Credo &#8211; Erst analysieren, dann handeln<\/h3>\n\n\n\n<p>Um alle Anforderungen und Vorgaben des Denkmal\u00adschutzes zu ber\u00fcck\u00adsich\u00adtigen, erfolgt vor dem Beginn der Arbeiten eine sorg\u00adf\u00e4ltige Analyse und Auswertung des vorhan\u00addenen Zustands des Geb\u00e4udes. Nachdem die Unter\u00adsuchungs\u00ad\u00adergebnisse mit modernsten Ger\u00e4ten ausge\u00adwertet sind, wird ein indivi\u00adduelles Konzept erstellt, das erl\u00e4utert wie die Sch\u00e4den an dem jewei\u00adligen Baudenkmal best\u00adm\u00f6glich saniert werden k\u00f6nnen bzw. wie ein solches Geb\u00e4ude restauriert werden kann. Bauen im Bestand. Dazu geh\u00f6rt auch die Auswahl des geigneten Verfahrens und der erforder\u00adlichen Materialien. Die enge Abstimmung mit der zust\u00e4n\u00addigen Denkmal\u00adschutz\u00adbeh\u00f6rde ist dabei f\u00fcr uns selbst\u00adverst\u00e4ndlich.<\/p>\n\n\n\n<div style=\"height:64px\" aria-hidden=\"true\" class=\"wp-block-spacer\"><\/div>\n\n<\/div>\n<\/div>\n\n<div class=\"col wp-block-lazyblock-inner-block lazyblock-inner-block-ZYYA2b\">\n<div class=\"wp-block-lazyblock-inner-block lazyblock-inner-block-Z1zUc3V\">\n\n<h4 class=\"wp-block-heading\">Ihr Ansprechpartner<\/h4>\n\n\n\n<ul class=\"link ajx grey\"><li><a data-post-type=\"mitarbeiter\" data-display=\"fancybox\" href=\"https:\/\/hetzelsponheuer.de\/de\/mitarbeiter\/dirk-aschenbeck\">Dirk Aschenbeck<\/a><\/li><\/ul>\n\n\n\n<h4 class=\"wp-block-heading\">Leistungen<\/h4>\n\n\n\n<ul class=\"fade-link grey\"><li class=\"menu-item\"><a href=\"https:\/\/hetzelsponheuer.de\/de\/leistungen\/#bewertung-und-beratung\">Bewertung und Beratung<\/a><\/li><li class=\"menu-item \"><a href=\"https:\/\/hetzelsponheuer.de\/de\/leistungen\/#planung-und-gestaltung\">Planung und Gestaltung<\/a><\/li><li class=\"menu-item \"><a href=\"https:\/\/hetzelsponheuer.de\/de\/leistungen\/#organisation-und-baubegleitung\">Organisation und Baubegleitung<\/a><\/li><li class=\"menu-item \"><a href=\"https:\/\/hetzelsponheuer.de\/de\/leistungen\/#handwerk-und-technik\">Handwerk und Technik<\/a><\/li><\/ul>\n\n\n\n<h4 class=\"wp-block-heading\">Sachverst\u00e4ndig in allen Denkmalschutzfragen<\/h4>\n\n\n\n<ul class=\"fade-link grey\"><li><a href=\"https:\/\/hetzelsponheuer.de\/de\/unternehmen\/#netzwerk-bau\">Netzwerk Bau<\/a><\/li><\/ul>\n\n\n\n<h4 class=\"wp-block-heading\">Referenzen<\/h4>\n\n\n\n<ul class=\"grey fade-link\"><li><a href=\"https:\/\/hetzelsponheuer.de\/de\/referenzen\/bauwerterhaltung-denkmalschutz-l\">Liste unserer Referenzobjeke f\u00fcr Bauwererhaltung Denkmalschutz<\/a><\/li><\/ul>\n\n<\/div>\n<\/div>\n<\/div>","protected":false},"excerpt":{"rendered":"","protected":false},"author":1,"featured_media":0,"parent":267,"menu_order":2,"comment_status":"closed","ping_status":"closed","template":"page-fullwidth.php","meta":{"footnotes":""},"yoast_head":"<!-- This site is optimized with the Yoast SEO plugin v22.6 - https:\/\/yoast.com\/wordpress\/plugins\/seo\/ -->\n<title>Baul\u00f6sungen \u00b7 Bauwerterhaltung, Denkmalschutz \u00b7 Denkmalschutz \u00b7<\/title>\n<meta name=\"description\" content=\"Optimierte Leistungspakete und spezialisierte Bauteams f\u00fcr die Renovierung und Restaurierung im Innen- und Au\u00dfenbereich Ihrer Denkmalschutz Immobilie.\" \/>\n<meta name=\"robots\" content=\"index, follow, max-snippet:-1, max-image-preview:large, max-video-preview:-1\" \/>\n<link rel=\"canonical\" href=\"https:\/\/hetzelsponheuer.de\/de\/loesungen\/bauwerterhaltung-denkmalschutz\/denkmalschutz\/\" \/>\n<meta property=\"og:locale\" content=\"de_DE\" \/>\n<meta property=\"og:type\" content=\"article\" \/>\n<meta property=\"og:title\" content=\"Baul\u00f6sungen \u00b7 Bauwerterhaltung, Denkmalschutz \u00b7 Denkmalschutz \u00b7\" \/>\n<meta property=\"og:description\" content=\"Optimierte Leistungspakete und spezialisierte Bauteams f\u00fcr die Renovierung und Restaurierung im Innen- und Au\u00dfenbereich Ihrer Denkmalschutz Immobilie.\" \/>\n<meta property=\"og:url\" content=\"https:\/\/hetzelsponheuer.de\/de\/loesungen\/bauwerterhaltung-denkmalschutz\/denkmalschutz\/\" \/>\n<meta property=\"og:site_name\" content=\"Hetzel+Sponheuer \u00b7 de\" \/>\n<meta property=\"article:modified_time\" content=\"2021-07-07T16:44:07+00:00\" \/>\n<meta property=\"og:image\" content=\"https:\/\/hetzelsponheuer.de\/de\/wp-content\/uploads\/sites\/2\/2019\/09\/denkmalschutz-hb2001-links.jpg\" \/>\n<meta name=\"twitter:card\" content=\"summary_large_image\" \/>\n<meta name=\"twitter:label1\" content=\"Gesch\u00e4tzte Lesezeit\" \/>\n\t<meta name=\"twitter:data1\" content=\"3\u00a0Minuten\" \/>\n<script type=\"application\/ld+json\" class=\"yoast-schema-graph\">{\"@context\":\"https:\/\/schema.org\",\"@graph\":[{\"@type\":\"WebPage\",\"@id\":\"https:\/\/hetzelsponheuer.de\/de\/loesungen\/bauwerterhaltung-denkmalschutz\/denkmalschutz\/\",\"url\":\"https:\/\/hetzelsponheuer.de\/de\/loesungen\/bauwerterhaltung-denkmalschutz\/denkmalschutz\/\",\"name\":\"Baul\u00f6sungen \u00b7 Bauwerterhaltung, Denkmalschutz \u00b7 Denkmalschutz \u00b7\",\"isPartOf\":{\"@id\":\"https:\/\/hetzelsponheuer.de\/de\/#website\"},\"primaryImageOfPage\":{\"@id\":\"https:\/\/hetzelsponheuer.de\/de\/loesungen\/bauwerterhaltung-denkmalschutz\/denkmalschutz\/#primaryimage\"},\"image\":{\"@id\":\"https:\/\/hetzelsponheuer.de\/de\/loesungen\/bauwerterhaltung-denkmalschutz\/denkmalschutz\/#primaryimage\"},\"thumbnailUrl\":\"https:\/\/hetzelsponheuer.de\/de\/wp-content\/uploads\/sites\/2\/2019\/09\/denkmalschutz-hb2001-links.jpg\",\"datePublished\":\"2019-08-12T14:19:22+00:00\",\"dateModified\":\"2021-07-07T16:44:07+00:00\",\"description\":\"Optimierte Leistungspakete und spezialisierte Bauteams f\u00fcr die Renovierung und Restaurierung im Innen- und Au\u00dfenbereich Ihrer Denkmalschutz Immobilie.\",\"breadcrumb\":{\"@id\":\"https:\/\/hetzelsponheuer.de\/de\/loesungen\/bauwerterhaltung-denkmalschutz\/denkmalschutz\/#breadcrumb\"},\"inLanguage\":\"de\",\"potentialAction\":[{\"@type\":\"ReadAction\",\"target\":[\"https:\/\/hetzelsponheuer.de\/de\/loesungen\/bauwerterhaltung-denkmalschutz\/denkmalschutz\/\"]}]},{\"@type\":\"ImageObject\",\"inLanguage\":\"de\",\"@id\":\"https:\/\/hetzelsponheuer.de\/de\/loesungen\/bauwerterhaltung-denkmalschutz\/denkmalschutz\/#primaryimage\",\"url\":\"https:\/\/hetzelsponheuer.de\/de\/wp-content\/uploads\/sites\/2\/2019\/09\/denkmalschutz-hb2001-links.jpg\",\"contentUrl\":\"https:\/\/hetzelsponheuer.de\/de\/wp-content\/uploads\/sites\/2\/2019\/09\/denkmalschutz-hb2001-links.jpg\",\"width\":373,\"height\":507,\"caption\":\"Sanierung Denkmalschutz Fassade\"},{\"@type\":\"BreadcrumbList\",\"@id\":\"https:\/\/hetzelsponheuer.de\/de\/loesungen\/bauwerterhaltung-denkmalschutz\/denkmalschutz\/#breadcrumb\",\"itemListElement\":[{\"@type\":\"ListItem\",\"position\":1,\"name\":\"Startseite\",\"item\":\"https:\/\/hetzelsponheuer.de\/de\/\"},{\"@type\":\"ListItem\",\"position\":2,\"name\":\"L\u00f6sungen\",\"item\":\"https:\/\/hetzelsponheuer.de\/de\/loesungen\/\"},{\"@type\":\"ListItem\",\"position\":3,\"name\":\"Bauwerterhaltung Denkmalschutz\",\"item\":\"https:\/\/hetzelsponheuer.de\/de\/loesungen\/bauwerterhaltung-denkmalschutz\/\"},{\"@type\":\"ListItem\",\"position\":4,\"name\":\"Denkmalschutz\"}]},{\"@type\":\"WebSite\",\"@id\":\"https:\/\/hetzelsponheuer.de\/de\/#website\",\"url\":\"https:\/\/hetzelsponheuer.de\/de\/\",\"name\":\"Hetzel+Sponheuer \u00b7 de\",\"description\":\"L\u00f6sungen f\u00fcr Ihr Bauprojekt\",\"publisher\":{\"@id\":\"https:\/\/hetzelsponheuer.de\/de\/#organization\"},\"inLanguage\":\"de\"},{\"@type\":\"Organization\",\"@id\":\"https:\/\/hetzelsponheuer.de\/de\/#organization\",\"name\":\"Hetzel+Sponheuer GmbH & Co. KG\",\"url\":\"https:\/\/hetzelsponheuer.de\/de\/\",\"logo\":{\"@type\":\"ImageObject\",\"inLanguage\":\"de\",\"@id\":\"https:\/\/hetzelsponheuer.de\/de\/#\/schema\/logo\/image\/\",\"url\":\"https:\/\/hetzelsponheuer.de\/en\/wp-content\/uploads\/sites\/2\/2020\/02\/logo_hetzelsponheuer.png\",\"contentUrl\":\"https:\/\/hetzelsponheuer.de\/en\/wp-content\/uploads\/sites\/2\/2020\/02\/logo_hetzelsponheuer.png\",\"width\":360,\"height\":24,\"caption\":\"Hetzel+Sponheuer GmbH & Co. KG\"},\"image\":{\"@id\":\"https:\/\/hetzelsponheuer.de\/de\/#\/schema\/logo\/image\/\"},\"sameAs\":[\"https:\/\/www.linkedin.com\/company\/hetzel-sponheuer-gmbh-&amp;-co.-kg\"]}]}<\/script>\n<!-- \/ Yoast SEO plugin. -->","yoast_head_json":{"title":"Baul\u00f6sungen \u00b7 Bauwerterhaltung, Denkmalschutz \u00b7 Denkmalschutz \u00b7","description":"Optimierte Leistungspakete und spezialisierte Bauteams f\u00fcr die Renovierung und Restaurierung im Innen- und Au\u00dfenbereich Ihrer Denkmalschutz Immobilie.","robots":{"index":"index","follow":"follow","max-snippet":"max-snippet:-1","max-image-preview":"max-image-preview:large","max-video-preview":"max-video-preview:-1"},"canonical":"https:\/\/hetzelsponheuer.de\/de\/loesungen\/bauwerterhaltung-denkmalschutz\/denkmalschutz\/","og_locale":"de_DE","og_type":"article","og_title":"Baul\u00f6sungen \u00b7 Bauwerterhaltung, Denkmalschutz \u00b7 Denkmalschutz \u00b7","og_description":"Optimierte Leistungspakete und spezialisierte Bauteams f\u00fcr die Renovierung und Restaurierung im Innen- und Au\u00dfenbereich Ihrer Denkmalschutz Immobilie.","og_url":"https:\/\/hetzelsponheuer.de\/de\/loesungen\/bauwerterhaltung-denkmalschutz\/denkmalschutz\/","og_site_name":"Hetzel+Sponheuer \u00b7 de","article_modified_time":"2021-07-07T16:44:07+00:00","og_image":[{"url":"https:\/\/hetzelsponheuer.de\/de\/wp-content\/uploads\/sites\/2\/2019\/09\/denkmalschutz-hb2001-links.jpg"}],"twitter_card":"summary_large_image","twitter_misc":{"Gesch\u00e4tzte Lesezeit":"3\u00a0Minuten"},"schema":{"@context":"https:\/\/schema.org","@graph":[{"@type":"WebPage","@id":"https:\/\/hetzelsponheuer.de\/de\/loesungen\/bauwerterhaltung-denkmalschutz\/denkmalschutz\/","url":"https:\/\/hetzelsponheuer.de\/de\/loesungen\/bauwerterhaltung-denkmalschutz\/denkmalschutz\/","name":"Baul\u00f6sungen \u00b7 Bauwerterhaltung, Denkmalschutz \u00b7 Denkmalschutz \u00b7","isPartOf":{"@id":"https:\/\/hetzelsponheuer.de\/de\/#website"},"primaryImageOfPage":{"@id":"https:\/\/hetzelsponheuer.de\/de\/loesungen\/bauwerterhaltung-denkmalschutz\/denkmalschutz\/#primaryimage"},"image":{"@id":"https:\/\/hetzelsponheuer.de\/de\/loesungen\/bauwerterhaltung-denkmalschutz\/denkmalschutz\/#primaryimage"},"thumbnailUrl":"https:\/\/hetzelsponheuer.de\/de\/wp-content\/uploads\/sites\/2\/2019\/09\/denkmalschutz-hb2001-links.jpg","datePublished":"2019-08-12T14:19:22+00:00","dateModified":"2021-07-07T16:44:07+00:00","description":"Optimierte Leistungspakete und spezialisierte Bauteams f\u00fcr die Renovierung und Restaurierung im Innen- und Au\u00dfenbereich Ihrer Denkmalschutz Immobilie.","breadcrumb":{"@id":"https:\/\/hetzelsponheuer.de\/de\/loesungen\/bauwerterhaltung-denkmalschutz\/denkmalschutz\/#breadcrumb"},"inLanguage":"de","potentialAction":[{"@type":"ReadAction","target":["https:\/\/hetzelsponheuer.de\/de\/loesungen\/bauwerterhaltung-denkmalschutz\/denkmalschutz\/"]}]},{"@type":"ImageObject","inLanguage":"de","@id":"https:\/\/hetzelsponheuer.de\/de\/loesungen\/bauwerterhaltung-denkmalschutz\/denkmalschutz\/#primaryimage","url":"https:\/\/hetzelsponheuer.de\/de\/wp-content\/uploads\/sites\/2\/2019\/09\/denkmalschutz-hb2001-links.jpg","contentUrl":"https:\/\/hetzelsponheuer.de\/de\/wp-content\/uploads\/sites\/2\/2019\/09\/denkmalschutz-hb2001-links.jpg","width":373,"height":507,"caption":"Sanierung Denkmalschutz Fassade"},{"@type":"BreadcrumbList","@id":"https:\/\/hetzelsponheuer.de\/de\/loesungen\/bauwerterhaltung-denkmalschutz\/denkmalschutz\/#breadcrumb","itemListElement":[{"@type":"ListItem","position":1,"name":"Startseite","item":"https:\/\/hetzelsponheuer.de\/de\/"},{"@type":"ListItem","position":2,"name":"L\u00f6sungen","item":"https:\/\/hetzelsponheuer.de\/de\/loesungen\/"},{"@type":"ListItem","position":3,"name":"Bauwerterhaltung Denkmalschutz","item":"https:\/\/hetzelsponheuer.de\/de\/loesungen\/bauwerterhaltung-denkmalschutz\/"},{"@type":"ListItem","position":4,"name":"Denkmalschutz"}]},{"@type":"WebSite","@id":"https:\/\/hetzelsponheuer.de\/de\/#website","url":"https:\/\/hetzelsponheuer.de\/de\/","name":"Hetzel+Sponheuer \u00b7 de","description":"L\u00f6sungen f\u00fcr Ihr Bauprojekt","publisher":{"@id":"https:\/\/hetzelsponheuer.de\/de\/#organization"},"inLanguage":"de"},{"@type":"Organization","@id":"https:\/\/hetzelsponheuer.de\/de\/#organization","name":"Hetzel+Sponheuer GmbH & Co. KG","url":"https:\/\/hetzelsponheuer.de\/de\/","logo":{"@type":"ImageObject","inLanguage":"de","@id":"https:\/\/hetzelsponheuer.de\/de\/#\/schema\/logo\/image\/","url":"https:\/\/hetzelsponheuer.de\/en\/wp-content\/uploads\/sites\/2\/2020\/02\/logo_hetzelsponheuer.png","contentUrl":"https:\/\/hetzelsponheuer.de\/en\/wp-content\/uploads\/sites\/2\/2020\/02\/logo_hetzelsponheuer.png","width":360,"height":24,"caption":"Hetzel+Sponheuer GmbH & Co. KG"},"image":{"@id":"https:\/\/hetzelsponheuer.de\/de\/#\/schema\/logo\/image\/"},"sameAs":["https:\/\/www.linkedin.com\/company\/hetzel-sponheuer-gmbh-&amp;-co.-kg"]}]}},"_links":{"self":[{"href":"https:\/\/hetzelsponheuer.de\/de\/wp-json\/wp\/v2\/pages\/656"}],"collection":[{"href":"https:\/\/hetzelsponheuer.de\/de\/wp-json\/wp\/v2\/pages"}],"about":[{"href":"https:\/\/hetzelsponheuer.de\/de\/wp-json\/wp\/v2\/types\/page"}],"author":[{"embeddable":true,"href":"https:\/\/hetzelsponheuer.de\/de\/wp-json\/wp\/v2\/users\/1"}],"replies":[{"embeddable":true,"href":"https:\/\/hetzelsponheuer.de\/de\/wp-json\/wp\/v2\/comments?post=656"}],"version-history":[{"count":2,"href":"https:\/\/hetzelsponheuer.de\/de\/wp-json\/wp\/v2\/pages\/656\/revisions"}],"predecessor-version":[{"id":5775,"href":"https:\/\/hetzelsponheuer.de\/de\/wp-json\/wp\/v2\/pages\/656\/revisions\/5775"}],"up":[{"embeddable":true,"href":"https:\/\/hetzelsponheuer.de\/de\/wp-json\/wp\/v2\/pages\/267"}],"wp:attachment":[{"href":"https:\/\/hetzelsponheuer.de\/de\/wp-json\/wp\/v2\/media?parent=656"}],"curies":[{"name":"wp","href":"https:\/\/api.w.org\/{rel}","templated":true}]}}