{"id":663,"date":"2019-08-12T16:34:27","date_gmt":"2019-08-12T14:34:27","guid":{"rendered":"http:\/\/hetzelsponheuer.de\/de\/?page_id=663"},"modified":"2021-07-07T18:47:32","modified_gmt":"2021-07-07T16:47:32","slug":"fassade","status":"publish","type":"page","link":"https:\/\/hetzelsponheuer.de\/de\/loesungen\/bauwerterhaltung-denkmalschutz\/fassade\/","title":{"rendered":"Fassade"},"content":{"rendered":"\n<div style=\"height:32px\" aria-hidden=\"true\" class=\"wp-block-spacer\"><\/div>\n\n\n<div class=\"banner row x-4 md-3-3-3-3 sm-0-0-6-6 wp-block-lazyblock-inner-block lazyblock-inner-block-1VnMmQ\">\n<div class=\"col wp-block-lazyblock-inner-block lazyblock-inner-block-nvywj\">\n\n<p><\/p>\n\n\n<div class=\"wp-block-lazyblock-inner-block lazyblock-inner-block-2f1bMe\">\n\n<p>  <\/p>\n\n<\/div>\n<\/div>\n\n<div class=\"col wp-block-lazyblock-inner-block lazyblock-inner-block-Z1pHcQp\">\n<div class=\"bg grey img wp-block-lazyblock-inner-block lazyblock-inner-block-ZUTuSG\">\n\n<figure class=\"wp-block-image\"><img decoding=\"async\" loading=\"lazy\" width=\"373\" height=\"373\" src=\"https:\/\/hetzelsponheuer.de\/de\/wp-content\/uploads\/sites\/2\/2019\/09\/fassade-oase-links.jpg\" alt=\"Fassadenbau Hinterl\u00fcftung\" class=\"wp-image-4198\" srcset=\"https:\/\/hetzelsponheuer.de\/de\/wp-content\/uploads\/sites\/2\/2019\/09\/fassade-oase-links.jpg 373w, https:\/\/hetzelsponheuer.de\/de\/wp-content\/uploads\/sites\/2\/2019\/09\/fassade-oase-links-200x200.jpg 200w\" sizes=\"(max-width: 373px) 100vw, 373px\" \/><\/figure>\n\n<\/div>\n<\/div>\n\n<div class=\"col wp-block-lazyblock-inner-block lazyblock-inner-block-1znxxg\">\n<div class=\"bg grey img wp-block-lazyblock-inner-block lazyblock-inner-block-1lMtYQ\">\n\n<figure class=\"wp-block-image\"><img decoding=\"async\" loading=\"lazy\" width=\"373\" height=\"373\" src=\"https:\/\/hetzelsponheuer.de\/de\/wp-content\/uploads\/sites\/2\/2019\/09\/fassade-fritz-mitte.jpg\" alt=\"Fassadenbau Sanierung\" class=\"wp-image-4199\" srcset=\"https:\/\/hetzelsponheuer.de\/de\/wp-content\/uploads\/sites\/2\/2019\/09\/fassade-fritz-mitte.jpg 373w, https:\/\/hetzelsponheuer.de\/de\/wp-content\/uploads\/sites\/2\/2019\/09\/fassade-fritz-mitte-200x200.jpg 200w\" sizes=\"(max-width: 373px) 100vw, 373px\" \/><\/figure>\n\n<\/div>\n<\/div>\n\n<div class=\"col wp-block-lazyblock-inner-block lazyblock-inner-block-Z2bMYIL\">\n<div class=\"bg grey  img wp-block-lazyblock-inner-block lazyblock-inner-block-ZKAn6g\">\n\n<figure class=\"wp-block-image\"><img decoding=\"async\" loading=\"lazy\" width=\"373\" height=\"373\" src=\"https:\/\/hetzelsponheuer.de\/de\/wp-content\/uploads\/sites\/2\/2019\/09\/fassade-mir-rechts.jpg\" alt=\"Fassadenbau Gro\u00dfprojekt\" class=\"wp-image-4200\" srcset=\"https:\/\/hetzelsponheuer.de\/de\/wp-content\/uploads\/sites\/2\/2019\/09\/fassade-mir-rechts.jpg 373w, https:\/\/hetzelsponheuer.de\/de\/wp-content\/uploads\/sites\/2\/2019\/09\/fassade-mir-rechts-200x200.jpg 200w\" sizes=\"(max-width: 373px) 100vw, 373px\" \/><\/figure>\n\n<\/div>\n<\/div>\n<\/div>\n\n\n<p><\/p>\n\n\n<div class=\"row x-24 md-3-9 sm-0-12 wp-block-lazyblock-inner-block lazyblock-inner-block-ZTepAb\">\n<div class=\"col wp-block-lazyblock-inner-block lazyblock-inner-block-Z23kHAU\">\n<div class=\"wp-block-lazyblock-inner-block lazyblock-inner-block-2rAEvE\">\n\n<p>  <\/p>\n\n<\/div>\n<\/div>\n\n<div class=\"col wp-block-lazyblock-inner-block lazyblock-inner-block-Z21Dhan\">\n<div class=\"head wp-block-lazyblock-inner-block lazyblock-inner-block-ZQPGWH\">\n\n<p class=\"topline js close\"><a href=\"https:\/\/hetzelsponheuer.de\/de\/loesungen\/#intro-loesungen\">L\u00f6sungen<\/a> \u00b7 <a href=\"https:\/\/hetzelsponheuer.de\/de\/loesungen\/bauwerterhaltung-denkmalschutz\">Bauwerterhaltung Denkmalschutz<\/a><a href=\"https:\/\/hetzelsponheuer.de\/de\/loesungen\/bauwerterhaltung-denkmalschutz\/fassade\"> <\/a>\u00b7 Fassade<\/p>\n\n\n\n<h2 class=\"h1 wp-block-heading\"><span class=\"grey\">Sch\u00f6ne Fassade<\/span> gesundes <span class=\"grey\">Klima<\/span><\/h2>\n\n<\/div>\n<\/div>\n<\/div>\n\n<div class=\"row x-24 md-3-6-3 sm-12-12-12 wp-block-lazyblock-inner-block lazyblock-inner-block-Z1boxei\">\n<div class=\"col wp-block-lazyblock-inner-block lazyblock-inner-block-ZvDjde\">\n<div class=\"wp-block-lazyblock-inner-block lazyblock-inner-block-Zxfats\">\n\n<p class=\"md-right pl-24 color\"><strong>Die Fassade ist das Gesicht eines Geb\u00e4udes und pr\u00e4gt nachhaltig dessen Charakter durch Farbe, Form und Werkstoff. <\/strong><\/p>\n\n<\/div>\n<\/div>\n\n<div class=\"col wp-block-lazyblock-inner-block lazyblock-inner-block-Z106B1y\">\n<div class=\"wp-block-lazyblock-inner-block lazyblock-inner-block-1tB0RI\">\n\n<p>Die Fassade ist Gesicht und bietet Schutz vor klima\u00adtischen Ein\u00adfl\u00fcssen. Sie tr\u00e4gt durch ihre isolie\u00adrende Funktion wesent\u00adlich zu einem ange\u00adnehmen Raum\u00adklima bei. Zur Ausf\u00fch\u00adrung von Fassaden\u00adarbeiten hat die Hetzel + Sponheuer GmbH &amp; Co. KG speziell geschulte Mit\u00adarbeiter\u00adteams. Diese verf\u00fcgen \u00fcber umfassende Kennt\u00adnisse bei beson\u00adderen Her\u00adstellungs\u00adver\u00adfahren, die zur fach\u00adgerechten Erstel\u00adlung einer Fassade erforder\u00adlich sind.&nbsp;<\/p>\n\n\n\n<p>Zum Beispiel ist das Wissen um die einzelnen Komponenten eines W\u00e4rme\u00add\u00e4mm\u00adverbund\u00adsystems und deren fach\u00adgerech\u00adter Montage ent\u00adscheidend f\u00fcr die Funktions\u00adt\u00fcchtig\u00adkeit der ged\u00e4mmten Fassade. Nur wenn alle Arbeits\u00adschritte exakt, sorgf\u00e4ltig und fach\u00adgerecht durch\u00adgef\u00fchrt werden, ist die Funktions\u00adt\u00fcchtig\u00adkeit des W\u00e4rme\u00add\u00e4mm\u00adverbund\u00adsystems gesichert.<\/p>\n\n\n\n<h3 class=\"h4 wp-block-heading\">F\u00fcr jede Fassade ger\u00fcstet<\/h3>\n\n\n\n<p>Wir erstellen dauerhaft sch\u00f6ne Fassaden, die alle Funktionen erf\u00fcllen. Von der W\u00e4rmed\u00e4mmung bis zum Schallschutz. Konstruktionen und Materialien sind dabei vielf\u00e4ltig. Wir stellen Ihnen gerne unser Fachwissen zur Verf\u00fcgung. Zum Beispiel f\u00fcr:<\/p>\n\n\n\n<ul class=\"border\"><li>WDVS \u2013&nbsp;W\u00e4rmed\u00e4mmverbundsysteme<\/li><li>Putzfassaden mit Mineral- oder Kunstharzputz<\/li><li>Vorgeh\u00e4ngte Fassaden \u2013 VHF, Fassadenverkleidungen<\/li><li>Verblendmauerwerk<\/li><li>Klinkerfassaden<\/li><li>Natursteinfassaden<\/li><li>Glasfassaden<\/li><li>Fachwerk- und Holzfassaden<\/li><li>Fassadenelemente<\/li><li>Glasmosaikfliesen<\/li><li>Metallfassaden<\/li><li>Photovoltaikfassaden<\/li><\/ul>\n\n\n\n<h3 class=\"h4 wp-block-heading\">Fassadensanierung von Grund auf<\/h3>\n\n\n\n<p>Die Sanierung alter, schadhafter Fassaden stellt hohe Anforderungen an Fachwissen und handwerkliches K\u00f6nnen. Vor Beginn der Arbeiten ist zun\u00e4chst eine sorgf\u00e4ltige Schadensaufnahme und Schadensbeurteilung erforderlich. Unsere Mitarbeiter greifen hierf\u00fcr auf einen umfangreichen Bestand an modernen und speziellen Untersuchungs- und Analyseger\u00e4ten zur\u00fcck. Eine anschlie\u00dfend fachgerecht durchgef\u00fchrte Sanierung stellt die Funktionsf\u00e4higkeit der Fassade f\u00fcr einen langen Zeitraum wieder her und sch\u00fctzt so auch die Substanz und den Wert des gesamten Geb\u00e4udes.<\/p>\n\n\n\n<div style=\"height:120px\" aria-hidden=\"true\" class=\"wp-block-spacer\"><\/div>\n\n<\/div>\n<\/div>\n\n<div class=\"col wp-block-lazyblock-inner-block lazyblock-inner-block-ZYYA2b\">\n<div class=\"wp-block-lazyblock-inner-block lazyblock-inner-block-Z1zUc3V\">\n\n<h4 class=\"wp-block-heading\">Ihr Ansprechpartner<\/h4>\n\n\n\n<ul class=\"link ajx grey\"><li><a data-post-type=\"mitarbeiter\" data-display=\"fancybox\" href=\"https:\/\/hetzelsponheuer.de\/de\/mitarbeiter\/dirk-aschenbeck\">Dirk Aschenbeck<\/a><\/li><\/ul>\n\n\n\n<h4 class=\"wp-block-heading\">Leistungen<\/h4>\n\n\n\n<ul class=\"fade-link grey\"><li class=\"menu-item\"><a href=\"https:\/\/hetzelsponheuer.de\/de\/leistungen\/#bewertung-und-beratung\">Bewertung und Beratung<\/a><\/li><li class=\"menu-item \"><a href=\"https:\/\/hetzelsponheuer.de\/de\/leistungen\/#planung-und-gestaltung\">Planung und Gestaltung<\/a><\/li><li class=\"menu-item \"><a href=\"https:\/\/hetzelsponheuer.de\/de\/leistungen\/#organisation-und-baubegleitung\">Organisation und Baubegleitung<\/a><\/li><li class=\"menu-item \"><a href=\"https:\/\/hetzelsponheuer.de\/de\/leistungen\/#handwerk-und-technik\">Handwerk und Technik<\/a><\/li><\/ul>\n\n\n\n<h4 class=\"wp-block-heading\">Referenzen<\/h4>\n\n\n\n<p class=\"grey fade-link\"><a href=\"https:\/\/hetzelsponheuer.de\/de\/referenzen\/bauwerterhaltung-denkmalschutz-l\">Liste unserer Referenzobjeke f\u00fcr Bauwererhaltung Denkmalschutz<\/a><\/p>\n\n<\/div>\n<\/div>\n<\/div>","protected":false},"excerpt":{"rendered":"","protected":false},"author":1,"featured_media":0,"parent":267,"menu_order":3,"comment_status":"closed","ping_status":"closed","template":"page-fullwidth.php","meta":{"footnotes":""},"yoast_head":"<!-- This site is optimized with the Yoast SEO plugin v22.6 - https:\/\/yoast.com\/wordpress\/plugins\/seo\/ -->\n<title>Baul\u00f6sungen \u00b7 Bauwerterhaltung Denkmalschutz \u00b7 Fassadenbau \u00b7<\/title>\n<meta name=\"description\" content=\"Optimierte Leistungspakete, spezialisierte Bauteams, systemsichere Abl\u00e4ufe garantieren eine termin- und kostensichere Umsetzung Ihres Fassaden Projektes.\" \/>\n<meta name=\"robots\" content=\"index, follow, max-snippet:-1, max-image-preview:large, max-video-preview:-1\" \/>\n<link rel=\"canonical\" href=\"https:\/\/hetzelsponheuer.de\/de\/loesungen\/bauwerterhaltung-denkmalschutz\/fassade\/\" \/>\n<meta property=\"og:locale\" content=\"de_DE\" \/>\n<meta property=\"og:type\" content=\"article\" \/>\n<meta property=\"og:title\" content=\"Baul\u00f6sungen \u00b7 Bauwerterhaltung Denkmalschutz \u00b7 Fassadenbau \u00b7\" \/>\n<meta property=\"og:description\" content=\"Optimierte Leistungspakete, spezialisierte Bauteams, systemsichere Abl\u00e4ufe garantieren eine termin- und kostensichere Umsetzung Ihres Fassaden Projektes.\" \/>\n<meta property=\"og:url\" content=\"https:\/\/hetzelsponheuer.de\/de\/loesungen\/bauwerterhaltung-denkmalschutz\/fassade\/\" \/>\n<meta property=\"og:site_name\" content=\"Hetzel+Sponheuer \u00b7 de\" \/>\n<meta property=\"article:modified_time\" content=\"2021-07-07T16:47:32+00:00\" \/>\n<meta property=\"og:image\" content=\"https:\/\/hetzelsponheuer.de\/de\/wp-content\/uploads\/sites\/2\/2019\/09\/fassade-oase-links.jpg\" \/>\n<meta name=\"twitter:card\" content=\"summary_large_image\" \/>\n<meta name=\"twitter:label1\" content=\"Gesch\u00e4tzte Lesezeit\" \/>\n\t<meta name=\"twitter:data1\" content=\"2\u00a0Minuten\" \/>\n<script type=\"application\/ld+json\" class=\"yoast-schema-graph\">{\"@context\":\"https:\/\/schema.org\",\"@graph\":[{\"@type\":\"WebPage\",\"@id\":\"https:\/\/hetzelsponheuer.de\/de\/loesungen\/bauwerterhaltung-denkmalschutz\/fassade\/\",\"url\":\"https:\/\/hetzelsponheuer.de\/de\/loesungen\/bauwerterhaltung-denkmalschutz\/fassade\/\",\"name\":\"Baul\u00f6sungen \u00b7 Bauwerterhaltung Denkmalschutz \u00b7 Fassadenbau \u00b7\",\"isPartOf\":{\"@id\":\"https:\/\/hetzelsponheuer.de\/de\/#website\"},\"primaryImageOfPage\":{\"@id\":\"https:\/\/hetzelsponheuer.de\/de\/loesungen\/bauwerterhaltung-denkmalschutz\/fassade\/#primaryimage\"},\"image\":{\"@id\":\"https:\/\/hetzelsponheuer.de\/de\/loesungen\/bauwerterhaltung-denkmalschutz\/fassade\/#primaryimage\"},\"thumbnailUrl\":\"https:\/\/hetzelsponheuer.de\/de\/wp-content\/uploads\/sites\/2\/2019\/09\/fassade-oase-links.jpg\",\"datePublished\":\"2019-08-12T14:34:27+00:00\",\"dateModified\":\"2021-07-07T16:47:32+00:00\",\"description\":\"Optimierte Leistungspakete, spezialisierte Bauteams, systemsichere Abl\u00e4ufe garantieren eine termin- und kostensichere Umsetzung Ihres Fassaden Projektes.\",\"breadcrumb\":{\"@id\":\"https:\/\/hetzelsponheuer.de\/de\/loesungen\/bauwerterhaltung-denkmalschutz\/fassade\/#breadcrumb\"},\"inLanguage\":\"de\",\"potentialAction\":[{\"@type\":\"ReadAction\",\"target\":[\"https:\/\/hetzelsponheuer.de\/de\/loesungen\/bauwerterhaltung-denkmalschutz\/fassade\/\"]}]},{\"@type\":\"ImageObject\",\"inLanguage\":\"de\",\"@id\":\"https:\/\/hetzelsponheuer.de\/de\/loesungen\/bauwerterhaltung-denkmalschutz\/fassade\/#primaryimage\",\"url\":\"https:\/\/hetzelsponheuer.de\/de\/wp-content\/uploads\/sites\/2\/2019\/09\/fassade-oase-links.jpg\",\"contentUrl\":\"https:\/\/hetzelsponheuer.de\/de\/wp-content\/uploads\/sites\/2\/2019\/09\/fassade-oase-links.jpg\",\"width\":373,\"height\":373,\"caption\":\"Fassadenbau Glasmosaik\"},{\"@type\":\"BreadcrumbList\",\"@id\":\"https:\/\/hetzelsponheuer.de\/de\/loesungen\/bauwerterhaltung-denkmalschutz\/fassade\/#breadcrumb\",\"itemListElement\":[{\"@type\":\"ListItem\",\"position\":1,\"name\":\"Startseite\",\"item\":\"https:\/\/hetzelsponheuer.de\/de\/\"},{\"@type\":\"ListItem\",\"position\":2,\"name\":\"L\u00f6sungen\",\"item\":\"https:\/\/hetzelsponheuer.de\/de\/loesungen\/\"},{\"@type\":\"ListItem\",\"position\":3,\"name\":\"Bauwerterhaltung Denkmalschutz\",\"item\":\"https:\/\/hetzelsponheuer.de\/de\/loesungen\/bauwerterhaltung-denkmalschutz\/\"},{\"@type\":\"ListItem\",\"position\":4,\"name\":\"Fassade\"}]},{\"@type\":\"WebSite\",\"@id\":\"https:\/\/hetzelsponheuer.de\/de\/#website\",\"url\":\"https:\/\/hetzelsponheuer.de\/de\/\",\"name\":\"Hetzel+Sponheuer \u00b7 de\",\"description\":\"L\u00f6sungen f\u00fcr Ihr Bauprojekt\",\"publisher\":{\"@id\":\"https:\/\/hetzelsponheuer.de\/de\/#organization\"},\"inLanguage\":\"de\"},{\"@type\":\"Organization\",\"@id\":\"https:\/\/hetzelsponheuer.de\/de\/#organization\",\"name\":\"Hetzel+Sponheuer GmbH & Co. KG\",\"url\":\"https:\/\/hetzelsponheuer.de\/de\/\",\"logo\":{\"@type\":\"ImageObject\",\"inLanguage\":\"de\",\"@id\":\"https:\/\/hetzelsponheuer.de\/de\/#\/schema\/logo\/image\/\",\"url\":\"https:\/\/hetzelsponheuer.de\/en\/wp-content\/uploads\/sites\/2\/2020\/02\/logo_hetzelsponheuer.png\",\"contentUrl\":\"https:\/\/hetzelsponheuer.de\/en\/wp-content\/uploads\/sites\/2\/2020\/02\/logo_hetzelsponheuer.png\",\"width\":360,\"height\":24,\"caption\":\"Hetzel+Sponheuer GmbH & Co. KG\"},\"image\":{\"@id\":\"https:\/\/hetzelsponheuer.de\/de\/#\/schema\/logo\/image\/\"},\"sameAs\":[\"https:\/\/www.linkedin.com\/company\/hetzel-sponheuer-gmbh-&amp;-co.-kg\"]}]}<\/script>\n<!-- \/ Yoast SEO plugin. -->","yoast_head_json":{"title":"Baul\u00f6sungen \u00b7 Bauwerterhaltung Denkmalschutz \u00b7 Fassadenbau \u00b7","description":"Optimierte Leistungspakete, spezialisierte Bauteams, systemsichere Abl\u00e4ufe garantieren eine termin- und kostensichere Umsetzung Ihres Fassaden Projektes.","robots":{"index":"index","follow":"follow","max-snippet":"max-snippet:-1","max-image-preview":"max-image-preview:large","max-video-preview":"max-video-preview:-1"},"canonical":"https:\/\/hetzelsponheuer.de\/de\/loesungen\/bauwerterhaltung-denkmalschutz\/fassade\/","og_locale":"de_DE","og_type":"article","og_title":"Baul\u00f6sungen \u00b7 Bauwerterhaltung Denkmalschutz \u00b7 Fassadenbau \u00b7","og_description":"Optimierte Leistungspakete, spezialisierte Bauteams, systemsichere Abl\u00e4ufe garantieren eine termin- und kostensichere Umsetzung Ihres Fassaden Projektes.","og_url":"https:\/\/hetzelsponheuer.de\/de\/loesungen\/bauwerterhaltung-denkmalschutz\/fassade\/","og_site_name":"Hetzel+Sponheuer \u00b7 de","article_modified_time":"2021-07-07T16:47:32+00:00","og_image":[{"url":"https:\/\/hetzelsponheuer.de\/de\/wp-content\/uploads\/sites\/2\/2019\/09\/fassade-oase-links.jpg"}],"twitter_card":"summary_large_image","twitter_misc":{"Gesch\u00e4tzte Lesezeit":"2\u00a0Minuten"},"schema":{"@context":"https:\/\/schema.org","@graph":[{"@type":"WebPage","@id":"https:\/\/hetzelsponheuer.de\/de\/loesungen\/bauwerterhaltung-denkmalschutz\/fassade\/","url":"https:\/\/hetzelsponheuer.de\/de\/loesungen\/bauwerterhaltung-denkmalschutz\/fassade\/","name":"Baul\u00f6sungen \u00b7 Bauwerterhaltung Denkmalschutz \u00b7 Fassadenbau \u00b7","isPartOf":{"@id":"https:\/\/hetzelsponheuer.de\/de\/#website"},"primaryImageOfPage":{"@id":"https:\/\/hetzelsponheuer.de\/de\/loesungen\/bauwerterhaltung-denkmalschutz\/fassade\/#primaryimage"},"image":{"@id":"https:\/\/hetzelsponheuer.de\/de\/loesungen\/bauwerterhaltung-denkmalschutz\/fassade\/#primaryimage"},"thumbnailUrl":"https:\/\/hetzelsponheuer.de\/de\/wp-content\/uploads\/sites\/2\/2019\/09\/fassade-oase-links.jpg","datePublished":"2019-08-12T14:34:27+00:00","dateModified":"2021-07-07T16:47:32+00:00","description":"Optimierte Leistungspakete, spezialisierte Bauteams, systemsichere Abl\u00e4ufe garantieren eine termin- und kostensichere Umsetzung Ihres Fassaden Projektes.","breadcrumb":{"@id":"https:\/\/hetzelsponheuer.de\/de\/loesungen\/bauwerterhaltung-denkmalschutz\/fassade\/#breadcrumb"},"inLanguage":"de","potentialAction":[{"@type":"ReadAction","target":["https:\/\/hetzelsponheuer.de\/de\/loesungen\/bauwerterhaltung-denkmalschutz\/fassade\/"]}]},{"@type":"ImageObject","inLanguage":"de","@id":"https:\/\/hetzelsponheuer.de\/de\/loesungen\/bauwerterhaltung-denkmalschutz\/fassade\/#primaryimage","url":"https:\/\/hetzelsponheuer.de\/de\/wp-content\/uploads\/sites\/2\/2019\/09\/fassade-oase-links.jpg","contentUrl":"https:\/\/hetzelsponheuer.de\/de\/wp-content\/uploads\/sites\/2\/2019\/09\/fassade-oase-links.jpg","width":373,"height":373,"caption":"Fassadenbau Glasmosaik"},{"@type":"BreadcrumbList","@id":"https:\/\/hetzelsponheuer.de\/de\/loesungen\/bauwerterhaltung-denkmalschutz\/fassade\/#breadcrumb","itemListElement":[{"@type":"ListItem","position":1,"name":"Startseite","item":"https:\/\/hetzelsponheuer.de\/de\/"},{"@type":"ListItem","position":2,"name":"L\u00f6sungen","item":"https:\/\/hetzelsponheuer.de\/de\/loesungen\/"},{"@type":"ListItem","position":3,"name":"Bauwerterhaltung Denkmalschutz","item":"https:\/\/hetzelsponheuer.de\/de\/loesungen\/bauwerterhaltung-denkmalschutz\/"},{"@type":"ListItem","position":4,"name":"Fassade"}]},{"@type":"WebSite","@id":"https:\/\/hetzelsponheuer.de\/de\/#website","url":"https:\/\/hetzelsponheuer.de\/de\/","name":"Hetzel+Sponheuer \u00b7 de","description":"L\u00f6sungen f\u00fcr Ihr Bauprojekt","publisher":{"@id":"https:\/\/hetzelsponheuer.de\/de\/#organization"},"inLanguage":"de"},{"@type":"Organization","@id":"https:\/\/hetzelsponheuer.de\/de\/#organization","name":"Hetzel+Sponheuer GmbH & Co. KG","url":"https:\/\/hetzelsponheuer.de\/de\/","logo":{"@type":"ImageObject","inLanguage":"de","@id":"https:\/\/hetzelsponheuer.de\/de\/#\/schema\/logo\/image\/","url":"https:\/\/hetzelsponheuer.de\/en\/wp-content\/uploads\/sites\/2\/2020\/02\/logo_hetzelsponheuer.png","contentUrl":"https:\/\/hetzelsponheuer.de\/en\/wp-content\/uploads\/sites\/2\/2020\/02\/logo_hetzelsponheuer.png","width":360,"height":24,"caption":"Hetzel+Sponheuer GmbH & Co. KG"},"image":{"@id":"https:\/\/hetzelsponheuer.de\/de\/#\/schema\/logo\/image\/"},"sameAs":["https:\/\/www.linkedin.com\/company\/hetzel-sponheuer-gmbh-&amp;-co.-kg"]}]}},"_links":{"self":[{"href":"https:\/\/hetzelsponheuer.de\/de\/wp-json\/wp\/v2\/pages\/663"}],"collection":[{"href":"https:\/\/hetzelsponheuer.de\/de\/wp-json\/wp\/v2\/pages"}],"about":[{"href":"https:\/\/hetzelsponheuer.de\/de\/wp-json\/wp\/v2\/types\/page"}],"author":[{"embeddable":true,"href":"https:\/\/hetzelsponheuer.de\/de\/wp-json\/wp\/v2\/users\/1"}],"replies":[{"embeddable":true,"href":"https:\/\/hetzelsponheuer.de\/de\/wp-json\/wp\/v2\/comments?post=663"}],"version-history":[{"count":3,"href":"https:\/\/hetzelsponheuer.de\/de\/wp-json\/wp\/v2\/pages\/663\/revisions"}],"predecessor-version":[{"id":5778,"href":"https:\/\/hetzelsponheuer.de\/de\/wp-json\/wp\/v2\/pages\/663\/revisions\/5778"}],"up":[{"embeddable":true,"href":"https:\/\/hetzelsponheuer.de\/de\/wp-json\/wp\/v2\/pages\/267"}],"wp:attachment":[{"href":"https:\/\/hetzelsponheuer.de\/de\/wp-json\/wp\/v2\/media?parent=663"}],"curies":[{"name":"wp","href":"https:\/\/api.w.org\/{rel}","templated":true}]}}