{"id":69,"date":"2019-07-16T16:25:53","date_gmt":"2019-07-16T14:25:53","guid":{"rendered":"http:\/\/hetzelsponheuer.de\/?page_id=69"},"modified":"2020-03-13T10:39:50","modified_gmt":"2020-03-13T09:39:50","slug":"unternehmensprofil","status":"publish","type":"page","link":"https:\/\/hetzelsponheuer.de\/de\/unternehmen\/unternehmensprofil\/","title":{"rendered":"Unternehmensprofil"},"content":{"rendered":"<div class=\"langhash\" data-val=\"#company-profile\"><\/div>\n\n<div class=\"banner row x-4 md-3-6-3 sm-0-12-0 wp-block-lazyblock-inner-block lazyblock-inner-block-ZyjRfO\">\n<div class=\"col wp-block-lazyblock-inner-block lazyblock-inner-block-Z24SQgB\">\n<div class=\"bg blue wp-block-lazyblock-inner-block lazyblock-inner-block-1wkkDb\">\n\n<p>  <\/p>\n\n<\/div>\n<\/div>\n\n<div class=\"col wp-block-lazyblock-inner-block lazyblock-inner-block-awTuH\">\n<div class=\"bg grey img wp-block-lazyblock-inner-block lazyblock-inner-block-ZnpoDI\">\n\n<figure class=\"wp-block-image\"><img decoding=\"async\" loading=\"lazy\" width=\"754\" height=\"575\" src=\"https:\/\/hetzelsponheuer.de\/de\/wp-content\/uploads\/sites\/2\/2019\/07\/fritz_aussen_5891_1.jpg\" alt=\"Unternehmen Hauptsitz Zeche Fritz Heinrich 1\" class=\"wp-image-345\" srcset=\"https:\/\/hetzelsponheuer.de\/de\/wp-content\/uploads\/sites\/2\/2019\/07\/fritz_aussen_5891_1.jpg 754w, https:\/\/hetzelsponheuer.de\/de\/wp-content\/uploads\/sites\/2\/2019\/07\/fritz_aussen_5891_1-300x229.jpg 300w\" sizes=\"(max-width: 754px) 100vw, 754px\" \/><\/figure>\n\n<\/div>\n<\/div>\n\n<div class=\"col wp-block-lazyblock-inner-block lazyblock-inner-block-Z1RKFmV\">\n<div class=\"bg grey img wp-block-lazyblock-inner-block lazyblock-inner-block-Zb1FFJ\">\n\n<figure class=\"wp-block-image\"><img decoding=\"async\" loading=\"lazy\" width=\"373\" height=\"575\" src=\"https:\/\/hetzelsponheuer.de\/de\/wp-content\/uploads\/sites\/2\/2019\/07\/fritz_aussen_5891_2.jpg\" alt=\"\" class=\"wp-image-346\" srcset=\"https:\/\/hetzelsponheuer.de\/de\/wp-content\/uploads\/sites\/2\/2019\/07\/fritz_aussen_5891_2.jpg 373w, https:\/\/hetzelsponheuer.de\/de\/wp-content\/uploads\/sites\/2\/2019\/07\/fritz_aussen_5891_2-195x300.jpg 195w\" sizes=\"(max-width: 373px) 100vw, 373px\" \/><\/figure>\n\n<\/div>\n<\/div>\n<\/div>\n\n<div class=\"row x-24 md-3-9 sm-0-12 wp-block-lazyblock-inner-block lazyblock-inner-block-Ewcfw\">\n<div class=\"col wp-block-lazyblock-inner-block lazyblock-inner-block-Z1hv5xC\">\n<div class=\"wp-block-lazyblock-inner-block lazyblock-inner-block-Z1fKaKz\">\n\n<p>  <\/p>\n\n<\/div>\n<\/div>\n\n<div class=\"col wp-block-lazyblock-inner-block lazyblock-inner-block-Z20CyLW\">\n<div class=\"head wp-block-lazyblock-inner-block lazyblock-inner-block-Z1j3Fa4\">\n\n<p class=\"topline\">Unternehmen \u00b7 Profil<\/p>\n\n\n\n<h1 class=\"wp-block-heading\"><span class=\"grey\">Leistung<\/span> optimiert<\/h1>\n\n<\/div>\n<\/div>\n<\/div>\n\n<div class=\"row x-24 md-3-6-3 sm-0-12-0 wp-block-lazyblock-inner-block lazyblock-inner-block-Zaw6Qb\">\n<div class=\"col wp-block-lazyblock-inner-block lazyblock-inner-block-1p9GlI\">\n<div class=\"wp-block-lazyblock-inner-block lazyblock-inner-block-D6hMJ\">\n\n<p class=\"md-right color\"> Unser Leistungsportfolio hat sich in den vergangenen Jahrzehnten kontinuierlich weiter entwickelt.<\/p>\n\n\n\n<p class=\"md-right color\">Neben dem Kern\u00adgesch\u00e4ft &#8220;Klassi\u00adsches Bauen&#8221; bil\u00adden zuneh\u00admend Dienst\u00adleistungen rund um Ihr Bau\u00adprojekt Schwer\u00adpunkte unserer Aktivit\u00e4ten.<\/p>\n\n<\/div>\n<\/div>\n\n<div class=\"col wp-block-lazyblock-inner-block lazyblock-inner-block-1s7mS1\">\n<div class=\"wp-block-lazyblock-inner-block lazyblock-inner-block-ZSfEyl\">\n\n<p class=\"link scroll\">Die Hetzel + Sponheuer GmbH &amp; Co. KG ist heute ein mittel\u00adst\u00e4n\u00addischer Bau\u00addienst\u00adleister mit Sitz in Essen-Alten\u00adessen, im Geb\u00e4ude der ehe\u00admaligen Zeche Fritz-Heinrich. Durch ein gut organi\u00adsiertes Netzwerk mit festen Partnern&nbsp;(<a href=\"#netzwerk-bau\">Netzwerk Bau<\/a>)&nbsp;ist das Unter\u00adneh\u00admen haupt\u00ads\u00e4chlich in Deutsch\u00adland erfolg\u00adreich aktiv.&nbsp;<\/p>\n\n\n\n<p>Seit 2016 firmieren die zwei speziali\u00adsierten Unter\u00adnehmen der ehe\u00adma\u00adligen HETZEL Gruppe unter dem gemeinsamen Namen <strong>Hetzel + Sponheuer GmbH &amp; Co. KG<\/strong>.<\/p>\n\n\n\n<h3 class=\"h4 wp-block-heading\">HETZEL Bau<\/h3>\n\n\n\n<p>deckt mit einem umfassenden Leistungs\u00adport\u00adfolio alle Dienst\u00adlei\u00adstun\u00adgen und Gewerke Ihres Bau\u00adpro\u00adjektes ab. Das Unter\u00adnehmen ist seit 1929 aktiv. Die Wurzeln liegen in Spezial\u00adbeschich\u00adtun\u00adgen und Ausbau\u00adaufgaben f\u00fcr gro\u00dfe Bergwerks- und Energie\u00adunter\u00adnehmen. Nach 1945 verla\u00adgerten sich die Schwer\u00adpunkte zuneh\u00admend auf den Bereich des Einzel\u00adhandels und Wohnungs\u00adbaus. In den folgen\u00adden Jahren gewann die Erhal\u00adtung von Geb\u00e4u\u00adden immer mehr an Bedeu\u00adtung (z.B. die Beton\u00adinstand\u00adhaltung). So konnten St\u00fcck f\u00fcr St\u00fcck neue Gesch\u00e4fts\u00adfelder erschlos\u00adsen werden. Heute bietet das Unter\u00adnehmen eine ganze Band\u00adbreite an Bauleistungen.<\/p>\n\n\n\n<h3 class=\"h4 wp-block-heading\">SPONHEUER Bau<\/h3>\n\n\n\n<p>ist seit 1904 der Spezia\u00adlist f\u00fcr alle Bau\u00adwert\u00aderhal\u00adtungs- und Denk\u00admalschutz-\u00adProjekte. Denn jenseits des modernen St\u00e4dte\u00adbaus gibt es Bau\u00adwerke, die ihrer Bedeu\u00adtung als Teil eines erhaltens\u00ad\u00adwerten st\u00e4dte\u00ad\u00adbau\u00adlichen Ensem\u00adbels oder einer beson\u00adderen regio\u00adnalen Historie gerecht werden. Das Sponheuer Team verf\u00fcgt \u00fcber um\u00adfang\u00ad\u00adreiche Erfah\u00adrung bei der Sanie\u00adrung, Erhal\u00adtung und Restau\u00ad\u00adrierung beson\u00adderer Bauwerke.<\/p>\n\n<\/div>\n<\/div>\n\n<div class=\"col wp-block-lazyblock-inner-block lazyblock-inner-block-Z1XAK4o\">\n<div class=\"wp-block-lazyblock-inner-block lazyblock-inner-block-1Fxwos\">\n\n<h4 class=\"wp-block-heading\">Unternehmen<\/h4>\n\n\n<div class=\"menu-main-menu-container\"><ul id=\"menu-main-menu\" class=\"grey link\"><li id=\"menu-item-70\" class=\"menu-item \"><a href=\"#unternehmensprofil\">Unternehmensprofil<\/a><\/li>\n<li id=\"menu-item-4854\" class=\"menu-item \"><a href=\"#standorte\">Standorte<\/a><\/li>\n<li id=\"menu-item-75\" class=\"menu-item \"><a href=\"#geschaeftsfuehrung-und-beirat\">Gesch\u00e4ftsf\u00fchrung und Beirat<\/a><\/li>\n<li id=\"menu-item-137\" class=\"menu-item \"><a href=\"#ansprechpartner\">Ansprechpartner<\/a><\/li>\n<li id=\"menu-item-147\" class=\"menu-item \"><a href=\"#qualitaetsmanagement\">Qualit\u00e4tsmanagement<\/a><\/li>\n<li id=\"menu-item-205\" class=\"menu-item \"><a href=\"#netzwerk-bau\">Netzwerk Bau<\/a><\/li>\n<li id=\"menu-item-210\" class=\"menu-item \"><a href=\"#karriere\">Karriere<\/a><\/li>\n<\/ul><\/div>\n\n\n\n<p>Informieren Sie sich \u00fcber die zahlreichen Vorteile, die Ihnen die Hetzel L\u00f6sungen bieten.<\/p>\n\n\n\n<h4 class=\"wp-block-heading\">L\u00f6sungen<\/h4>\n\n\n\n<ul class=\"fade-link grey\"><li><a href=\"..\/loesungen\">Wohnen, Gewerbe und Industrie<\/a><\/li><li><a href=\"..\/loesungen\">Einkaufscenter und Ladenlokal<\/a><\/li><li><a href=\"..\/loesungen\">Hotel und Gastronomie<\/a><\/li><li><a href=\"..\/loesungen\">Bauwerterhaltung und Denkmalschutz<\/a><\/li><\/ul>\n\n\n\n<h4 class=\"wp-block-heading\">Leistungen<\/h4>\n\n\n\n<ul class=\"fade-link grey\"><li><a href=\"..\/leistungen\">Bewertung und Beratung<\/a><\/li><li><a href=\"..\/leistungen\">Planung und Gestaltung<\/a><\/li><li><a href=\"..\/leistungen\">Organisation und Baubegleitung<\/a><\/li><li><a href=\"..\/leistungen\">Handwerk und Bautechnik<\/a><\/li><\/ul>\n\n<\/div>\n<\/div>\n<\/div>\n\n\n<div style=\"height:32px\" aria-hidden=\"true\" class=\"wp-block-spacer\"><\/div>\n\n\n<div class=\"row x-24 md-3-9 sm-0-12 wp-block-lazyblock-inner-block lazyblock-inner-block-Z24xFYC\">\n<div class=\"col wp-block-lazyblock-inner-block lazyblock-inner-block-Z2sasY8\">\n<div class=\"wp-block-lazyblock-inner-block lazyblock-inner-block-131tpp\">\n\n<p>  <\/p>\n\n<\/div>\n<\/div>\n\n<div class=\"col wp-block-lazyblock-inner-block lazyblock-inner-block-Z1ccknD\">\n<div class=\"grid logo both wp-block-lazyblock-inner-block lazyblock-inner-block-Z48unP\">\n\n<p class=\"logo hetzel\">    <\/p>\n\n\n\n<p class=\"logo sponheuer\">   <\/p>\n\n\n\n<p> <\/p>\n\n<\/div>\n<\/div>\n<\/div>","protected":false},"excerpt":{"rendered":"","protected":false},"author":1,"featured_media":0,"parent":49,"menu_order":1,"comment_status":"closed","ping_status":"closed","template":"page-fullwidth.php","meta":{"footnotes":""},"yoast_head":"<!-- This site is optimized with the Yoast SEO plugin v22.6 - https:\/\/yoast.com\/wordpress\/plugins\/seo\/ -->\n<title>Unternehmen \u00b7 Unternehmensprofil \u00b7 Hetzel+Sponheuer \u00b7 Essen<\/title>\n<meta name=\"description\" content=\"Die zwei ehemals selbst\u00e4ndigen Unternehmen Hetzel und Sponheuer erg\u00e4nzen sich zu einem Baudienstleister mit umfassendem Leistungs-Portfolio ...\" \/>\n<meta name=\"robots\" content=\"index, follow, max-snippet:-1, max-image-preview:large, max-video-preview:-1\" \/>\n<link rel=\"canonical\" href=\"https:\/\/hetzelsponheuer.de\/de\/unternehmen\/unternehmensprofil\/\" \/>\n<meta property=\"og:locale\" content=\"de_DE\" \/>\n<meta property=\"og:type\" content=\"article\" \/>\n<meta property=\"og:title\" content=\"Unternehmen \u00b7 Unternehmensprofil \u00b7 Hetzel+Sponheuer \u00b7 Essen\" \/>\n<meta property=\"og:description\" content=\"Die zwei ehemals selbst\u00e4ndigen Unternehmen Hetzel und Sponheuer erg\u00e4nzen sich zu einem Baudienstleister mit umfassendem Leistungs-Portfolio ...\" \/>\n<meta property=\"og:url\" content=\"https:\/\/hetzelsponheuer.de\/de\/unternehmen\/unternehmensprofil\/\" \/>\n<meta property=\"og:site_name\" content=\"Hetzel+Sponheuer \u00b7 de\" \/>\n<meta property=\"article:modified_time\" content=\"2020-03-13T09:39:50+00:00\" \/>\n<meta property=\"og:image\" content=\"https:\/\/hetzelsponheuer.de\/de\/wp-content\/uploads\/sites\/2\/2019\/07\/fritz_aussen_5891_1.jpg\" \/>\n<meta name=\"twitter:card\" content=\"summary_large_image\" \/>\n<script type=\"application\/ld+json\" class=\"yoast-schema-graph\">{\"@context\":\"https:\/\/schema.org\",\"@graph\":[{\"@type\":\"WebPage\",\"@id\":\"https:\/\/hetzelsponheuer.de\/de\/unternehmen\/unternehmensprofil\/\",\"url\":\"https:\/\/hetzelsponheuer.de\/de\/unternehmen\/unternehmensprofil\/\",\"name\":\"Unternehmen \u00b7 Unternehmensprofil \u00b7 Hetzel+Sponheuer \u00b7 Essen\",\"isPartOf\":{\"@id\":\"https:\/\/hetzelsponheuer.de\/de\/#website\"},\"primaryImageOfPage\":{\"@id\":\"https:\/\/hetzelsponheuer.de\/de\/unternehmen\/unternehmensprofil\/#primaryimage\"},\"image\":{\"@id\":\"https:\/\/hetzelsponheuer.de\/de\/unternehmen\/unternehmensprofil\/#primaryimage\"},\"thumbnailUrl\":\"https:\/\/hetzelsponheuer.de\/de\/wp-content\/uploads\/sites\/2\/2019\/07\/fritz_aussen_5891_1.jpg\",\"datePublished\":\"2019-07-16T14:25:53+00:00\",\"dateModified\":\"2020-03-13T09:39:50+00:00\",\"description\":\"Die zwei ehemals selbst\u00e4ndigen Unternehmen Hetzel und Sponheuer erg\u00e4nzen sich zu einem Baudienstleister mit umfassendem Leistungs-Portfolio ...\",\"breadcrumb\":{\"@id\":\"https:\/\/hetzelsponheuer.de\/de\/unternehmen\/unternehmensprofil\/#breadcrumb\"},\"inLanguage\":\"de\",\"potentialAction\":[{\"@type\":\"ReadAction\",\"target\":[\"https:\/\/hetzelsponheuer.de\/de\/unternehmen\/unternehmensprofil\/\"]}]},{\"@type\":\"ImageObject\",\"inLanguage\":\"de\",\"@id\":\"https:\/\/hetzelsponheuer.de\/de\/unternehmen\/unternehmensprofil\/#primaryimage\",\"url\":\"https:\/\/hetzelsponheuer.de\/de\/wp-content\/uploads\/sites\/2\/2019\/07\/fritz_aussen_5891_1.jpg\",\"contentUrl\":\"https:\/\/hetzelsponheuer.de\/de\/wp-content\/uploads\/sites\/2\/2019\/07\/fritz_aussen_5891_1.jpg\",\"width\":754,\"height\":575,\"caption\":\"Zeche Fritz Heinrich 1\"},{\"@type\":\"BreadcrumbList\",\"@id\":\"https:\/\/hetzelsponheuer.de\/de\/unternehmen\/unternehmensprofil\/#breadcrumb\",\"itemListElement\":[{\"@type\":\"ListItem\",\"position\":1,\"name\":\"Startseite\",\"item\":\"https:\/\/hetzelsponheuer.de\/de\/\"},{\"@type\":\"ListItem\",\"position\":2,\"name\":\"Unternehmen\",\"item\":\"https:\/\/hetzelsponheuer.de\/de\/unternehmen\/\"},{\"@type\":\"ListItem\",\"position\":3,\"name\":\"Unternehmensprofil\"}]},{\"@type\":\"WebSite\",\"@id\":\"https:\/\/hetzelsponheuer.de\/de\/#website\",\"url\":\"https:\/\/hetzelsponheuer.de\/de\/\",\"name\":\"Hetzel+Sponheuer \u00b7 de\",\"description\":\"L\u00f6sungen f\u00fcr Ihr Bauprojekt\",\"publisher\":{\"@id\":\"https:\/\/hetzelsponheuer.de\/de\/#organization\"},\"inLanguage\":\"de\"},{\"@type\":\"Organization\",\"@id\":\"https:\/\/hetzelsponheuer.de\/de\/#organization\",\"name\":\"Hetzel+Sponheuer GmbH & Co. KG\",\"url\":\"https:\/\/hetzelsponheuer.de\/de\/\",\"logo\":{\"@type\":\"ImageObject\",\"inLanguage\":\"de\",\"@id\":\"https:\/\/hetzelsponheuer.de\/de\/#\/schema\/logo\/image\/\",\"url\":\"https:\/\/hetzelsponheuer.de\/en\/wp-content\/uploads\/sites\/2\/2020\/02\/logo_hetzelsponheuer.png\",\"contentUrl\":\"https:\/\/hetzelsponheuer.de\/en\/wp-content\/uploads\/sites\/2\/2020\/02\/logo_hetzelsponheuer.png\",\"width\":360,\"height\":24,\"caption\":\"Hetzel+Sponheuer GmbH & Co. KG\"},\"image\":{\"@id\":\"https:\/\/hetzelsponheuer.de\/de\/#\/schema\/logo\/image\/\"},\"sameAs\":[\"https:\/\/www.linkedin.com\/company\/hetzel-sponheuer-gmbh-&amp;-co.-kg\"]}]}<\/script>\n<!-- \/ Yoast SEO plugin. -->","yoast_head_json":{"title":"Unternehmen \u00b7 Unternehmensprofil \u00b7 Hetzel+Sponheuer \u00b7 Essen","description":"Die zwei ehemals selbst\u00e4ndigen Unternehmen Hetzel und Sponheuer erg\u00e4nzen sich zu einem Baudienstleister mit umfassendem Leistungs-Portfolio ...","robots":{"index":"index","follow":"follow","max-snippet":"max-snippet:-1","max-image-preview":"max-image-preview:large","max-video-preview":"max-video-preview:-1"},"canonical":"https:\/\/hetzelsponheuer.de\/de\/unternehmen\/unternehmensprofil\/","og_locale":"de_DE","og_type":"article","og_title":"Unternehmen \u00b7 Unternehmensprofil \u00b7 Hetzel+Sponheuer \u00b7 Essen","og_description":"Die zwei ehemals selbst\u00e4ndigen Unternehmen Hetzel und Sponheuer erg\u00e4nzen sich zu einem Baudienstleister mit umfassendem Leistungs-Portfolio ...","og_url":"https:\/\/hetzelsponheuer.de\/de\/unternehmen\/unternehmensprofil\/","og_site_name":"Hetzel+Sponheuer \u00b7 de","article_modified_time":"2020-03-13T09:39:50+00:00","og_image":[{"url":"https:\/\/hetzelsponheuer.de\/de\/wp-content\/uploads\/sites\/2\/2019\/07\/fritz_aussen_5891_1.jpg"}],"twitter_card":"summary_large_image","schema":{"@context":"https:\/\/schema.org","@graph":[{"@type":"WebPage","@id":"https:\/\/hetzelsponheuer.de\/de\/unternehmen\/unternehmensprofil\/","url":"https:\/\/hetzelsponheuer.de\/de\/unternehmen\/unternehmensprofil\/","name":"Unternehmen \u00b7 Unternehmensprofil \u00b7 Hetzel+Sponheuer \u00b7 Essen","isPartOf":{"@id":"https:\/\/hetzelsponheuer.de\/de\/#website"},"primaryImageOfPage":{"@id":"https:\/\/hetzelsponheuer.de\/de\/unternehmen\/unternehmensprofil\/#primaryimage"},"image":{"@id":"https:\/\/hetzelsponheuer.de\/de\/unternehmen\/unternehmensprofil\/#primaryimage"},"thumbnailUrl":"https:\/\/hetzelsponheuer.de\/de\/wp-content\/uploads\/sites\/2\/2019\/07\/fritz_aussen_5891_1.jpg","datePublished":"2019-07-16T14:25:53+00:00","dateModified":"2020-03-13T09:39:50+00:00","description":"Die zwei ehemals selbst\u00e4ndigen Unternehmen Hetzel und Sponheuer erg\u00e4nzen sich zu einem Baudienstleister mit umfassendem Leistungs-Portfolio ...","breadcrumb":{"@id":"https:\/\/hetzelsponheuer.de\/de\/unternehmen\/unternehmensprofil\/#breadcrumb"},"inLanguage":"de","potentialAction":[{"@type":"ReadAction","target":["https:\/\/hetzelsponheuer.de\/de\/unternehmen\/unternehmensprofil\/"]}]},{"@type":"ImageObject","inLanguage":"de","@id":"https:\/\/hetzelsponheuer.de\/de\/unternehmen\/unternehmensprofil\/#primaryimage","url":"https:\/\/hetzelsponheuer.de\/de\/wp-content\/uploads\/sites\/2\/2019\/07\/fritz_aussen_5891_1.jpg","contentUrl":"https:\/\/hetzelsponheuer.de\/de\/wp-content\/uploads\/sites\/2\/2019\/07\/fritz_aussen_5891_1.jpg","width":754,"height":575,"caption":"Zeche Fritz Heinrich 1"},{"@type":"BreadcrumbList","@id":"https:\/\/hetzelsponheuer.de\/de\/unternehmen\/unternehmensprofil\/#breadcrumb","itemListElement":[{"@type":"ListItem","position":1,"name":"Startseite","item":"https:\/\/hetzelsponheuer.de\/de\/"},{"@type":"ListItem","position":2,"name":"Unternehmen","item":"https:\/\/hetzelsponheuer.de\/de\/unternehmen\/"},{"@type":"ListItem","position":3,"name":"Unternehmensprofil"}]},{"@type":"WebSite","@id":"https:\/\/hetzelsponheuer.de\/de\/#website","url":"https:\/\/hetzelsponheuer.de\/de\/","name":"Hetzel+Sponheuer \u00b7 de","description":"L\u00f6sungen f\u00fcr Ihr Bauprojekt","publisher":{"@id":"https:\/\/hetzelsponheuer.de\/de\/#organization"},"inLanguage":"de"},{"@type":"Organization","@id":"https:\/\/hetzelsponheuer.de\/de\/#organization","name":"Hetzel+Sponheuer GmbH & Co. KG","url":"https:\/\/hetzelsponheuer.de\/de\/","logo":{"@type":"ImageObject","inLanguage":"de","@id":"https:\/\/hetzelsponheuer.de\/de\/#\/schema\/logo\/image\/","url":"https:\/\/hetzelsponheuer.de\/en\/wp-content\/uploads\/sites\/2\/2020\/02\/logo_hetzelsponheuer.png","contentUrl":"https:\/\/hetzelsponheuer.de\/en\/wp-content\/uploads\/sites\/2\/2020\/02\/logo_hetzelsponheuer.png","width":360,"height":24,"caption":"Hetzel+Sponheuer GmbH & Co. KG"},"image":{"@id":"https:\/\/hetzelsponheuer.de\/de\/#\/schema\/logo\/image\/"},"sameAs":["https:\/\/www.linkedin.com\/company\/hetzel-sponheuer-gmbh-&amp;-co.-kg"]}]}},"_links":{"self":[{"href":"https:\/\/hetzelsponheuer.de\/de\/wp-json\/wp\/v2\/pages\/69"}],"collection":[{"href":"https:\/\/hetzelsponheuer.de\/de\/wp-json\/wp\/v2\/pages"}],"about":[{"href":"https:\/\/hetzelsponheuer.de\/de\/wp-json\/wp\/v2\/types\/page"}],"author":[{"embeddable":true,"href":"https:\/\/hetzelsponheuer.de\/de\/wp-json\/wp\/v2\/users\/1"}],"replies":[{"embeddable":true,"href":"https:\/\/hetzelsponheuer.de\/de\/wp-json\/wp\/v2\/comments?post=69"}],"version-history":[{"count":4,"href":"https:\/\/hetzelsponheuer.de\/de\/wp-json\/wp\/v2\/pages\/69\/revisions"}],"predecessor-version":[{"id":5465,"href":"https:\/\/hetzelsponheuer.de\/de\/wp-json\/wp\/v2\/pages\/69\/revisions\/5465"}],"up":[{"embeddable":true,"href":"https:\/\/hetzelsponheuer.de\/de\/wp-json\/wp\/v2\/pages\/49"}],"wp:attachment":[{"href":"https:\/\/hetzelsponheuer.de\/de\/wp-json\/wp\/v2\/media?parent=69"}],"curies":[{"name":"wp","href":"https:\/\/api.w.org\/{rel}","templated":true}]}}