{"id":7,"date":"2019-07-15T18:33:57","date_gmt":"2019-07-15T16:33:57","guid":{"rendered":"http:\/\/hetzelsponheuer.de\/?page_id=3"},"modified":"2024-01-02T11:48:17","modified_gmt":"2024-01-02T10:48:17","slug":"datenschutz","status":"publish","type":"page","link":"https:\/\/hetzelsponheuer.de\/de\/info\/datenschutz\/","title":{"rendered":"Datenschutz"},"content":{"rendered":"<div class=\"langhash\" data-val=\"#privacy\"><\/div>\n\n<div class=\"row x-4 md-3-6-3 sm-0-12-0 wp-block-lazyblock-inner-block lazyblock-inner-block-Z2sKclz\">\n<div class=\"col wp-block-lazyblock-inner-block lazyblock-inner-block-1CtNQr\">\n<div class=\"bg grey wp-block-lazyblock-inner-block lazyblock-inner-block-ZGBCRG\">\n\n<p>  <\/p>\n\n<\/div>\n<\/div>\n\n<div class=\"col wp-block-lazyblock-inner-block lazyblock-inner-block-xkDBy\">\n<div class=\"bg grey wp-block-lazyblock-inner-block lazyblock-inner-block-ZDR437\">\n\n<p>            <\/p>\n\n<\/div>\n<\/div>\n\n<div class=\"col wp-block-lazyblock-inner-block lazyblock-inner-block-ZzVOIF\">\n<div class=\"bg grey wp-block-lazyblock-inner-block lazyblock-inner-block-fX7gk\">\n\n<p>  <\/p>\n\n<\/div>\n<\/div>\n<\/div>\n\n<div class=\"row x-24 md-3-9 sm-0-12 wp-block-lazyblock-inner-block lazyblock-inner-block-Z1Tznra\">\n<div class=\"col wp-block-lazyblock-inner-block lazyblock-inner-block-12O7fN\">\n<div class=\"wp-block-lazyblock-inner-block lazyblock-inner-block-hURAN\">\n\n<p>  <\/p>\n\n<\/div>\n<\/div>\n\n<div class=\"col wp-block-lazyblock-inner-block lazyblock-inner-block-Z28NuUb\">\n<div class=\"head wp-block-lazyblock-inner-block lazyblock-inner-block-1V8DJ2\">\n\n<h2 class=\"wp-block-heading h1\">Datenschutz<\/h2>\n\n<\/div>\n<\/div>\n<\/div>\n\n<div class=\"row x-24 md-3-6-3 sm-0-12-0 wp-block-lazyblock-inner-block lazyblock-inner-block-Z1bYLYV\">\n<div class=\"col wp-block-lazyblock-inner-block lazyblock-inner-block-Z2JX\">\n<div class=\"wp-block-lazyblock-inner-block lazyblock-inner-block-1bmPXh\">\n\n<p class=\"md-right pl-24\">    <\/p>\n\n<\/div>\n<\/div>\n\n<div class=\"col wp-block-lazyblock-inner-block lazyblock-inner-block-ZaSa88\">\n<div class=\"wp-block-lazyblock-inner-block lazyblock-inner-block-GcI5M\">\n\n<p>Die Nutzung unserer Website ist ohne eine Angabe von personen\u00adbezo\u00adgenen Daten m\u00f6glich. F\u00fcr die Nutzung einzelner Services unserer Seiten k\u00f6nnen sich hierf\u00fcr abweichende Regelungen ergeben, die in diesem Falle nachstehend gesondert erl\u00e4utert werden. Ihre personen\u00adbezo\u00adgenen Daten (z.B. Name, Anschrift, E-Mail, Telefonnummer, u.\u00e4.) werden von uns nur gem\u00e4\u00df den Bestim\u00admungen des deutschen Daten\u00adschutz\u00adrechts verarbeitet. Daten sind dann personen\u00adbezogen, wenn sie eindeutig einer bestimmten nat\u00fcr\u00adlichen Person zugeordnet werden k\u00f6nnen. Die recht\u00adlichen Grund\u00adlagen des Daten\u00adschutzes finden Sie im Bundes\u00addaten\u00adschutz\u00adgesetz (BDSG) und dem Tele\u00admedien\u00adgesetz (TMG). Nach\u00adstehende Rege\u00adlungen infor\u00admieren Sie insoweit \u00fcber die Art, den Umfang und Zweck der Erhebung, die Nutzung und die Verarbeitung von personen\u00adbezo\u00adgenen Daten durch den Anbieter<\/p>\n\n\n\n<p class=\"grey\"><strong>Hetzel + Sponheuer GmbH &amp; Co. KG<\/strong>, Nordsternstra\u00dfe 65 , 45329 Essen<br>fon: <a href=\"tel:+49 201 3646-01\">+49 201 3646-01<\/a>, fax: +49 201 3646-111, Email: <a href=\"mailto:info@hetzelsponheuer.de\">info@hetzelsponheuer.de<\/a><\/p>\n\n\n\n<p>Wir weisen darauf hin, dass die internet\u00adbasierte Daten\u00ad\u00fcbertragung Sicher\u00adheits\u00adl\u00fccken aufweist, ein l\u00fcckenloser Schutz vor Zugriffen durch Dritte somit unm\u00f6glich ist.<\/p>\n\n\n\n<h3 class=\"wp-block-heading h4\">Serverdaten<\/h3>\n\n\n\n<p>Aus technischen Gr\u00fcnden werden u.a. folgende Daten, die Ihr Internet-Browser an uns bzw. an unseren Webspace-Provider \u00fcbermittelt, erfasst (soge\u00adnannte Server\u00adlog\u00adfiles): <\/p>\n\n\n\n<ul>\n<li>Browsertyp und -version <\/li>\n\n\n\n<li>verwendetes Betriebssystem <\/li>\n\n\n\n<li>Webseite, von der aus Sie uns besuchen (Referrer URL) <\/li>\n\n\n\n<li>Webseite, die Sie besuchen <\/li>\n\n\n\n<li>Datum und Uhrzeit Ihres Zugriffs <\/li>\n\n\n\n<li>Ihre Internet Protokoll (IP)-Adresse. <\/li>\n<\/ul>\n\n\n\n<p>Diese anonymen Daten werden getrennt von Ihren eventuell angegebenen personen\u00adbezo\u00adgenen Daten gespeichert und lassen so keine R\u00fcck\u00adschl\u00fcsse auf eine bestimmte Person zu. Sie werden zu statis\u00adtischen Zwecken ausgewertet, um unseren Internet\u00adauftritt und unser Angebote optimieren zu k\u00f6nnen.<\/p>\n\n\n\n<h3 class=\"wp-block-heading h4\">Google Fonts<\/h3>\n\n\n\n<p>In unserem Internetauftritt setzen wir Google Fonts zur Darstellung externer Schriftarten ein. Es handelt sich hierbei um einen Dienst der Google Ireland Limited, Gordon House, Barrow Street, Dublin 4, Irland, nachfolgend nur \u201eGoogle\u201c genannt.<\/p>\n\n\n\n<p>Um die Darstellung bestimmter Schriften in unserem Internetauftritt zu erm\u00f6glichen, wird bei Aufruf unseres Internetauftritts eine Verbindung zu dem Google-Server in den USA aufgebaut.<\/p>\n\n\n\n<p>Rechtsgrundlage ist Art. 6 Abs. 1 lit. f) DSGVO. Unser berechtigtes Interesse liegt in der Optimierung und dem wirtschaftlichen Betrieb unseres Internetauftritts.<\/p>\n\n\n\n<p>Durch die bei Aufruf unseres Internetauftritts hergestellte Verbindung zu Google kann Google ermitteln, von welcher Website Ihre Anfrage gesendet worden ist und an welche IP-Adresse die Darstellung der Schrift zu \u00fcbermitteln ist.<\/p>\n\n\n\n<p>Google bietet unter<br><a href=\"https:\/\/adssettings.google.com\/authenticated\">https:\/\/adssettings.google.com\/authenticated<\/a><br><a href=\"https:\/\/policies.google.com\/privacy\">https:\/\/policies.google.com\/privacy<\/a><br>weitere Informationen an und zwar insbesondere zu den M\u00f6glichkeiten der Unterbindung der Datennutzung.<\/p>\n\n\n\n<h3 class=\"wp-block-heading h4\">Kontaktm\u00f6glichkeit<\/h3>\n\n\n\n<p>Wir bieten Ihnen auf unseren Seiten die M\u00f6glichkeit, mit uns per E-Mail und\/oder \u00fcber ein Kontaktformular in Verbin\u00addung zu treten. In diesem Fall werden die vom Nutzer gemachten Angaben zum Zwecke der Bearbei\u00adtung seiner Kontakt\u00adaufnahme gespeichert. Eine Weitergabe an Dritte erfolgt nicht. Ein Abgleich der so erhobenen Daten mit Daten, die m\u00f6glicher\u00adweise durch andere Kompo\u00adnenten unserer Website erhoben werden, erfolgt ebenfalls nicht.<\/p>\n\n\n\n<h3 class=\"wp-block-heading h4\">Auskunft\/Widerruf\/L\u00f6schung<\/h3>\n\n\n\n<p>Sie k\u00f6nnen sich aufgrund des Bundes\u00addaten\u00adschutz\u00adgesetzes bei Fragen zur Erhebung, Verarbei\u00adtung oder Nutzung Ihrer personen\u00adbezo\u00adgenen Daten und deren Berich\u00adtigung, Sperrung, L\u00f6schung oder einem Widerruf einer erteilten Einwil\u00adligung unentgelt\u00adlich an uns wenden. Wir weisen darauf hin, dass Ihnen ein Recht auf Berich\u00adtigung falscher Daten oder L\u00f6schung personen\u00adbezogener Daten zusteht, sollte diesem Anspruch keine gesetz\u00adliche Aufbewahrungs\u00adpflicht entgegen\u00adstehen.<\/p>\n\n\n\n<h3 class=\"wp-block-heading h4\">Haftung f\u00fcr Inhalte<\/h3>\n\n\n\n<p>Als Diensteanbieter sind wir gem\u00e4\u00df \u00a7 7 Abs.1 TMG f\u00fcr eigene Inhalte auf diesen Seiten nach den allgeunseren Gesetzen verantwortlich. Nach \u00a7\u00a7 8 bis 10 TMG sind wir jedoch nicht verpflichtet, \u00fcbermittelte oder gespeicherte fremde Informationen zu \u00fcberwachen oder nach Umst\u00e4nden zu forschen, die auf eine rechtswidrige T\u00e4tigkeit hinweisen. Verpflichtungen zur Entfernung oder Sperrung der Nutzung von Informationen nach den allgeunseren Gesetzen bleiben hiervon unber\u00fchrt. Eine diesbez\u00fcgliche Haftung ist jedoch erst ab dem Zeitpunkt der Kenntnis einer konkreten Rechtsverletzung m\u00f6glich. Bei Bekanntwerden von entsprechenden Rechtsverletzungen werden wir diese Inhalte umgehend entfernen.<\/p>\n\n\n\n<h3 class=\"wp-block-heading h4\">Haftung f\u00fcr Links<\/h3>\n\n\n\n<p>unser Angebot enth\u00e4lt Links zu Webseiten Dritter, auf deren Inhalte wir keinen Einfluss haben. Deshalb k\u00f6nnen wir f\u00fcr diese Inhalte auch keine Gew\u00e4hr \u00fcbernehmen. F\u00fcr die Inhalte der verlinkten Seiten sind stets die jeweiligen Anbieter oder Betreiber der Seiten verantwortlich. Die verlinkten Seiten wurden zum Zeitpunkt der Verlinkung auf m\u00f6gliche Rechtsverst\u00f6\u00dfe \u00fcberpr\u00fcft. Rechtswidrige Inhalte waren zum Zeitpunkt der Verlinkung nicht erkennbar. Eine permanente inhaltliche Kontrolle der verlinkten Seiten ist jedoch ohne konkrete Anhaltspunkte einer Rechtsverletzung nicht zumutbar. Bei Bekanntwerden von Rechtsverletzungen werden wir derartige Links umgehend entfernen.<\/p>\n\n\n\n<h3 class=\"wp-block-heading h4\">Urheberrecht<\/h3>\n\n\n\n<p>Die von uns erstellten Inhalte auf diesen Seiten unterliegen dem deutschen Urheberrecht. Die Vervielf\u00e4ltigung, Bearbeitung, Verbreitung und jede Art der Verwertung au\u00dferhalb der Grenzen des Urheberrechtes bed\u00fcrfen einer schriftlichen Zustimmung. Downloads und Kopien dieser Inhalte sind nur f\u00fcr den privaten, nicht kommerziellen Gebrauch gestattet. Soweit die Inhalte auf dieser Seite nicht von uns erstellt wurden, werden die Urheberrechte Dritter beachtet. Insbesondere werden Inhalte Dritter als solche gekennzeichnet.<\/p>\n\n\n\n<div style=\"height:24px\" aria-hidden=\"true\" class=\"wp-block-spacer\"><\/div>\n\n\n\n<p><a href=\"https:\/\/www.ratgeberrecht.eu\/leistungen\/muster-datenschutzerklaerung.html\" target=\"_blank\" rel=\"noreferrer noopener\">Muster-Datenschutzerkl\u00e4rung<\/a> der <a href=\"https:\/\/www.ratgeberrecht.eu\/datenschutz\/datenschutzerklaerung-generator-dsgvo.html\" target=\"_blank\" rel=\"noreferrer noopener\">Anwaltskanzlei Wei\u00df &amp; Partner<\/a><\/p>\n\n<\/div>\n<\/div>\n\n<div class=\"col wp-block-lazyblock-inner-block lazyblock-inner-block-1Of49a\">\n<div class=\"wp-block-lazyblock-inner-block lazyblock-inner-block-29LTQK\">\n\n<h4 class=\"wp-block-heading\">Hetzel + Sponheuer\u00ad GmbH &amp; Co. KG<\/h4>\n\n\n\n<p class=\"no-margin\">Nordsternstra\u00dfe 65<\/p>\n\n\n\n<p class=\"no-margin\">45329 Essen&nbsp;<\/p>\n\n\n\n<p class=\"no-margin\">fon <a href=\"tel:+49 201 3646-01\">+49 201 3646-01&nbsp;<\/a><\/p>\n\n\n\n<p>fax +49 201 3646-111<\/p>\n\n\n\n<p class=\"no-margin\">www.hetzelsponheuer.de<\/p>\n\n\n\n<p><a href=\"mailto:info@hetzelsponheuer.de\">info@hetzelsponheuer.de<\/a><\/p>\n\n\n\n<h4 class=\"wp-block-heading\">Registergericht<\/h4>\n\n\n\n<p>Amtsgericht Essen<br>Registernummer:&nbsp;<br>HRA 517<\/p>\n\n\n\n<h4 class=\"wp-block-heading\">Pers\u00f6nlich haftende Gesellschafterin<\/h4>\n\n\n\n<p>Hetzel &amp; Co.&nbsp;Verwaltungs GmbH<\/p>\n\n\n\n<h4 class=\"wp-block-heading\">Registergericht<\/h4>\n\n\n\n<p class=\"no-margin\">Amtsgericht Essen<\/p>\n\n\n\n<p>Registernummer:&nbsp;<br>HRB 19610<\/p>\n\n\n\n<h4 class=\"wp-block-heading\">Gesch\u00e4ftsf\u00fchrung<\/h4>\n\n\n\n<p class=\"no-margin\">Dipl.-Ing. Uwe Steinfeld&nbsp;<\/p>\n\n\n\n<p>Dipl.-Ing. Christoph Siebrecht<\/p>\n\n\n\n<h4 class=\"wp-block-heading\">Zust\u00e4ndige Kammer<\/h4>\n\n\n\n<p>Handwerkskammer&nbsp;<br>D\u00fcsseldorf<\/p>\n\n\n\n<h4 class=\"wp-block-heading\">Berufsrechtliche&nbsp;Regelungen<\/h4>\n\n\n\n<p>Handwerksordnung<\/p>\n\n\n\n<h4 class=\"wp-block-heading\">Umsatzsteuer-Identifikationsnummer<\/h4>\n\n\n\n<p>DE119681150<\/p>\n\n\n\n<div style=\"height:48px\" aria-hidden=\"true\" class=\"wp-block-spacer\"><\/div>\n\n<\/div>\n<\/div>\n<\/div>\n\n\n<p><\/p>\n","protected":false},"excerpt":{"rendered":"","protected":false},"author":1,"featured_media":0,"parent":100,"menu_order":4,"comment_status":"closed","ping_status":"open","template":"page-fullwidth.php","meta":{"footnotes":""},"yoast_head":"<!-- This site is optimized with the Yoast SEO plugin v22.6 - https:\/\/yoast.com\/wordpress\/plugins\/seo\/ -->\n<title>Info \u00b7 Datenschutz \u00f7 Hetzel+Sponheuer \u00b7 Essen<\/title>\n<meta name=\"description\" content=\"Die Nutzung unserer Website ist ohne eine Angabe von personen\u00adbezo\u00adgenen Daten m\u00f6glich. F\u00fcr die Nutzung einzelner Services unserer Seiten k\u00f6nnen sich hierf\u00fcr abweichende Regelungen ergeben. Erfahren Sie mehr ...\" \/>\n<meta name=\"robots\" content=\"index, follow, max-snippet:-1, max-image-preview:large, max-video-preview:-1\" \/>\n<link rel=\"canonical\" href=\"https:\/\/hetzelsponheuer.de\/de\/info\/datenschutz\/\" \/>\n<meta property=\"og:locale\" content=\"de_DE\" \/>\n<meta property=\"og:type\" content=\"article\" \/>\n<meta property=\"og:title\" content=\"Info \u00b7 Datenschutz \u00f7 Hetzel+Sponheuer \u00b7 Essen\" \/>\n<meta property=\"og:description\" content=\"Die Nutzung unserer Website ist ohne eine Angabe von personen\u00adbezo\u00adgenen Daten m\u00f6glich. F\u00fcr die Nutzung einzelner Services unserer Seiten k\u00f6nnen sich hierf\u00fcr abweichende Regelungen ergeben. Erfahren Sie mehr ...\" \/>\n<meta property=\"og:url\" content=\"https:\/\/hetzelsponheuer.de\/de\/info\/datenschutz\/\" \/>\n<meta property=\"og:site_name\" content=\"Hetzel+Sponheuer \u00b7 de\" \/>\n<meta property=\"article:modified_time\" content=\"2024-01-02T10:48:17+00:00\" \/>\n<meta name=\"twitter:card\" content=\"summary_large_image\" \/>\n<meta name=\"twitter:label1\" content=\"Gesch\u00e4tzte Lesezeit\" \/>\n\t<meta name=\"twitter:data1\" content=\"4\u00a0Minuten\" \/>\n<script type=\"application\/ld+json\" class=\"yoast-schema-graph\">{\"@context\":\"https:\/\/schema.org\",\"@graph\":[{\"@type\":\"WebPage\",\"@id\":\"https:\/\/hetzelsponheuer.de\/de\/info\/datenschutz\/\",\"url\":\"https:\/\/hetzelsponheuer.de\/de\/info\/datenschutz\/\",\"name\":\"Info \u00b7 Datenschutz \u00f7 Hetzel+Sponheuer \u00b7 Essen\",\"isPartOf\":{\"@id\":\"https:\/\/hetzelsponheuer.de\/de\/#website\"},\"datePublished\":\"2019-07-15T16:33:57+00:00\",\"dateModified\":\"2024-01-02T10:48:17+00:00\",\"description\":\"Die Nutzung unserer Website ist ohne eine Angabe von personen\u00adbezo\u00adgenen Daten m\u00f6glich. F\u00fcr die Nutzung einzelner Services unserer Seiten k\u00f6nnen sich hierf\u00fcr abweichende Regelungen ergeben. Erfahren Sie mehr ...\",\"breadcrumb\":{\"@id\":\"https:\/\/hetzelsponheuer.de\/de\/info\/datenschutz\/#breadcrumb\"},\"inLanguage\":\"de\",\"potentialAction\":[{\"@type\":\"ReadAction\",\"target\":[\"https:\/\/hetzelsponheuer.de\/de\/info\/datenschutz\/\"]}]},{\"@type\":\"BreadcrumbList\",\"@id\":\"https:\/\/hetzelsponheuer.de\/de\/info\/datenschutz\/#breadcrumb\",\"itemListElement\":[{\"@type\":\"ListItem\",\"position\":1,\"name\":\"Startseite\",\"item\":\"https:\/\/hetzelsponheuer.de\/de\/\"},{\"@type\":\"ListItem\",\"position\":2,\"name\":\"Info\",\"item\":\"https:\/\/hetzelsponheuer.de\/de\/info\/\"},{\"@type\":\"ListItem\",\"position\":3,\"name\":\"Datenschutz\"}]},{\"@type\":\"WebSite\",\"@id\":\"https:\/\/hetzelsponheuer.de\/de\/#website\",\"url\":\"https:\/\/hetzelsponheuer.de\/de\/\",\"name\":\"Hetzel+Sponheuer \u00b7 de\",\"description\":\"L\u00f6sungen f\u00fcr Ihr Bauprojekt\",\"publisher\":{\"@id\":\"https:\/\/hetzelsponheuer.de\/de\/#organization\"},\"inLanguage\":\"de\"},{\"@type\":\"Organization\",\"@id\":\"https:\/\/hetzelsponheuer.de\/de\/#organization\",\"name\":\"Hetzel+Sponheuer GmbH & Co. KG\",\"url\":\"https:\/\/hetzelsponheuer.de\/de\/\",\"logo\":{\"@type\":\"ImageObject\",\"inLanguage\":\"de\",\"@id\":\"https:\/\/hetzelsponheuer.de\/de\/#\/schema\/logo\/image\/\",\"url\":\"https:\/\/hetzelsponheuer.de\/en\/wp-content\/uploads\/sites\/2\/2020\/02\/logo_hetzelsponheuer.png\",\"contentUrl\":\"https:\/\/hetzelsponheuer.de\/en\/wp-content\/uploads\/sites\/2\/2020\/02\/logo_hetzelsponheuer.png\",\"width\":360,\"height\":24,\"caption\":\"Hetzel+Sponheuer GmbH & Co. KG\"},\"image\":{\"@id\":\"https:\/\/hetzelsponheuer.de\/de\/#\/schema\/logo\/image\/\"},\"sameAs\":[\"https:\/\/www.linkedin.com\/company\/hetzel-sponheuer-gmbh-&amp;-co.-kg\"]}]}<\/script>\n<!-- \/ Yoast SEO plugin. -->","yoast_head_json":{"title":"Info \u00b7 Datenschutz \u00f7 Hetzel+Sponheuer \u00b7 Essen","description":"Die Nutzung unserer Website ist ohne eine Angabe von personen\u00adbezo\u00adgenen Daten m\u00f6glich. F\u00fcr die Nutzung einzelner Services unserer Seiten k\u00f6nnen sich hierf\u00fcr abweichende Regelungen ergeben. Erfahren Sie mehr ...","robots":{"index":"index","follow":"follow","max-snippet":"max-snippet:-1","max-image-preview":"max-image-preview:large","max-video-preview":"max-video-preview:-1"},"canonical":"https:\/\/hetzelsponheuer.de\/de\/info\/datenschutz\/","og_locale":"de_DE","og_type":"article","og_title":"Info \u00b7 Datenschutz \u00f7 Hetzel+Sponheuer \u00b7 Essen","og_description":"Die Nutzung unserer Website ist ohne eine Angabe von personen\u00adbezo\u00adgenen Daten m\u00f6glich. F\u00fcr die Nutzung einzelner Services unserer Seiten k\u00f6nnen sich hierf\u00fcr abweichende Regelungen ergeben. Erfahren Sie mehr ...","og_url":"https:\/\/hetzelsponheuer.de\/de\/info\/datenschutz\/","og_site_name":"Hetzel+Sponheuer \u00b7 de","article_modified_time":"2024-01-02T10:48:17+00:00","twitter_card":"summary_large_image","twitter_misc":{"Gesch\u00e4tzte Lesezeit":"4\u00a0Minuten"},"schema":{"@context":"https:\/\/schema.org","@graph":[{"@type":"WebPage","@id":"https:\/\/hetzelsponheuer.de\/de\/info\/datenschutz\/","url":"https:\/\/hetzelsponheuer.de\/de\/info\/datenschutz\/","name":"Info \u00b7 Datenschutz \u00f7 Hetzel+Sponheuer \u00b7 Essen","isPartOf":{"@id":"https:\/\/hetzelsponheuer.de\/de\/#website"},"datePublished":"2019-07-15T16:33:57+00:00","dateModified":"2024-01-02T10:48:17+00:00","description":"Die Nutzung unserer Website ist ohne eine Angabe von personen\u00adbezo\u00adgenen Daten m\u00f6glich. F\u00fcr die Nutzung einzelner Services unserer Seiten k\u00f6nnen sich hierf\u00fcr abweichende Regelungen ergeben. Erfahren Sie mehr ...","breadcrumb":{"@id":"https:\/\/hetzelsponheuer.de\/de\/info\/datenschutz\/#breadcrumb"},"inLanguage":"de","potentialAction":[{"@type":"ReadAction","target":["https:\/\/hetzelsponheuer.de\/de\/info\/datenschutz\/"]}]},{"@type":"BreadcrumbList","@id":"https:\/\/hetzelsponheuer.de\/de\/info\/datenschutz\/#breadcrumb","itemListElement":[{"@type":"ListItem","position":1,"name":"Startseite","item":"https:\/\/hetzelsponheuer.de\/de\/"},{"@type":"ListItem","position":2,"name":"Info","item":"https:\/\/hetzelsponheuer.de\/de\/info\/"},{"@type":"ListItem","position":3,"name":"Datenschutz"}]},{"@type":"WebSite","@id":"https:\/\/hetzelsponheuer.de\/de\/#website","url":"https:\/\/hetzelsponheuer.de\/de\/","name":"Hetzel+Sponheuer \u00b7 de","description":"L\u00f6sungen f\u00fcr Ihr Bauprojekt","publisher":{"@id":"https:\/\/hetzelsponheuer.de\/de\/#organization"},"inLanguage":"de"},{"@type":"Organization","@id":"https:\/\/hetzelsponheuer.de\/de\/#organization","name":"Hetzel+Sponheuer GmbH & Co. KG","url":"https:\/\/hetzelsponheuer.de\/de\/","logo":{"@type":"ImageObject","inLanguage":"de","@id":"https:\/\/hetzelsponheuer.de\/de\/#\/schema\/logo\/image\/","url":"https:\/\/hetzelsponheuer.de\/en\/wp-content\/uploads\/sites\/2\/2020\/02\/logo_hetzelsponheuer.png","contentUrl":"https:\/\/hetzelsponheuer.de\/en\/wp-content\/uploads\/sites\/2\/2020\/02\/logo_hetzelsponheuer.png","width":360,"height":24,"caption":"Hetzel+Sponheuer GmbH & Co. KG"},"image":{"@id":"https:\/\/hetzelsponheuer.de\/de\/#\/schema\/logo\/image\/"},"sameAs":["https:\/\/www.linkedin.com\/company\/hetzel-sponheuer-gmbh-&amp;-co.-kg"]}]}},"_links":{"self":[{"href":"https:\/\/hetzelsponheuer.de\/de\/wp-json\/wp\/v2\/pages\/7"}],"collection":[{"href":"https:\/\/hetzelsponheuer.de\/de\/wp-json\/wp\/v2\/pages"}],"about":[{"href":"https:\/\/hetzelsponheuer.de\/de\/wp-json\/wp\/v2\/types\/page"}],"author":[{"embeddable":true,"href":"https:\/\/hetzelsponheuer.de\/de\/wp-json\/wp\/v2\/users\/1"}],"replies":[{"embeddable":true,"href":"https:\/\/hetzelsponheuer.de\/de\/wp-json\/wp\/v2\/comments?post=7"}],"version-history":[{"count":3,"href":"https:\/\/hetzelsponheuer.de\/de\/wp-json\/wp\/v2\/pages\/7\/revisions"}],"predecessor-version":[{"id":6025,"href":"https:\/\/hetzelsponheuer.de\/de\/wp-json\/wp\/v2\/pages\/7\/revisions\/6025"}],"up":[{"embeddable":true,"href":"https:\/\/hetzelsponheuer.de\/de\/wp-json\/wp\/v2\/pages\/100"}],"wp:attachment":[{"href":"https:\/\/hetzelsponheuer.de\/de\/wp-json\/wp\/v2\/media?parent=7"}],"curies":[{"name":"wp","href":"https:\/\/api.w.org\/{rel}","templated":true}]}}