{"id":706,"date":"2019-08-21T18:49:22","date_gmt":"2019-08-21T16:49:22","guid":{"rendered":"http:\/\/hetzelsponheuer.de\/de\/?page_id=706"},"modified":"2021-07-08T12:00:50","modified_gmt":"2021-07-08T10:00:50","slug":"ausbau","status":"publish","type":"page","link":"https:\/\/hetzelsponheuer.de\/de\/leistungen\/handwerk-und-technik\/ausbau\/","title":{"rendered":"Ausbau"},"content":{"rendered":"\n<div style=\"height:32px\" aria-hidden=\"true\" class=\"wp-block-spacer\"><\/div>\n\n\n<div class=\"banner row x-4 md-3-3-3-3 sm-0-0-6-6 wp-block-lazyblock-inner-block lazyblock-inner-block-Za7AOO\">\n<div class=\"col wp-block-lazyblock-inner-block lazyblock-inner-block-tK8zu\">\n<div class=\"wp-block-lazyblock-inner-block lazyblock-inner-block-uDOmM\">\n\n<p>  <\/p>\n\n<\/div>\n<\/div>\n\n<div class=\"col wp-block-lazyblock-inner-block lazyblock-inner-block-1DKrA6\">\n<div class=\"bg grey img wp-block-lazyblock-inner-block lazyblock-inner-block-Z57B2e\">\n\n<figure class=\"wp-block-image\"><img decoding=\"async\" loading=\"lazy\" width=\"373\" height=\"392\" src=\"https:\/\/hetzelsponheuer.de\/de\/wp-content\/uploads\/sites\/2\/2019\/09\/ausbau-0103397-links.jpg\" alt=\"Innenausbau Einkaufscenter 1\" class=\"wp-image-4252\"\/><\/figure>\n\n<\/div>\n<\/div>\n\n<div class=\"col wp-block-lazyblock-inner-block lazyblock-inner-block-1M0ke4\">\n<div class=\"bg grey img wp-block-lazyblock-inner-block lazyblock-inner-block-Z2dIkNc\">\n\n<figure class=\"wp-block-image\"><img decoding=\"async\" loading=\"lazy\" width=\"373\" height=\"392\" src=\"https:\/\/hetzelsponheuer.de\/de\/wp-content\/uploads\/sites\/2\/2019\/09\/ausbau-0103397-mitte.jpg\" alt=\"Innenausbau Einkaufscenter 2\" class=\"wp-image-4254\"\/><\/figure>\n\n<\/div>\n<\/div>\n\n<div class=\"col wp-block-lazyblock-inner-block lazyblock-inner-block-1rR5oI\">\n<div class=\"bg grey img wp-block-lazyblock-inner-block lazyblock-inner-block-Z1t6YE8\">\n\n<figure class=\"wp-block-image\"><img decoding=\"async\" loading=\"lazy\" width=\"373\" height=\"392\" src=\"https:\/\/hetzelsponheuer.de\/de\/wp-content\/uploads\/sites\/2\/2019\/09\/ausbau-0103397-rechts.jpg\" alt=\"Innenausbau Einkaufscenter 3\" class=\"wp-image-4255\"\/><\/figure>\n\n<\/div>\n<\/div>\n<\/div>\n\n<div class=\"row x-24 md-3-9 sm-0-12 wp-block-lazyblock-inner-block lazyblock-inner-block-ZRRawX\">\n<div class=\"col wp-block-lazyblock-inner-block lazyblock-inner-block-ZrJMHN\">\n<div class=\"wp-block-lazyblock-inner-block lazyblock-inner-block-2eXEi0\">\n\n<p>  <\/p>\n\n<\/div>\n<\/div>\n\n<div class=\"col wp-block-lazyblock-inner-block lazyblock-inner-block-Zvpwga\">\n<div class=\"wp-block-lazyblock-inner-block lazyblock-inner-block-Z1vlYIl\">\n\n<p class=\"topline js close\"><a href=\"https:\/\/hetzelsponheuer.de\/de\/leistungen\/intro-leistungen\">Leistungen<\/a> \u00b7 <a href=\"https:\/\/hetzelsponheuer.de\/de\/leistungen\/handwerk-und-technik\">Handwerk und Technik <\/a>\u00b7 Ausbau<\/p>\n\n\n\n<h2 class=\"h1 wp-block-heading\"><span class=\"grey\">R\u00e4ume<\/span> neu beleben<\/h2>\n\n<\/div>\n<\/div>\n<\/div>\n\n<div class=\"row x-24 md-3-6-3 sm-0-12-0 wp-block-lazyblock-inner-block lazyblock-inner-block-Zm0oDf\">\n<div class=\"col wp-block-lazyblock-inner-block lazyblock-inner-block-1dD4Eq\">\n<div class=\"wp-block-lazyblock-inner-block lazyblock-inner-block-1V77G9\">\n\n<p class=\"md-right pl-24 color\"><strong>Erfahrung,  Routine und Miteinander sind wertvolle Werkzeuge von Handwerkern und Planern.<\/strong><\/p>\n\n<\/div>\n<\/div>\n\n<div class=\"col wp-block-lazyblock-inner-block lazyblock-inner-block-ZeCEQf\">\n<div class=\"wp-block-lazyblock-inner-block lazyblock-inner-block-Z1knot1\">\n\n<p>Beim Ausbau im Bestand sollte man genau wissen, was realisiert werden kann und was nicht. Unsere Handwerker und Planer benutzen ihr Wissen als Werkzeug, um gerade auch gestalterische Aspekte zu ber\u00fccksichtigen. Sie haben Erfahrung mit modernen Werkstoffen und kennen sich mit den neuesten Verarbeitungsverfahren aus.<\/p>\n\n\n\n<p>Bauliche Probleme, die bei einem Um- und Ausbau schnell mal auftauchen, werden zielorientiert und in Absprache mit dem Team zur Zufriedenheit unserer Kunden gel\u00f6st.<\/p>\n\n\n\n<p>Viele unserer Ausbauprojekte werden im laufenden Betrieb umgesetzt. Die notwendige Logistik, der R\u00fcckbau vorhandener Bausubstanz, die Koordination betroffener Mieter und Fremdgewerke muss daher gew\u00e4hrleistet sein. Neue Bautechniken, vorgefertigte Bau- und Formteile sind pr\u00e4zise aufzumessen, punktgenau zu disponieren und anzuliefern, damit ein reibungsloser Bauablauf gew\u00e4hrleistet wird. Auch die unterschiedlichsten Stoffe und Anwendungsvarianten sind fr\u00fchzeitig zu pr\u00fcfen, einzuplanen und \u00fcber ihren jeweiligen Einsatz zu entscheiden.&nbsp;<\/p>\n\n\n\n<h3 class=\"h4 wp-block-heading\">Koordination ist alles<\/h3>\n\n\n\n<p>Beim Ausbau sind h\u00e4ufig eine Vielzahl von Gewerken n\u00f6tig. Daher kommt der Baustellenkoordination eine besondere Bedeutung zu. Wir bieten je nach Wunsch L\u00f6sungen f\u00fcr Einzelgewerke, Gewerkekombinationen oder den GU-Ausbau und realisieren dabei folgende Leistungen:<\/p>\n\n\n\n<h3 class=\"h4 wp-block-heading\">Leistungen &#8220;Ausbau&#8221;<\/h3>\n\n\n\n<ul class=\"border\"><li>Maler- und Putzarbeiten, Anstriche und Beschichtungen<\/li><li>Tischlerarbeiten<\/li><li>Trockenbausysteme<\/li><li>Fliesenverlegung<\/li><li>Boden und Wand<\/li><li>Deckensysteme<\/li><li>Schallschutz und Akustik<\/li><li>Heizungs- und L\u00fcftungsbau<\/li><li>Brandschutz<\/li><li>Elektrik und Technik (TGA)<\/li><li>Innend\u00e4mmung<\/li><li>Glastrennwandsysteme<\/li><li>Gel\u00e4nderkonstruktionen<\/li><li>Stahlbau- und Schlosserarbeiten<\/li><\/ul>\n\n\n\n<h3 class=\"h4 wp-block-heading\">Unsere Erfahrung macht Neues erst m\u00f6glich<\/h3>\n\n\n\n<p>Unser Personal ist interdisziplin\u00e4r aufgestellt, erg\u00e4nzt sich und tauscht sich zu entsprechenden Aufgabenstellungen intern st\u00e4ndig aus. In den letzten 10 bis 15 Jahren haben wir daher unsere Managementf\u00e4higkeiten, unsere Organisation und unser Technik-Know-how stetig weiterentwickelt. Denn ganzheitliches Bauen mit dem Blick f\u00fcr Kundenw\u00fcnsche ist Grundlage f\u00fcr qualitativ hochwertig Ausbauleistungen und damit f\u00fcr zufriedene Kunden.<\/p>\n\n\n\n<div style=\"height:48px\" aria-hidden=\"true\" class=\"wp-block-spacer\"><\/div>\n\n<\/div>\n<\/div>\n\n<div class=\"col wp-block-lazyblock-inner-block lazyblock-inner-block-21tRfU\">\n<div class=\"wp-block-lazyblock-inner-block lazyblock-inner-block-Z1OR4tg\">\n\n<h4 class=\"wp-block-heading\">Beratung, Planung und Organisation Ihres Ausbaus<\/h4>\n\n\n\n<ul><li>Innenarchitektur und Planung<\/li><li>Baugenehmigungsverfahren<\/li><li>Gewerkekoordination<\/li><li>Terminmanagement<\/li><li>Energetische Sanierung<\/li><li>Brandschutz<\/li><li>Schallschutz\/Akustik<\/li><\/ul>\n\n\n\n<h4 class=\"wp-block-heading\">Optimierte Leistungspakete<\/h4>\n\n\n\n<ul class=\"fade-link grey\"><li><a href=\"https:\/\/hetzelsponheuer.de\/de\/loesungen\/#wohnen-gewerbe-industrie\">Wohnen Gewerbe Industrie<\/a><\/li><li><a href=\"https:\/\/hetzelsponheuer.de\/de\/loesungen\/#einkaufscenter-ladenlokal\">Einkaufscenter Ladenlokal<\/a><\/li><li><a href=\"https:\/\/hetzelsponheuer.de\/de\/loesungen\/#hotel-gastronomie\">Hotel Gastronomie<\/a><\/li><li><a href=\"https:\/\/hetzelsponheuer.de\/de\/loesungen\/#bauwerterhaltung-denkmalschutz\">Bauwerterhaltung Denkmalschutz<\/a><\/li><\/ul>\n\n\n\n<div style=\"height:48px\" aria-hidden=\"true\" class=\"wp-block-spacer\"><\/div>\n\n<\/div>\n<\/div>\n<\/div>","protected":false},"excerpt":{"rendered":"","protected":false},"author":1,"featured_media":0,"parent":454,"menu_order":0,"comment_status":"closed","ping_status":"closed","template":"page-fullwidth.php","meta":{"footnotes":""},"yoast_head":"<!-- This site is optimized with the Yoast SEO plugin v22.6 - https:\/\/yoast.com\/wordpress\/plugins\/seo\/ -->\n<title>Leistungen \u00b7 Handwerk und Technik \u00b7 Innenausbau \u00b7 Hetzel+Sponheuer<\/title>\n<meta name=\"description\" content=\"Innenausbau mit modernen Werkstoffen und neuesten Verfahren in Kombination mit optimierten Bauabl\u00e4ufen und der Erfahrung unserer spezialisierten Bauteams\" \/>\n<meta name=\"robots\" content=\"index, follow, max-snippet:-1, max-image-preview:large, max-video-preview:-1\" \/>\n<link rel=\"canonical\" href=\"https:\/\/hetzelsponheuer.de\/de\/leistungen\/handwerk-und-technik\/ausbau\/\" \/>\n<meta property=\"og:locale\" content=\"de_DE\" \/>\n<meta property=\"og:type\" content=\"article\" \/>\n<meta property=\"og:title\" content=\"Leistungen \u00b7 Handwerk und Technik \u00b7 Innenausbau \u00b7 Hetzel+Sponheuer\" \/>\n<meta property=\"og:description\" content=\"Innenausbau mit modernen Werkstoffen und neuesten Verfahren in Kombination mit optimierten Bauabl\u00e4ufen und der Erfahrung unserer spezialisierten Bauteams\" \/>\n<meta property=\"og:url\" content=\"https:\/\/hetzelsponheuer.de\/de\/leistungen\/handwerk-und-technik\/ausbau\/\" \/>\n<meta property=\"og:site_name\" content=\"Hetzel+Sponheuer \u00b7 de\" \/>\n<meta property=\"article:modified_time\" content=\"2021-07-08T10:00:50+00:00\" \/>\n<meta property=\"og:image\" content=\"https:\/\/hetzelsponheuer.de\/de\/wp-content\/uploads\/sites\/2\/2019\/09\/ausbau-0103397-links.jpg\" \/>\n<meta name=\"twitter:card\" content=\"summary_large_image\" \/>\n<meta name=\"twitter:label1\" content=\"Gesch\u00e4tzte Lesezeit\" \/>\n\t<meta name=\"twitter:data1\" content=\"2\u00a0Minuten\" \/>\n<script type=\"application\/ld+json\" class=\"yoast-schema-graph\">{\"@context\":\"https:\/\/schema.org\",\"@graph\":[{\"@type\":\"WebPage\",\"@id\":\"https:\/\/hetzelsponheuer.de\/de\/leistungen\/handwerk-und-technik\/ausbau\/\",\"url\":\"https:\/\/hetzelsponheuer.de\/de\/leistungen\/handwerk-und-technik\/ausbau\/\",\"name\":\"Leistungen \u00b7 Handwerk und Technik \u00b7 Innenausbau \u00b7 Hetzel+Sponheuer\",\"isPartOf\":{\"@id\":\"https:\/\/hetzelsponheuer.de\/de\/#website\"},\"primaryImageOfPage\":{\"@id\":\"https:\/\/hetzelsponheuer.de\/de\/leistungen\/handwerk-und-technik\/ausbau\/#primaryimage\"},\"image\":{\"@id\":\"https:\/\/hetzelsponheuer.de\/de\/leistungen\/handwerk-und-technik\/ausbau\/#primaryimage\"},\"thumbnailUrl\":\"https:\/\/hetzelsponheuer.de\/de\/wp-content\/uploads\/sites\/2\/2019\/09\/ausbau-0103397-links.jpg\",\"datePublished\":\"2019-08-21T16:49:22+00:00\",\"dateModified\":\"2021-07-08T10:00:50+00:00\",\"description\":\"Innenausbau mit modernen Werkstoffen und neuesten Verfahren in Kombination mit optimierten Bauabl\u00e4ufen und der Erfahrung unserer spezialisierten Bauteams\",\"breadcrumb\":{\"@id\":\"https:\/\/hetzelsponheuer.de\/de\/leistungen\/handwerk-und-technik\/ausbau\/#breadcrumb\"},\"inLanguage\":\"de\",\"potentialAction\":[{\"@type\":\"ReadAction\",\"target\":[\"https:\/\/hetzelsponheuer.de\/de\/leistungen\/handwerk-und-technik\/ausbau\/\"]}]},{\"@type\":\"ImageObject\",\"inLanguage\":\"de\",\"@id\":\"https:\/\/hetzelsponheuer.de\/de\/leistungen\/handwerk-und-technik\/ausbau\/#primaryimage\",\"url\":\"https:\/\/hetzelsponheuer.de\/de\/wp-content\/uploads\/sites\/2\/2019\/09\/ausbau-0103397-links.jpg\",\"contentUrl\":\"https:\/\/hetzelsponheuer.de\/de\/wp-content\/uploads\/sites\/2\/2019\/09\/ausbau-0103397-links.jpg\",\"width\":373,\"height\":392,\"caption\":\"Modernisierung Einkaufscenter\"},{\"@type\":\"BreadcrumbList\",\"@id\":\"https:\/\/hetzelsponheuer.de\/de\/leistungen\/handwerk-und-technik\/ausbau\/#breadcrumb\",\"itemListElement\":[{\"@type\":\"ListItem\",\"position\":1,\"name\":\"Startseite\",\"item\":\"https:\/\/hetzelsponheuer.de\/de\/\"},{\"@type\":\"ListItem\",\"position\":2,\"name\":\"Leistungen\",\"item\":\"https:\/\/hetzelsponheuer.de\/de\/leistungen\/\"},{\"@type\":\"ListItem\",\"position\":3,\"name\":\"Handwerk und Technik\",\"item\":\"https:\/\/hetzelsponheuer.de\/de\/leistungen\/handwerk-und-technik\/\"},{\"@type\":\"ListItem\",\"position\":4,\"name\":\"Ausbau\"}]},{\"@type\":\"WebSite\",\"@id\":\"https:\/\/hetzelsponheuer.de\/de\/#website\",\"url\":\"https:\/\/hetzelsponheuer.de\/de\/\",\"name\":\"Hetzel+Sponheuer \u00b7 de\",\"description\":\"L\u00f6sungen f\u00fcr Ihr Bauprojekt\",\"publisher\":{\"@id\":\"https:\/\/hetzelsponheuer.de\/de\/#organization\"},\"inLanguage\":\"de\"},{\"@type\":\"Organization\",\"@id\":\"https:\/\/hetzelsponheuer.de\/de\/#organization\",\"name\":\"Hetzel+Sponheuer GmbH & Co. KG\",\"url\":\"https:\/\/hetzelsponheuer.de\/de\/\",\"logo\":{\"@type\":\"ImageObject\",\"inLanguage\":\"de\",\"@id\":\"https:\/\/hetzelsponheuer.de\/de\/#\/schema\/logo\/image\/\",\"url\":\"https:\/\/hetzelsponheuer.de\/en\/wp-content\/uploads\/sites\/2\/2020\/02\/logo_hetzelsponheuer.png\",\"contentUrl\":\"https:\/\/hetzelsponheuer.de\/en\/wp-content\/uploads\/sites\/2\/2020\/02\/logo_hetzelsponheuer.png\",\"width\":360,\"height\":24,\"caption\":\"Hetzel+Sponheuer GmbH & Co. KG\"},\"image\":{\"@id\":\"https:\/\/hetzelsponheuer.de\/de\/#\/schema\/logo\/image\/\"},\"sameAs\":[\"https:\/\/www.linkedin.com\/company\/hetzel-sponheuer-gmbh-&amp;-co.-kg\"]}]}<\/script>\n<!-- \/ Yoast SEO plugin. -->","yoast_head_json":{"title":"Leistungen \u00b7 Handwerk und Technik \u00b7 Innenausbau \u00b7 Hetzel+Sponheuer","description":"Innenausbau mit modernen Werkstoffen und neuesten Verfahren in Kombination mit optimierten Bauabl\u00e4ufen und der Erfahrung unserer spezialisierten Bauteams","robots":{"index":"index","follow":"follow","max-snippet":"max-snippet:-1","max-image-preview":"max-image-preview:large","max-video-preview":"max-video-preview:-1"},"canonical":"https:\/\/hetzelsponheuer.de\/de\/leistungen\/handwerk-und-technik\/ausbau\/","og_locale":"de_DE","og_type":"article","og_title":"Leistungen \u00b7 Handwerk und Technik \u00b7 Innenausbau \u00b7 Hetzel+Sponheuer","og_description":"Innenausbau mit modernen Werkstoffen und neuesten Verfahren in Kombination mit optimierten Bauabl\u00e4ufen und der Erfahrung unserer spezialisierten Bauteams","og_url":"https:\/\/hetzelsponheuer.de\/de\/leistungen\/handwerk-und-technik\/ausbau\/","og_site_name":"Hetzel+Sponheuer \u00b7 de","article_modified_time":"2021-07-08T10:00:50+00:00","og_image":[{"url":"https:\/\/hetzelsponheuer.de\/de\/wp-content\/uploads\/sites\/2\/2019\/09\/ausbau-0103397-links.jpg"}],"twitter_card":"summary_large_image","twitter_misc":{"Gesch\u00e4tzte Lesezeit":"2\u00a0Minuten"},"schema":{"@context":"https:\/\/schema.org","@graph":[{"@type":"WebPage","@id":"https:\/\/hetzelsponheuer.de\/de\/leistungen\/handwerk-und-technik\/ausbau\/","url":"https:\/\/hetzelsponheuer.de\/de\/leistungen\/handwerk-und-technik\/ausbau\/","name":"Leistungen \u00b7 Handwerk und Technik \u00b7 Innenausbau \u00b7 Hetzel+Sponheuer","isPartOf":{"@id":"https:\/\/hetzelsponheuer.de\/de\/#website"},"primaryImageOfPage":{"@id":"https:\/\/hetzelsponheuer.de\/de\/leistungen\/handwerk-und-technik\/ausbau\/#primaryimage"},"image":{"@id":"https:\/\/hetzelsponheuer.de\/de\/leistungen\/handwerk-und-technik\/ausbau\/#primaryimage"},"thumbnailUrl":"https:\/\/hetzelsponheuer.de\/de\/wp-content\/uploads\/sites\/2\/2019\/09\/ausbau-0103397-links.jpg","datePublished":"2019-08-21T16:49:22+00:00","dateModified":"2021-07-08T10:00:50+00:00","description":"Innenausbau mit modernen Werkstoffen und neuesten Verfahren in Kombination mit optimierten Bauabl\u00e4ufen und der Erfahrung unserer spezialisierten Bauteams","breadcrumb":{"@id":"https:\/\/hetzelsponheuer.de\/de\/leistungen\/handwerk-und-technik\/ausbau\/#breadcrumb"},"inLanguage":"de","potentialAction":[{"@type":"ReadAction","target":["https:\/\/hetzelsponheuer.de\/de\/leistungen\/handwerk-und-technik\/ausbau\/"]}]},{"@type":"ImageObject","inLanguage":"de","@id":"https:\/\/hetzelsponheuer.de\/de\/leistungen\/handwerk-und-technik\/ausbau\/#primaryimage","url":"https:\/\/hetzelsponheuer.de\/de\/wp-content\/uploads\/sites\/2\/2019\/09\/ausbau-0103397-links.jpg","contentUrl":"https:\/\/hetzelsponheuer.de\/de\/wp-content\/uploads\/sites\/2\/2019\/09\/ausbau-0103397-links.jpg","width":373,"height":392,"caption":"Modernisierung Einkaufscenter"},{"@type":"BreadcrumbList","@id":"https:\/\/hetzelsponheuer.de\/de\/leistungen\/handwerk-und-technik\/ausbau\/#breadcrumb","itemListElement":[{"@type":"ListItem","position":1,"name":"Startseite","item":"https:\/\/hetzelsponheuer.de\/de\/"},{"@type":"ListItem","position":2,"name":"Leistungen","item":"https:\/\/hetzelsponheuer.de\/de\/leistungen\/"},{"@type":"ListItem","position":3,"name":"Handwerk und Technik","item":"https:\/\/hetzelsponheuer.de\/de\/leistungen\/handwerk-und-technik\/"},{"@type":"ListItem","position":4,"name":"Ausbau"}]},{"@type":"WebSite","@id":"https:\/\/hetzelsponheuer.de\/de\/#website","url":"https:\/\/hetzelsponheuer.de\/de\/","name":"Hetzel+Sponheuer \u00b7 de","description":"L\u00f6sungen f\u00fcr Ihr Bauprojekt","publisher":{"@id":"https:\/\/hetzelsponheuer.de\/de\/#organization"},"inLanguage":"de"},{"@type":"Organization","@id":"https:\/\/hetzelsponheuer.de\/de\/#organization","name":"Hetzel+Sponheuer GmbH & Co. KG","url":"https:\/\/hetzelsponheuer.de\/de\/","logo":{"@type":"ImageObject","inLanguage":"de","@id":"https:\/\/hetzelsponheuer.de\/de\/#\/schema\/logo\/image\/","url":"https:\/\/hetzelsponheuer.de\/en\/wp-content\/uploads\/sites\/2\/2020\/02\/logo_hetzelsponheuer.png","contentUrl":"https:\/\/hetzelsponheuer.de\/en\/wp-content\/uploads\/sites\/2\/2020\/02\/logo_hetzelsponheuer.png","width":360,"height":24,"caption":"Hetzel+Sponheuer GmbH & Co. KG"},"image":{"@id":"https:\/\/hetzelsponheuer.de\/de\/#\/schema\/logo\/image\/"},"sameAs":["https:\/\/www.linkedin.com\/company\/hetzel-sponheuer-gmbh-&amp;-co.-kg"]}]}},"_links":{"self":[{"href":"https:\/\/hetzelsponheuer.de\/de\/wp-json\/wp\/v2\/pages\/706"}],"collection":[{"href":"https:\/\/hetzelsponheuer.de\/de\/wp-json\/wp\/v2\/pages"}],"about":[{"href":"https:\/\/hetzelsponheuer.de\/de\/wp-json\/wp\/v2\/types\/page"}],"author":[{"embeddable":true,"href":"https:\/\/hetzelsponheuer.de\/de\/wp-json\/wp\/v2\/users\/1"}],"replies":[{"embeddable":true,"href":"https:\/\/hetzelsponheuer.de\/de\/wp-json\/wp\/v2\/comments?post=706"}],"version-history":[{"count":2,"href":"https:\/\/hetzelsponheuer.de\/de\/wp-json\/wp\/v2\/pages\/706\/revisions"}],"predecessor-version":[{"id":5784,"href":"https:\/\/hetzelsponheuer.de\/de\/wp-json\/wp\/v2\/pages\/706\/revisions\/5784"}],"up":[{"embeddable":true,"href":"https:\/\/hetzelsponheuer.de\/de\/wp-json\/wp\/v2\/pages\/454"}],"wp:attachment":[{"href":"https:\/\/hetzelsponheuer.de\/de\/wp-json\/wp\/v2\/media?parent=706"}],"curies":[{"name":"wp","href":"https:\/\/api.w.org\/{rel}","templated":true}]}}