{"id":74,"date":"2019-07-16T16:35:19","date_gmt":"2019-07-16T14:35:19","guid":{"rendered":"http:\/\/hetzelsponheuer.de\/?page_id=74"},"modified":"2025-02-24T13:59:36","modified_gmt":"2025-02-24T12:59:36","slug":"geschaeftsfuehrung-und-beirat","status":"publish","type":"page","link":"https:\/\/hetzelsponheuer.de\/de\/unternehmen\/geschaeftsfuehrung-und-beirat\/","title":{"rendered":"Gesch\u00e4ftsf\u00fchrung und Beirat"},"content":{"rendered":"<div class=\"langhash\" data-val=\"#management-advisory-board\"><\/div>\n\n<div class=\"banner row x-4 md-3-3-3-3 sm-0-0-12-0 wp-block-lazyblock-inner-block lazyblock-inner-block-2inOb2\">\n<div class=\"col wp-block-lazyblock-inner-block lazyblock-inner-block-1OrEdV\">\n<div class=\"bg blue wp-block-lazyblock-inner-block lazyblock-inner-block-Z10Txxi\">\n\n<p>  <\/p>\n\n<\/div>\n<\/div>\n\n<div class=\"col wp-block-lazyblock-inner-block lazyblock-inner-block-19qk6n\">\n<div class=\"bg grey wp-block-lazyblock-inner-block lazyblock-inner-block-Z2tQNqG\">\n\n<p>  <\/p>\n\n<\/div>\n<\/div>\n\n<div class=\"col wp-block-lazyblock-inner-block lazyblock-inner-block-21JgKD\">\n<div class=\"bg grey img wp-block-lazyblock-inner-block lazyblock-inner-block-1YU4Mq\">\n\n<figure class=\"wp-block-image size-full manager\"><img decoding=\"async\" loading=\"lazy\" width=\"400\" height=\"400\" src=\"https:\/\/hetzelsponheuer.de\/de\/wp-content\/uploads\/sites\/2\/2019\/12\/steinfeld_18_017.jpg\" alt=\"Gesch\u00e4ftsf\u00fchrung\" class=\"wp-image-4866\" srcset=\"https:\/\/hetzelsponheuer.de\/de\/wp-content\/uploads\/sites\/2\/2019\/12\/steinfeld_18_017.jpg 400w, https:\/\/hetzelsponheuer.de\/de\/wp-content\/uploads\/sites\/2\/2019\/12\/steinfeld_18_017-200x200.jpg 200w\" sizes=\"(max-width: 400px) 100vw, 400px\" \/><\/figure>\n\n<\/div>\n<\/div>\n\n<div class=\"col wp-block-lazyblock-inner-block lazyblock-inner-block-Z1O2S53\">\n<div class=\"bg grey wp-block-lazyblock-inner-block lazyblock-inner-block-Z2pYYbC\">\n\n<p>  <\/p>\n\n<\/div>\n<\/div>\n<\/div>\n\n<div class=\"row x-24 md-3-9 sm-0-12 wp-block-lazyblock-inner-block lazyblock-inner-block-ZviAFa\">\n<div class=\"col wp-block-lazyblock-inner-block lazyblock-inner-block-fIUGt\">\n<div class=\"wp-block-lazyblock-inner-block lazyblock-inner-block-Zxfn2F\">\n\n<p>  <\/p>\n\n<\/div>\n<\/div>\n\n<div class=\"col wp-block-lazyblock-inner-block lazyblock-inner-block-U8xrA\">\n<div class=\"head wp-block-lazyblock-inner-block lazyblock-inner-block-2tXAUq\">\n\n<p class=\"topline grey scroll\"><a href=\"#unternehmensprofil\">UNTERNEHMEN<\/a> \u00b7 Gesch\u00e4ftsf\u00fchrung<\/p>\n\n\n\n<h1 class=\"wp-block-heading\">Werte sicher leiten<\/h1>\n\n<\/div>\n<\/div>\n<\/div>\n\n<div class=\"row x-24 md-3-6-3 sm-0-12-0 wp-block-lazyblock-inner-block lazyblock-inner-block-24ERMb\">\n<div class=\"col wp-block-lazyblock-inner-block lazyblock-inner-block-Z1GnFTu\">\n<div class=\"wp-block-lazyblock-inner-block lazyblock-inner-block-ZKd4vf\">\n\n<p class=\"md-right color\">Mehr Sicherheit f\u00fcr Ihr Bauprojekt.<\/p>\n\n\n\n<p class=\"md-right color\">Eine breit aufgestellte F\u00fchrungsmannschaft mit hohem Fachwissen realisiert Ihre indivi\u00adduellen Vorstellungen.<\/p>\n\n<\/div>\n<\/div>\n\n<div class=\"col wp-block-lazyblock-inner-block lazyblock-inner-block-1Y0PCs\">\n<div class=\"wp-block-lazyblock-inner-block lazyblock-inner-block-2a9ura\">\n\n<p>Profitieren Sie von der gro\u00dfen und langj\u00e4hrigen Erfahrung der Hetzel + Sponheuer GmbH, die eine durchg\u00e4ngig hohe Qualit\u00e4t in allen Gewerken garantiert.<\/p>\n\n\n\n<h3 class=\"wp-block-heading h4\">Gesch\u00e4ftsf\u00fchrung und Beirat<\/h3>\n\n\n\n<p>Im Sinne einer dauerhaften Zukunfts- und Bestandssicherung der Unternehmung, f\u00fchrt Uwe Steinfeld seit dem 1. Januar 2018 die Gesch\u00e4fte.<\/p>\n\n\n\n<p><\/p>\n\n\n\n<p>Unterst\u00fctzt wird die Gesch\u00e4ftsf\u00fchrung durch den Beirat, vertreten durch die Mitglieder Herrn Dipl. Oec. Hans-Walter Fink, Herrn RA Clemens Bergfort, Herrn Univ.-Prof. Dr.-Ing. Mike Gralla, Herrn RA Felix Bergfort sowie Herrn Josef Fehler.<\/p>\n\n<\/div>\n<\/div>\n\n<div class=\"col wp-block-lazyblock-inner-block lazyblock-inner-block-2aodSz\">\n<div class=\"wp-block-lazyblock-inner-block lazyblock-inner-block-IjllQ\">\n\n<h4 class=\"wp-block-heading\">Unternehmen<\/h4>\n\n\n<div class=\"menu-main-menu-container\"><ul id=\"menu-main-menu\" class=\"grey link\"><li id=\"menu-item-70\" class=\"menu-item \"><a href=\"#unternehmensprofil\">Unternehmensprofil<\/a><\/li>\n<li id=\"menu-item-4854\" class=\"menu-item \"><a href=\"#standorte\">Standorte<\/a><\/li>\n<li id=\"menu-item-75\" class=\"menu-item \"><a href=\"#geschaeftsfuehrung-und-beirat\">Gesch\u00e4ftsf\u00fchrung und Beirat<\/a><\/li>\n<li id=\"menu-item-137\" class=\"menu-item \"><a href=\"#ansprechpartner\">Ansprechpartner<\/a><\/li>\n<li id=\"menu-item-147\" class=\"menu-item \"><a href=\"#qualitaetsmanagement\">Qualit\u00e4tsmanagement<\/a><\/li>\n<li id=\"menu-item-205\" class=\"menu-item \"><a href=\"#netzwerk-bau\">Netzwerk Bau<\/a><\/li>\n<li id=\"menu-item-210\" class=\"menu-item \"><a href=\"#karriere\">Karriere<\/a><\/li>\n<\/ul><\/div>\n\n\n\n<h4 class=\"wp-block-heading\">Gesch\u00e4ftsf\u00fchrung<\/h4>\n\n\n\n<ul>\n<li>Uwe Steinfeld<\/li>\n<\/ul>\n\n\n\n<h4 class=\"wp-block-heading\">Beirat<\/h4>\n\n\n\n<ul>\n<li>Hans-Walter Fink<\/li>\n\n\n\n<li>Clemens Bergfort<\/li>\n\n\n\n<li>Mike Gralla<\/li>\n\n\n\n<li>Felix Bergfort&nbsp;<\/li>\n\n\n\n<li>Josef Fehler<\/li>\n<\/ul>\n\n<\/div>\n<\/div>\n<\/div>","protected":false},"excerpt":{"rendered":"","protected":false},"author":1,"featured_media":0,"parent":49,"menu_order":3,"comment_status":"closed","ping_status":"closed","template":"page-fullwidth.php","meta":{"footnotes":""},"yoast_head":"<!-- This site is optimized with the Yoast SEO plugin v22.6 - https:\/\/yoast.com\/wordpress\/plugins\/seo\/ -->\n<title>Unternehmen \u00b7 Gesch\u00e4ftsf\u00fchrung und Beirat \u00b7 Hetzel+Sponheuer \u00b7 Essen<\/title>\n<meta name=\"description\" content=\"Gesch\u00e4ftsf\u00fchrung. Uwe Steinfeld f\u00fchrt seit dem 1. Januar 2018 die Gesch\u00e4fte der Hetzel+Sponheuer GmbH &amp; Co. KG\" \/>\n<meta name=\"robots\" content=\"index, follow, max-snippet:-1, max-image-preview:large, max-video-preview:-1\" \/>\n<link rel=\"canonical\" href=\"https:\/\/hetzelsponheuer.de\/de\/unternehmen\/geschaeftsfuehrung-und-beirat\/\" \/>\n<meta property=\"og:locale\" content=\"de_DE\" \/>\n<meta property=\"og:type\" content=\"article\" \/>\n<meta property=\"og:title\" content=\"Unternehmen \u00b7 Gesch\u00e4ftsf\u00fchrung und Beirat \u00b7 Hetzel+Sponheuer \u00b7 Essen\" \/>\n<meta property=\"og:description\" content=\"Gesch\u00e4ftsf\u00fchrung. Uwe Steinfeld f\u00fchrt seit dem 1. Januar 2018 die Gesch\u00e4fte der Hetzel+Sponheuer GmbH &amp; Co. KG\" \/>\n<meta property=\"og:url\" content=\"https:\/\/hetzelsponheuer.de\/de\/unternehmen\/geschaeftsfuehrung-und-beirat\/\" \/>\n<meta property=\"og:site_name\" content=\"Hetzel+Sponheuer \u00b7 de\" \/>\n<meta property=\"article:modified_time\" content=\"2025-02-24T12:59:36+00:00\" \/>\n<meta property=\"og:image\" content=\"https:\/\/hetzelsponheuer.de\/de\/wp-content\/uploads\/sites\/2\/2019\/12\/steinfeld_18_017.jpg\" \/>\n<meta name=\"twitter:card\" content=\"summary_large_image\" \/>\n<meta name=\"twitter:label1\" content=\"Gesch\u00e4tzte Lesezeit\" \/>\n\t<meta name=\"twitter:data1\" content=\"1\u00a0Minute\" \/>\n<script type=\"application\/ld+json\" class=\"yoast-schema-graph\">{\"@context\":\"https:\/\/schema.org\",\"@graph\":[{\"@type\":\"WebPage\",\"@id\":\"https:\/\/hetzelsponheuer.de\/de\/unternehmen\/geschaeftsfuehrung-und-beirat\/\",\"url\":\"https:\/\/hetzelsponheuer.de\/de\/unternehmen\/geschaeftsfuehrung-und-beirat\/\",\"name\":\"Unternehmen \u00b7 Gesch\u00e4ftsf\u00fchrung und Beirat \u00b7 Hetzel+Sponheuer \u00b7 Essen\",\"isPartOf\":{\"@id\":\"https:\/\/hetzelsponheuer.de\/de\/#website\"},\"primaryImageOfPage\":{\"@id\":\"https:\/\/hetzelsponheuer.de\/de\/unternehmen\/geschaeftsfuehrung-und-beirat\/#primaryimage\"},\"image\":{\"@id\":\"https:\/\/hetzelsponheuer.de\/de\/unternehmen\/geschaeftsfuehrung-und-beirat\/#primaryimage\"},\"thumbnailUrl\":\"https:\/\/hetzelsponheuer.de\/de\/wp-content\/uploads\/sites\/2\/2019\/12\/steinfeld_18_017.jpg\",\"datePublished\":\"2019-07-16T14:35:19+00:00\",\"dateModified\":\"2025-02-24T12:59:36+00:00\",\"description\":\"Gesch\u00e4ftsf\u00fchrung. Uwe Steinfeld f\u00fchrt seit dem 1. Januar 2018 die Gesch\u00e4fte der Hetzel+Sponheuer GmbH & Co. KG\",\"breadcrumb\":{\"@id\":\"https:\/\/hetzelsponheuer.de\/de\/unternehmen\/geschaeftsfuehrung-und-beirat\/#breadcrumb\"},\"inLanguage\":\"de\",\"potentialAction\":[{\"@type\":\"ReadAction\",\"target\":[\"https:\/\/hetzelsponheuer.de\/de\/unternehmen\/geschaeftsfuehrung-und-beirat\/\"]}]},{\"@type\":\"ImageObject\",\"inLanguage\":\"de\",\"@id\":\"https:\/\/hetzelsponheuer.de\/de\/unternehmen\/geschaeftsfuehrung-und-beirat\/#primaryimage\",\"url\":\"https:\/\/hetzelsponheuer.de\/de\/wp-content\/uploads\/sites\/2\/2019\/12\/steinfeld_18_017.jpg\",\"contentUrl\":\"https:\/\/hetzelsponheuer.de\/de\/wp-content\/uploads\/sites\/2\/2019\/12\/steinfeld_18_017.jpg\",\"width\":400,\"height\":400,\"caption\":\"Gesch\u00e4ftsf\u00fchrung\"},{\"@type\":\"BreadcrumbList\",\"@id\":\"https:\/\/hetzelsponheuer.de\/de\/unternehmen\/geschaeftsfuehrung-und-beirat\/#breadcrumb\",\"itemListElement\":[{\"@type\":\"ListItem\",\"position\":1,\"name\":\"Startseite\",\"item\":\"https:\/\/hetzelsponheuer.de\/de\/\"},{\"@type\":\"ListItem\",\"position\":2,\"name\":\"Unternehmen\",\"item\":\"https:\/\/hetzelsponheuer.de\/de\/unternehmen\/\"},{\"@type\":\"ListItem\",\"position\":3,\"name\":\"Gesch\u00e4ftsf\u00fchrung und Beirat\"}]},{\"@type\":\"WebSite\",\"@id\":\"https:\/\/hetzelsponheuer.de\/de\/#website\",\"url\":\"https:\/\/hetzelsponheuer.de\/de\/\",\"name\":\"Hetzel+Sponheuer \u00b7 de\",\"description\":\"L\u00f6sungen f\u00fcr Ihr Bauprojekt\",\"publisher\":{\"@id\":\"https:\/\/hetzelsponheuer.de\/de\/#organization\"},\"inLanguage\":\"de\"},{\"@type\":\"Organization\",\"@id\":\"https:\/\/hetzelsponheuer.de\/de\/#organization\",\"name\":\"Hetzel+Sponheuer GmbH & Co. KG\",\"url\":\"https:\/\/hetzelsponheuer.de\/de\/\",\"logo\":{\"@type\":\"ImageObject\",\"inLanguage\":\"de\",\"@id\":\"https:\/\/hetzelsponheuer.de\/de\/#\/schema\/logo\/image\/\",\"url\":\"https:\/\/hetzelsponheuer.de\/en\/wp-content\/uploads\/sites\/2\/2020\/02\/logo_hetzelsponheuer.png\",\"contentUrl\":\"https:\/\/hetzelsponheuer.de\/en\/wp-content\/uploads\/sites\/2\/2020\/02\/logo_hetzelsponheuer.png\",\"width\":360,\"height\":24,\"caption\":\"Hetzel+Sponheuer GmbH & Co. KG\"},\"image\":{\"@id\":\"https:\/\/hetzelsponheuer.de\/de\/#\/schema\/logo\/image\/\"},\"sameAs\":[\"https:\/\/www.linkedin.com\/company\/hetzel-sponheuer-gmbh-&amp;-co.-kg\"]}]}<\/script>\n<!-- \/ Yoast SEO plugin. -->","yoast_head_json":{"title":"Unternehmen \u00b7 Gesch\u00e4ftsf\u00fchrung und Beirat \u00b7 Hetzel+Sponheuer \u00b7 Essen","description":"Gesch\u00e4ftsf\u00fchrung. Uwe Steinfeld f\u00fchrt seit dem 1. Januar 2018 die Gesch\u00e4fte der Hetzel+Sponheuer GmbH & Co. KG","robots":{"index":"index","follow":"follow","max-snippet":"max-snippet:-1","max-image-preview":"max-image-preview:large","max-video-preview":"max-video-preview:-1"},"canonical":"https:\/\/hetzelsponheuer.de\/de\/unternehmen\/geschaeftsfuehrung-und-beirat\/","og_locale":"de_DE","og_type":"article","og_title":"Unternehmen \u00b7 Gesch\u00e4ftsf\u00fchrung und Beirat \u00b7 Hetzel+Sponheuer \u00b7 Essen","og_description":"Gesch\u00e4ftsf\u00fchrung. Uwe Steinfeld f\u00fchrt seit dem 1. Januar 2018 die Gesch\u00e4fte der Hetzel+Sponheuer GmbH & Co. KG","og_url":"https:\/\/hetzelsponheuer.de\/de\/unternehmen\/geschaeftsfuehrung-und-beirat\/","og_site_name":"Hetzel+Sponheuer \u00b7 de","article_modified_time":"2025-02-24T12:59:36+00:00","og_image":[{"url":"https:\/\/hetzelsponheuer.de\/de\/wp-content\/uploads\/sites\/2\/2019\/12\/steinfeld_18_017.jpg"}],"twitter_card":"summary_large_image","twitter_misc":{"Gesch\u00e4tzte Lesezeit":"1\u00a0Minute"},"schema":{"@context":"https:\/\/schema.org","@graph":[{"@type":"WebPage","@id":"https:\/\/hetzelsponheuer.de\/de\/unternehmen\/geschaeftsfuehrung-und-beirat\/","url":"https:\/\/hetzelsponheuer.de\/de\/unternehmen\/geschaeftsfuehrung-und-beirat\/","name":"Unternehmen \u00b7 Gesch\u00e4ftsf\u00fchrung und Beirat \u00b7 Hetzel+Sponheuer \u00b7 Essen","isPartOf":{"@id":"https:\/\/hetzelsponheuer.de\/de\/#website"},"primaryImageOfPage":{"@id":"https:\/\/hetzelsponheuer.de\/de\/unternehmen\/geschaeftsfuehrung-und-beirat\/#primaryimage"},"image":{"@id":"https:\/\/hetzelsponheuer.de\/de\/unternehmen\/geschaeftsfuehrung-und-beirat\/#primaryimage"},"thumbnailUrl":"https:\/\/hetzelsponheuer.de\/de\/wp-content\/uploads\/sites\/2\/2019\/12\/steinfeld_18_017.jpg","datePublished":"2019-07-16T14:35:19+00:00","dateModified":"2025-02-24T12:59:36+00:00","description":"Gesch\u00e4ftsf\u00fchrung. Uwe Steinfeld f\u00fchrt seit dem 1. Januar 2018 die Gesch\u00e4fte der Hetzel+Sponheuer GmbH & Co. KG","breadcrumb":{"@id":"https:\/\/hetzelsponheuer.de\/de\/unternehmen\/geschaeftsfuehrung-und-beirat\/#breadcrumb"},"inLanguage":"de","potentialAction":[{"@type":"ReadAction","target":["https:\/\/hetzelsponheuer.de\/de\/unternehmen\/geschaeftsfuehrung-und-beirat\/"]}]},{"@type":"ImageObject","inLanguage":"de","@id":"https:\/\/hetzelsponheuer.de\/de\/unternehmen\/geschaeftsfuehrung-und-beirat\/#primaryimage","url":"https:\/\/hetzelsponheuer.de\/de\/wp-content\/uploads\/sites\/2\/2019\/12\/steinfeld_18_017.jpg","contentUrl":"https:\/\/hetzelsponheuer.de\/de\/wp-content\/uploads\/sites\/2\/2019\/12\/steinfeld_18_017.jpg","width":400,"height":400,"caption":"Gesch\u00e4ftsf\u00fchrung"},{"@type":"BreadcrumbList","@id":"https:\/\/hetzelsponheuer.de\/de\/unternehmen\/geschaeftsfuehrung-und-beirat\/#breadcrumb","itemListElement":[{"@type":"ListItem","position":1,"name":"Startseite","item":"https:\/\/hetzelsponheuer.de\/de\/"},{"@type":"ListItem","position":2,"name":"Unternehmen","item":"https:\/\/hetzelsponheuer.de\/de\/unternehmen\/"},{"@type":"ListItem","position":3,"name":"Gesch\u00e4ftsf\u00fchrung und Beirat"}]},{"@type":"WebSite","@id":"https:\/\/hetzelsponheuer.de\/de\/#website","url":"https:\/\/hetzelsponheuer.de\/de\/","name":"Hetzel+Sponheuer \u00b7 de","description":"L\u00f6sungen f\u00fcr Ihr Bauprojekt","publisher":{"@id":"https:\/\/hetzelsponheuer.de\/de\/#organization"},"inLanguage":"de"},{"@type":"Organization","@id":"https:\/\/hetzelsponheuer.de\/de\/#organization","name":"Hetzel+Sponheuer GmbH & Co. KG","url":"https:\/\/hetzelsponheuer.de\/de\/","logo":{"@type":"ImageObject","inLanguage":"de","@id":"https:\/\/hetzelsponheuer.de\/de\/#\/schema\/logo\/image\/","url":"https:\/\/hetzelsponheuer.de\/en\/wp-content\/uploads\/sites\/2\/2020\/02\/logo_hetzelsponheuer.png","contentUrl":"https:\/\/hetzelsponheuer.de\/en\/wp-content\/uploads\/sites\/2\/2020\/02\/logo_hetzelsponheuer.png","width":360,"height":24,"caption":"Hetzel+Sponheuer GmbH & Co. KG"},"image":{"@id":"https:\/\/hetzelsponheuer.de\/de\/#\/schema\/logo\/image\/"},"sameAs":["https:\/\/www.linkedin.com\/company\/hetzel-sponheuer-gmbh-&amp;-co.-kg"]}]}},"_links":{"self":[{"href":"https:\/\/hetzelsponheuer.de\/de\/wp-json\/wp\/v2\/pages\/74"}],"collection":[{"href":"https:\/\/hetzelsponheuer.de\/de\/wp-json\/wp\/v2\/pages"}],"about":[{"href":"https:\/\/hetzelsponheuer.de\/de\/wp-json\/wp\/v2\/types\/page"}],"author":[{"embeddable":true,"href":"https:\/\/hetzelsponheuer.de\/de\/wp-json\/wp\/v2\/users\/1"}],"replies":[{"embeddable":true,"href":"https:\/\/hetzelsponheuer.de\/de\/wp-json\/wp\/v2\/comments?post=74"}],"version-history":[{"count":3,"href":"https:\/\/hetzelsponheuer.de\/de\/wp-json\/wp\/v2\/pages\/74\/revisions"}],"predecessor-version":[{"id":6198,"href":"https:\/\/hetzelsponheuer.de\/de\/wp-json\/wp\/v2\/pages\/74\/revisions\/6198"}],"up":[{"embeddable":true,"href":"https:\/\/hetzelsponheuer.de\/de\/wp-json\/wp\/v2\/pages\/49"}],"wp:attachment":[{"href":"https:\/\/hetzelsponheuer.de\/de\/wp-json\/wp\/v2\/media?parent=74"}],"curies":[{"name":"wp","href":"https:\/\/api.w.org\/{rel}","templated":true}]}}